{"id":12366,"date":"2016-03-08T15:39:32","date_gmt":"2016-03-08T19:39:32","guid":{"rendered":"http:\/\/www.pupr.edu\/?page_id=12366"},"modified":"2021-09-28T12:36:06","modified_gmt":"2021-09-28T16:36:06","slug":"address-hours","status":"publish","type":"page","link":"https:\/\/pupr.edu\/es\/address-hours\/","title":{"rendered":"Address &#038; Hours"},"content":{"rendered":"<h2>Horario<\/h2>\n<div class=\"col-md-6\">\n<h4>Oto\u00f1o, invierno y primavera:<\/h4>\n<p >Lunes a jueves: 7:30 am \u2013 10:30 pm<br>\nViernes: 7:30 am \u2013 4:00 pm<br>\nS\u00e1bado: 9:30 am \u2013 4:00 pm<br>\nDomingo: Cerrada<\/p>\n<span style=\"font-size: inherit;\"><\/div><\/span>\n\n<div class=\"col-md-6\">\n<h4>Per\u00edodo de receso y matr\u00edcula:<\/h4>\n<p >Lunes a jueves: 7:30 am \u2013 4:00 pm<br>\nViernes: 7:30 am \u2013 2:00 pm<br>\nS\u00e1bado y domingo: Cerrada<\/p>\n<h4>Verano<\/h4>\n<p >Lunes a jueves: 7:30 am \u2013 8:00 pm<br>\nViernes: 7:30 am \u2013 4:00 pm<br>\nS\u00e1bado y domingo: Cerrada<\/p>\n<\/div>\n\n\n\t\t<div class='clear'><\/div>\n\t\n<br>\n<span style=\"font-size: small;\">NOTA: Los servicios ser\u00e1n suspendidos 15 minutos antes de la hora de cierre de cada d\u00eda.<\/span>\n\n\t\t<div class='border'><\/div>\n\t\n<br><br>\n<h2>Direcci\u00f3n:<\/h2>\n<p >377 Ave. Ponce de Le\u00f3n <br>\nSan Juan, Puerto Rico 00918 <\/p>\n\n<p >P.O. Box 192017<br>\nSan Juan, Puerto Rico 00919-2017<\/p>","protected":false},"excerpt":{"rendered":"Horario NOTA: Los servicios ser\u00e1n suspendidos 15 minutos antes de la hora de cierre de cada d\u00eda. Direcci\u00f3n:","protected":false},"author":14,"featured_media":12356,"parent":0,"menu_order":0,"comment_status":"open","ping_status":"open","template":"","meta":{"_acf_changed":false,"inline_featured_image":false,"_monsterinsights_skip_tracking":false,"_monsterinsights_sitenote_active":false,"_monsterinsights_sitenote_note":"","_monsterinsights_sitenote_category":0,"ngg_post_thumbnail":0,"footnotes":""},"program-categories":[],"degree-categories":[],"class_list":["post-12366","page","type-page","status-publish","has-post-thumbnail","hentry"],"acf":[],"_links":{"self":[{"href":"https:\/\/pupr.edu\/es\/wp-json\/wp\/v2\/pages\/12366","targetHints":{"allow":["GET"]}}],"collection":[{"href":"https:\/\/pupr.edu\/es\/wp-json\/wp\/v2\/pages"}],"about":[{"href":"https:\/\/pupr.edu\/es\/wp-json\/wp\/v2\/types\/page"}],"author":[{"embeddable":true,"href":"https:\/\/pupr.edu\/es\/wp-json\/wp\/v2\/users\/14"}],"replies":[{"embeddable":true,"href":"https:\/\/pupr.edu\/es\/wp-json\/wp\/v2\/comments?post=12366"}],"version-history":[{"count":28,"href":"https:\/\/pupr.edu\/es\/wp-json\/wp\/v2\/pages\/12366\/revisions"}],"predecessor-version":[{"id":33862,"href":"https:\/\/pupr.edu\/es\/wp-json\/wp\/v2\/pages\/12366\/revisions\/33862"}],"wp:featuredmedia":[{"embeddable":true,"href":"https:\/\/pupr.edu\/es\/wp-json\/wp\/v2\/media\/12356"}],"wp:attachment":[{"href":"https:\/\/pupr.edu\/es\/wp-json\/wp\/v2\/media?parent=12366"}],"wp:term":[{"taxonomy":"program-categories","embeddable":true,"href":"https:\/\/pupr.edu\/es\/wp-json\/wp\/v2\/program-categories?post=12366"},{"taxonomy":"degree-categories","embeddable":true,"href":"https:\/\/pupr.edu\/es\/wp-json\/wp\/v2\/degree-categories?post=12366"}],"curies":[{"name":"wp","href":"https:\/\/api.w.org\/{rel}","templated":true}]}}