{"id":22170,"date":"2018-12-13T20:54:49","date_gmt":"2018-12-14T00:54:49","guid":{"rendered":"http:\/\/www.pupr.edu\/?page_id=22170"},"modified":"2024-04-19T02:10:52","modified_gmt":"2024-04-19T06:10:52","slug":"2015-certifications","status":"publish","type":"page","link":"https:\/\/pupr.edu\/es\/about\/council\/2015-certifications\/","title":{"rendered":"2015 Certifications"},"content":{"rendered":"<table class=\"tftable\" border=\"1\">\n<tbody>\n<tr>\n<td width=\"142\"><strong>Certificaci\u00f3n<\/strong><\/td>\n<td width=\"557\"><strong>Descripci\u00f3n<\/strong><\/td>\n<\/tr>\n<tr>\n<td width=\"142\"><a href=\"http:\/\/www.pupr.edu\/wp-content\/uploads\/2018\/12\/Certificacion-01-15.pdf\" target=\"_blank\" rel=\"noopener noreferrer\">CA #01-15<\/a><\/td>\n<td width=\"557\">Math 1330 como prerrequisito\nSCIE 1491 \u2013 Seminar in Physics<\/td>\n<\/tr>\n<tr>\n<td width=\"142\"><a href=\"http:\/\/www.pupr.edu\/wp-content\/uploads\/2018\/12\/Certificacion-02-15.pdf\" target=\"_blank\" rel=\"noopener noreferrer\">CA #02-15<\/a><\/td>\n<td width=\"557\">Cambio curricular en Ciencias de Computadoras<\/td>\n<\/tr>\n<tr>\n<td width=\"142\"><a href=\"http:\/\/www.pupr.edu\/wp-content\/uploads\/2018\/12\/Certificacion-03-15.pdf\" target=\"_blank\" rel=\"noopener noreferrer\">CA #03-15<\/a><\/td>\n<td width=\"557\">Revisi\u00f3n curricular Bachillerato Administraci\u00f3n de Empresas<\/td>\n<\/tr>\n<tr>\n<td width=\"142\"><a href=\"http:\/\/www.pupr.edu\/wp-content\/uploads\/2018\/12\/Certificacion-04-15.pdf\" target=\"_blank\" rel=\"noopener noreferrer\">CA #04-15<\/a><\/td>\n<td width=\"557\">Cursos de Gerencia de Calidad<\/td>\n<\/tr>\n<tr>\n<td width=\"142\"><a href=\"http:\/\/www.pupr.edu\/wp-content\/uploads\/2018\/12\/Certificacion-05-15.pdf\" target=\"_blank\" rel=\"noopener noreferrer\">CA #05-15<\/a><\/td>\n<td width=\"557\">Eliminar opci\u00f3n de Examen Comprensivo<\/td>\n<\/tr>\n<tr>\n<td width=\"142\"><a href=\"http:\/\/www.pupr.edu\/wp-content\/uploads\/2018\/12\/Certificacion-06-15.pdf\" target=\"_blank\" rel=\"noopener noreferrer\">CA #06-15<\/a><\/td>\n<td width=\"557\">Cambio en Maestr\u00eda en Ingenier\u00eda Civil<\/td>\n<\/tr>\n<tr>\n<td width=\"142\"><a href=\"http:\/\/www.pupr.edu\/wp-content\/uploads\/2018\/12\/Certificacion-07-15.pdf\" target=\"_blank\" rel=\"noopener noreferrer\">CA #07-15<\/a><\/td>\n<td width=\"557\">Prerrequisito en Programa Graduado<\/td>\n<\/tr>\n<tr>\n<td width=\"142\"><a href=\"http:\/\/www.pupr.edu\/wp-content\/uploads\/2018\/12\/Certificacion-08-15.pdf\" target=\"_blank\" rel=\"noopener noreferrer\">CA #08-15<\/a><\/td>\n<td width=\"557\">Recomendaci\u00f3n Campus de Orlando y Miami<\/td>\n<\/tr>\n<tr>\n<td width=\"142\"><a href=\"https:\/\/www.pupr.edu\/wp-content\/uploads\/2023\/03\/CA-10-15.pdf\" target=\"_blank\" rel=\"noopener noreferrer\">CA #10-15<\/a><\/td>\n<td width=\"557\">Cursos electivos del Programa de Arquitectura, ARHH 0400F \u2013 Structure and Form of Urban Settlements y ARHH 0400G \u2013 Sustainable Urban Mobility Planning and Management<\/td>\n<\/tr>\n<tr>\n<td width=\"142\"><a href=\"https:\/\/www.pupr.edu\/wp-content\/uploads\/2023\/03\/CA-11-15.pdf\" target=\"_blank\" rel=\"noopener noreferrer\">CA #11-15<\/a><\/td>\n<td width=\"557\">Aprobaci\u00f3n del curso GMP 6000: Research Methodology<\/td>\n<\/tr>\n<tr>\n<td width=\"142\"><a href=\"https:\/\/www.pupr.edu\/wp-content\/uploads\/2023\/03\/CA-12-15.pdf\" target=\"_blank\" rel=\"noopener noreferrer\">CA #12-15<\/a><\/td>\n<td width=\"557\">Aprobaci\u00f3n curso EAS 8140: Sustanaible Engineering del doctorado en Ingenier\u00eda y Ciencias Aplicadas<\/td>\n<\/tr>\n<tr>\n<td width=\"142\"><a href=\"https:\/\/www.pupr.edu\/wp-content\/uploads\/2023\/03\/CA-13-15.pdf\" target=\"_blank\" rel=\"noopener noreferrer\">CA #13-15<\/a><\/td>\n<td width=\"557\">Aprobaci\u00f3n de cursos electivos t\u00e9cnicos ECECS del Departamento de Ingenier\u00eda El\u00e9ctrica, Ingenier\u00eda de Computadoras y Ciencias de Computadoras<\/td>\n<\/tr>\n<tr>\n<td width=\"142\"><a href=\"https:\/\/www.pupr.edu\/wp-content\/uploads\/2023\/03\/CA-14-15.pdf\" target=\"_blank\" rel=\"noopener noreferrer\">CA #14-15<\/a><\/td>\n<td width=\"557\">Cambios de requisitos de admisi\u00f3n a la Maestr\u00eda en Administraci\u00f3n de Empresas<\/td>\n<\/tr>\n<tr>\n<td width=\"142\"><a href=\"https:\/\/www.pupr.edu\/wp-content\/uploads\/2023\/03\/CA-15-15.pdf\" target=\"_blank\" rel=\"noopener noreferrer\">CA #15-15<\/a><\/td>\n<td width=\"557\">Eliminaci\u00f3n del curso MARK 1010 (Marketing) como prerequisito del curso MBA 5700 \u2013 Managerial Marketing<\/td>\n<\/tr>\n<tr>\n<td width=\"142\"><a href=\"https:\/\/www.pupr.edu\/wp-content\/uploads\/2023\/03\/CA-16-15.pdf\" target=\"_blank\" rel=\"noopener noreferrer\">CA #16-15<\/a><\/td>\n<td width=\"557\">Revisi\u00f3n de \u00c1rea de \u00c9nfasis de MEM: Gerencia de Recursos Renovables<\/td>\n<\/tr>\n<tr>\n<td width=\"142\"><a href=\"https:\/\/www.pupr.edu\/wp-content\/uploads\/2023\/03\/CA-17-15.pdf\" target=\"_blank\" rel=\"noopener noreferrer\">CA #17-15<\/a><\/td>\n<td width=\"557\">Aprobaci\u00f3n de curso GMP 6050 \u2013 Professional Internship Through COOP Program<\/td>\n<\/tr>\n<tr>\n<td width=\"142\"><a href=\"https:\/\/www.pupr.edu\/wp-content\/uploads\/2023\/03\/CA-18-15.pdf\" target=\"_blank\" rel=\"noopener noreferrer\">CA #18-15<\/a><\/td>\n<td width=\"557\">Creaci\u00f3n de curso GMP 6010 \u2013 Professional Writing and Presentations<\/td>\n<\/tr>\n<\/tbody>\n<\/table>","protected":false},"excerpt":{"rendered":"Certificaci\u00f3n Descripci\u00f3n CA #01-15 Math 1330 como prerrequisito SCIE 1491 \u2013 Seminar in Physics CA #02-15 Cambio curricular en Ciencias de Computadoras CA #03-15 Revisi\u00f3n curricular Bachillerato Administraci\u00f3n de Empresas CA #04-15 Cursos de Gerencia de Calidad CA #05-15 Eliminar opci\u00f3n de Examen Comprensivo CA #06-15 Cambio en Maestr\u00eda en Ingenier\u00eda Civil CA #07-15 Prerrequisito [&hellip;]","protected":false},"author":14,"featured_media":0,"parent":43651,"menu_order":0,"comment_status":"closed","ping_status":"closed","template":"template-about-certification.php","meta":{"_acf_changed":false,"inline_featured_image":false,"_monsterinsights_skip_tracking":false,"_monsterinsights_sitenote_active":false,"_monsterinsights_sitenote_note":"","_monsterinsights_sitenote_category":0,"ngg_post_thumbnail":0,"footnotes":""},"program-categories":[],"degree-categories":[],"class_list":["post-22170","page","type-page","status-publish","hentry"],"acf":[],"_links":{"self":[{"href":"https:\/\/pupr.edu\/es\/wp-json\/wp\/v2\/pages\/22170","targetHints":{"allow":["GET"]}}],"collection":[{"href":"https:\/\/pupr.edu\/es\/wp-json\/wp\/v2\/pages"}],"about":[{"href":"https:\/\/pupr.edu\/es\/wp-json\/wp\/v2\/types\/page"}],"author":[{"embeddable":true,"href":"https:\/\/pupr.edu\/es\/wp-json\/wp\/v2\/users\/14"}],"replies":[{"embeddable":true,"href":"https:\/\/pupr.edu\/es\/wp-json\/wp\/v2\/comments?post=22170"}],"version-history":[{"count":9,"href":"https:\/\/pupr.edu\/es\/wp-json\/wp\/v2\/pages\/22170\/revisions"}],"predecessor-version":[{"id":40703,"href":"https:\/\/pupr.edu\/es\/wp-json\/wp\/v2\/pages\/22170\/revisions\/40703"}],"up":[{"embeddable":true,"href":"https:\/\/pupr.edu\/es\/wp-json\/wp\/v2\/pages\/43651"}],"wp:attachment":[{"href":"https:\/\/pupr.edu\/es\/wp-json\/wp\/v2\/media?parent=22170"}],"wp:term":[{"taxonomy":"program-categories","embeddable":true,"href":"https:\/\/pupr.edu\/es\/wp-json\/wp\/v2\/program-categories?post=22170"},{"taxonomy":"degree-categories","embeddable":true,"href":"https:\/\/pupr.edu\/es\/wp-json\/wp\/v2\/degree-categories?post=22170"}],"curies":[{"name":"wp","href":"https:\/\/api.w.org\/{rel}","templated":true}]}}