{"id":22208,"date":"2018-12-15T13:26:45","date_gmt":"2018-12-15T17:26:45","guid":{"rendered":"http:\/\/www.pupr.edu\/?page_id=22208"},"modified":"2024-04-19T02:09:32","modified_gmt":"2024-04-19T06:09:32","slug":"2014-certifications","status":"publish","type":"page","link":"https:\/\/pupr.edu\/es\/about\/council\/2014-certifications\/","title":{"rendered":"2014 Certifications"},"content":{"rendered":"<table class=\"tftable\" border=\"1\">\n<tbody>\n<tr>\n<td width=\"142\"><strong>Certificaci\u00f3n<\/strong><\/td>\n<td width=\"557\"><strong>Descripci\u00f3n<\/strong><\/td>\n<\/tr>\n<tr>\n<td width=\"142\"><a href=\"http:\/\/www.pupr.edu\/wp-content\/uploads\/2018\/12\/Certificacion-01-14.pdf\">CA #01 &#8211; 14<\/a><\/td>\n<td width=\"1023\">Cursos electivos Escuela de Arquitectura<\/td>\n<\/tr>\n<tr>\n<td width=\"142\"><a href=\"http:\/\/www.pupr.edu\/wp-content\/uploads\/2018\/12\/Certificacion-02-14.pdf\">CA #02 &#8211; 14<\/a><\/td>\n<td width=\"1023\">Revisi\u00f3n de c\u00f3digos de Departamento de Ingenier\u00eda El\u00e9ctricas y Computadoras y Ciencias de Computadoras<\/td>\n<\/tr>\n<tr>\n<td width=\"142\"><a href=\"http:\/\/www.pupr.edu\/wp-content\/uploads\/2018\/12\/Certificacion-03-14.pdf\">CA #03 &#8211; 14<\/a><\/td>\n<td width=\"1023\">Cursos electivos Decanato de Artes y Ciencias y Educaci\u00f3n<\/td>\n<\/tr>\n<tr>\n<td width=\"142\"><a href=\"http:\/\/www.pupr.edu\/wp-content\/uploads\/2018\/12\/Certificacion-04-14.pdf\">CA #04 &#8211; 14<\/a><\/td>\n<td width=\"1023\">Especialidad en Maestr\u00eda en Ingenier\u00eda El\u00e9ctrica<\/td>\n<\/tr>\n<\/tbody>\n<\/table>\n&nbsp;","protected":false},"excerpt":{"rendered":"Certificaci\u00f3n Descripci\u00f3n CA #01 &#8211; 14 Cursos electivos Escuela de Arquitectura CA #02 &#8211; 14 Revisi\u00f3n de c\u00f3digos de Departamento de Ingenier\u00eda El\u00e9ctricas y Computadoras y Ciencias de Computadoras CA #03 &#8211; 14 Cursos electivos Decanato de Artes y Ciencias y Educaci\u00f3n CA #04 &#8211; 14 Especialidad en Maestr\u00eda en Ingenier\u00eda El\u00e9ctrica &nbsp;","protected":false},"author":14,"featured_media":0,"parent":43651,"menu_order":0,"comment_status":"closed","ping_status":"closed","template":"template-about-certification.php","meta":{"_acf_changed":false,"inline_featured_image":false,"_monsterinsights_skip_tracking":false,"_monsterinsights_sitenote_active":false,"_monsterinsights_sitenote_note":"","_monsterinsights_sitenote_category":0,"ngg_post_thumbnail":0,"footnotes":""},"program-categories":[],"degree-categories":[],"class_list":["post-22208","page","type-page","status-publish","hentry"],"acf":[],"_links":{"self":[{"href":"https:\/\/pupr.edu\/es\/wp-json\/wp\/v2\/pages\/22208","targetHints":{"allow":["GET"]}}],"collection":[{"href":"https:\/\/pupr.edu\/es\/wp-json\/wp\/v2\/pages"}],"about":[{"href":"https:\/\/pupr.edu\/es\/wp-json\/wp\/v2\/types\/page"}],"author":[{"embeddable":true,"href":"https:\/\/pupr.edu\/es\/wp-json\/wp\/v2\/users\/14"}],"replies":[{"embeddable":true,"href":"https:\/\/pupr.edu\/es\/wp-json\/wp\/v2\/comments?post=22208"}],"version-history":[{"count":2,"href":"https:\/\/pupr.edu\/es\/wp-json\/wp\/v2\/pages\/22208\/revisions"}],"predecessor-version":[{"id":22214,"href":"https:\/\/pupr.edu\/es\/wp-json\/wp\/v2\/pages\/22208\/revisions\/22214"}],"up":[{"embeddable":true,"href":"https:\/\/pupr.edu\/es\/wp-json\/wp\/v2\/pages\/43651"}],"wp:attachment":[{"href":"https:\/\/pupr.edu\/es\/wp-json\/wp\/v2\/media?parent=22208"}],"wp:term":[{"taxonomy":"program-categories","embeddable":true,"href":"https:\/\/pupr.edu\/es\/wp-json\/wp\/v2\/program-categories?post=22208"},{"taxonomy":"degree-categories","embeddable":true,"href":"https:\/\/pupr.edu\/es\/wp-json\/wp\/v2\/degree-categories?post=22208"}],"curies":[{"name":"wp","href":"https:\/\/api.w.org\/{rel}","templated":true}]}}