{"id":22217,"date":"2018-12-17T17:32:57","date_gmt":"2018-12-17T21:32:57","guid":{"rendered":"http:\/\/www.pupr.edu\/?page_id=22217"},"modified":"2024-04-19T02:09:37","modified_gmt":"2024-04-19T06:09:37","slug":"2013-certifications","status":"publish","type":"page","link":"https:\/\/pupr.edu\/es\/about\/council\/2013-certifications\/","title":{"rendered":"2013 Certifications"},"content":{"rendered":"<table class=\"tftable\" border=\"1\">\n<tbody>\n<tr>\n<td width=\"142\"><strong>Certificaci\u00f3n<\/strong><\/td>\n<td width=\"1154\"><strong>Descripci\u00f3n<\/strong><\/td>\n<\/tr>\n<tr>\n<td width=\"142\"><a href=\"http:\/\/www.pupr.edu\/wp-content\/uploads\/2018\/12\/Certificacion-01-13.pdf\">CA #01 &#8211; 13<\/a><\/td>\n<td width=\"1154\">Aprobaci\u00f3n de grados asociados<\/td>\n<\/tr>\n<tr>\n<td width=\"142\"><a href=\"http:\/\/www.pupr.edu\/wp-content\/uploads\/2018\/12\/Certificacion-02-13.pdf\">CA #02 &#8211; 13<\/a><\/td>\n<td width=\"1154\">Aprobaci\u00f3n de Bachillerato en Educaci\u00f3n en Ciencias<\/td>\n<\/tr>\n<tr>\n<td width=\"142\"><a href=\"http:\/\/www.pupr.edu\/wp-content\/uploads\/2018\/12\/Certificacion-03-13.pdf\">CA #03 &#8211; 13<\/a><\/td>\n<td width=\"1154\">Aprobaci\u00f3n de Doctorado en Ingenier\u00eda y Ciencias Aplicadas<\/td>\n<\/tr>\n<tr>\n<td width=\"142\"><a href=\"http:\/\/www.pupr.edu\/wp-content\/uploads\/2018\/12\/Certificacion-04-13.pdf\">CA #04 &#8211; 13<\/a><\/td>\n<td width=\"1154\">Aprobaci\u00f3n de Maestr\u00eda en Educaci\u00f3n en Ciencias<\/td>\n<\/tr>\n<tr>\n<td width=\"142\"><a href=\"http:\/\/www.pupr.edu\/wp-content\/uploads\/2018\/12\/Certificacion-05-13.pdf\">CA #05 &#8211; 13<\/a><\/td>\n<td width=\"1154\">Aprobaci\u00f3n de Prontuario de&nbsp;<em>Power Systems Transients<\/em><\/td>\n<\/tr>\n<tr>\n<td width=\"142\"><a href=\"http:\/\/www.pupr.edu\/wp-content\/uploads\/2018\/12\/Certificacion-06-13.pdf\">CA #06 &#8211; 13<\/a><\/td>\n<td width=\"1154\">Aprobaci\u00f3n de revisi\u00f3n curricular de cuatro a tres a\u00f1os del Programa de Ciencias de Computadoras<\/td>\n<\/tr>\n<tr>\n<td width=\"142\"><a href=\"http:\/\/www.pupr.edu\/wp-content\/uploads\/2018\/12\/Certificacion-07-13.pdf\">CA #07 &#8211; 13<\/a><\/td>\n<td width=\"1154\">Aprobaci\u00f3n de cambio en prerrequisito del curso de Ecuaciones Diferenciales<\/td>\n<\/tr>\n<tr>\n<td width=\"142\"><a href=\"http:\/\/www.pupr.edu\/wp-content\/uploads\/2018\/12\/Certificacion-08-13.pdf\">CA #08 &#8211; 13<\/a><\/td>\n<td width=\"1154\">Aprobaci\u00f3n de&nbsp;<em>Graduate Certificate in Digital Forensics<\/em><\/td>\n<\/tr>\n<tr>\n<td width=\"142\"><a href=\"http:\/\/www.pupr.edu\/wp-content\/uploads\/2018\/12\/Certificacion-09-13.pdf\">CA #09 &#8211; 13<\/a><\/td>\n<td width=\"1154\">Evaluaci\u00f3n del Instrumento de Evaluaci\u00f3n Estudiantil de Arquitectura<\/td>\n<\/tr>\n<tr>\n<td width=\"142\"><a href=\"http:\/\/www.pupr.edu\/wp-content\/uploads\/2018\/12\/Certificacion-10-13.pdf\">CA #10 &#8211; 13<\/a><\/td>\n<td width=\"1154\">Eliminaci\u00f3n del requisito de C\u00e1lculo 1 con Geometr\u00eda Anal\u00edtica para ser admitido en la Maestr\u00eda en Manufactura Competitiva<\/td>\n<\/tr>\n<tr>\n<td width=\"142\"><a href=\"http:\/\/www.pupr.edu\/wp-content\/uploads\/2018\/12\/Certificacion-11-13.pdf\">CA #11 &#8211; 13<\/a><\/td>\n<td width=\"1154\">Eliminaci\u00f3n de prerrequisito graduado<\/td>\n<\/tr>\n<\/tbody>\n<\/table>","protected":false},"excerpt":{"rendered":"Certificaci\u00f3n Descripci\u00f3n CA #01 &#8211; 13 Aprobaci\u00f3n de grados asociados CA #02 &#8211; 13 Aprobaci\u00f3n de Bachillerato en Educaci\u00f3n en Ciencias CA #03 &#8211; 13 Aprobaci\u00f3n de Doctorado en Ingenier\u00eda y Ciencias Aplicadas CA #04 &#8211; 13 Aprobaci\u00f3n de Maestr\u00eda en Educaci\u00f3n en Ciencias CA #05 &#8211; 13 Aprobaci\u00f3n de Prontuario de&nbsp;Power Systems Transients CA [&hellip;]","protected":false},"author":14,"featured_media":0,"parent":43651,"menu_order":0,"comment_status":"closed","ping_status":"closed","template":"template-about-certification.php","meta":{"_acf_changed":false,"inline_featured_image":false,"_monsterinsights_skip_tracking":false,"_monsterinsights_sitenote_active":false,"_monsterinsights_sitenote_note":"","_monsterinsights_sitenote_category":0,"ngg_post_thumbnail":0,"footnotes":""},"program-categories":[],"degree-categories":[],"class_list":["post-22217","page","type-page","status-publish","hentry"],"acf":[],"_links":{"self":[{"href":"https:\/\/pupr.edu\/es\/wp-json\/wp\/v2\/pages\/22217","targetHints":{"allow":["GET"]}}],"collection":[{"href":"https:\/\/pupr.edu\/es\/wp-json\/wp\/v2\/pages"}],"about":[{"href":"https:\/\/pupr.edu\/es\/wp-json\/wp\/v2\/types\/page"}],"author":[{"embeddable":true,"href":"https:\/\/pupr.edu\/es\/wp-json\/wp\/v2\/users\/14"}],"replies":[{"embeddable":true,"href":"https:\/\/pupr.edu\/es\/wp-json\/wp\/v2\/comments?post=22217"}],"version-history":[{"count":3,"href":"https:\/\/pupr.edu\/es\/wp-json\/wp\/v2\/pages\/22217\/revisions"}],"predecessor-version":[{"id":28080,"href":"https:\/\/pupr.edu\/es\/wp-json\/wp\/v2\/pages\/22217\/revisions\/28080"}],"up":[{"embeddable":true,"href":"https:\/\/pupr.edu\/es\/wp-json\/wp\/v2\/pages\/43651"}],"wp:attachment":[{"href":"https:\/\/pupr.edu\/es\/wp-json\/wp\/v2\/media?parent=22217"}],"wp:term":[{"taxonomy":"program-categories","embeddable":true,"href":"https:\/\/pupr.edu\/es\/wp-json\/wp\/v2\/program-categories?post=22217"},{"taxonomy":"degree-categories","embeddable":true,"href":"https:\/\/pupr.edu\/es\/wp-json\/wp\/v2\/degree-categories?post=22217"}],"curies":[{"name":"wp","href":"https:\/\/api.w.org\/{rel}","templated":true}]}}