{"id":22266,"date":"2018-12-20T16:12:27","date_gmt":"2018-12-20T20:12:27","guid":{"rendered":"http:\/\/www.pupr.edu\/?page_id=22266"},"modified":"2024-04-19T02:09:46","modified_gmt":"2024-04-19T06:09:46","slug":"2012-certifications","status":"publish","type":"page","link":"https:\/\/pupr.edu\/es\/about\/council\/2012-certifications\/","title":{"rendered":"2012 Certifications"},"content":{"rendered":"<table class=\"tftable\" border=\"1\">\n<tbody>\n<tr>\n<td width=\"150\"><strong>Certificaci\u00f3n<\/strong><\/td>\n<td width=\"1092\"><strong>Descripci\u00f3n<\/strong><\/td>\n<\/tr>\n<tr>\n<td width=\"150\"><a href=\"https:\/\/www.pupr.edu\/wp-content\/uploads\/2023\/03\/CA-01-\u2013-12.pdf\">CA #01 &#8211; 12<\/a><\/td>\n<td width=\"1092\">Creaci\u00f3n del curso MEM 6200 \u2013 Engineering Management Project y eliminaci\u00f3n del curso MEM 6970 \u2013 Engineering Management Problems<\/td>\n<\/tr>\n<tr>\n<td width=\"150\"><a href=\"http:\/\/www.pupr.edu\/wp-content\/uploads\/2018\/12\/Certificacion-02-12.pdf\">CA #02 &#8211; 12<\/a><\/td>\n<td width=\"1092\">Eliminaci\u00f3n de cursos en los Programas Graduados de Manufactura<\/td>\n<\/tr>\n<tr>\n<td width=\"150\"><a href=\"http:\/\/www.pupr.edu\/wp-content\/uploads\/2018\/12\/Certificacion-03-12.pdf\">CA #03 &#8211; 12<\/a><\/td>\n<td width=\"1092\">Eliminaci\u00f3n de prerrequisitos en MMP6132<\/td>\n<\/tr>\n<tr>\n<td width=\"150\"><a href=\"http:\/\/www.pupr.edu\/wp-content\/uploads\/2018\/12\/Certificacion-04-12.pdf\">CA #04 &#8211; 12<\/a><\/td>\n<td width=\"1092\">Creaci\u00f3n de cursos en la Maestr\u00eda de Ingenier\u00eda Civil<\/td>\n<\/tr>\n<tr>\n<td width=\"150\"><a href=\"http:\/\/www.pupr.edu\/wp-content\/uploads\/2018\/12\/Certificacion-05-12.pdf\">CA #05 &#8211; 12<\/a><\/td>\n<td width=\"1092\">Nuevos c\u00f3digos para cursos en las Maestr\u00edas en Ingenier\u00eda de Computadoras y Ciencias de Computadoras<\/td>\n<\/tr>\n<tr>\n<td width=\"150\"><a href=\"http:\/\/www.pupr.edu\/wp-content\/uploads\/2018\/12\/Certificacion-06-12.pdf\">CA #06 &#8211; 12<\/a><\/td>\n<td width=\"1092\">Aprobaci\u00f3n de prontuarios de nuevos cursos de la Escuela de Arquitectura<\/td>\n<\/tr>\n<tr>\n<td width=\"150\"><a href=\"http:\/\/www.pupr.edu\/wp-content\/uploads\/2018\/12\/Certificacion-07-12.pdf\">CA #07 &#8211; 12<\/a><\/td>\n<td width=\"1092\">Cambios en prerrequisitos en varios cursos del Programa Graduado de Ingenier\u00eda El\u00e9ctrica<\/td>\n<\/tr>\n<tr>\n<td width=\"150\"><a href=\"http:\/\/www.pupr.edu\/wp-content\/uploads\/2018\/12\/Certificacion-08-12.pdf\">CA #08 &#8211; 12<\/a><\/td>\n<td width=\"1092\">Cambios en prerrequisitos en curso MBA 6900<\/td>\n<\/tr>\n<tr>\n<td width=\"150\"><a href=\"http:\/\/www.pupr.edu\/wp-content\/uploads\/2018\/12\/Certificacion-08b-12.pdf\">CA #08(b) \u2013 12<\/a><\/td>\n<td width=\"1092\">Aprobaci\u00f3n de cursos para la Maestr\u00eda en Ingenier\u00eda de Computadoras y Ciencias de Computadoras<\/td>\n<\/tr>\n<tr>\n<td width=\"150\"><a href=\"http:\/\/www.pupr.edu\/wp-content\/uploads\/2018\/12\/Certificacion-09-12.pdf\">CA #09 &#8211; 12<\/a><\/td>\n<td width=\"1092\">Aprobaci\u00f3n en Arquitectura de Interior de Bachillerato<\/td>\n<\/tr>\n<tr>\n<td width=\"150\"><a href=\"http:\/\/www.pupr.edu\/wp-content\/uploads\/2018\/12\/Certificacion-10-12.pdf\">CA #10 &#8211; 12<\/a><\/td>\n<td width=\"1092\">Aprobaci\u00f3n de la revisi\u00f3n de los prontuarios de los departamentos de Ingenier\u00eda y Ciencias Geom\u00e1ticas del curr\u00edculo de cuatro (4) a\u00f1os<\/td>\n<\/tr>\n<tr>\n<td width=\"150\"><a href=\"http:\/\/www.pupr.edu\/wp-content\/uploads\/2018\/12\/Certificacion-11-12.pdf\">CA #11 &#8211; 12<\/a><\/td>\n<td width=\"1092\">Aprobaci\u00f3n de las convalidaciones de los ex\u00e1menes del College Board de los cursos del Departamento de Estudios Socio human\u00edsticos, Ciencias y Matem\u00e1ticas<\/td>\n<\/tr>\n<tr>\n<td width=\"150\"><a href=\"http:\/\/www.pupr.edu\/wp-content\/uploads\/2018\/12\/Certificacion-12-12.pdf\">CA #12 &#8211; 12<\/a><\/td>\n<td width=\"1092\">Aprobaci\u00f3n del Procedimiento Operacional que utilizar\u00e1 el Comit\u00e9 de Asuntos Acad\u00e9micos<\/td>\n<\/tr>\n<tr>\n<td width=\"150\"><a href=\"http:\/\/www.pupr.edu\/wp-content\/uploads\/2018\/12\/Certificacion-13-12.pdf\">CA #13 &#8211; 12<\/a><\/td>\n<td width=\"1092\">Aprobaci\u00f3n del Bachillerato en Administraci\u00f3n de Empresas en Empresarismo<\/td>\n<\/tr>\n<tr>\n<td width=\"150\"><a href=\"http:\/\/www.pupr.edu\/wp-content\/uploads\/2018\/12\/Certificacion-14-12.pdf\">CA #14 &#8211; 12<\/a><\/td>\n<td width=\"1092\">Aprobaci\u00f3n de la modificaci\u00f3n de la distribuci\u00f3n de cursos en el Programa de Maestr\u00eda de Ingenier\u00eda Mec\u00e1nica<\/td>\n<\/tr>\n<tr>\n<td width=\"150\"><a href=\"http:\/\/www.pupr.edu\/wp-content\/uploads\/2018\/12\/Certificacion-15-12.pdf\">CA #15 &#8211; 12<\/a><\/td>\n<td width=\"1092\">Aprobaci\u00f3n para mantener la nota de pase en D o mejor nota para los cursos Math 1330 y Math 1340<\/td>\n<\/tr>\n<\/tbody>\n<\/table>\n&nbsp;","protected":false},"excerpt":{"rendered":"Certificaci\u00f3n Descripci\u00f3n CA #01 &#8211; 12 Creaci\u00f3n del curso MEM 6200 \u2013 Engineering Management Project y eliminaci\u00f3n del curso MEM 6970 \u2013 Engineering Management Problems CA #02 &#8211; 12 Eliminaci\u00f3n de cursos en los Programas Graduados de Manufactura CA #03 &#8211; 12 Eliminaci\u00f3n de prerrequisitos en MMP6132 CA #04 &#8211; 12 Creaci\u00f3n de cursos en [&hellip;]","protected":false},"author":14,"featured_media":0,"parent":43651,"menu_order":0,"comment_status":"closed","ping_status":"closed","template":"template-about-certification.php","meta":{"_acf_changed":false,"inline_featured_image":false,"_monsterinsights_skip_tracking":false,"_monsterinsights_sitenote_active":false,"_monsterinsights_sitenote_note":"","_monsterinsights_sitenote_category":0,"ngg_post_thumbnail":0,"footnotes":""},"program-categories":[],"degree-categories":[],"class_list":["post-22266","page","type-page","status-publish","hentry"],"acf":[],"_links":{"self":[{"href":"https:\/\/pupr.edu\/es\/wp-json\/wp\/v2\/pages\/22266","targetHints":{"allow":["GET"]}}],"collection":[{"href":"https:\/\/pupr.edu\/es\/wp-json\/wp\/v2\/pages"}],"about":[{"href":"https:\/\/pupr.edu\/es\/wp-json\/wp\/v2\/types\/page"}],"author":[{"embeddable":true,"href":"https:\/\/pupr.edu\/es\/wp-json\/wp\/v2\/users\/14"}],"replies":[{"embeddable":true,"href":"https:\/\/pupr.edu\/es\/wp-json\/wp\/v2\/comments?post=22266"}],"version-history":[{"count":2,"href":"https:\/\/pupr.edu\/es\/wp-json\/wp\/v2\/pages\/22266\/revisions"}],"predecessor-version":[{"id":40701,"href":"https:\/\/pupr.edu\/es\/wp-json\/wp\/v2\/pages\/22266\/revisions\/40701"}],"up":[{"embeddable":true,"href":"https:\/\/pupr.edu\/es\/wp-json\/wp\/v2\/pages\/43651"}],"wp:attachment":[{"href":"https:\/\/pupr.edu\/es\/wp-json\/wp\/v2\/media?parent=22266"}],"wp:term":[{"taxonomy":"program-categories","embeddable":true,"href":"https:\/\/pupr.edu\/es\/wp-json\/wp\/v2\/program-categories?post=22266"},{"taxonomy":"degree-categories","embeddable":true,"href":"https:\/\/pupr.edu\/es\/wp-json\/wp\/v2\/degree-categories?post=22266"}],"curies":[{"name":"wp","href":"https:\/\/api.w.org\/{rel}","templated":true}]}}