{"id":22280,"date":"2018-12-26T14:32:32","date_gmt":"2018-12-26T18:32:32","guid":{"rendered":"http:\/\/www.pupr.edu\/?page_id=22280"},"modified":"2024-04-19T02:09:49","modified_gmt":"2024-04-19T06:09:49","slug":"2011-certifications","status":"publish","type":"page","link":"https:\/\/pupr.edu\/es\/about\/council\/2011-certifications\/","title":{"rendered":"2011 Certifications"},"content":{"rendered":"<table class=\"tftable\" border=\"1\">\n<tbody>\n<tr>\n<td width=\"142\"><strong>Certificaci\u00f3n<\/strong><\/td>\n<td width=\"1106\"><strong>Descripci\u00f3n<\/strong><\/td>\n<\/tr>\n<tr>\n<td width=\"142\"><a href=\"http:\/\/www.pupr.edu\/wp-content\/uploads\/2018\/12\/Certificacion-01-11.pdf\">CA #01 &#8211; 11<\/a><\/td>\n<td width=\"1106\">Aprobaci\u00f3n de cr\u00e9ditos de transferencia en la Escuela Graduada<\/td>\n<\/tr>\n<tr>\n<td width=\"142\"><a href=\"http:\/\/www.pupr.edu\/wp-content\/uploads\/2018\/12\/Certificacion-02-11.pdf\">CA #02 &#8211; 11<\/a><\/td>\n<td width=\"1106\">Aprobaci\u00f3n de prontuario de ME 6390 de la Maestr\u00eda de Ingenier\u00eda Mec\u00e1nica<\/td>\n<\/tr>\n<tr>\n<td width=\"142\"><a href=\"http:\/\/www.pupr.edu\/wp-content\/uploads\/2018\/12\/Certificacion-03-11.pdf\">CA #03 &#8211; 11<\/a><\/td>\n<td width=\"1106\">Aprobaci\u00f3n de prontuario del prontuario 4112 \u2013 Senior Project II \u2013&nbsp;Extension&nbsp;del Departamento de Ciencias Geom\u00e1ticas<\/td>\n<\/tr>\n<tr>\n<td width=\"142\"><a href=\"http:\/\/www.pupr.edu\/wp-content\/uploads\/2018\/12\/Certificacion-04-11.pdf\">CA #04 &#8211; 11<\/a><\/td>\n<td width=\"1106\">Cambio en la Norma de Progreso Acad\u00e9mico a Nivel Graduado<\/td>\n<\/tr>\n<tr>\n<td width=\"142\"><a href=\"http:\/\/www.pupr.edu\/wp-content\/uploads\/2018\/12\/Certificacion-05-11.pdf\">CA #05 &#8211; 11<\/a><\/td>\n<td width=\"1106\">Aprobaci\u00f3n de cambio curricular en los bachilleratos de la Escuela de Ingenier\u00eda y Ciencias Geom\u00e1ticas<\/td>\n<\/tr>\n<\/tbody>\n<\/table>\n&nbsp;","protected":false},"excerpt":{"rendered":"Certificaci\u00f3n Descripci\u00f3n CA #01 &#8211; 11 Aprobaci\u00f3n de cr\u00e9ditos de transferencia en la Escuela Graduada CA #02 &#8211; 11 Aprobaci\u00f3n de prontuario de ME 6390 de la Maestr\u00eda de Ingenier\u00eda Mec\u00e1nica CA #03 &#8211; 11 Aprobaci\u00f3n de prontuario del prontuario 4112 \u2013 Senior Project II \u2013&nbsp;Extension&nbsp;del Departamento de Ciencias Geom\u00e1ticas CA #04 &#8211; 11 Cambio [&hellip;]","protected":false},"author":14,"featured_media":0,"parent":43651,"menu_order":0,"comment_status":"closed","ping_status":"closed","template":"template-about-certification.php","meta":{"_acf_changed":false,"inline_featured_image":false,"_monsterinsights_skip_tracking":false,"_monsterinsights_sitenote_active":false,"_monsterinsights_sitenote_note":"","_monsterinsights_sitenote_category":0,"ngg_post_thumbnail":0,"footnotes":""},"program-categories":[],"degree-categories":[],"class_list":["post-22280","page","type-page","status-publish","hentry"],"acf":[],"_links":{"self":[{"href":"https:\/\/pupr.edu\/es\/wp-json\/wp\/v2\/pages\/22280","targetHints":{"allow":["GET"]}}],"collection":[{"href":"https:\/\/pupr.edu\/es\/wp-json\/wp\/v2\/pages"}],"about":[{"href":"https:\/\/pupr.edu\/es\/wp-json\/wp\/v2\/types\/page"}],"author":[{"embeddable":true,"href":"https:\/\/pupr.edu\/es\/wp-json\/wp\/v2\/users\/14"}],"replies":[{"embeddable":true,"href":"https:\/\/pupr.edu\/es\/wp-json\/wp\/v2\/comments?post=22280"}],"version-history":[{"count":3,"href":"https:\/\/pupr.edu\/es\/wp-json\/wp\/v2\/pages\/22280\/revisions"}],"predecessor-version":[{"id":28079,"href":"https:\/\/pupr.edu\/es\/wp-json\/wp\/v2\/pages\/22280\/revisions\/28079"}],"up":[{"embeddable":true,"href":"https:\/\/pupr.edu\/es\/wp-json\/wp\/v2\/pages\/43651"}],"wp:attachment":[{"href":"https:\/\/pupr.edu\/es\/wp-json\/wp\/v2\/media?parent=22280"}],"wp:term":[{"taxonomy":"program-categories","embeddable":true,"href":"https:\/\/pupr.edu\/es\/wp-json\/wp\/v2\/program-categories?post=22280"},{"taxonomy":"degree-categories","embeddable":true,"href":"https:\/\/pupr.edu\/es\/wp-json\/wp\/v2\/degree-categories?post=22280"}],"curies":[{"name":"wp","href":"https:\/\/api.w.org\/{rel}","templated":true}]}}