{"id":22290,"date":"2018-12-27T13:50:15","date_gmt":"2018-12-27T17:50:15","guid":{"rendered":"http:\/\/www.pupr.edu\/?page_id=22290"},"modified":"2024-04-19T02:08:28","modified_gmt":"2024-04-19T06:08:28","slug":"2010-certifications","status":"publish","type":"page","link":"https:\/\/pupr.edu\/es\/about\/council\/2010-certifications\/","title":{"rendered":"2010 Certifications"},"content":{"rendered":"<table class=\"tftable\" border=\"1\">\n<tbody>\n<tr>\n<td width=\"142\"><strong>Certificaci\u00f3n<\/strong><\/td>\n<td width=\"1106\"><strong>Descripci\u00f3n<\/strong><\/td>\n<\/tr>\n<tr>\n<td width=\"142\"><a href=\"http:\/\/www.pupr.edu\/wp-content\/uploads\/2018\/12\/Certificacion-01-10.pdf\">CA #01 &#8211; 10<\/a><\/td>\n<td width=\"1106\">Aprobaci\u00f3n creaci\u00f3n del curso EE5726<\/td>\n<\/tr>\n<tr>\n<td width=\"142\"><a href=\"http:\/\/www.pupr.edu\/wp-content\/uploads\/2018\/12\/Certificacion-02-10.pdf\">CA #02 &#8211; 10<\/a><\/td>\n<td width=\"1106\">Aprobaci\u00f3n del curso electivo CHE5000<\/td>\n<\/tr>\n<tr>\n<td width=\"142\"><a href=\"http:\/\/www.pupr.edu\/wp-content\/uploads\/2018\/12\/Certificacion-03-10.pdf\">CA #03 &#8211; 10<\/a><\/td>\n<td width=\"1106\">Aprobaci\u00f3n creaci\u00f3n y prontuario del curso EE5715<\/td>\n<\/tr>\n<tr>\n<td width=\"142\"><a href=\"https:\/\/www.pupr.edu\/wp-content\/uploads\/2023\/03\/CA-04-\u2013-10.pdf\">CA #04 &#8211; 10<\/a><\/td>\n<td width=\"1106\">Creaci\u00f3n del Curso CE6378 \u2013 Advanced Reinforced Concrete Design y revisi\u00f3n de CE6330 \u2013 Advanced Topics in Structural Engineering<\/td>\n<\/tr>\n<tr>\n<td width=\"142\"><a href=\"http:\/\/www.pupr.edu\/wp-content\/uploads\/2018\/12\/Certificacion-05-10.pdf\">CA #05 &#8211; 10<\/a><\/td>\n<td width=\"1106\">Cambios curriculares en los cursos de proyecto de las Maestr\u00edas en Ciencias de Computadoras, Ingenier\u00eda de Computadoras e Ingenier\u00eda El\u00e9ctrica<\/td>\n<\/tr>\n<tr>\n<td width=\"142\"><a href=\"http:\/\/www.pupr.edu\/wp-content\/uploads\/2018\/12\/Certificacion-06-10.pdf\">CA #06 &#8211; 10<\/a><\/td>\n<td width=\"1106\">Aprobaci\u00f3n de cursos electivos CECS7230, CECS7235 y CECS7240<\/td>\n<\/tr>\n<tr>\n<td width=\"142\"><a href=\"http:\/\/www.pupr.edu\/wp-content\/uploads\/2018\/12\/Certificacion-07-10.pdf\">CA #07 &#8211; 10<\/a><\/td>\n<td width=\"1106\">Cambios curriculares en los cursos de proyecto de las Maestr\u00edas en Ciencias de Computadoras, Ingenier\u00eda de Computadoras e Ingenier\u00eda El\u00e9ctrica<\/td>\n<\/tr>\n<tr>\n<td width=\"142\"><a href=\"http:\/\/www.pupr.edu\/wp-content\/uploads\/2018\/12\/Certificacion-08-10.pdf\">CA #08 &#8211; 10<\/a><\/td>\n<td width=\"1106\">Revisi\u00f3n del curr\u00edculo de Maestr\u00eda en Gerencia Ambiental y cursos electivos de MEM Ambiental<\/td>\n<\/tr>\n<tr>\n<td width=\"142\"><a href=\"http:\/\/www.pupr.edu\/wp-content\/uploads\/2018\/12\/Certificacion-09-10.pdf\">CA #09 &#8211; 10<\/a><\/td>\n<td width=\"1106\">Modificaciones al curr\u00edculo de la Nueva Escuela de Arquitectura<\/td>\n<\/tr>\n<tr>\n<td width=\"142\"><a href=\"http:\/\/www.pupr.edu\/wp-content\/uploads\/2018\/12\/Certificacion-10-10.pdf\">CA #10 &#8211; 10<\/a><\/td>\n<td width=\"1106\">Aprobaci\u00f3n del Programa Especial para la Escuela Superior (P.E.E.S)<\/td>\n<\/tr>\n<tr>\n<td width=\"142\"><a href=\"http:\/\/www.pupr.edu\/wp-content\/uploads\/2018\/12\/Certificacion-11-10.pdf\">CA #11 &#8211; 10<\/a><\/td>\n<td width=\"1106\">Aprobaci\u00f3n de la Maestr\u00eda en Ciencias y Tecnolog\u00eda Espacial del Programa de Ciencias Geom\u00e1ticas y el Prontuario GEOM5600<\/td>\n<\/tr>\n<\/tbody>\n<\/table>\n&nbsp;\n\n&nbsp;","protected":false},"excerpt":{"rendered":"Certificaci\u00f3n Descripci\u00f3n CA #01 &#8211; 10 Aprobaci\u00f3n creaci\u00f3n del curso EE5726 CA #02 &#8211; 10 Aprobaci\u00f3n del curso electivo CHE5000 CA #03 &#8211; 10 Aprobaci\u00f3n creaci\u00f3n y prontuario del curso EE5715 CA #04 &#8211; 10 Creaci\u00f3n del Curso CE6378 \u2013 Advanced Reinforced Concrete Design y revisi\u00f3n de CE6330 \u2013 Advanced Topics in Structural Engineering CA [&hellip;]","protected":false},"author":14,"featured_media":0,"parent":43651,"menu_order":0,"comment_status":"closed","ping_status":"closed","template":"template-about-certification.php","meta":{"_acf_changed":false,"inline_featured_image":false,"_monsterinsights_skip_tracking":false,"_monsterinsights_sitenote_active":false,"_monsterinsights_sitenote_note":"","_monsterinsights_sitenote_category":0,"ngg_post_thumbnail":0,"footnotes":""},"program-categories":[],"degree-categories":[],"class_list":["post-22290","page","type-page","status-publish","hentry"],"acf":[],"_links":{"self":[{"href":"https:\/\/pupr.edu\/es\/wp-json\/wp\/v2\/pages\/22290","targetHints":{"allow":["GET"]}}],"collection":[{"href":"https:\/\/pupr.edu\/es\/wp-json\/wp\/v2\/pages"}],"about":[{"href":"https:\/\/pupr.edu\/es\/wp-json\/wp\/v2\/types\/page"}],"author":[{"embeddable":true,"href":"https:\/\/pupr.edu\/es\/wp-json\/wp\/v2\/users\/14"}],"replies":[{"embeddable":true,"href":"https:\/\/pupr.edu\/es\/wp-json\/wp\/v2\/comments?post=22290"}],"version-history":[{"count":2,"href":"https:\/\/pupr.edu\/es\/wp-json\/wp\/v2\/pages\/22290\/revisions"}],"predecessor-version":[{"id":40700,"href":"https:\/\/pupr.edu\/es\/wp-json\/wp\/v2\/pages\/22290\/revisions\/40700"}],"up":[{"embeddable":true,"href":"https:\/\/pupr.edu\/es\/wp-json\/wp\/v2\/pages\/43651"}],"wp:attachment":[{"href":"https:\/\/pupr.edu\/es\/wp-json\/wp\/v2\/media?parent=22290"}],"wp:term":[{"taxonomy":"program-categories","embeddable":true,"href":"https:\/\/pupr.edu\/es\/wp-json\/wp\/v2\/program-categories?post=22290"},{"taxonomy":"degree-categories","embeddable":true,"href":"https:\/\/pupr.edu\/es\/wp-json\/wp\/v2\/degree-categories?post=22290"}],"curies":[{"name":"wp","href":"https:\/\/api.w.org\/{rel}","templated":true}]}}