{"id":22303,"date":"2018-12-28T14:41:05","date_gmt":"2018-12-28T18:41:05","guid":{"rendered":"http:\/\/www.pupr.edu\/?page_id=22303"},"modified":"2024-04-19T02:08:42","modified_gmt":"2024-04-19T06:08:42","slug":"2009-certifications","status":"publish","type":"page","link":"https:\/\/pupr.edu\/es\/about\/council\/2009-certifications\/","title":{"rendered":"2009 Certifications"},"content":{"rendered":"<table class=\"tftable\" border=\"1\">\n<tbody>\n<tr>\n<td width=\"142\"><strong>Certificaci\u00f3n<\/strong><\/td>\n<td width=\"759\"><strong>Descripci\u00f3n<\/strong><\/td>\n<\/tr>\n<tr>\n<td width=\"142\"><a href=\"http:\/\/www.pupr.edu\/wp-content\/uploads\/2018\/12\/Certificacion-01-09.pdf\">CA #01 &#8211; 09<\/a><\/td>\n<td width=\"759\">Aprobaci\u00f3n de cambios curriculares del Departamento de Ingenier\u00eda Mec\u00e1nica<\/td>\n<\/tr>\n<tr>\n<td width=\"142\"><a href=\"http:\/\/www.pupr.edu\/wp-content\/uploads\/2018\/12\/Certificacion-02-09.pdf\">CA #02 &#8211; 09<\/a><\/td>\n<td width=\"759\">Aprobaci\u00f3n del Reglamento del Comit\u00e9 de Admisi\u00f3n de Nivel Subgraduado<\/td>\n<\/tr>\n<tr>\n<td width=\"142\"><a href=\"https:\/\/www.pupr.edu\/wp-content\/uploads\/2023\/03\/CA-03-\u2013-09.pdf\">CA #03 &#8211; 09<\/a><\/td>\n<td width=\"759\">Aprobaci\u00f3n de Reglamento Comit\u00e9 Aval\u00fao de Resultados Acad\u00e9micos a Nivel Institucional<\/td>\n<\/tr>\n<tr>\n<td width=\"142\"><a href=\"http:\/\/www.pupr.edu\/wp-content\/uploads\/2018\/12\/Certificacion-04-09.pdf\">CA #04 &#8211; 09<\/a><\/td>\n<td width=\"759\">Cambios en el curr\u00edculo del Departamento de Ingenier\u00eda Qu\u00edmica<\/td>\n<\/tr>\n<tr>\n<td width=\"142\"><a href=\"http:\/\/www.pupr.edu\/wp-content\/uploads\/2018\/12\/Certificacion-05-09.pdf\">CA #05 &#8211; 09<\/a><\/td>\n<td width=\"759\">Creaci\u00f3n de cursos LA6650 y LA6801<\/td>\n<\/tr>\n<tr>\n<td width=\"142\"><a href=\"http:\/\/www.pupr.edu\/wp-content\/uploads\/2018\/12\/Certificacion-06-09.pdf\">CA #06 &#8211; 09<\/a><\/td>\n<td width=\"759\">Creaci\u00f3n de cursos CE6357 y CE6174<\/td>\n<\/tr>\n<tr>\n<td width=\"142\"><a href=\"https:\/\/www.pupr.edu\/wp-content\/uploads\/2023\/03\/CA-07-\u2013-09.pdf\">CA #07 &#8211; 09<\/a><\/td>\n<td width=\"759\">Creaci\u00f3n de la codificaci\u00f3n LA 6600 \u2013 Electivas Abierta del Programa de Arquitectura Paisajista<\/td>\n<\/tr>\n<tr>\n<td width=\"142\"><a href=\"http:\/\/www.pupr.edu\/wp-content\/uploads\/2018\/12\/Certificacion-07-09b.pdf\">CA #07 \u2013 09b<\/a><\/td>\n<td width=\"759\">Cambios en el curr\u00edculo del Departamento de Ingenier\u00eda Qu\u00edmica<\/td>\n<\/tr>\n<\/tbody>\n<\/table>\n&nbsp;\n\n&nbsp;","protected":false},"excerpt":{"rendered":"Certificaci\u00f3n Descripci\u00f3n CA #01 &#8211; 09 Aprobaci\u00f3n de cambios curriculares del Departamento de Ingenier\u00eda Mec\u00e1nica CA #02 &#8211; 09 Aprobaci\u00f3n del Reglamento del Comit\u00e9 de Admisi\u00f3n de Nivel Subgraduado CA #03 &#8211; 09 Aprobaci\u00f3n de Reglamento Comit\u00e9 Aval\u00fao de Resultados Acad\u00e9micos a Nivel Institucional CA #04 &#8211; 09 Cambios en el curr\u00edculo del Departamento de [&hellip;]","protected":false},"author":14,"featured_media":0,"parent":43651,"menu_order":0,"comment_status":"closed","ping_status":"closed","template":"template-about-certification.php","meta":{"_acf_changed":false,"inline_featured_image":false,"_monsterinsights_skip_tracking":false,"_monsterinsights_sitenote_active":false,"_monsterinsights_sitenote_note":"","_monsterinsights_sitenote_category":0,"ngg_post_thumbnail":0,"footnotes":""},"program-categories":[],"degree-categories":[],"class_list":["post-22303","page","type-page","status-publish","hentry"],"acf":[],"_links":{"self":[{"href":"https:\/\/pupr.edu\/es\/wp-json\/wp\/v2\/pages\/22303","targetHints":{"allow":["GET"]}}],"collection":[{"href":"https:\/\/pupr.edu\/es\/wp-json\/wp\/v2\/pages"}],"about":[{"href":"https:\/\/pupr.edu\/es\/wp-json\/wp\/v2\/types\/page"}],"author":[{"embeddable":true,"href":"https:\/\/pupr.edu\/es\/wp-json\/wp\/v2\/users\/14"}],"replies":[{"embeddable":true,"href":"https:\/\/pupr.edu\/es\/wp-json\/wp\/v2\/comments?post=22303"}],"version-history":[{"count":3,"href":"https:\/\/pupr.edu\/es\/wp-json\/wp\/v2\/pages\/22303\/revisions"}],"predecessor-version":[{"id":40699,"href":"https:\/\/pupr.edu\/es\/wp-json\/wp\/v2\/pages\/22303\/revisions\/40699"}],"up":[{"embeddable":true,"href":"https:\/\/pupr.edu\/es\/wp-json\/wp\/v2\/pages\/43651"}],"wp:attachment":[{"href":"https:\/\/pupr.edu\/es\/wp-json\/wp\/v2\/media?parent=22303"}],"wp:term":[{"taxonomy":"program-categories","embeddable":true,"href":"https:\/\/pupr.edu\/es\/wp-json\/wp\/v2\/program-categories?post=22303"},{"taxonomy":"degree-categories","embeddable":true,"href":"https:\/\/pupr.edu\/es\/wp-json\/wp\/v2\/degree-categories?post=22303"}],"curies":[{"name":"wp","href":"https:\/\/api.w.org\/{rel}","templated":true}]}}