{"id":22314,"date":"2019-01-02T13:05:22","date_gmt":"2019-01-02T17:05:22","guid":{"rendered":"http:\/\/www.pupr.edu\/?page_id=22314"},"modified":"2024-04-19T02:08:44","modified_gmt":"2024-04-19T06:08:44","slug":"2008-certifications","status":"publish","type":"page","link":"https:\/\/pupr.edu\/es\/about\/council\/2008-certifications\/","title":{"rendered":"2008 Certifications"},"content":{"rendered":"<table class=\"tftable\" border=\"1\">\n<tbody>\n<tr>\n<td width=\"142\"><strong>Certificaci\u00f3n<\/strong><\/td>\n<td width=\"1106\"><strong>Descripci\u00f3n<\/strong><\/td>\n<\/tr>\n<tr>\n<td width=\"142\"><a href=\"http:\/\/www.pupr.edu\/wp-content\/uploads\/2019\/01\/Certificacion-01-08.pdf\">CA #01 \u2013 08<\/a><\/td>\n<td width=\"1106\">Aprobaci\u00f3n de propuesta de&nbsp;<em>Graduate Certificate in Information Assurance and Security<\/em><\/td>\n<\/tr>\n<tr>\n<td width=\"142\"><a href=\"http:\/\/www.pupr.edu\/wp-content\/uploads\/2019\/01\/Certificacion-02-08.pdf\">CA #02 \u2013 08<\/a><\/td>\n<td width=\"1106\">Aprobaci\u00f3n de prerrequisitos y creaci\u00f3n de nuevos cursos graduados del Departamento de Ingenier\u00eda El\u00e9ctrica y de Computadoras y Ciencias de Computadoras<\/td>\n<\/tr>\n<tr>\n<td width=\"142\"><a href=\"http:\/\/www.pupr.edu\/wp-content\/uploads\/2019\/01\/Certificacion-03-08.pdf\">CA #03 \u2013 08<\/a><\/td>\n<td width=\"1106\">Aprobaci\u00f3n de curso LA6611<\/td>\n<\/tr>\n<tr>\n<td width=\"142\"><a href=\"http:\/\/www.pupr.edu\/wp-content\/uploads\/2019\/01\/Certificacion-04-08.pdf\">CA #04 \u2013 08<\/a><\/td>\n<td width=\"1106\">Aprobaci\u00f3n de prontuario del curso REA4916<\/td>\n<\/tr>\n<tr>\n<td width=\"142\"><a href=\"http:\/\/www.pupr.edu\/wp-content\/uploads\/2019\/01\/Certificacion-05-08.pdf\">CA #05 \u2013 08<\/a><\/td>\n<td width=\"1106\">Aprobaci\u00f3n de prontuarios de nuevos cursos graduados del Departamento de Ingenier\u00eda El\u00e9ctrica y de Computadoras y Ciencias de Computadoras<\/td>\n<\/tr>\n<tr>\n<td width=\"142\"><a href=\"http:\/\/www.pupr.edu\/wp-content\/uploads\/2019\/01\/Certificacion-06-08.pdf\">CA #06 \u2013 08<\/a><\/td>\n<td width=\"1106\">Creaci\u00f3n del curso electivo MARK3470<\/td>\n<\/tr>\n<tr>\n<td width=\"142\"><a href=\"https:\/\/www.pupr.edu\/wp-content\/uploads\/2023\/03\/CA-07-\u2013-08.pdf\">CA #07 \u2013 08<\/a><\/td>\n<td width=\"1106\"> Maestr\u00eda en Ciencias en Ingenier\u00eda Mec\u00e1nica con \u00e1reas de especializaci\u00f3n<\/td>\n<\/tr>\n<\/tbody>\n<\/table>\n<p>&nbsp;<\/p>\n\n\n<p><\/p>","protected":false},"excerpt":{"rendered":"Certificaci\u00f3n Descripci\u00f3n CA #01 \u2013 08 Aprobaci\u00f3n de propuesta de&nbsp;Graduate Certificate in Information Assurance and Security CA #02 \u2013 08 Aprobaci\u00f3n de prerrequisitos y creaci\u00f3n de nuevos cursos graduados del Departamento de Ingenier\u00eda El\u00e9ctrica y de Computadoras y Ciencias de Computadoras CA #03 \u2013 08 Aprobaci\u00f3n de curso LA6611 CA #04 \u2013 08 Aprobaci\u00f3n de [&hellip;]","protected":false},"author":14,"featured_media":0,"parent":43651,"menu_order":0,"comment_status":"closed","ping_status":"closed","template":"template-about-certification.php","meta":{"_acf_changed":false,"inline_featured_image":false,"_monsterinsights_skip_tracking":false,"_monsterinsights_sitenote_active":false,"_monsterinsights_sitenote_note":"","_monsterinsights_sitenote_category":0,"ngg_post_thumbnail":0,"footnotes":""},"program-categories":[],"degree-categories":[],"class_list":["post-22314","page","type-page","status-publish","hentry"],"acf":[],"_links":{"self":[{"href":"https:\/\/pupr.edu\/es\/wp-json\/wp\/v2\/pages\/22314","targetHints":{"allow":["GET"]}}],"collection":[{"href":"https:\/\/pupr.edu\/es\/wp-json\/wp\/v2\/pages"}],"about":[{"href":"https:\/\/pupr.edu\/es\/wp-json\/wp\/v2\/types\/page"}],"author":[{"embeddable":true,"href":"https:\/\/pupr.edu\/es\/wp-json\/wp\/v2\/users\/14"}],"replies":[{"embeddable":true,"href":"https:\/\/pupr.edu\/es\/wp-json\/wp\/v2\/comments?post=22314"}],"version-history":[{"count":4,"href":"https:\/\/pupr.edu\/es\/wp-json\/wp\/v2\/pages\/22314\/revisions"}],"predecessor-version":[{"id":44959,"href":"https:\/\/pupr.edu\/es\/wp-json\/wp\/v2\/pages\/22314\/revisions\/44959"}],"up":[{"embeddable":true,"href":"https:\/\/pupr.edu\/es\/wp-json\/wp\/v2\/pages\/43651"}],"wp:attachment":[{"href":"https:\/\/pupr.edu\/es\/wp-json\/wp\/v2\/media?parent=22314"}],"wp:term":[{"taxonomy":"program-categories","embeddable":true,"href":"https:\/\/pupr.edu\/es\/wp-json\/wp\/v2\/program-categories?post=22314"},{"taxonomy":"degree-categories","embeddable":true,"href":"https:\/\/pupr.edu\/es\/wp-json\/wp\/v2\/degree-categories?post=22314"}],"curies":[{"name":"wp","href":"https:\/\/api.w.org\/{rel}","templated":true}]}}