{"id":22326,"date":"2019-01-02T18:29:56","date_gmt":"2019-01-02T22:29:56","guid":{"rendered":"http:\/\/www.pupr.edu\/?page_id=22326"},"modified":"2024-04-19T02:08:50","modified_gmt":"2024-04-19T06:08:50","slug":"2007-certifications","status":"publish","type":"page","link":"https:\/\/pupr.edu\/es\/about\/council\/2007-certifications\/","title":{"rendered":"2007 Certifications"},"content":{"rendered":"<table class=\"tftable\" border=\"1\">\n<tbody>\n<tr>\n<td width=\"263\"><strong>Certificaci\u00f3n<\/strong><\/td>\n<td width=\"1107\"><strong>Descripci\u00f3n<\/strong><\/td>\n<\/tr>\n<tr>\n<td width=\"263\"><a href=\"http:\/\/www.pupr.edu\/wp-content\/uploads\/2019\/01\/Certificacion-01-07.pdf\">CA #01 \u2013 07<\/a><\/td>\n<td width=\"1107\">Aprobaci\u00f3n de ajustes en los cursos REA2904 y REA3906.&nbsp; Aceptaci\u00f3n de GIS5688.<\/td>\n<\/tr>\n<tr>\n<td width=\"263\"><a href=\"http:\/\/www.pupr.edu\/wp-content\/uploads\/2019\/01\/Certificacion-02-07.pdf\">CA #02 \u2013 07<\/a><\/td>\n<td width=\"1107\">Aprobaci\u00f3n de los ajustes de los cambios secuenciales de los programas graduados Ciencias de Computadoras e Ingenier\u00eda de Computadoras.<\/td>\n<\/tr>\n<tr>\n<td width=\"263\"><a href=\"http:\/\/www.pupr.edu\/wp-content\/uploads\/2019\/01\/Certificacion-03-07.pdf\">CA #03 \u2013 07<\/a><\/td>\n<td width=\"1107\">Aprobaci\u00f3n del curso de Ecuaciones Diferenciales Parciales para Ciencias e Ingenier\u00eda<\/td>\n<\/tr>\n<tr>\n<td width=\"263\"><a href=\"http:\/\/www.pupr.edu\/wp-content\/uploads\/2019\/01\/Certificacion-04-07.pdf\">CA #04 \u2013 07<\/a><\/td>\n<td width=\"1107\">Aprobaci\u00f3n del curso ARHH3010 en la secuencia curricular del Bachillerato en Arquitectura<\/td>\n<\/tr>\n<tr>\n<td width=\"263\"><a href=\"http:\/\/www.pupr.edu\/wp-content\/uploads\/2019\/01\/Certificacion-04-07-Enmendada.pdf\">CA #04 \u2013 07 (enmendada)<\/a><\/td>\n<td width=\"1107\">Cambio de c\u00f3digo HIST4030.\n\nCreaci\u00f3n de curso ARHH3010.\n\nConsolidaci\u00f3n en curso HIST2010<\/td>\n<\/tr>\n<tr>\n<td width=\"263\"><a href=\"http:\/\/www.pupr.edu\/wp-content\/uploads\/2019\/01\/Certificacion-05-07.pdf\">CA #05 \u2013 07<\/a><\/td>\n<td width=\"1107\">Aprobaci\u00f3n del t\u00edtulo Programming Language for Business Administration para el curso ISYS3560<\/td>\n<\/tr>\n<tr>\n<td width=\"263\"><a href=\"http:\/\/www.pupr.edu\/wp-content\/uploads\/2019\/01\/Certificacion-06-07.pdf\">CA #06 \u2013 07<\/a><\/td>\n<td width=\"1107\">Aprobaci\u00f3n de cambios curriculares al programa Graduado de Gerencia Ambiental<\/td>\n<\/tr>\n<tr>\n<td width=\"263\"><a href=\"http:\/\/www.pupr.edu\/wp-content\/uploads\/2019\/01\/Certificacion-07-07.pdf\">CA #07 \u2013 07<\/a><\/td>\n<td width=\"1107\">Creaci\u00f3n de curso MGM5800<\/td>\n<\/tr>\n<tr>\n<td width=\"263\"><a href=\"http:\/\/www.pupr.edu\/wp-content\/uploads\/2019\/01\/Certificacion-08-07.pdf\">CA #08 \u2013 07<\/a><\/td>\n<td width=\"1107\">Aprobaci\u00f3n de cambios sugeridos a la Norma de Progreso Acad\u00e9mico a Nivel Graduado<\/td>\n<\/tr>\n<tr>\n<td width=\"263\"><a href=\"http:\/\/www.pupr.edu\/wp-content\/uploads\/2019\/01\/Certificacion-09-07.pdf\">CA #09 \u2013 07<\/a><\/td>\n<td width=\"1107\">Aprobaci\u00f3n de cambios curriculares para el Bachillerato de Agrimensura y Cartograf\u00eda<\/td>\n<\/tr>\n<tr>\n<td width=\"263\"><a href=\"http:\/\/www.pupr.edu\/wp-content\/uploads\/2019\/01\/Certificacion-10-07.pdf\">CA #10 \u2013 07<\/a><\/td>\n<td width=\"1107\">Aprobaci\u00f3n de prerrequisitos y correquisitos del Programa de Ingenier\u00eda Qu\u00edmica<\/td>\n<\/tr>\n<\/tbody>\n<\/table>\n&nbsp;\n\n&nbsp;","protected":false},"excerpt":{"rendered":"Certificaci\u00f3n Descripci\u00f3n CA #01 \u2013 07 Aprobaci\u00f3n de ajustes en los cursos REA2904 y REA3906.&nbsp; Aceptaci\u00f3n de GIS5688. CA #02 \u2013 07 Aprobaci\u00f3n de los ajustes de los cambios secuenciales de los programas graduados Ciencias de Computadoras e Ingenier\u00eda de Computadoras. CA #03 \u2013 07 Aprobaci\u00f3n del curso de Ecuaciones Diferenciales Parciales para Ciencias e [&hellip;]","protected":false},"author":14,"featured_media":0,"parent":43651,"menu_order":0,"comment_status":"closed","ping_status":"closed","template":"template-about-certification.php","meta":{"_acf_changed":false,"inline_featured_image":false,"_monsterinsights_skip_tracking":false,"_monsterinsights_sitenote_active":false,"_monsterinsights_sitenote_note":"","_monsterinsights_sitenote_category":0,"ngg_post_thumbnail":0,"footnotes":""},"program-categories":[],"degree-categories":[],"class_list":["post-22326","page","type-page","status-publish","hentry"],"acf":[],"_links":{"self":[{"href":"https:\/\/pupr.edu\/es\/wp-json\/wp\/v2\/pages\/22326","targetHints":{"allow":["GET"]}}],"collection":[{"href":"https:\/\/pupr.edu\/es\/wp-json\/wp\/v2\/pages"}],"about":[{"href":"https:\/\/pupr.edu\/es\/wp-json\/wp\/v2\/types\/page"}],"author":[{"embeddable":true,"href":"https:\/\/pupr.edu\/es\/wp-json\/wp\/v2\/users\/14"}],"replies":[{"embeddable":true,"href":"https:\/\/pupr.edu\/es\/wp-json\/wp\/v2\/comments?post=22326"}],"version-history":[{"count":2,"href":"https:\/\/pupr.edu\/es\/wp-json\/wp\/v2\/pages\/22326\/revisions"}],"predecessor-version":[{"id":28077,"href":"https:\/\/pupr.edu\/es\/wp-json\/wp\/v2\/pages\/22326\/revisions\/28077"}],"up":[{"embeddable":true,"href":"https:\/\/pupr.edu\/es\/wp-json\/wp\/v2\/pages\/43651"}],"wp:attachment":[{"href":"https:\/\/pupr.edu\/es\/wp-json\/wp\/v2\/media?parent=22326"}],"wp:term":[{"taxonomy":"program-categories","embeddable":true,"href":"https:\/\/pupr.edu\/es\/wp-json\/wp\/v2\/program-categories?post=22326"},{"taxonomy":"degree-categories","embeddable":true,"href":"https:\/\/pupr.edu\/es\/wp-json\/wp\/v2\/degree-categories?post=22326"}],"curies":[{"name":"wp","href":"https:\/\/api.w.org\/{rel}","templated":true}]}}