{"id":22340,"date":"2019-01-03T13:26:18","date_gmt":"2019-01-03T17:26:18","guid":{"rendered":"http:\/\/www.pupr.edu\/?page_id=22340"},"modified":"2024-04-19T02:07:33","modified_gmt":"2024-04-19T06:07:33","slug":"2006-certifications","status":"publish","type":"page","link":"https:\/\/pupr.edu\/es\/about\/council\/2006-certifications\/","title":{"rendered":"2006 Certifications"},"content":{"rendered":"<table class=\"tftable\" border=\"1\">\n<tbody>\n<tr>\n<td width=\"263\"><strong>Certificaci\u00f3n<\/strong><\/td>\n<td width=\"1107\"><strong>Descripci\u00f3n<\/strong><\/td>\n<\/tr>\n<tr>\n<td width=\"263\"><a href=\"https:\/\/www.pupr.edu\/wp-content\/uploads\/2023\/03\/CA-01-\u2013-06.pdf\">CA #01 \u2013 06<\/a><\/td>\n<td width=\"1107\"> Cambio de c\u00f3digo del Curso SSPL 2312 Topographic Surveying por SSPL 3316<\/td>\n<\/tr>\n<tr>\n<td width=\"263\"><a href=\"http:\/\/www.pupr.edu\/wp-content\/uploads\/2019\/01\/Certificacion-02-06.pdf\">CA #02 \u2013 06<\/a><\/td>\n<td width=\"1107\">Aprobaci\u00f3n de cambios curriculares del Programa de Ingenier\u00eda Qu\u00edmica<\/td>\n<\/tr>\n<tr>\n<td width=\"263\"><a href=\"http:\/\/www.pupr.edu\/wp-content\/uploads\/2019\/01\/Certificacion-03-06.pdf\">CA #03 \u2013 06<\/a><\/td>\n<td width=\"1107\">Aprobaci\u00f3n del proceso para modificar el cat\u00e1logo institucional<\/td>\n<\/tr>\n<tr>\n<td width=\"263\"><a href=\"http:\/\/www.pupr.edu\/wp-content\/uploads\/2019\/01\/Certificacion-04-06.pdf\">CA #04 \u2013 06<\/a><\/td>\n<td width=\"1107\">Aprobaci\u00f3n por instrucciones del Consejo de Educaci\u00f3n Superior de Puerto Rico, todas las \u00c1reas de Inter\u00e9s a nivel del bachillerato y programas de maestr\u00edas ser\u00e1n sustituidas por concentraciones y especialidades, respectivamente<\/td>\n<\/tr>\n<tr>\n<td width=\"263\"><a href=\"http:\/\/www.pupr.edu\/wp-content\/uploads\/2019\/01\/Certificacion-05-06.pdf\">CA #05 \u2013 06<\/a><\/td>\n<td width=\"1107\">Toda \u00e1rea nueva que se integre a un programa que ya fue aprobado por el Consejo de Educaci\u00f3n Superior de Puerto Rico, debe someterse una propuesta nueva ante esta Agencia para su consideraci\u00f3n<\/td>\n<\/tr>\n<tr>\n<td width=\"263\"><a href=\"http:\/\/www.pupr.edu\/wp-content\/uploads\/2019\/01\/Certificacion-06-06.pdf\">CA #06 \u2013 06<\/a><\/td>\n<td width=\"1107\">Aprobaci\u00f3n de eximir del curso SCIE0110 a los estudiantes de Ingenier\u00eda Qu\u00edmica que han tomado el curso en Escuela Superior u otra instituci\u00f3n universitaria<\/td>\n<\/tr>\n<tr>\n<td width=\"263\"><a href=\"http:\/\/www.pupr.edu\/wp-content\/uploads\/2019\/01\/Certificacion-07-06.pdf\">CA #07 \u2013 06<\/a><\/td>\n<td width=\"1107\">Aprobaci\u00f3n de la revisi\u00f3n del Programa de Ingenier\u00eda Industrial<\/td>\n<\/tr>\n<tr>\n<td width=\"263\"><a href=\"http:\/\/www.pupr.edu\/wp-content\/uploads\/2019\/01\/Certificacion-09-06.pdf\">CA #09 \u2013 06<\/a><\/td>\n<td width=\"1107\">Aprobaci\u00f3n de cambios curriculares en los programas graduados en Ingenier\u00eda de Manufactura y Maestr\u00eda en Manufactura Competitiva<\/td>\n<\/tr>\n<tr>\n<td width=\"263\"><a href=\"http:\/\/www.pupr.edu\/wp-content\/uploads\/2019\/01\/Certificacion-10-06.pdf\">CA #10 \u2013 06<\/a><\/td>\n<td width=\"1107\">Aprobaci\u00f3n del Programa del Bachillerato en Ciencias en Qu\u00edmica, bajo el Decanato de Artes y Ciencias<\/td>\n<\/tr>\n<tr>\n<td width=\"263\"><a href=\"http:\/\/www.pupr.edu\/wp-content\/uploads\/2019\/01\/Certificacion-11-06.pdf\">CA #11 \u2013 06<\/a><\/td>\n<td width=\"1107\">Aprobaci\u00f3n de cambios curriculares en el programa de Bachillerato en Ciencias en Ingenier\u00eda de Computadoras y el programa de Maestr\u00eda en Ciencias de Computadoras y Maestr\u00eda en Ingenier\u00eda en Ingenier\u00eda de Computadoras<\/td>\n<\/tr>\n<tr>\n<td width=\"263\"><a href=\"http:\/\/www.pupr.edu\/wp-content\/uploads\/2019\/01\/Certificacion-12-06.pdf\">CA #12 \u2013 06<\/a><\/td>\n<td width=\"1107\">Aprobaci\u00f3n de cursos de la Maestr\u00eda de Ingenier\u00eda Civil \u2013 CE6512, CE6520, CE6530, CE6532, CE6534, CE6540, CE6542, CE6544, CE6550, CE6560, CE6580 y CE6590<\/td>\n<\/tr>\n<tr>\n<td width=\"263\"><a href=\"http:\/\/www.pupr.edu\/wp-content\/uploads\/2019\/01\/Certificacion-13-06.pdf\">CA #13 \u2013 06<\/a><\/td>\n<td width=\"1107\">Aprobaci\u00f3n de Propuesta de \u201cNon Degree Graduate Student\u201d de la Escuela Graduada<\/td>\n<\/tr>\n<tr>\n<td width=\"263\"><a href=\"http:\/\/www.pupr.edu\/wp-content\/uploads\/2019\/01\/Certificacion-14-06.pdf\">CA #14 \u2013 06<\/a><\/td>\n<td width=\"1107\">Aprobaci\u00f3n de prontuarios MBA5800 y ACCO4330<\/td>\n<\/tr>\n<\/tbody>\n<\/table>\n&nbsp;\n\n&nbsp;","protected":false},"excerpt":{"rendered":"Certificaci\u00f3n Descripci\u00f3n CA #01 \u2013 06 Cambio de c\u00f3digo del Curso SSPL 2312 Topographic Surveying por SSPL 3316 CA #02 \u2013 06 Aprobaci\u00f3n de cambios curriculares del Programa de Ingenier\u00eda Qu\u00edmica CA #03 \u2013 06 Aprobaci\u00f3n del proceso para modificar el cat\u00e1logo institucional CA #04 \u2013 06 Aprobaci\u00f3n por instrucciones del Consejo de Educaci\u00f3n Superior [&hellip;]","protected":false},"author":14,"featured_media":0,"parent":43651,"menu_order":0,"comment_status":"closed","ping_status":"closed","template":"template-about-certification.php","meta":{"_acf_changed":false,"inline_featured_image":false,"_monsterinsights_skip_tracking":false,"_monsterinsights_sitenote_active":false,"_monsterinsights_sitenote_note":"","_monsterinsights_sitenote_category":0,"ngg_post_thumbnail":0,"footnotes":""},"program-categories":[],"degree-categories":[],"class_list":["post-22340","page","type-page","status-publish","hentry"],"acf":[],"_links":{"self":[{"href":"https:\/\/pupr.edu\/es\/wp-json\/wp\/v2\/pages\/22340","targetHints":{"allow":["GET"]}}],"collection":[{"href":"https:\/\/pupr.edu\/es\/wp-json\/wp\/v2\/pages"}],"about":[{"href":"https:\/\/pupr.edu\/es\/wp-json\/wp\/v2\/types\/page"}],"author":[{"embeddable":true,"href":"https:\/\/pupr.edu\/es\/wp-json\/wp\/v2\/users\/14"}],"replies":[{"embeddable":true,"href":"https:\/\/pupr.edu\/es\/wp-json\/wp\/v2\/comments?post=22340"}],"version-history":[{"count":2,"href":"https:\/\/pupr.edu\/es\/wp-json\/wp\/v2\/pages\/22340\/revisions"}],"predecessor-version":[{"id":40697,"href":"https:\/\/pupr.edu\/es\/wp-json\/wp\/v2\/pages\/22340\/revisions\/40697"}],"up":[{"embeddable":true,"href":"https:\/\/pupr.edu\/es\/wp-json\/wp\/v2\/pages\/43651"}],"wp:attachment":[{"href":"https:\/\/pupr.edu\/es\/wp-json\/wp\/v2\/media?parent=22340"}],"wp:term":[{"taxonomy":"program-categories","embeddable":true,"href":"https:\/\/pupr.edu\/es\/wp-json\/wp\/v2\/program-categories?post=22340"},{"taxonomy":"degree-categories","embeddable":true,"href":"https:\/\/pupr.edu\/es\/wp-json\/wp\/v2\/degree-categories?post=22340"}],"curies":[{"name":"wp","href":"https:\/\/api.w.org\/{rel}","templated":true}]}}