{"id":22361,"date":"2019-01-04T14:45:30","date_gmt":"2019-01-04T18:45:30","guid":{"rendered":"http:\/\/www.pupr.edu\/?page_id=22361"},"modified":"2024-04-19T02:07:46","modified_gmt":"2024-04-19T06:07:46","slug":"2005-certifications","status":"publish","type":"page","link":"https:\/\/pupr.edu\/es\/about\/council\/2005-certifications\/","title":{"rendered":"2005 Certifications"},"content":{"rendered":"<table class=\"tftable\" border=\"1\">\n<tbody>\n<tr>\n<td width=\"263\"><strong>Certificaci\u00f3n<\/strong><\/td>\n<td width=\"1107\"><strong>Descripci\u00f3n<\/strong><\/td>\n<\/tr>\n<tr>\n<td width=\"263\"><a>CA #01 \u2013 05<\/a><\/td>\n<td width=\"1107\">Aumentar a cuatro (4) cr\u00e9ditos el curso ACCO 3310 (Cost Accounting)<\/td>\n<\/tr>\n<tr>\n<td width=\"263\"><a href=\"https:\/\/www.pupr.edu\/wp-content\/uploads\/2023\/03\/CA-02-\u2013-05.pdf\">CA #02 \u2013 05<\/a><\/td>\n<td width=\"1107\">Norma de Progreso Acad\u00e9mico Satisfactorio a Nivel Sub-graduado Oficina de Asistencia Econ\u00f3mica<\/td>\n<\/tr>\n<tr>\n<td width=\"263\"><a href=\"https:\/\/www.pupr.edu\/wp-content\/uploads\/2023\/03\/CA-03-\u2013-05.pdf\">CA #03 \u2013 05<\/a><\/td>\n<td width=\"1107\">Aprobaci\u00f3n del Programa de Maestr\u00eda en Ciencias de Computadoras<\/td>\n<\/tr>\n<tr>\n<td width=\"263\"><a href=\"http:\/\/www.pupr.edu\/wp-content\/uploads\/2019\/01\/Certificacion-04-05.pdf\">CA #04 \u2013 05<\/a><\/td>\n<td width=\"1107\">Aprobaci\u00f3n de los cambios curriculares propuestos para el Programa de Manufactura<\/td>\n<\/tr>\n<tr>\n<td width=\"263\"><a href=\"http:\/\/www.pupr.edu\/wp-content\/uploads\/2019\/01\/Certificacion-05-05.pdf\">CA #05 \u2013 05<\/a><\/td>\n<td width=\"1107\">Aprobaci\u00f3n de los cambios curriculares propuestos para el Programa de Ciencias Geom\u00e1ticas<\/td>\n<\/tr>\n<tr>\n<td width=\"263\"><a href=\"http:\/\/www.pupr.edu\/wp-content\/uploads\/2019\/01\/Certificacion-06-05.pdf\">CA #06 \u2013 05<\/a><\/td>\n<td width=\"1107\">Aprobaci\u00f3n de los cambios curriculares propuestos para el Programa de Ingenier\u00eda Qu\u00edmica<\/td>\n<\/tr>\n<tr>\n<td width=\"263\"><a href=\"http:\/\/www.pupr.edu\/wp-content\/uploads\/2019\/01\/Certificacion-07-05.pdf\">CA #07 \u2013 05<\/a><\/td>\n<td width=\"1107\">Aprobaci\u00f3n de los cambios curriculares propuestos para el Programa de Maestr\u00eda en Ingenier\u00eda El\u00e9ctrica<\/td>\n<\/tr>\n<tr>\n<td width=\"263\"><a href=\"http:\/\/www.pupr.edu\/wp-content\/uploads\/2019\/01\/Certificacion-08-05.pdf\">CA #08 \u2013 05<\/a><\/td>\n<td width=\"1107\">Aprobaci\u00f3n de la Maestr\u00eda en Arquitectura Paisajista<\/td>\n<\/tr>\n<tr>\n<td width=\"263\"><a href=\"http:\/\/www.pupr.edu\/wp-content\/uploads\/2019\/01\/Certificacion-09-05.pdf\">CA #09 \u2013 05<\/a><\/td>\n<td width=\"1107\">Eliminaci\u00f3n del requerimiento de los prerrequisitos de Contabilidad y Finanzas a nivel subgraduado para todas las maestr\u00edas de Gerencia<\/td>\n<\/tr>\n<\/tbody>\n<\/table>\n&nbsp;","protected":false},"excerpt":{"rendered":"Certificaci\u00f3n Descripci\u00f3n CA #01 \u2013 05 Aumentar a cuatro (4) cr\u00e9ditos el curso ACCO 3310 (Cost Accounting) CA #02 \u2013 05 Norma de Progreso Acad\u00e9mico Satisfactorio a Nivel Sub-graduado Oficina de Asistencia Econ\u00f3mica CA #03 \u2013 05 Aprobaci\u00f3n del Programa de Maestr\u00eda en Ciencias de Computadoras CA #04 \u2013 05 Aprobaci\u00f3n de los cambios curriculares [&hellip;]","protected":false},"author":14,"featured_media":0,"parent":43651,"menu_order":0,"comment_status":"closed","ping_status":"closed","template":"template-about-certification.php","meta":{"_acf_changed":false,"inline_featured_image":false,"_monsterinsights_skip_tracking":false,"_monsterinsights_sitenote_active":false,"_monsterinsights_sitenote_note":"","_monsterinsights_sitenote_category":0,"ngg_post_thumbnail":0,"footnotes":""},"program-categories":[],"degree-categories":[],"class_list":["post-22361","page","type-page","status-publish","hentry"],"acf":[],"_links":{"self":[{"href":"https:\/\/pupr.edu\/es\/wp-json\/wp\/v2\/pages\/22361","targetHints":{"allow":["GET"]}}],"collection":[{"href":"https:\/\/pupr.edu\/es\/wp-json\/wp\/v2\/pages"}],"about":[{"href":"https:\/\/pupr.edu\/es\/wp-json\/wp\/v2\/types\/page"}],"author":[{"embeddable":true,"href":"https:\/\/pupr.edu\/es\/wp-json\/wp\/v2\/users\/14"}],"replies":[{"embeddable":true,"href":"https:\/\/pupr.edu\/es\/wp-json\/wp\/v2\/comments?post=22361"}],"version-history":[{"count":2,"href":"https:\/\/pupr.edu\/es\/wp-json\/wp\/v2\/pages\/22361\/revisions"}],"predecessor-version":[{"id":40696,"href":"https:\/\/pupr.edu\/es\/wp-json\/wp\/v2\/pages\/22361\/revisions\/40696"}],"up":[{"embeddable":true,"href":"https:\/\/pupr.edu\/es\/wp-json\/wp\/v2\/pages\/43651"}],"wp:attachment":[{"href":"https:\/\/pupr.edu\/es\/wp-json\/wp\/v2\/media?parent=22361"}],"wp:term":[{"taxonomy":"program-categories","embeddable":true,"href":"https:\/\/pupr.edu\/es\/wp-json\/wp\/v2\/program-categories?post=22361"},{"taxonomy":"degree-categories","embeddable":true,"href":"https:\/\/pupr.edu\/es\/wp-json\/wp\/v2\/degree-categories?post=22361"}],"curies":[{"name":"wp","href":"https:\/\/api.w.org\/{rel}","templated":true}]}}