{"id":22370,"date":"2019-01-07T12:33:43","date_gmt":"2019-01-07T16:33:43","guid":{"rendered":"http:\/\/www.pupr.edu\/?page_id=22370"},"modified":"2024-04-19T02:07:50","modified_gmt":"2024-04-19T06:07:50","slug":"2004-certifications","status":"publish","type":"page","link":"https:\/\/pupr.edu\/es\/about\/council\/2004-certifications\/","title":{"rendered":"2004 Certifications"},"content":{"rendered":"<table class=\"tftable\" border=\"1\">\n<tbody>\n<tr>\n<td width=\"263\"><strong>Certificaci\u00f3n<\/strong><\/td>\n<td width=\"1107\"><strong>Descripci\u00f3n<\/strong><\/td>\n<\/tr>\n<tr>\n<td width=\"263\"><a href=\"http:\/\/www.pupr.edu\/wp-content\/uploads\/2019\/01\/CA-01-04.pdf\">CA #01 \u2013 04<\/a><\/td>\n<td width=\"1107\">Aprobaci\u00f3n del prontuario del curso CE5412<\/td>\n<\/tr>\n<tr>\n<td width=\"263\"><a href=\"http:\/\/www.pupr.edu\/wp-content\/uploads\/2019\/01\/CA-01A-04.pdf\">CA #01(A) \u2013 04<\/a><\/td>\n<td width=\"1107\">Aprobaci\u00f3n del curso Engl3010 (Conversational English) del Departamento de Socio-Human\u00edstico<\/td>\n<\/tr>\n<tr>\n<td width=\"263\"><a href=\"http:\/\/www.pupr.edu\/wp-content\/uploads\/2019\/01\/CA-02-04.pdf\">CA #02 \u2013 04<\/a><\/td>\n<td width=\"1107\">Aprobaci\u00f3n de la Pol\u00edtica Institucional de Educaci\u00f3n a Distancia<\/td>\n<\/tr>\n<tr>\n<td width=\"263\"><a href=\"http:\/\/www.pupr.edu\/wp-content\/uploads\/2019\/01\/CA-03-04.pdf\">CA #03 \u2013 04<\/a><\/td>\n<td width=\"1107\">Aprobaci\u00f3n de los prontuarios de Maestr\u00eda en Ingenier\u00eda Civil: CE6210, CE6220, CE6230, CE6240, CE6250, CE6260, CE6270, CE6410, CE6430, CE6440, CE6450, CE6460<\/td>\n<\/tr>\n<tr>\n<td width=\"263\"><a href=\"http:\/\/www.pupr.edu\/wp-content\/uploads\/2019\/01\/CA-04-04.pdf\">CA #04 \u2013 04<\/a><\/td>\n<td width=\"1107\">Aprobaci\u00f3n de los siguientes cursos de Ingenier\u00eda Qu\u00edmica: SCIE1210, SCIE1211, SCIE1214, SCIE1215, SCIE1220, SCIE1221<\/td>\n<\/tr>\n<tr>\n<td width=\"263\"><a href=\"http:\/\/www.pupr.edu\/wp-content\/uploads\/2019\/01\/CA-05-04.pdf\">CA #05 \u2013 04<\/a><\/td>\n<td width=\"1107\">Aprobaci\u00f3n de cambio curricular del Departamento de Ingenier\u00eda Qu\u00edmica.&nbsp; Curso EE3000 ser\u00e1 sustituido por EE3800.<\/td>\n<\/tr>\n<tr>\n<td width=\"263\"><a href=\"http:\/\/www.pupr.edu\/wp-content\/uploads\/2019\/01\/CA-05A-04.pdf\">CA #05(A) \u2013 04<\/a><\/td>\n<td width=\"1107\">Aprobaci\u00f3n de la Maestr\u00eda en Ciencias en Ingenier\u00eda de Computadoras y la Maestr\u00eda en Ingenier\u00eda en Ingenier\u00eda de Computadoras, del Departamento de Ingenier\u00eda El\u00e9ctrica y de Computadoras y Ciencias de Computadoras<\/td>\n<\/tr>\n<tr>\n<td width=\"263\"><a href=\"http:\/\/www.pupr.edu\/wp-content\/uploads\/2019\/01\/CA-06-04.pdf\">CA #06 \u2013 04<\/a><\/td>\n<td width=\"1107\">Aprobaci\u00f3n de cambio de nombre del Departamento de Agrimensura y Cartograf\u00eda a Departamento de Ciencias Geom\u00e1ticas<\/td>\n<\/tr>\n<tr>\n<td width=\"263\"><a href=\"http:\/\/www.pupr.edu\/wp-content\/uploads\/2019\/01\/CA-07-04.pdf\">CA #07 \u2013 04<\/a><\/td>\n<td width=\"1107\">Aprobaci\u00f3n de modificaciones en los nombres y t\u00edtulos de los cursos de la Maestr\u00eda en Administraci\u00f3n de Empresas \u2013 Computer Information Systems (MBA-CIS)<\/td>\n<\/tr>\n<tr>\n<td width=\"263\"><a href=\"http:\/\/www.pupr.edu\/wp-content\/uploads\/2019\/01\/CA-08-04.pdf\">CA #08 \u2013 04<\/a><\/td>\n<td width=\"1107\">Aprobaci\u00f3n de los cambios de la revisi\u00f3n de los prontuarios de los cursos del Departamento de Ciencias Geom\u00e1ticas: GIS5626, GIS5680, GIS5682, GIS5684, GIS5686, GIS5688<\/td>\n<\/tr>\n<tr>\n<td width=\"263\"><a href=\"http:\/\/www.pupr.edu\/wp-content\/uploads\/2019\/01\/CA-09-04.pdf\">CA #09 \u2013 04<\/a><\/td>\n<td width=\"1107\">Aprobaci\u00f3n del curso electivo SSPL4326 (US Land Surveying Principles)<\/td>\n<\/tr>\n<\/tbody>\n<\/table>\n&nbsp;\n\n&nbsp;","protected":false},"excerpt":{"rendered":"Certificaci\u00f3n Descripci\u00f3n CA #01 \u2013 04 Aprobaci\u00f3n del prontuario del curso CE5412 CA #01(A) \u2013 04 Aprobaci\u00f3n del curso Engl3010 (Conversational English) del Departamento de Socio-Human\u00edstico CA #02 \u2013 04 Aprobaci\u00f3n de la Pol\u00edtica Institucional de Educaci\u00f3n a Distancia CA #03 \u2013 04 Aprobaci\u00f3n de los prontuarios de Maestr\u00eda en Ingenier\u00eda Civil: CE6210, CE6220, CE6230, [&hellip;]","protected":false},"author":14,"featured_media":0,"parent":43651,"menu_order":0,"comment_status":"closed","ping_status":"closed","template":"template-about-certification.php","meta":{"_acf_changed":false,"inline_featured_image":false,"_monsterinsights_skip_tracking":false,"_monsterinsights_sitenote_active":false,"_monsterinsights_sitenote_note":"","_monsterinsights_sitenote_category":0,"ngg_post_thumbnail":0,"footnotes":""},"program-categories":[],"degree-categories":[],"class_list":["post-22370","page","type-page","status-publish","hentry"],"acf":[],"_links":{"self":[{"href":"https:\/\/pupr.edu\/es\/wp-json\/wp\/v2\/pages\/22370","targetHints":{"allow":["GET"]}}],"collection":[{"href":"https:\/\/pupr.edu\/es\/wp-json\/wp\/v2\/pages"}],"about":[{"href":"https:\/\/pupr.edu\/es\/wp-json\/wp\/v2\/types\/page"}],"author":[{"embeddable":true,"href":"https:\/\/pupr.edu\/es\/wp-json\/wp\/v2\/users\/14"}],"replies":[{"embeddable":true,"href":"https:\/\/pupr.edu\/es\/wp-json\/wp\/v2\/comments?post=22370"}],"version-history":[{"count":2,"href":"https:\/\/pupr.edu\/es\/wp-json\/wp\/v2\/pages\/22370\/revisions"}],"predecessor-version":[{"id":28076,"href":"https:\/\/pupr.edu\/es\/wp-json\/wp\/v2\/pages\/22370\/revisions\/28076"}],"up":[{"embeddable":true,"href":"https:\/\/pupr.edu\/es\/wp-json\/wp\/v2\/pages\/43651"}],"wp:attachment":[{"href":"https:\/\/pupr.edu\/es\/wp-json\/wp\/v2\/media?parent=22370"}],"wp:term":[{"taxonomy":"program-categories","embeddable":true,"href":"https:\/\/pupr.edu\/es\/wp-json\/wp\/v2\/program-categories?post=22370"},{"taxonomy":"degree-categories","embeddable":true,"href":"https:\/\/pupr.edu\/es\/wp-json\/wp\/v2\/degree-categories?post=22370"}],"curies":[{"name":"wp","href":"https:\/\/api.w.org\/{rel}","templated":true}]}}