{"id":22384,"date":"2019-01-08T00:09:02","date_gmt":"2019-01-08T04:09:02","guid":{"rendered":"http:\/\/www.pupr.edu\/?page_id=22384"},"modified":"2024-04-19T02:07:57","modified_gmt":"2024-04-19T06:07:57","slug":"2003-certifications","status":"publish","type":"page","link":"https:\/\/pupr.edu\/es\/about\/council\/2003-certifications\/","title":{"rendered":"2003 Certifications"},"content":{"rendered":"<table class=\"tftable\" border=\"1\">\n<tbody>\n<tr>\n<td width=\"263\"><strong>Certificaci\u00f3n<\/strong><\/td>\n<td width=\"1107\"><strong>Descripci\u00f3n<\/strong><\/td>\n<\/tr>\n<tr>\n<td width=\"263\"><a href=\"http:\/\/www.pupr.edu\/wp-content\/uploads\/2019\/01\/CA-01-03.pdf\">CA #01 \u2013 03<\/a><\/td>\n<td width=\"1107\">Aprobaci\u00f3n de los prontuarios de los siguientes cursos:\n\nIngenier\u00eda El\u00e9ctrica: EE4610, EE4611, EE5462, EE5501\n\nMaestr\u00eda Ingenier\u00eda Civil: CE 6100, CE6105, CE6114, CE6146, CE6125, CE6140, CE6150, CE6420<\/td>\n<\/tr>\n<tr>\n<td width=\"263\"><a href=\"http:\/\/www.pupr.edu\/wp-content\/uploads\/2019\/01\/CA-02-03.pdf\">CA #02 \u2013 03<\/a><\/td>\n<td width=\"1107\">Aprobaci\u00f3n de las Normas y Procedimientos para Evaluar el Progreso Acad\u00e9mico Estudiantil a Nivel Graduado<\/td>\n<\/tr>\n<tr>\n<td width=\"263\"><a href=\"http:\/\/www.pupr.edu\/wp-content\/uploads\/2019\/01\/CA-03-03.pdf\">CA #03 \u2013 03<\/a><\/td>\n<td width=\"1107\">Aprobaci\u00f3n de las modificaciones curriculares del Programa de Maestr\u00eda en Manufactura de Departamento de Ingenier\u00eda Industrial para los siguientes cursos: MMP6236, MMP6142, MMP6006<\/td>\n<\/tr>\n<tr>\n<td width=\"263\"><a href=\"http:\/\/www.pupr.edu\/wp-content\/uploads\/2019\/01\/CA-04-03.pdf\">CA #04 \u2013 03<\/a><\/td>\n<td width=\"1107\">Aprobaci\u00f3n de una nueva \u00e1rea de inter\u00e9s, Quality Management, para los Programas de Maestr\u00eda en Manufactura del Departamento de Ingenier\u00eda Industrial<\/td>\n<\/tr>\n<tr>\n<td width=\"263\"><a href=\"http:\/\/www.pupr.edu\/wp-content\/uploads\/2019\/01\/CA-05-03.pdf\">CA #05 \u2013 03<\/a><\/td>\n<td width=\"1107\">Aprobaci\u00f3n de la Pol\u00edtica para la Sustituci\u00f3n de Cursos Medulares Dentro de los Programas de Maestr\u00eda de la Escuela de Gerencia<\/td>\n<\/tr>\n<tr>\n<td width=\"263\"><a href=\"http:\/\/www.pupr.edu\/wp-content\/uploads\/2019\/01\/CA-06-03.pdf\">CA #06 \u2013 03<\/a><\/td>\n<td width=\"1107\">Aprobaci\u00f3n de que todas las concentraciones presentes y futuras a nivel de los programas de bachillerato y de especialidades a nivel de los programas de maestr\u00eda sean sustituidas por \u00c1reas de Inter\u00e9s<\/td>\n<\/tr>\n<tr>\n<td width=\"263\"><a href=\"http:\/\/www.pupr.edu\/wp-content\/uploads\/2019\/01\/CA-07-03.pdf\">CA #07 \u2013 03<\/a><\/td>\n<td width=\"1107\">Aprobaci\u00f3n de los cambios curriculares de los programas a nivel de Bachillerato de los siguientes Departamentos:\n<ul>\n \t<li>Departamento de Matem\u00e1ticas y Ciencia<\/li>\n \t<li>Departamento de Administraci\u00f3n de Empresas<\/li>\n \t<li>Departamento de Ingenier\u00eda Industrial<\/li>\n \t<li>Departamento de Ingenier\u00eda Mec\u00e1nica<\/li>\n \t<li>Departamento de Ingenier\u00eda Civil e Ingenier\u00eda Ambiental<\/li>\n \t<li>Departamento de Ingenier\u00eda El\u00e9ctrica<\/li>\n \t<li>Departamento de Ingenier\u00eda Qu\u00edmica<\/li>\n<\/ul>\n&nbsp;<\/td>\n<\/tr>\n<tr>\n<td width=\"263\"><a href=\"http:\/\/www.pupr.edu\/wp-content\/uploads\/2019\/01\/CA-08-03.pdf\">CA #08 \u2013 03<\/a><\/td>\n<td width=\"1107\">Aprobaci\u00f3n del curso MEM6940 (Introduction to Pollution Control of the Earth&#8217;s Systems<\/td>\n<\/tr>\n<tr>\n<td width=\"263\"><a href=\"http:\/\/www.pupr.edu\/wp-content\/uploads\/2019\/01\/CA-09-03.pdf\">CA #09 \u2013 03<\/a><\/td>\n<td width=\"1107\">Aprobaci\u00f3n de la codificaci\u00f3n del curso SCIE2240 (Environmental Chemistry) que sustituye la codificaci\u00f3n anterior SCIE2210 del Departamento de Matem\u00e1ticas y Ciencias<\/td>\n<\/tr>\n<\/tbody>\n<\/table>\n&nbsp;\n\n&nbsp;","protected":false},"excerpt":{"rendered":"Certificaci\u00f3n Descripci\u00f3n CA #01 \u2013 03 Aprobaci\u00f3n de los prontuarios de los siguientes cursos: Ingenier\u00eda El\u00e9ctrica: EE4610, EE4611, EE5462, EE5501 Maestr\u00eda Ingenier\u00eda Civil: CE 6100, CE6105, CE6114, CE6146, CE6125, CE6140, CE6150, CE6420 CA #02 \u2013 03 Aprobaci\u00f3n de las Normas y Procedimientos para Evaluar el Progreso Acad\u00e9mico Estudiantil a Nivel Graduado CA #03 \u2013 03 [&hellip;]","protected":false},"author":14,"featured_media":0,"parent":43651,"menu_order":0,"comment_status":"closed","ping_status":"closed","template":"template-about-certification.php","meta":{"_acf_changed":false,"inline_featured_image":false,"_monsterinsights_skip_tracking":false,"_monsterinsights_sitenote_active":false,"_monsterinsights_sitenote_note":"","_monsterinsights_sitenote_category":0,"ngg_post_thumbnail":0,"footnotes":""},"program-categories":[],"degree-categories":[],"class_list":["post-22384","page","type-page","status-publish","hentry"],"acf":[],"_links":{"self":[{"href":"https:\/\/pupr.edu\/es\/wp-json\/wp\/v2\/pages\/22384","targetHints":{"allow":["GET"]}}],"collection":[{"href":"https:\/\/pupr.edu\/es\/wp-json\/wp\/v2\/pages"}],"about":[{"href":"https:\/\/pupr.edu\/es\/wp-json\/wp\/v2\/types\/page"}],"author":[{"embeddable":true,"href":"https:\/\/pupr.edu\/es\/wp-json\/wp\/v2\/users\/14"}],"replies":[{"embeddable":true,"href":"https:\/\/pupr.edu\/es\/wp-json\/wp\/v2\/comments?post=22384"}],"version-history":[{"count":1,"href":"https:\/\/pupr.edu\/es\/wp-json\/wp\/v2\/pages\/22384\/revisions"}],"predecessor-version":[{"id":22394,"href":"https:\/\/pupr.edu\/es\/wp-json\/wp\/v2\/pages\/22384\/revisions\/22394"}],"up":[{"embeddable":true,"href":"https:\/\/pupr.edu\/es\/wp-json\/wp\/v2\/pages\/43651"}],"wp:attachment":[{"href":"https:\/\/pupr.edu\/es\/wp-json\/wp\/v2\/media?parent=22384"}],"wp:term":[{"taxonomy":"program-categories","embeddable":true,"href":"https:\/\/pupr.edu\/es\/wp-json\/wp\/v2\/program-categories?post=22384"},{"taxonomy":"degree-categories","embeddable":true,"href":"https:\/\/pupr.edu\/es\/wp-json\/wp\/v2\/degree-categories?post=22384"}],"curies":[{"name":"wp","href":"https:\/\/api.w.org\/{rel}","templated":true}]}}