{"id":22458,"date":"2019-01-17T14:36:40","date_gmt":"2019-01-17T18:36:40","guid":{"rendered":"http:\/\/www.pupr.edu\/?page_id=22458"},"modified":"2024-04-19T02:06:37","modified_gmt":"2024-04-19T06:06:37","slug":"2001-certifications","status":"publish","type":"page","link":"https:\/\/pupr.edu\/es\/about\/council\/2001-certifications\/","title":{"rendered":"2001 Certifications"},"content":{"rendered":"<table class=\"tftable\" border=\"1\">\n<tbody>\n<tr>\n<td width=\"142\"><strong>Certificaci\u00f3n<\/strong><\/td>\n<td width=\"497\"><strong>Descripci\u00f3n<\/strong><\/td>\n<\/tr>\n<tr>\n<td width=\"142\"><a href=\"http:\/\/www.pupr.edu\/wp-content\/uploads\/2019\/01\/CA-01-01.pdf\">CA #01 \u2013 01<\/a><\/td>\n<td width=\"497\">Aprobaci\u00f3n de dejar sin efecto la Certificaci\u00f3n CA-03-00 (Criterios de Admisi\u00f3n de Estudiantes de Escuela Superior a la UPPR) y se adopta esta nueva certificaci\u00f3n que tendr\u00e1 vigencia en agosto 2002 (Fall 02)<\/td>\n<\/tr>\n<tr>\n<td width=\"142\"><a href=\"http:\/\/www.pupr.edu\/wp-content\/uploads\/2019\/01\/CA-02-01.pdf\">CA #02 \u2013 01<\/a><\/td>\n<td width=\"497\">Aprobaci\u00f3n del sistema de calificaciones de S (Satisfactorio) y NS (No Satisfactorio) para los estudiantes de maestr\u00eda matriculados en tesis o proyectos de dise\u00f1o<\/td>\n<\/tr>\n<\/tbody>\n<\/table>\n&nbsp;\n\n&nbsp;","protected":false},"excerpt":{"rendered":"Certificaci\u00f3n Descripci\u00f3n CA #01 \u2013 01 Aprobaci\u00f3n de dejar sin efecto la Certificaci\u00f3n CA-03-00 (Criterios de Admisi\u00f3n de Estudiantes de Escuela Superior a la UPPR) y se adopta esta nueva certificaci\u00f3n que tendr\u00e1 vigencia en agosto 2002 (Fall 02) CA #02 \u2013 01 Aprobaci\u00f3n del sistema de calificaciones de S (Satisfactorio) y NS (No Satisfactorio) [&hellip;]","protected":false},"author":14,"featured_media":0,"parent":43651,"menu_order":0,"comment_status":"closed","ping_status":"closed","template":"template-about-certification.php","meta":{"_acf_changed":false,"inline_featured_image":false,"_monsterinsights_skip_tracking":false,"_monsterinsights_sitenote_active":false,"_monsterinsights_sitenote_note":"","_monsterinsights_sitenote_category":0,"ngg_post_thumbnail":0,"footnotes":""},"program-categories":[],"degree-categories":[],"class_list":["post-22458","page","type-page","status-publish","hentry"],"acf":[],"_links":{"self":[{"href":"https:\/\/pupr.edu\/es\/wp-json\/wp\/v2\/pages\/22458","targetHints":{"allow":["GET"]}}],"collection":[{"href":"https:\/\/pupr.edu\/es\/wp-json\/wp\/v2\/pages"}],"about":[{"href":"https:\/\/pupr.edu\/es\/wp-json\/wp\/v2\/types\/page"}],"author":[{"embeddable":true,"href":"https:\/\/pupr.edu\/es\/wp-json\/wp\/v2\/users\/14"}],"replies":[{"embeddable":true,"href":"https:\/\/pupr.edu\/es\/wp-json\/wp\/v2\/comments?post=22458"}],"version-history":[{"count":1,"href":"https:\/\/pupr.edu\/es\/wp-json\/wp\/v2\/pages\/22458\/revisions"}],"predecessor-version":[{"id":22461,"href":"https:\/\/pupr.edu\/es\/wp-json\/wp\/v2\/pages\/22458\/revisions\/22461"}],"up":[{"embeddable":true,"href":"https:\/\/pupr.edu\/es\/wp-json\/wp\/v2\/pages\/43651"}],"wp:attachment":[{"href":"https:\/\/pupr.edu\/es\/wp-json\/wp\/v2\/media?parent=22458"}],"wp:term":[{"taxonomy":"program-categories","embeddable":true,"href":"https:\/\/pupr.edu\/es\/wp-json\/wp\/v2\/program-categories?post=22458"},{"taxonomy":"degree-categories","embeddable":true,"href":"https:\/\/pupr.edu\/es\/wp-json\/wp\/v2\/degree-categories?post=22458"}],"curies":[{"name":"wp","href":"https:\/\/api.w.org\/{rel}","templated":true}]}}