{"id":22586,"date":"2019-02-04T12:58:03","date_gmt":"2019-02-04T16:58:03","guid":{"rendered":"http:\/\/www.pupr.edu\/?page_id=22586"},"modified":"2024-04-19T02:05:56","modified_gmt":"2024-04-19T06:05:56","slug":"1995-certifications","status":"publish","type":"page","link":"https:\/\/pupr.edu\/es\/about\/council\/1995-certifications\/","title":{"rendered":"1995 Certifications"},"content":{"rendered":"<table class=\"tftable\" border=\"1\">\n<tbody>\n<tr>\n<td width=\"142\"><strong>Certificaci\u00f3n<\/strong><\/td>\n<td width=\"1092\"><strong>Descripci\u00f3n<\/strong><\/td>\n<\/tr>\n<tr>\n<td width=\"142\"><a href=\"https:\/\/www.pupr.edu\/wp-content\/uploads\/2023\/03\/CA-95-\u2013-25.pdf\">CA #95 \u2013 25<\/a><\/td>\n<td width=\"1092\">Representaci\u00f3n de la escuela Graduada en el Comit\u00e9 Permanente de Facultad y Comit\u00e9 Permanente de Curr\u00edculo<\/td>\n<\/tr>\n<tr>\n<td width=\"142\"><a href=\"https:\/\/www.pupr.edu\/wp-content\/uploads\/2023\/03\/CA-95-\u2013-26.pdf\">CA #95 \u2013 26<\/a><\/td>\n<td width=\"1092\"> Pol\u00edtica de retenci\u00f3n, suspensi\u00f3n o probatoria al Programa Graduado<\/td>\n<\/tr>\n<tr>\n<td width=\"142\"><a href=\"http:\/\/www.pupr.edu\/wp-content\/uploads\/2019\/02\/CA-95-27.pdf\">CA #95 \u2013 27<\/a><\/td>\n<td width=\"1092\">Aprobaci\u00f3n de los criterios de evaluaci\u00f3n del personal docente y los Instrumentos de Evaluaci\u00f3n<\/td>\n<\/tr>\n<tr>\n<td width=\"142\"><a href=\"http:\/\/www.pupr.edu\/wp-content\/uploads\/2019\/02\/CA-95-28.pdf\">CA #95 \u2013 28<\/a><\/td>\n<td width=\"1092\">Aprobaci\u00f3n del cambio en el curr\u00edculo de Administraci\u00f3n de Empresas y la Biblioteca tendr\u00e1 un representante en el Comit\u00e9 Permanente de Curr\u00edculo<\/td>\n<\/tr>\n<\/tbody>\n<\/table>\n&nbsp;\n\n&nbsp;","protected":false},"excerpt":{"rendered":"Certificaci\u00f3n Descripci\u00f3n CA #95 \u2013 25 Representaci\u00f3n de la escuela Graduada en el Comit\u00e9 Permanente de Facultad y Comit\u00e9 Permanente de Curr\u00edculo CA #95 \u2013 26 Pol\u00edtica de retenci\u00f3n, suspensi\u00f3n o probatoria al Programa Graduado CA #95 \u2013 27 Aprobaci\u00f3n de los criterios de evaluaci\u00f3n del personal docente y los Instrumentos de Evaluaci\u00f3n CA #95 [&hellip;]","protected":false},"author":14,"featured_media":0,"parent":43651,"menu_order":0,"comment_status":"closed","ping_status":"closed","template":"template-about-certification.php","meta":{"_acf_changed":false,"inline_featured_image":false,"_monsterinsights_skip_tracking":false,"_monsterinsights_sitenote_active":false,"_monsterinsights_sitenote_note":"","_monsterinsights_sitenote_category":0,"ngg_post_thumbnail":0,"footnotes":""},"program-categories":[],"degree-categories":[],"class_list":["post-22586","page","type-page","status-publish","hentry"],"acf":[],"_links":{"self":[{"href":"https:\/\/pupr.edu\/es\/wp-json\/wp\/v2\/pages\/22586","targetHints":{"allow":["GET"]}}],"collection":[{"href":"https:\/\/pupr.edu\/es\/wp-json\/wp\/v2\/pages"}],"about":[{"href":"https:\/\/pupr.edu\/es\/wp-json\/wp\/v2\/types\/page"}],"author":[{"embeddable":true,"href":"https:\/\/pupr.edu\/es\/wp-json\/wp\/v2\/users\/14"}],"replies":[{"embeddable":true,"href":"https:\/\/pupr.edu\/es\/wp-json\/wp\/v2\/comments?post=22586"}],"version-history":[{"count":3,"href":"https:\/\/pupr.edu\/es\/wp-json\/wp\/v2\/pages\/22586\/revisions"}],"predecessor-version":[{"id":40692,"href":"https:\/\/pupr.edu\/es\/wp-json\/wp\/v2\/pages\/22586\/revisions\/40692"}],"up":[{"embeddable":true,"href":"https:\/\/pupr.edu\/es\/wp-json\/wp\/v2\/pages\/43651"}],"wp:attachment":[{"href":"https:\/\/pupr.edu\/es\/wp-json\/wp\/v2\/media?parent=22586"}],"wp:term":[{"taxonomy":"program-categories","embeddable":true,"href":"https:\/\/pupr.edu\/es\/wp-json\/wp\/v2\/program-categories?post=22586"},{"taxonomy":"degree-categories","embeddable":true,"href":"https:\/\/pupr.edu\/es\/wp-json\/wp\/v2\/degree-categories?post=22586"}],"curies":[{"name":"wp","href":"https:\/\/api.w.org\/{rel}","templated":true}]}}