{"id":22596,"date":"2019-02-04T13:00:52","date_gmt":"2019-02-04T17:00:52","guid":{"rendered":"http:\/\/www.pupr.edu\/?page_id=22596"},"modified":"2024-04-19T02:05:49","modified_gmt":"2024-04-19T06:05:49","slug":"1994-certifications","status":"publish","type":"page","link":"https:\/\/pupr.edu\/es\/about\/council\/1994-certifications\/","title":{"rendered":"1994 Certifications"},"content":{"rendered":"<table class=\"tftable\" border=\"1\">\n<tbody>\n<tr>\n<td width=\"142\"><strong>Certificaci\u00f3n<\/strong><\/td>\n<td width=\"713\"><strong>Descripci\u00f3n<\/strong><\/td>\n<\/tr>\n<tr>\n<td width=\"142\"><a href=\"http:\/\/www.pupr.edu\/wp-content\/uploads\/2019\/02\/CA-94-21.pdf\">CA #94 \u2013 21<\/a><\/td>\n<td width=\"713\">Incluir en el Cat\u00e1logo los requisitos de Admisi\u00f3n para el Programa Graduado<\/td>\n<\/tr>\n<tr>\n<td width=\"142\"><a href=\"http:\/\/www.pupr.edu\/wp-content\/uploads\/2019\/02\/CA-94-22.pdf\">CA #94 \u2013 22<\/a><\/td>\n<td width=\"713\">Aprobaci\u00f3n de la calificaci\u00f3n IT (Incompleto Tesis), IP (Incompleto Practica)<\/td>\n<\/tr>\n<tr>\n<td width=\"142\"><a href=\"http:\/\/www.pupr.edu\/wp-content\/uploads\/2019\/02\/CA-94-23.pdf\">CA #94 \u2013 23<\/a><\/td>\n<td width=\"713\">Aprobaci\u00f3n del curr\u00edculo de la Concentraci\u00f3n en Gerencia de Construcci\u00f3n<\/td>\n<\/tr>\n<tr>\n<td width=\"142\"><a href=\"http:\/\/www.pupr.edu\/wp-content\/uploads\/2019\/02\/CA-94-24.pdf\">CA #94 \u2013 24<\/a><\/td>\n<td width=\"713\">Math 110 como prerrequisito de Scie 110<\/td>\n<\/tr>\n<\/tbody>\n<\/table>\n&nbsp;\n\n&nbsp;","protected":false},"excerpt":{"rendered":"Certificaci\u00f3n Descripci\u00f3n CA #94 \u2013 21 Incluir en el Cat\u00e1logo los requisitos de Admisi\u00f3n para el Programa Graduado CA #94 \u2013 22 Aprobaci\u00f3n de la calificaci\u00f3n IT (Incompleto Tesis), IP (Incompleto Practica) CA #94 \u2013 23 Aprobaci\u00f3n del curr\u00edculo de la Concentraci\u00f3n en Gerencia de Construcci\u00f3n CA #94 \u2013 24 Math 110 como prerrequisito de [&hellip;]","protected":false},"author":14,"featured_media":0,"parent":43651,"menu_order":0,"comment_status":"closed","ping_status":"closed","template":"template-about-certification.php","meta":{"_acf_changed":false,"inline_featured_image":false,"_monsterinsights_skip_tracking":false,"_monsterinsights_sitenote_active":false,"_monsterinsights_sitenote_note":"","_monsterinsights_sitenote_category":0,"ngg_post_thumbnail":0,"footnotes":""},"program-categories":[],"degree-categories":[],"class_list":["post-22596","page","type-page","status-publish","hentry"],"acf":[],"_links":{"self":[{"href":"https:\/\/pupr.edu\/es\/wp-json\/wp\/v2\/pages\/22596","targetHints":{"allow":["GET"]}}],"collection":[{"href":"https:\/\/pupr.edu\/es\/wp-json\/wp\/v2\/pages"}],"about":[{"href":"https:\/\/pupr.edu\/es\/wp-json\/wp\/v2\/types\/page"}],"author":[{"embeddable":true,"href":"https:\/\/pupr.edu\/es\/wp-json\/wp\/v2\/users\/14"}],"replies":[{"embeddable":true,"href":"https:\/\/pupr.edu\/es\/wp-json\/wp\/v2\/comments?post=22596"}],"version-history":[{"count":1,"href":"https:\/\/pupr.edu\/es\/wp-json\/wp\/v2\/pages\/22596\/revisions"}],"predecessor-version":[{"id":22597,"href":"https:\/\/pupr.edu\/es\/wp-json\/wp\/v2\/pages\/22596\/revisions\/22597"}],"up":[{"embeddable":true,"href":"https:\/\/pupr.edu\/es\/wp-json\/wp\/v2\/pages\/43651"}],"wp:attachment":[{"href":"https:\/\/pupr.edu\/es\/wp-json\/wp\/v2\/media?parent=22596"}],"wp:term":[{"taxonomy":"program-categories","embeddable":true,"href":"https:\/\/pupr.edu\/es\/wp-json\/wp\/v2\/program-categories?post=22596"},{"taxonomy":"degree-categories","embeddable":true,"href":"https:\/\/pupr.edu\/es\/wp-json\/wp\/v2\/degree-categories?post=22596"}],"curies":[{"name":"wp","href":"https:\/\/api.w.org\/{rel}","templated":true}]}}