{"id":22644,"date":"2019-02-06T13:52:18","date_gmt":"2019-02-06T17:52:18","guid":{"rendered":"http:\/\/www.pupr.edu\/?page_id=22644"},"modified":"2024-04-19T02:10:39","modified_gmt":"2024-04-19T06:10:39","slug":"2016-certifications","status":"publish","type":"page","link":"https:\/\/pupr.edu\/es\/about\/council\/2016-certifications\/","title":{"rendered":"2016 Certifications"},"content":{"rendered":"<table class=\"tftable\" border=\"1\">\n<tbody>\n<tr>\n<td width=\"131\"><strong>Certificaci\u00f3n<\/strong><\/td>\n<td width=\"732\"><strong>Descripci\u00f3n<\/strong><\/td>\n<\/tr>\n<tr>\n<td width=\"131\"><a href=\"http:\/\/www.pupr.edu\/wp-content\/uploads\/2019\/02\/CA-01-16.pdf\">CA #01-16<\/a><\/td>\n<td width=\"732\">Cursos subgraduados para el Track Multidisciplinario de Aeroespacial<\/td>\n<\/tr>\n<tr>\n<td width=\"131\"><a href=\"http:\/\/www.pupr.edu\/wp-content\/uploads\/2019\/02\/CA-02-16.pdf\">CA #02-16<\/a><\/td>\n<td width=\"732\">Se aprob\u00f3 en principio el Grado Asociado en Dise\u00f1o de Producto de la Escuela de Arquitectura<\/td>\n<\/tr>\n<tr>\n<td width=\"131\"><a href=\"http:\/\/www.pupr.edu\/wp-content\/uploads\/2019\/02\/CA-03-16.pdf\">CA #03-16<\/a><\/td>\n<td width=\"732\">Aprobaci\u00f3n nueva concentraci\u00f3n en Planificaci\u00f3n Urbana dentro del Bachillerato en Arquitectura<\/td>\n<\/tr>\n<tr>\n<td width=\"131\"><a href=\"http:\/\/www.pupr.edu\/wp-content\/uploads\/2019\/02\/CA-04-16.pdf\">CA #04-16<\/a><\/td>\n<td width=\"732\">Maestr\u00eda en Conservaci\u00f3n Arquitect\u00f3nica y Rehabilitaci\u00f3n del Programa de Arquitectura<\/td>\n<\/tr>\n<tr>\n<td width=\"131\"><a href=\"http:\/\/www.pupr.edu\/wp-content\/uploads\/2019\/02\/CA-05-16.pdf\">CA #05-16<\/a><\/td>\n<td width=\"732\">Cambio prerrequisitos cursos Depto. Ingenier\u00eda, Civil, Ambiental y Agrimensura<\/td>\n<\/tr>\n<\/tbody>\n<\/table>\n&nbsp;\n\n&nbsp;","protected":false},"excerpt":{"rendered":"Certificaci\u00f3n Descripci\u00f3n CA #01-16 Cursos subgraduados para el Track Multidisciplinario de Aeroespacial CA #02-16 Se aprob\u00f3 en principio el Grado Asociado en Dise\u00f1o de Producto de la Escuela de Arquitectura CA #03-16 Aprobaci\u00f3n nueva concentraci\u00f3n en Planificaci\u00f3n Urbana dentro del Bachillerato en Arquitectura CA #04-16 Maestr\u00eda en Conservaci\u00f3n Arquitect\u00f3nica y Rehabilitaci\u00f3n del Programa de Arquitectura [&hellip;]","protected":false},"author":14,"featured_media":0,"parent":43651,"menu_order":0,"comment_status":"closed","ping_status":"closed","template":"template-about-certification.php","meta":{"_acf_changed":false,"inline_featured_image":false,"_monsterinsights_skip_tracking":false,"_monsterinsights_sitenote_active":false,"_monsterinsights_sitenote_note":"","_monsterinsights_sitenote_category":0,"ngg_post_thumbnail":0,"footnotes":""},"program-categories":[],"degree-categories":[],"class_list":["post-22644","page","type-page","status-publish","hentry"],"acf":[],"_links":{"self":[{"href":"https:\/\/pupr.edu\/es\/wp-json\/wp\/v2\/pages\/22644","targetHints":{"allow":["GET"]}}],"collection":[{"href":"https:\/\/pupr.edu\/es\/wp-json\/wp\/v2\/pages"}],"about":[{"href":"https:\/\/pupr.edu\/es\/wp-json\/wp\/v2\/types\/page"}],"author":[{"embeddable":true,"href":"https:\/\/pupr.edu\/es\/wp-json\/wp\/v2\/users\/14"}],"replies":[{"embeddable":true,"href":"https:\/\/pupr.edu\/es\/wp-json\/wp\/v2\/comments?post=22644"}],"version-history":[{"count":1,"href":"https:\/\/pupr.edu\/es\/wp-json\/wp\/v2\/pages\/22644\/revisions"}],"predecessor-version":[{"id":22661,"href":"https:\/\/pupr.edu\/es\/wp-json\/wp\/v2\/pages\/22644\/revisions\/22661"}],"up":[{"embeddable":true,"href":"https:\/\/pupr.edu\/es\/wp-json\/wp\/v2\/pages\/43651"}],"wp:attachment":[{"href":"https:\/\/pupr.edu\/es\/wp-json\/wp\/v2\/media?parent=22644"}],"wp:term":[{"taxonomy":"program-categories","embeddable":true,"href":"https:\/\/pupr.edu\/es\/wp-json\/wp\/v2\/program-categories?post=22644"},{"taxonomy":"degree-categories","embeddable":true,"href":"https:\/\/pupr.edu\/es\/wp-json\/wp\/v2\/degree-categories?post=22644"}],"curies":[{"name":"wp","href":"https:\/\/api.w.org\/{rel}","templated":true}]}}