{"id":22662,"date":"2019-02-06T13:55:28","date_gmt":"2019-02-06T17:55:28","guid":{"rendered":"http:\/\/www.pupr.edu\/?page_id=22662"},"modified":"2024-04-19T02:10:38","modified_gmt":"2024-04-19T06:10:38","slug":"2017-certifications","status":"publish","type":"page","link":"https:\/\/pupr.edu\/es\/about\/council\/2017-certifications\/","title":{"rendered":"2017 Certifications"},"content":{"rendered":"<table class=\"tftable\" border=\"1\">\n<tbody>\n<tr>\n<td width=\"131\"><strong>Certificaci\u00f3n<\/strong><\/td>\n<td width=\"732\"><strong>Descripci\u00f3n<\/strong><\/td>\n<\/tr>\n<tr>\n<td width=\"131\"><a href=\"http:\/\/www.pupr.edu\/wp-content\/uploads\/2019\/02\/CA-01-17.pdf\">CA #01-17<\/a><\/td>\n<td width=\"732\">Revisi\u00f3n curr\u00edculo de Maestr\u00eda de Ciencias y Tecnolog\u00eda Geoespacial<\/td>\n<\/tr>\n<tr>\n<td width=\"131\"><a href=\"http:\/\/www.pupr.edu\/wp-content\/uploads\/2019\/02\/CA-02-17.pdf\">CA #02-17<\/a><\/td>\n<td width=\"732\">Cambios para alinear prerrequisitos de Maestr\u00eda en Administraci\u00f3n de Negocios (MBA) y Maestr\u00eda en Ingenier\u00eda Gerencial (MEM) de los recintos de Orlando y Miami con el campus de San Juan<\/td>\n<\/tr>\n<tr>\n<td width=\"131\"><a href=\"http:\/\/www.pupr.edu\/wp-content\/uploads\/2019\/02\/CA-03-17.pdf\">CA #03-17<\/a><\/td>\n<td width=\"732\">Revisi\u00f3n del curr\u00edculo del Bachillerato en Ciencias en Agrimensura y Cartograf\u00eda<\/td>\n<\/tr>\n<tr>\n<td width=\"131\"><a href=\"http:\/\/www.pupr.edu\/wp-content\/uploads\/2019\/02\/CA-04-17.pdf\">CA #04-17<\/a><\/td>\n<td width=\"732\">Concentraci\u00f3n en Arquitectura Paisajista dentro del Bachillerato de Arquitectura que consta de cuatro (4) cursos medulares (ARCL 1010, ARTE 0431, ARCT 0440, GEOM 5616)<\/td>\n<\/tr>\n<tr>\n<td width=\"131\"><a href=\"http:\/\/www.pupr.edu\/wp-content\/uploads\/2019\/02\/CA-05-17.pdf\">CA #05-17<\/a><\/td>\n<td width=\"732\">Modificaciones al Programa de Estudios Combinados<\/td>\n<\/tr>\n<tr>\n<td width=\"131\"><a href=\"http:\/\/www.pupr.edu\/wp-content\/uploads\/2019\/02\/CA-06-17.pdf\">CA #06-17<\/a><\/td>\n<td width=\"732\">Cambio pol\u00edtica de admisiones para estudiantes provenientes de escuela superior (College Board)<\/td>\n<\/tr>\n<tr>\n<td width=\"131\"><a href=\"http:\/\/www.pupr.edu\/wp-content\/uploads\/2019\/02\/CA-07-17.pdf\">CA #07-17<\/a><\/td>\n<td width=\"732\">Cambio calificaciones ATUL (PASS\/NOT PASS)<\/td>\n<\/tr>\n<tr>\n<td width=\"131\"><a href=\"http:\/\/www.pupr.edu\/wp-content\/uploads\/2019\/02\/CA-08-17.pdf\">CA #08-17<\/a><\/td>\n<td width=\"732\">Hora Universal<\/td>\n<\/tr>\n<\/tbody>\n<\/table>\n&nbsp;","protected":false},"excerpt":{"rendered":"Certificaci\u00f3n Descripci\u00f3n CA #01-17 Revisi\u00f3n curr\u00edculo de Maestr\u00eda de Ciencias y Tecnolog\u00eda Geoespacial CA #02-17 Cambios para alinear prerrequisitos de Maestr\u00eda en Administraci\u00f3n de Negocios (MBA) y Maestr\u00eda en Ingenier\u00eda Gerencial (MEM) de los recintos de Orlando y Miami con el campus de San Juan CA #03-17 Revisi\u00f3n del curr\u00edculo del Bachillerato en Ciencias en [&hellip;]","protected":false},"author":14,"featured_media":0,"parent":43651,"menu_order":0,"comment_status":"closed","ping_status":"closed","template":"template-about-certification.php","meta":{"_acf_changed":false,"inline_featured_image":false,"_monsterinsights_skip_tracking":false,"_monsterinsights_sitenote_active":false,"_monsterinsights_sitenote_note":"","_monsterinsights_sitenote_category":0,"ngg_post_thumbnail":0,"footnotes":""},"program-categories":[],"degree-categories":[],"class_list":["post-22662","page","type-page","status-publish","hentry"],"acf":[],"_links":{"self":[{"href":"https:\/\/pupr.edu\/es\/wp-json\/wp\/v2\/pages\/22662","targetHints":{"allow":["GET"]}}],"collection":[{"href":"https:\/\/pupr.edu\/es\/wp-json\/wp\/v2\/pages"}],"about":[{"href":"https:\/\/pupr.edu\/es\/wp-json\/wp\/v2\/types\/page"}],"author":[{"embeddable":true,"href":"https:\/\/pupr.edu\/es\/wp-json\/wp\/v2\/users\/14"}],"replies":[{"embeddable":true,"href":"https:\/\/pupr.edu\/es\/wp-json\/wp\/v2\/comments?post=22662"}],"version-history":[{"count":3,"href":"https:\/\/pupr.edu\/es\/wp-json\/wp\/v2\/pages\/22662\/revisions"}],"predecessor-version":[{"id":22665,"href":"https:\/\/pupr.edu\/es\/wp-json\/wp\/v2\/pages\/22662\/revisions\/22665"}],"up":[{"embeddable":true,"href":"https:\/\/pupr.edu\/es\/wp-json\/wp\/v2\/pages\/43651"}],"wp:attachment":[{"href":"https:\/\/pupr.edu\/es\/wp-json\/wp\/v2\/media?parent=22662"}],"wp:term":[{"taxonomy":"program-categories","embeddable":true,"href":"https:\/\/pupr.edu\/es\/wp-json\/wp\/v2\/program-categories?post=22662"},{"taxonomy":"degree-categories","embeddable":true,"href":"https:\/\/pupr.edu\/es\/wp-json\/wp\/v2\/degree-categories?post=22662"}],"curies":[{"name":"wp","href":"https:\/\/api.w.org\/{rel}","templated":true}]}}