{"id":22666,"date":"2019-02-06T13:58:29","date_gmt":"2019-02-06T17:58:29","guid":{"rendered":"http:\/\/www.pupr.edu\/?page_id=22666"},"modified":"2024-04-19T02:10:30","modified_gmt":"2024-04-19T06:10:30","slug":"2018-certifications","status":"publish","type":"page","link":"https:\/\/pupr.edu\/es\/about\/council\/2018-certifications\/","title":{"rendered":"2018 Certifications"},"content":{"rendered":"<table class=\"tftable\" border=\"1\">\n<tbody>\n<tr>\n<td width=\"131\"><strong>Certificaci\u00f3n<\/strong><\/td>\n<td width=\"732\"><strong>Descripci\u00f3n<\/strong><\/td>\n<\/tr>\n<tr>\n<td width=\"131\"><a href=\"http:\/\/www.pupr.edu\/wp-content\/uploads\/2019\/02\/CA-01-18.pdf\">CA #01-18<\/a><\/td>\n<td width=\"732\">Extensiones de cursos investigaci\u00f3n subgraduada (COE 4904, CS 4904, EE 4904)<\/td>\n<\/tr>\n<tr>\n<td width=\"131\"><a href=\"http:\/\/www.pupr.edu\/wp-content\/uploads\/2019\/02\/CA-02-18.pdf\">CA #02-18<\/a><\/td>\n<td width=\"732\">Creaci\u00f3n cuatro (4) nuevos cursos de ingl\u00e9s (Engl 0101, Engl 0102, Engl 0103, Engl 0104)<\/td>\n<\/tr>\n<tr>\n<td width=\"131\"><a href=\"http:\/\/www.pupr.edu\/wp-content\/uploads\/2019\/02\/CA-03-18.pdf\">CA #03-18<\/a><\/td>\n<td width=\"732\">Creaci\u00f3n dos (2) cursos: Introduction to Basic Mandarin (LANG 3090) y Conversational Spanish for Non Native Speakers (SPAN 0101)<\/td>\n<\/tr>\n<\/tbody>\n<\/table>\n&nbsp;\n\n&nbsp;","protected":false},"excerpt":{"rendered":"Certificaci\u00f3n Descripci\u00f3n CA #01-18 Extensiones de cursos investigaci\u00f3n subgraduada (COE 4904, CS 4904, EE 4904) CA #02-18 Creaci\u00f3n cuatro (4) nuevos cursos de ingl\u00e9s (Engl 0101, Engl 0102, Engl 0103, Engl 0104) CA #03-18 Creaci\u00f3n dos (2) cursos: Introduction to Basic Mandarin (LANG 3090) y Conversational Spanish for Non Native Speakers (SPAN 0101) &nbsp; &nbsp;","protected":false},"author":14,"featured_media":0,"parent":43651,"menu_order":0,"comment_status":"closed","ping_status":"closed","template":"template-about-certification.php","meta":{"_acf_changed":false,"inline_featured_image":false,"_monsterinsights_skip_tracking":false,"_monsterinsights_sitenote_active":false,"_monsterinsights_sitenote_note":"","_monsterinsights_sitenote_category":0,"ngg_post_thumbnail":0,"footnotes":""},"program-categories":[],"degree-categories":[],"class_list":["post-22666","page","type-page","status-publish","hentry"],"acf":[],"_links":{"self":[{"href":"https:\/\/pupr.edu\/es\/wp-json\/wp\/v2\/pages\/22666","targetHints":{"allow":["GET"]}}],"collection":[{"href":"https:\/\/pupr.edu\/es\/wp-json\/wp\/v2\/pages"}],"about":[{"href":"https:\/\/pupr.edu\/es\/wp-json\/wp\/v2\/types\/page"}],"author":[{"embeddable":true,"href":"https:\/\/pupr.edu\/es\/wp-json\/wp\/v2\/users\/14"}],"replies":[{"embeddable":true,"href":"https:\/\/pupr.edu\/es\/wp-json\/wp\/v2\/comments?post=22666"}],"version-history":[{"count":1,"href":"https:\/\/pupr.edu\/es\/wp-json\/wp\/v2\/pages\/22666\/revisions"}],"predecessor-version":[{"id":22667,"href":"https:\/\/pupr.edu\/es\/wp-json\/wp\/v2\/pages\/22666\/revisions\/22667"}],"up":[{"embeddable":true,"href":"https:\/\/pupr.edu\/es\/wp-json\/wp\/v2\/pages\/43651"}],"wp:attachment":[{"href":"https:\/\/pupr.edu\/es\/wp-json\/wp\/v2\/media?parent=22666"}],"wp:term":[{"taxonomy":"program-categories","embeddable":true,"href":"https:\/\/pupr.edu\/es\/wp-json\/wp\/v2\/program-categories?post=22666"},{"taxonomy":"degree-categories","embeddable":true,"href":"https:\/\/pupr.edu\/es\/wp-json\/wp\/v2\/degree-categories?post=22666"}],"curies":[{"name":"wp","href":"https:\/\/api.w.org\/{rel}","templated":true}]}}