{"id":22702,"date":"2019-02-08T19:56:04","date_gmt":"2019-02-08T23:56:04","guid":{"rendered":"http:\/\/www.pupr.edu\/?page_id=22702"},"modified":"2024-04-19T01:59:35","modified_gmt":"2024-04-19T05:59:35","slug":"1986-certifications","status":"publish","type":"page","link":"https:\/\/pupr.edu\/es\/about\/council\/1986-certifications\/","title":{"rendered":"1986 Certifications"},"content":{"rendered":"<table class=\"tftable\" border=\"1\">\n<tbody>\n<tr>\n<td width=\"142\"><strong>Certificaci\u00f3n<\/strong><\/td>\n<td width=\"879\"><strong>Descripci\u00f3n<\/strong><\/td>\n<\/tr>\n<tr>\n<td width=\"142\"><a href=\"http:\/\/www.pupr.edu\/wp-content\/uploads\/2019\/02\/CA-86-01.pdf\">CA-86-01<\/a><\/td>\n<td width=\"879\">Nuevos \u00edndices acad\u00e9mico para la otorgaci\u00f3n de honores acad\u00e9micos<\/td>\n<\/tr>\n<tr>\n<td width=\"142\"><a href=\"http:\/\/www.pupr.edu\/wp-content\/uploads\/2019\/02\/CA-86-02.pdf\">CA-86-02<\/a><\/td>\n<td width=\"879\">Enmiendas a las normas para Progreso Acad\u00e9mico Satisfactorio al asignar ayuda econ\u00f3mica<\/td>\n<\/tr>\n<tr>\n<td width=\"142\"><a href=\"http:\/\/www.pupr.edu\/wp-content\/uploads\/2019\/02\/CA-86-03.pdf\">CA-86-03<\/a><\/td>\n<td width=\"879\">Aprobaci\u00f3n de enmiendas al Reglamento del Consejo de Estudiantes<\/td>\n<\/tr>\n<tr>\n<td width=\"142\"><a href=\"http:\/\/www.pupr.edu\/wp-content\/uploads\/2019\/02\/CA-86-04.pdf\">CA-86-04<\/a><\/td>\n<td width=\"879\">L\u00edmite de estudiantes matriculados en cursos 100<\/td>\n<\/tr>\n<tr>\n<td width=\"142\"><a href=\"http:\/\/www.pupr.edu\/wp-content\/uploads\/2019\/02\/CA-86-05.pdf\">CA-86-05<\/a><\/td>\n<td width=\"879\">Pol\u00edticas sobre curso 100<\/td>\n<\/tr>\n<\/tbody>\n<\/table>\n&nbsp;","protected":false},"excerpt":{"rendered":"Certificaci\u00f3n Descripci\u00f3n CA-86-01 Nuevos \u00edndices acad\u00e9mico para la otorgaci\u00f3n de honores acad\u00e9micos CA-86-02 Enmiendas a las normas para Progreso Acad\u00e9mico Satisfactorio al asignar ayuda econ\u00f3mica CA-86-03 Aprobaci\u00f3n de enmiendas al Reglamento del Consejo de Estudiantes CA-86-04 L\u00edmite de estudiantes matriculados en cursos 100 CA-86-05 Pol\u00edticas sobre curso 100 &nbsp;","protected":false},"author":14,"featured_media":0,"parent":43651,"menu_order":0,"comment_status":"closed","ping_status":"closed","template":"template-about-certification.php","meta":{"_acf_changed":false,"inline_featured_image":false,"_monsterinsights_skip_tracking":false,"_monsterinsights_sitenote_active":false,"_monsterinsights_sitenote_note":"","_monsterinsights_sitenote_category":0,"ngg_post_thumbnail":0,"footnotes":""},"program-categories":[],"degree-categories":[],"class_list":["post-22702","page","type-page","status-publish","hentry"],"acf":[],"_links":{"self":[{"href":"https:\/\/pupr.edu\/es\/wp-json\/wp\/v2\/pages\/22702","targetHints":{"allow":["GET"]}}],"collection":[{"href":"https:\/\/pupr.edu\/es\/wp-json\/wp\/v2\/pages"}],"about":[{"href":"https:\/\/pupr.edu\/es\/wp-json\/wp\/v2\/types\/page"}],"author":[{"embeddable":true,"href":"https:\/\/pupr.edu\/es\/wp-json\/wp\/v2\/users\/14"}],"replies":[{"embeddable":true,"href":"https:\/\/pupr.edu\/es\/wp-json\/wp\/v2\/comments?post=22702"}],"version-history":[{"count":1,"href":"https:\/\/pupr.edu\/es\/wp-json\/wp\/v2\/pages\/22702\/revisions"}],"predecessor-version":[{"id":22709,"href":"https:\/\/pupr.edu\/es\/wp-json\/wp\/v2\/pages\/22702\/revisions\/22709"}],"up":[{"embeddable":true,"href":"https:\/\/pupr.edu\/es\/wp-json\/wp\/v2\/pages\/43651"}],"wp:attachment":[{"href":"https:\/\/pupr.edu\/es\/wp-json\/wp\/v2\/media?parent=22702"}],"wp:term":[{"taxonomy":"program-categories","embeddable":true,"href":"https:\/\/pupr.edu\/es\/wp-json\/wp\/v2\/program-categories?post=22702"},{"taxonomy":"degree-categories","embeddable":true,"href":"https:\/\/pupr.edu\/es\/wp-json\/wp\/v2\/degree-categories?post=22702"}],"curies":[{"name":"wp","href":"https:\/\/api.w.org\/{rel}","templated":true}]}}