{"id":22719,"date":"2019-02-08T20:03:16","date_gmt":"2019-02-09T00:03:16","guid":{"rendered":"http:\/\/www.pupr.edu\/?page_id=22719"},"modified":"2024-04-19T02:01:21","modified_gmt":"2024-04-19T06:01:21","slug":"1989-certifications","status":"publish","type":"page","link":"https:\/\/pupr.edu\/es\/about\/council\/1989-certifications\/","title":{"rendered":"1989 Certifications"},"content":{"rendered":"<table class=\"tftable\" border=\"1\">\n<tbody>\n<tr>\n<td width=\"142\"><strong>Certificaci\u00f3n<\/strong><\/td>\n<td width=\"1009\"><strong>Descripci\u00f3n<\/strong><\/td>\n<\/tr>\n<tr>\n<td width=\"142\"><a href=\"http:\/\/www.pupr.edu\/wp-content\/uploads\/2019\/02\/CA-89-01.pdf\">CA-89-01<\/a><\/td>\n<td width=\"1009\">Requisitos de graduaci\u00f3n<\/td>\n<\/tr>\n<tr>\n<td width=\"142\"><a href=\"http:\/\/www.pupr.edu\/wp-content\/uploads\/2019\/02\/CA-89-07.pdf\">CA-89-07<\/a><\/td>\n<td width=\"1009\">Eliminar NR de la transcripci\u00f3n de cr\u00e9dito<\/td>\n<\/tr>\n<tr>\n<td width=\"142\"><a href=\"http:\/\/www.pupr.edu\/wp-content\/uploads\/2019\/02\/CA-89-07A.pdf\">CA-89-07A<\/a><\/td>\n<td width=\"1009\">Rango del personal bibliotecario profesional<\/td>\n<\/tr>\n<tr>\n<td width=\"142\"><a href=\"http:\/\/www.pupr.edu\/wp-content\/uploads\/2019\/02\/CA-89-08.pdf\">CA-89-08<\/a><\/td>\n<td width=\"1009\">Reglamento de normas y procedimientos para la retenci\u00f3n, suspensi\u00f3n o probatoria por progreso deficiente<\/td>\n<\/tr>\n<\/tbody>\n<\/table>\n&nbsp;\n\n&nbsp;","protected":false},"excerpt":{"rendered":"Certificaci\u00f3n Descripci\u00f3n CA-89-01 Requisitos de graduaci\u00f3n CA-89-07 Eliminar NR de la transcripci\u00f3n de cr\u00e9dito CA-89-07A Rango del personal bibliotecario profesional CA-89-08 Reglamento de normas y procedimientos para la retenci\u00f3n, suspensi\u00f3n o probatoria por progreso deficiente &nbsp; &nbsp;","protected":false},"author":14,"featured_media":0,"parent":43651,"menu_order":0,"comment_status":"closed","ping_status":"closed","template":"template-about-certification.php","meta":{"_acf_changed":false,"inline_featured_image":false,"_monsterinsights_skip_tracking":false,"_monsterinsights_sitenote_active":false,"_monsterinsights_sitenote_note":"","_monsterinsights_sitenote_category":0,"ngg_post_thumbnail":0,"footnotes":""},"program-categories":[],"degree-categories":[],"class_list":["post-22719","page","type-page","status-publish","hentry"],"acf":[],"_links":{"self":[{"href":"https:\/\/pupr.edu\/es\/wp-json\/wp\/v2\/pages\/22719","targetHints":{"allow":["GET"]}}],"collection":[{"href":"https:\/\/pupr.edu\/es\/wp-json\/wp\/v2\/pages"}],"about":[{"href":"https:\/\/pupr.edu\/es\/wp-json\/wp\/v2\/types\/page"}],"author":[{"embeddable":true,"href":"https:\/\/pupr.edu\/es\/wp-json\/wp\/v2\/users\/14"}],"replies":[{"embeddable":true,"href":"https:\/\/pupr.edu\/es\/wp-json\/wp\/v2\/comments?post=22719"}],"version-history":[{"count":1,"href":"https:\/\/pupr.edu\/es\/wp-json\/wp\/v2\/pages\/22719\/revisions"}],"predecessor-version":[{"id":22724,"href":"https:\/\/pupr.edu\/es\/wp-json\/wp\/v2\/pages\/22719\/revisions\/22724"}],"up":[{"embeddable":true,"href":"https:\/\/pupr.edu\/es\/wp-json\/wp\/v2\/pages\/43651"}],"wp:attachment":[{"href":"https:\/\/pupr.edu\/es\/wp-json\/wp\/v2\/media?parent=22719"}],"wp:term":[{"taxonomy":"program-categories","embeddable":true,"href":"https:\/\/pupr.edu\/es\/wp-json\/wp\/v2\/program-categories?post=22719"},{"taxonomy":"degree-categories","embeddable":true,"href":"https:\/\/pupr.edu\/es\/wp-json\/wp\/v2\/degree-categories?post=22719"}],"curies":[{"name":"wp","href":"https:\/\/api.w.org\/{rel}","templated":true}]}}