{"id":22739,"date":"2019-02-11T12:49:23","date_gmt":"2019-02-11T16:49:23","guid":{"rendered":"http:\/\/www.pupr.edu\/?page_id=22739"},"modified":"2024-04-19T02:04:15","modified_gmt":"2024-04-19T06:04:15","slug":"1990-certifications","status":"publish","type":"page","link":"https:\/\/pupr.edu\/es\/about\/council\/1990-certifications\/","title":{"rendered":"1990 Certifications"},"content":{"rendered":"<table class=\"tftable\" border=\"1\">\n<tbody>\n<tr>\n<td width=\"142\"><strong>Certificaci\u00f3n<\/strong><\/td>\n<td width=\"717\"><strong>Descripci\u00f3n<\/strong><\/td>\n<\/tr>\n<tr>\n<td width=\"142\"><a href=\"http:\/\/www.pupr.edu\/wp-content\/uploads\/2019\/02\/CA-90-09.pdf\">CA-90-09<\/a><\/td>\n<td width=\"717\">Creaci\u00f3n del curso SURV 447 \u2013 Campamento de Agrimensura<\/td>\n<\/tr>\n<tr>\n<td width=\"142\"><a href=\"http:\/\/www.pupr.edu\/wp-content\/uploads\/2019\/02\/CA-90-10.pdf\">CA-90-10<\/a><\/td>\n<td width=\"717\">Norma de Progreso Acad\u00e9mico<\/td>\n<\/tr>\n<tr>\n<td width=\"142\"><a href=\"http:\/\/www.pupr.edu\/wp-content\/uploads\/2019\/02\/CA-90-11.pdf\">CA-90-11<\/a><\/td>\n<td width=\"717\">Requisitos de Admisi\u00f3n<\/td>\n<\/tr>\n<tr>\n<td width=\"142\"><a href=\"http:\/\/www.pupr.edu\/wp-content\/uploads\/2019\/02\/CA-90-12.pdf\">CA-90-12<\/a><\/td>\n<td width=\"717\">Normas para el reclutamiento y procedimiento de evaluaci\u00f3n de profesores<\/td>\n<\/tr>\n<tr>\n<td width=\"142\"><a href=\"http:\/\/www.pupr.edu\/wp-content\/uploads\/2019\/02\/CA-90-13.pdf\">CA-90-13<\/a><\/td>\n<td width=\"717\">Pol\u00edtica de remoci\u00f3n de incompletos<\/td>\n<\/tr>\n<\/tbody>\n<\/table>\n&nbsp;","protected":false},"excerpt":{"rendered":"Certificaci\u00f3n Descripci\u00f3n CA-90-09 Creaci\u00f3n del curso SURV 447 \u2013 Campamento de Agrimensura CA-90-10 Norma de Progreso Acad\u00e9mico CA-90-11 Requisitos de Admisi\u00f3n CA-90-12 Normas para el reclutamiento y procedimiento de evaluaci\u00f3n de profesores CA-90-13 Pol\u00edtica de remoci\u00f3n de incompletos &nbsp;","protected":false},"author":14,"featured_media":0,"parent":43651,"menu_order":0,"comment_status":"closed","ping_status":"closed","template":"template-about-certification.php","meta":{"_acf_changed":false,"inline_featured_image":false,"_monsterinsights_skip_tracking":false,"_monsterinsights_sitenote_active":false,"_monsterinsights_sitenote_note":"","_monsterinsights_sitenote_category":0,"ngg_post_thumbnail":0,"footnotes":""},"program-categories":[],"degree-categories":[],"class_list":["post-22739","page","type-page","status-publish","hentry"],"acf":[],"_links":{"self":[{"href":"https:\/\/pupr.edu\/es\/wp-json\/wp\/v2\/pages\/22739","targetHints":{"allow":["GET"]}}],"collection":[{"href":"https:\/\/pupr.edu\/es\/wp-json\/wp\/v2\/pages"}],"about":[{"href":"https:\/\/pupr.edu\/es\/wp-json\/wp\/v2\/types\/page"}],"author":[{"embeddable":true,"href":"https:\/\/pupr.edu\/es\/wp-json\/wp\/v2\/users\/14"}],"replies":[{"embeddable":true,"href":"https:\/\/pupr.edu\/es\/wp-json\/wp\/v2\/comments?post=22739"}],"version-history":[{"count":1,"href":"https:\/\/pupr.edu\/es\/wp-json\/wp\/v2\/pages\/22739\/revisions"}],"predecessor-version":[{"id":22745,"href":"https:\/\/pupr.edu\/es\/wp-json\/wp\/v2\/pages\/22739\/revisions\/22745"}],"up":[{"embeddable":true,"href":"https:\/\/pupr.edu\/es\/wp-json\/wp\/v2\/pages\/43651"}],"wp:attachment":[{"href":"https:\/\/pupr.edu\/es\/wp-json\/wp\/v2\/media?parent=22739"}],"wp:term":[{"taxonomy":"program-categories","embeddable":true,"href":"https:\/\/pupr.edu\/es\/wp-json\/wp\/v2\/program-categories?post=22739"},{"taxonomy":"degree-categories","embeddable":true,"href":"https:\/\/pupr.edu\/es\/wp-json\/wp\/v2\/degree-categories?post=22739"}],"curies":[{"name":"wp","href":"https:\/\/api.w.org\/{rel}","templated":true}]}}