{"id":22753,"date":"2019-02-11T12:55:03","date_gmt":"2019-02-11T16:55:03","guid":{"rendered":"http:\/\/www.pupr.edu\/?page_id=22753"},"modified":"2024-04-19T02:05:07","modified_gmt":"2024-04-19T06:05:07","slug":"1992-certifications","status":"publish","type":"page","link":"https:\/\/pupr.edu\/es\/about\/council\/1992-certifications\/","title":{"rendered":"1992 Certifications"},"content":{"rendered":"<table class=\"tftable\" border=\"1\">\n<tbody>\n<tr>\n<td width=\"142\"><strong>Certificaci\u00f3n<\/strong><\/td>\n<td width=\"866\"><strong>Descripci\u00f3n<\/strong><\/td>\n<\/tr>\n<tr>\n<td width=\"142\"><a href=\"http:\/\/www.pupr.edu\/wp-content\/uploads\/2019\/02\/CA-92-16.pdf\">CA-92-16<\/a><\/td>\n<td width=\"866\">Enmiendas a las normas para el reclutamiento y procedimiento de evaluaci\u00f3n de profesores<\/td>\n<\/tr>\n<tr>\n<td width=\"142\"><a href=\"http:\/\/www.pupr.edu\/wp-content\/uploads\/2019\/02\/CA-92-17.pdf\">CA-92-17<\/a><\/td>\n<td width=\"866\">Periodo para retener la evidencia de trabajos de los estudiantes\n\nTiempo para someter un cambio de nota<\/td>\n<\/tr>\n<tr>\n<td width=\"142\"><a href=\"http:\/\/www.pupr.edu\/wp-content\/uploads\/2019\/02\/CA-92-18.pdf\">CA-92-18<\/a><\/td>\n<td width=\"866\">Calificaciones de los cursos de practica y cursos preparatorios<\/td>\n<\/tr>\n<\/tbody>\n<\/table>\n&nbsp;\n\n&nbsp;","protected":false},"excerpt":{"rendered":"Certificaci\u00f3n Descripci\u00f3n CA-92-16 Enmiendas a las normas para el reclutamiento y procedimiento de evaluaci\u00f3n de profesores CA-92-17 Periodo para retener la evidencia de trabajos de los estudiantes Tiempo para someter un cambio de nota CA-92-18 Calificaciones de los cursos de practica y cursos preparatorios &nbsp; &nbsp;","protected":false},"author":14,"featured_media":0,"parent":43651,"menu_order":0,"comment_status":"closed","ping_status":"closed","template":"template-about-certification.php","meta":{"_acf_changed":false,"inline_featured_image":false,"_monsterinsights_skip_tracking":false,"_monsterinsights_sitenote_active":false,"_monsterinsights_sitenote_note":"","_monsterinsights_sitenote_category":0,"ngg_post_thumbnail":0,"footnotes":""},"program-categories":[],"degree-categories":[],"class_list":["post-22753","page","type-page","status-publish","hentry"],"acf":[],"_links":{"self":[{"href":"https:\/\/pupr.edu\/es\/wp-json\/wp\/v2\/pages\/22753","targetHints":{"allow":["GET"]}}],"collection":[{"href":"https:\/\/pupr.edu\/es\/wp-json\/wp\/v2\/pages"}],"about":[{"href":"https:\/\/pupr.edu\/es\/wp-json\/wp\/v2\/types\/page"}],"author":[{"embeddable":true,"href":"https:\/\/pupr.edu\/es\/wp-json\/wp\/v2\/users\/14"}],"replies":[{"embeddable":true,"href":"https:\/\/pupr.edu\/es\/wp-json\/wp\/v2\/comments?post=22753"}],"version-history":[{"count":1,"href":"https:\/\/pupr.edu\/es\/wp-json\/wp\/v2\/pages\/22753\/revisions"}],"predecessor-version":[{"id":22757,"href":"https:\/\/pupr.edu\/es\/wp-json\/wp\/v2\/pages\/22753\/revisions\/22757"}],"up":[{"embeddable":true,"href":"https:\/\/pupr.edu\/es\/wp-json\/wp\/v2\/pages\/43651"}],"wp:attachment":[{"href":"https:\/\/pupr.edu\/es\/wp-json\/wp\/v2\/media?parent=22753"}],"wp:term":[{"taxonomy":"program-categories","embeddable":true,"href":"https:\/\/pupr.edu\/es\/wp-json\/wp\/v2\/program-categories?post=22753"},{"taxonomy":"degree-categories","embeddable":true,"href":"https:\/\/pupr.edu\/es\/wp-json\/wp\/v2\/degree-categories?post=22753"}],"curies":[{"name":"wp","href":"https:\/\/api.w.org\/{rel}","templated":true}]}}