{"id":24095,"date":"2019-06-12T14:06:55","date_gmt":"2019-06-12T18:06:55","guid":{"rendered":"http:\/\/www.pupr.edu\/?page_id=24095"},"modified":"2024-04-19T01:57:39","modified_gmt":"2024-04-19T05:57:39","slug":"2019-certifications","status":"publish","type":"page","link":"https:\/\/pupr.edu\/es\/about\/council\/2019-certifications\/","title":{"rendered":"2019 Certifications"},"content":{"rendered":"<table class=\"tftable\" border=\"1\">\n<tbody>\n<tr>\n<td width=\"131\"><strong>Certificaci\u00f3n<\/strong><\/td>\n<td width=\"732\"><strong>Descripci\u00f3n<\/strong><\/td>\n<\/tr>\n<tr>\n<td width=\"131\"><a href=\"http:\/\/www.pupr.edu\/wp-content\/uploads\/2019\/06\/CA-01-19.pdf\" target=\"_blank\" rel=\"noopener noreferrer\">CA #01-19<\/a><\/td>\n<td width=\"732\">Eliminaci\u00f3n y sustituci\u00f3n de cursos del Bachillerato en Ciencias en Agrimensura y Cartograf\u00eda<\/td>\n<\/tr>\n<tr>\n<td width=\"131\"><a href=\"https:\/\/www.pupr.edu\/wp-content\/uploads\/2019\/06\/CA-02-19.pdf\" target=\"_blank\" rel=\"noopener noreferrer\">CA #02-19<\/a><\/td>\n<td>Cambios curriculares Ingenier\u00eda Mec\u00e1nica<\/td>\n<\/tr>\n<tr>\n<td width=\"131\"><a href=\"https:\/\/www.pupr.edu\/wp-content\/uploads\/2019\/06\/CA-03-19.pdf\" target=\"_blank\" rel=\"noopener noreferrer\">CA #03-19<\/a><\/td>\n<td width=\"732\">Formulario de evaluaci\u00f3n de la facultad en l\u00ednea por los estudiantes<\/td>\n<\/tr>\n<tr>\n<td width=\"131\"><a href=\"https:\/\/www.pupr.edu\/wp-content\/uploads\/2021\/12\/CA-0419.pdf\" target=\"_blank\" rel=\"noopener noreferrer\">CA #04-19<\/a><\/td>\n<td width=\"732\">Enmienda a la pol\u00edtica de Earned Credits<\/td>\n<\/tr>\n<\/tbody>\n<\/table>\n&nbsp;\n\n&nbsp;","protected":false},"excerpt":{"rendered":"Certificaci\u00f3n Descripci\u00f3n CA #01-19 Eliminaci\u00f3n y sustituci\u00f3n de cursos del Bachillerato en Ciencias en Agrimensura y Cartograf\u00eda CA #02-19 Cambios curriculares Ingenier\u00eda Mec\u00e1nica CA #03-19 Formulario de evaluaci\u00f3n de la facultad en l\u00ednea por los estudiantes CA #04-19 Enmienda a la pol\u00edtica de Earned Credits &nbsp; &nbsp;","protected":false},"author":14,"featured_media":0,"parent":43651,"menu_order":0,"comment_status":"closed","ping_status":"closed","template":"template-about-certification.php","meta":{"_acf_changed":false,"inline_featured_image":false,"_monsterinsights_skip_tracking":false,"_monsterinsights_sitenote_active":false,"_monsterinsights_sitenote_note":"","_monsterinsights_sitenote_category":0,"ngg_post_thumbnail":0,"footnotes":""},"program-categories":[],"degree-categories":[],"class_list":["post-24095","page","type-page","status-publish","hentry"],"acf":[],"_links":{"self":[{"href":"https:\/\/pupr.edu\/es\/wp-json\/wp\/v2\/pages\/24095","targetHints":{"allow":["GET"]}}],"collection":[{"href":"https:\/\/pupr.edu\/es\/wp-json\/wp\/v2\/pages"}],"about":[{"href":"https:\/\/pupr.edu\/es\/wp-json\/wp\/v2\/types\/page"}],"author":[{"embeddable":true,"href":"https:\/\/pupr.edu\/es\/wp-json\/wp\/v2\/users\/14"}],"replies":[{"embeddable":true,"href":"https:\/\/pupr.edu\/es\/wp-json\/wp\/v2\/comments?post=24095"}],"version-history":[{"count":4,"href":"https:\/\/pupr.edu\/es\/wp-json\/wp\/v2\/pages\/24095\/revisions"}],"predecessor-version":[{"id":34941,"href":"https:\/\/pupr.edu\/es\/wp-json\/wp\/v2\/pages\/24095\/revisions\/34941"}],"up":[{"embeddable":true,"href":"https:\/\/pupr.edu\/es\/wp-json\/wp\/v2\/pages\/43651"}],"wp:attachment":[{"href":"https:\/\/pupr.edu\/es\/wp-json\/wp\/v2\/media?parent=24095"}],"wp:term":[{"taxonomy":"program-categories","embeddable":true,"href":"https:\/\/pupr.edu\/es\/wp-json\/wp\/v2\/program-categories?post=24095"},{"taxonomy":"degree-categories","embeddable":true,"href":"https:\/\/pupr.edu\/es\/wp-json\/wp\/v2\/degree-categories?post=24095"}],"curies":[{"name":"wp","href":"https:\/\/api.w.org\/{rel}","templated":true}]}}