{"id":27107,"date":"2020-03-09T14:34:15","date_gmt":"2020-03-09T18:34:15","guid":{"rendered":"https:\/\/www.pupr.edu\/?page_id=27107"},"modified":"2024-04-19T01:57:27","modified_gmt":"2024-04-19T05:57:27","slug":"2020-certifications","status":"publish","type":"page","link":"https:\/\/pupr.edu\/es\/about\/council\/2020-certifications\/","title":{"rendered":"2020 Certifications"},"content":{"rendered":"<table class=\"tftable\" border=\"1\">\n<tbody>\n<tr>\n<td width=\"131\"><strong>Certificaci\u00f3n<\/strong><\/td>\n<td width=\"732\"><strong>Descripci\u00f3n<\/strong><\/td>\n<\/tr>\n<tr>\n<td width=\"131\"><a href=\"https:\/\/www.pupr.edu\/wp-content\/uploads\/2022\/05\/CA-01-20.pdf\" target=\"_blank\" rel=\"noopener noreferrer\">CA # 01-20<\/a><\/td>\n<td width=\"732\">Cambio curricular &#8211; Bachillerato en Ciencias en Ingenier\u00eda Industrial.<\/td>\n<\/tr>\n<tr>\n<td width=\"131\"><a href=\"https:\/\/www.pupr.edu\/wp-content\/uploads\/2022\/05\/CA-02-20.pdf\" target=\"_blank\" rel=\"noopener noreferrer\">CA # 02-20<\/a><\/td>\n<td width=\"732\">Cambio curricular &#8211; Bachillerato en Dise\u00f1o de Interiores.<\/td>\n<\/tr>\n<tr>\n<td width=\"131\"><a href=\"https:\/\/www.pupr.edu\/wp-content\/uploads\/2020\/03\/CA-03-20.pdf\" target=\"_blank\" rel=\"noopener noreferrer\">CA # 03-20<\/a><\/td>\n<td width=\"732\">Aprobaci\u00f3n de cambios curriculares y prerrequisitos de Arquitectura.<\/td>\n<\/tr>\n<tr>\n<td width=\"131\"><a href=\"https:\/\/www.pupr.edu\/wp-content\/uploads\/2020\/03\/CA-04-20.pdf\" target=\"_blank\" rel=\"noopener noreferrer\">CA # 04-20 <\/a><\/td>\n<td>Aprobaci\u00f3n de la secuencia curricular y prerrequisitos de cursos de Dise\u00f1o de Interiores.<\/td>\n<\/tr>\n<tr>\n<td width=\"131\"><a href=\"https:\/\/www.pupr.edu\/wp-content\/uploads\/2022\/05\/CA-05-20.pdf\" target=\"_blank\" rel=\"noopener noreferrer\">CA # 05-20<\/a><\/td>\n<td width=\"732\">Cambios en la secuencia de la Maestr\u00eda en Ciencias en Educaci\u00f3n en Ciencias Naturales y Matem\u00e1ticas.<\/td>\n<\/tr>\n<tr>\n<td width=\"131\"><a href=\"https:\/\/www.pupr.edu\/wp-content\/uploads\/2020\/03\/CA-06-20.pdf\" target=\"_blank\" rel=\"noopener noreferrer\">CA # 06-20<\/a><\/td>\n<td width=\"732\">Creaci\u00f3n de cursos de electivas t\u00e9cnicas para Ingenier\u00eda Biom\u00e9dica.<\/td>\n<\/tr>\n<tr>\n<td width=\"131\"><a href=\"https:\/\/www.pupr.edu\/wp-content\/uploads\/2023\/03\/CA-07-20.pdf\" target=\"_blank\" rel=\"noopener noreferrer\">CA # 07-20<\/a><\/td>\n<td width=\"732\">Cambios curriculares del Programa de BSEE<\/td>\n<\/tr>\n<tr>\n<td width=\"131\"><a href=\"https:\/\/www.pupr.edu\/wp-content\/uploads\/2023\/03\/CA-07-20a.pdf\" target=\"_blank\" rel=\"noopener noreferrer\">CA # 07-20a<\/a><\/td>\n<td width=\"732\">Cambios curriculares del Programa de Maestr\u00eda en Ciencias de Computadoras<\/td>\n<\/tr>\n<tr>\n<td width=\"131\"><a href=\"https:\/\/www.pupr.edu\/wp-content\/uploads\/2023\/03\/CA-07-20b.pdf\" target=\"_blank\" rel=\"noopener noreferrer\">CA # 07-20b<\/a><\/td>\n<td width=\"732\">Cambios curriculares del Programa de Maestr\u00eda en Ingenier\u00eda de Computadoras<\/td>\n<\/tr>\n<tr>\n<td width=\"131\"><a href=\"https:\/\/www.pupr.edu\/wp-content\/uploads\/2023\/03\/CA-08-20.pdf\" target=\"_blank\" rel=\"noopener noreferrer\">CA # 08-20<\/a><\/td>\n<td width=\"732\">Cambios curriculares del Programa de MBA \u2013 Computer Information Systems<\/td>\n<\/tr>\n<tr>\n<td width=\"131\"><a href=\"https:\/\/www.pupr.edu\/wp-content\/uploads\/2023\/03\/CA-10-20.pdf\" target=\"_blank\" rel=\"noopener noreferrer\">CA # 10-20<\/a><\/td>\n<td width=\"732\">Cambios curriculares de Ingenier\u00eda Mec\u00e1nica (MERI)<\/td>\n<\/tr>\n<tr>\n<td width=\"131\"><a href=\"https:\/\/www.pupr.edu\/wp-content\/uploads\/2023\/03\/CA-11-20.pdf\" target=\"_blank\" rel=\"noopener noreferrer\">CA # 11-20<\/a><\/td>\n<td width=\"732\">Cambios curriculares de bachilleratos y maestr\u00edas del Recinto de Miami<\/td>\n<\/tr>\n<tr>\n<td width=\"131\"><a href=\"https:\/\/www.pupr.edu\/wp-content\/uploads\/2023\/03\/CA-12-20.pdf\" target=\"_blank\" rel=\"noopener noreferrer\">CA # 12-20<\/a><\/td>\n<td width=\"732\">Aprobaci\u00f3n del Graduate Certificate Medical Devices Industries Essentials (GCMDIE)<\/td>\n<\/tr>\n<\/tbody>\n<\/table>\n&nbsp;\n\n&nbsp;","protected":false},"excerpt":{"rendered":"Certificaci\u00f3n Descripci\u00f3n CA # 01-20 Cambio curricular &#8211; Bachillerato en Ciencias en Ingenier\u00eda Industrial. CA # 02-20 Cambio curricular &#8211; Bachillerato en Dise\u00f1o de Interiores. CA # 03-20 Aprobaci\u00f3n de cambios curriculares y prerrequisitos de Arquitectura. CA # 04-20 Aprobaci\u00f3n de la secuencia curricular y prerrequisitos de cursos de Dise\u00f1o de Interiores. CA # 05-20 [&hellip;]","protected":false},"author":14,"featured_media":0,"parent":43651,"menu_order":0,"comment_status":"closed","ping_status":"closed","template":"template-about-certification.php","meta":{"_acf_changed":false,"inline_featured_image":false,"_monsterinsights_skip_tracking":false,"_monsterinsights_sitenote_active":false,"_monsterinsights_sitenote_note":"","_monsterinsights_sitenote_category":0,"ngg_post_thumbnail":0,"footnotes":""},"program-categories":[],"degree-categories":[],"class_list":["post-27107","page","type-page","status-publish","hentry"],"acf":[],"_links":{"self":[{"href":"https:\/\/pupr.edu\/es\/wp-json\/wp\/v2\/pages\/27107","targetHints":{"allow":["GET"]}}],"collection":[{"href":"https:\/\/pupr.edu\/es\/wp-json\/wp\/v2\/pages"}],"about":[{"href":"https:\/\/pupr.edu\/es\/wp-json\/wp\/v2\/types\/page"}],"author":[{"embeddable":true,"href":"https:\/\/pupr.edu\/es\/wp-json\/wp\/v2\/users\/14"}],"replies":[{"embeddable":true,"href":"https:\/\/pupr.edu\/es\/wp-json\/wp\/v2\/comments?post=27107"}],"version-history":[{"count":6,"href":"https:\/\/pupr.edu\/es\/wp-json\/wp\/v2\/pages\/27107\/revisions"}],"predecessor-version":[{"id":40663,"href":"https:\/\/pupr.edu\/es\/wp-json\/wp\/v2\/pages\/27107\/revisions\/40663"}],"up":[{"embeddable":true,"href":"https:\/\/pupr.edu\/es\/wp-json\/wp\/v2\/pages\/43651"}],"wp:attachment":[{"href":"https:\/\/pupr.edu\/es\/wp-json\/wp\/v2\/media?parent=27107"}],"wp:term":[{"taxonomy":"program-categories","embeddable":true,"href":"https:\/\/pupr.edu\/es\/wp-json\/wp\/v2\/program-categories?post=27107"},{"taxonomy":"degree-categories","embeddable":true,"href":"https:\/\/pupr.edu\/es\/wp-json\/wp\/v2\/degree-categories?post=27107"}],"curies":[{"name":"wp","href":"https:\/\/api.w.org\/{rel}","templated":true}]}}