{"id":34971,"date":"2021-12-20T13:33:20","date_gmt":"2021-12-20T17:33:20","guid":{"rendered":"https:\/\/www.pupr.edu\/?page_id=34971"},"modified":"2024-04-19T01:56:57","modified_gmt":"2024-04-19T05:56:57","slug":"2021-certifications","status":"publish","type":"page","link":"https:\/\/pupr.edu\/es\/about\/council\/2021-certifications\/","title":{"rendered":"2021 Certifications"},"content":{"rendered":"<table class=\"tftable\" border=\"1\">\n<tbody>\n<tr>\n<td width=\"131\"><strong>Certificaci\u00f3n<\/strong><\/td>\n<td width=\"732\"><strong>Descripci\u00f3n<\/strong><\/td>\n<\/tr>\n<tr>\n<td width=\"131\">&nbsp;<a href=\"https:\/\/www.pupr.edu\/wp-content\/uploads\/2021\/12\/CA-0121.pdf\" target=\"_blank\" rel=\"noopener noreferrer\">CA #01-21<\/a><\/td>\n<td width=\"732\">Acoplar cursos de la maestr\u00eda de Business Administration (MBA) en los tres (3) Recintos de la UPPR<\/td>\n<\/tr>\n<tr>\n<td width=\"131\">&nbsp;<a href=\"https:\/\/www.pupr.edu\/wp-content\/uploads\/2021\/12\/CA-0221.pdf\" target=\"_blank\" rel=\"noopener noreferrer\">CA #02-21<\/a><\/td>\n<td>Acoplar cursos de la maestr\u00eda de Engineering Management (MEM) en los tres (3) Recintos de la UPPR<\/td>\n<\/tr>\n<tr>\n<td width=\"131\">&nbsp;<a href=\"https:\/\/www.pupr.edu\/wp-content\/uploads\/2021\/12\/CA-0321.pdf\" target=\"_blank\" rel=\"noopener noreferrer\">CA #03-21<\/a><\/td>\n<td width=\"732\">Aprobaci\u00f3n de cursos electivos t\u00e9cnicos para los programas de Bachelor of Science in Computer Engineering y Bachelor of Science in Computer Science<\/td>\n<\/tr>\n<tr>\n<td width=\"131\">&nbsp;<a href=\"https:\/\/www.pupr.edu\/wp-content\/uploads\/2021\/12\/CA-0421.pdf\" target=\"_blank\" rel=\"noopener noreferrer\">CA #04-21<\/a><\/td>\n<td width=\"732\">Revisi\u00f3n al programa de Maestr\u00eda de Arquitectura<\/td>\n<\/tr>\n<tr>\n<td width=\"131\">&nbsp;<a href=\"https:\/\/www.pupr.edu\/wp-content\/uploads\/2021\/12\/CA-0521.pdf\" target=\"_blank\" rel=\"noopener noreferrer\">CA #05-21<\/a><\/td>\n<td width=\"732\">Calificaci\u00f3n WN<\/td>\n<\/tr>\n<tr>\n<td width=\"131\">&nbsp;<a href=\"https:\/\/www.pupr.edu\/wp-content\/uploads\/2021\/12\/CA-0621.pdf\" target=\"_blank\" rel=\"noopener noreferrer\">CA #06-21<\/a><\/td>\n<td width=\"732\">Cambio curricular del grado asociado en Ingenier\u00eda de Cadenas de Suplidos y Log\u00edstica<\/td>\n<\/tr>\n<\/tbody>\n<\/table>","protected":false},"excerpt":{"rendered":"Certificaci\u00f3n Descripci\u00f3n &nbsp;CA #01-21 Acoplar cursos de la maestr\u00eda de Business Administration (MBA) en los tres (3) Recintos de la UPPR &nbsp;CA #02-21 Acoplar cursos de la maestr\u00eda de Engineering Management (MEM) en los tres (3) Recintos de la UPPR &nbsp;CA #03-21 Aprobaci\u00f3n de cursos electivos t\u00e9cnicos para los programas de Bachelor of Science in [&hellip;]","protected":false},"author":14,"featured_media":0,"parent":43651,"menu_order":0,"comment_status":"closed","ping_status":"closed","template":"template-about-certification.php","meta":{"_acf_changed":false,"inline_featured_image":false,"_monsterinsights_skip_tracking":false,"_monsterinsights_sitenote_active":false,"_monsterinsights_sitenote_note":"","_monsterinsights_sitenote_category":0,"ngg_post_thumbnail":0,"footnotes":""},"program-categories":[],"degree-categories":[],"class_list":["post-34971","page","type-page","status-publish","hentry"],"acf":[],"_links":{"self":[{"href":"https:\/\/pupr.edu\/es\/wp-json\/wp\/v2\/pages\/34971","targetHints":{"allow":["GET"]}}],"collection":[{"href":"https:\/\/pupr.edu\/es\/wp-json\/wp\/v2\/pages"}],"about":[{"href":"https:\/\/pupr.edu\/es\/wp-json\/wp\/v2\/types\/page"}],"author":[{"embeddable":true,"href":"https:\/\/pupr.edu\/es\/wp-json\/wp\/v2\/users\/14"}],"replies":[{"embeddable":true,"href":"https:\/\/pupr.edu\/es\/wp-json\/wp\/v2\/comments?post=34971"}],"version-history":[{"count":4,"href":"https:\/\/pupr.edu\/es\/wp-json\/wp\/v2\/pages\/34971\/revisions"}],"predecessor-version":[{"id":44958,"href":"https:\/\/pupr.edu\/es\/wp-json\/wp\/v2\/pages\/34971\/revisions\/44958"}],"up":[{"embeddable":true,"href":"https:\/\/pupr.edu\/es\/wp-json\/wp\/v2\/pages\/43651"}],"wp:attachment":[{"href":"https:\/\/pupr.edu\/es\/wp-json\/wp\/v2\/media?parent=34971"}],"wp:term":[{"taxonomy":"program-categories","embeddable":true,"href":"https:\/\/pupr.edu\/es\/wp-json\/wp\/v2\/program-categories?post=34971"},{"taxonomy":"degree-categories","embeddable":true,"href":"https:\/\/pupr.edu\/es\/wp-json\/wp\/v2\/degree-categories?post=34971"}],"curies":[{"name":"wp","href":"https:\/\/api.w.org\/{rel}","templated":true}]}}