{"id":40574,"date":"2023-03-28T06:21:05","date_gmt":"2023-03-28T10:21:05","guid":{"rendered":"https:\/\/www.pupr.edu\/?page_id=40574"},"modified":"2025-12-04T20:56:35","modified_gmt":"2025-12-05T00:56:35","slug":"taller-de-verano","status":"publish","type":"page","link":"https:\/\/pupr.edu\/es\/taller-de-verano\/","title":{"rendered":"Taller de verano"},"content":{"rendered":"<div data-elementor-type=\"wp-page\" data-elementor-id=\"40574\" class=\"elementor elementor-40574\" data-elementor-post-type=\"page\">\n\t\t\t\t\t\t<section class=\"has_eae_slider elementor-section elementor-top-section elementor-element elementor-element-dbf1c55 pre_bg_sub elementor-section-boxed elementor-section-height-default elementor-section-height-default\" data-id=\"dbf1c55\" data-element_type=\"section\" data-settings=\"{&quot;background_background&quot;:&quot;classic&quot;}\">\n\t\t\t\t\t\t<div class=\"elementor-container elementor-column-gap-default\">\n\t\t\t\t\t<div class=\"has_eae_slider elementor-column elementor-col-50 elementor-top-column elementor-element elementor-element-102f5c7\" data-id=\"102f5c7\" data-element_type=\"column\">\n\t\t\t<div class=\"elementor-widget-wrap elementor-element-populated\">\n\t\t\t\t\t\t<div class=\"elementor-element elementor-element-2369830 elementor-widget__width-initial elementor-widget elementor-widget-image\" data-id=\"2369830\" data-element_type=\"widget\" data-widget_type=\"image.default\">\n\t\t\t\t<div class=\"elementor-widget-container\">\n\t\t\t\t\t\t\t\t\t\t\t\t\t<img fetchpriority=\"high\" decoding=\"async\" width=\"1080\" height=\"1080\" src=\"https:\/\/pupr.edu\/wp-content\/uploads\/2025\/12\/ingenieria-general-2.png\" class=\"attachment-full size-full wp-image-74713\" alt=\"\" srcset=\"https:\/\/pupr.edu\/wp-content\/uploads\/2025\/12\/ingenieria-general-2.png 1080w, https:\/\/pupr.edu\/wp-content\/uploads\/2025\/12\/ingenieria-general-2-768x768.png 768w, https:\/\/pupr.edu\/wp-content\/uploads\/2025\/12\/ingenieria-general-2-12x12.png 12w, https:\/\/pupr.edu\/wp-content\/uploads\/2025\/12\/ingenieria-general-2-24x24.png 24w, https:\/\/pupr.edu\/wp-content\/uploads\/2025\/12\/ingenieria-general-2-36x36.png 36w, https:\/\/pupr.edu\/wp-content\/uploads\/2025\/12\/ingenieria-general-2-48x48.png 48w\" sizes=\"(max-width: 1080px) 100vw, 1080px\" \/>\t\t\t\t\t\t\t\t\t\t\t\t\t<\/div>\n\t\t\t\t<\/div>\n\t\t\t\t<div class=\"elementor-element elementor-element-d75095f elementor-widget elementor-widget-heading\" data-id=\"d75095f\" data-element_type=\"widget\" data-widget_type=\"heading.default\">\n\t\t\t\t<div class=\"elementor-widget-container\">\n\t\t\t<h5 class=\"elementor-heading-title elementor-size-default\">Grupo 1: 1 - 12 de junio de 2026<\/h5>\t\t<\/div>\n\t\t\t\t<\/div>\n\t\t\t\t<div class=\"elementor-element elementor-element-0aa5e9a elementor-widget elementor-widget-heading\" data-id=\"0aa5e9a\" data-element_type=\"widget\" data-widget_type=\"heading.default\">\n\t\t\t\t<div class=\"elementor-widget-container\">\n\t\t\t<h5 class=\"elementor-heading-title elementor-size-default\">Grupo 2: 22 de junio - 3 de julio de 2026<\/h5>\t\t<\/div>\n\t\t\t\t<\/div>\n\t\t\t\t<div class=\"elementor-element elementor-element-22bdf66 elementor-widget elementor-widget-heading\" data-id=\"22bdf66\" data-element_type=\"widget\" data-widget_type=\"heading.default\">\n\t\t\t\t<div class=\"elementor-widget-container\">\n\t\t\t<h5 class=\"elementor-heading-title elementor-size-default\">Grupo 3: 13 - 24 de julio de 2026<\/h5>\t\t<\/div>\n\t\t\t\t<\/div>\n\t\t\t\t<div class=\"elementor-element elementor-element-7cb5939 elementor-widget elementor-widget-text-editor\" data-id=\"7cb5939\" data-element_type=\"widget\" data-widget_type=\"text-editor.default\">\n\t\t\t\t<div class=\"elementor-widget-container\">\n\t\t\t\t\t\t\t<div class='widget-content'><p>El Taller de Ingenier\u00eda tiene el objetivo de familiarizar a los estudiantes con TODAS LAS \u00c1REAS de ESPECIALIDAD de ingenier\u00eda. De esta manera el estudiante podr\u00e1 definir sus intereses dentro de las variadas oportunidades laborales y profesionales que ofrece la ingenier\u00eda.<\/p><\/div>\t\t\t\t\t\t<\/div>\n\t\t\t\t<\/div>\n\t\t\t\t<div class=\"elementor-element elementor-element-aa64e64 elementor-align-left elementor-widget elementor-widget-button\" data-id=\"aa64e64\" data-element_type=\"widget\" data-widget_type=\"button.default\">\n\t\t\t\t<div class=\"elementor-widget-container\">\n\t\t\t\t\t\t\t<div class=\"elementor-button-wrapper\">\n\t\t\t\t\t<a class=\"elementor-button elementor-button-link elementor-size-sm\" href=\"https:\/\/www.emailmeform.com\/builder\/emf\/Registrocurso\/DesarrolloPreUniPoli?fbclid=IwY2xjawKLESBleHRuA2FlbQIxMABicmlkETFtTEJIV3lhbDBKTUFhOERCAR7zqlxYCrya1Ttg-ARJZ2W5F9eoNuyW4SPEzllBgiZIoSYXQST1LoVEncMPSQ_aem_n2mbDKyuQlqoZmutDxJzGg\">\n\t\t\t\t\t\t<span class=\"elementor-button-content-wrapper\">\n\t\t\t\t\t\t\t\t\t<span class=\"elementor-button-text\">MATRIC\u00daLATE<\/span>\n\t\t\t\t\t<\/span>\n\t\t\t\t\t<\/a>\n\t\t\t\t<\/div>\n\t\t\t\t\t\t<\/div>\n\t\t\t\t<\/div>\n\t\t\t\t\t<\/div>\n\t\t<\/div>\n\t\t\t\t<div class=\"has_eae_slider elementor-column elementor-col-50 elementor-top-column elementor-element elementor-element-b4f85af\" data-id=\"b4f85af\" data-element_type=\"column\">\n\t\t\t<div class=\"elementor-widget-wrap elementor-element-populated\">\n\t\t\t\t\t\t<div class=\"elementor-element elementor-element-d708f06 elementor-widget elementor-widget-image\" data-id=\"d708f06\" data-element_type=\"widget\" data-widget_type=\"image.default\">\n\t\t\t\t<div class=\"elementor-widget-container\">\n\t\t\t\t\t\t\t\t\t\t\t\t\t<img decoding=\"async\" width=\"1224\" height=\"732\" src=\"https:\/\/pupr.edu\/wp-content\/uploads\/2023\/03\/SAM_6609.png\" class=\"attachment-large size-large wp-image-40578\" alt=\"\" srcset=\"https:\/\/pupr.edu\/wp-content\/uploads\/2023\/03\/SAM_6609.png 1224w, https:\/\/pupr.edu\/wp-content\/uploads\/2023\/03\/SAM_6609-768x459.png 768w, https:\/\/pupr.edu\/wp-content\/uploads\/2023\/03\/SAM_6609-24x14.png 24w, https:\/\/pupr.edu\/wp-content\/uploads\/2023\/03\/SAM_6609-36x22.png 36w, https:\/\/pupr.edu\/wp-content\/uploads\/2023\/03\/SAM_6609-48x29.png 48w\" sizes=\"(max-width: 1224px) 100vw, 1224px\" \/>\t\t\t\t\t\t\t\t\t\t\t\t\t<\/div>\n\t\t\t\t<\/div>\n\t\t\t\t\t<\/div>\n\t\t<\/div>\n\t\t\t\t\t<\/div>\n\t\t<\/section>\n\t\t\t\t<section class=\"has_eae_slider elementor-section elementor-top-section elementor-element elementor-element-90b6bde elementor-section-boxed elementor-section-height-default elementor-section-height-default\" data-id=\"90b6bde\" data-element_type=\"section\" data-settings=\"{&quot;background_background&quot;:&quot;classic&quot;}\">\n\t\t\t\t\t\t<div class=\"elementor-container elementor-column-gap-default\">\n\t\t\t\t\t<div class=\"has_eae_slider elementor-column elementor-col-100 elementor-top-column elementor-element elementor-element-31175fc\" data-id=\"31175fc\" data-element_type=\"column\">\n\t\t\t<div class=\"elementor-widget-wrap elementor-element-populated\">\n\t\t\t\t\t\t<section class=\"has_eae_slider elementor-section elementor-inner-section elementor-element elementor-element-d716cff elementor-section-content-middle elementor-section-boxed elementor-section-height-default elementor-section-height-default\" data-id=\"d716cff\" data-element_type=\"section\">\n\t\t\t\t\t\t<div class=\"elementor-container elementor-column-gap-default\">\n\t\t\t\t\t<div class=\"has_eae_slider elementor-column elementor-col-33 elementor-inner-column elementor-element elementor-element-777beb4\" data-id=\"777beb4\" data-element_type=\"column\" data-settings=\"{&quot;background_background&quot;:&quot;classic&quot;}\">\n\t\t\t<div class=\"elementor-widget-wrap elementor-element-populated\">\n\t\t\t\t\t\t<div class=\"elementor-element elementor-element-472f1ea elementor-widget elementor-widget-heading\" data-id=\"472f1ea\" data-element_type=\"widget\" data-widget_type=\"heading.default\">\n\t\t\t\t<div class=\"elementor-widget-container\">\n\t\t\t<h2 class=\"elementor-heading-title elementor-size-default\">Actividades Pr\u00e1cticas<\/h2>\t\t<\/div>\n\t\t\t\t<\/div>\n\t\t\t\t<div class=\"elementor-element elementor-element-b0128ee elementor-widget__width-initial elementor-widget elementor-widget-text-editor\" data-id=\"b0128ee\" data-element_type=\"widget\" data-widget_type=\"text-editor.default\">\n\t\t\t\t<div class=\"elementor-widget-container\">\n\t\t\t\t\t\t\t<div class='widget-content'>Mediante esta actividades los estudiantes tienen contacto con los tipos de pruebas y trabajos t\u00e9cnicos de cada especialidad de ingenier\u00eda.  Tambi\u00e9n tienen contacto con los instrumentos que utilizan los ingenieros (y profesiones relacionadas) para realizar sus trabajos. \n<\/div>\t\t\t\t\t\t<\/div>\n\t\t\t\t<\/div>\n\t\t\t\t\t<\/div>\n\t\t<\/div>\n\t\t\t\t<div class=\"has_eae_slider elementor-column elementor-col-33 elementor-inner-column elementor-element elementor-element-14c2336\" data-id=\"14c2336\" data-element_type=\"column\">\n\t\t\t<div class=\"elementor-widget-wrap\">\n\t\t\t\t\t\t\t<\/div>\n\t\t<\/div>\n\t\t\t\t<div class=\"has_eae_slider elementor-column elementor-col-33 elementor-inner-column elementor-element elementor-element-bbd5845\" data-id=\"bbd5845\" data-element_type=\"column\">\n\t\t\t<div class=\"elementor-widget-wrap elementor-element-populated\">\n\t\t\t\t\t\t<div class=\"elementor-element elementor-element-745c5ee elementor-widget elementor-widget-image\" data-id=\"745c5ee\" data-element_type=\"widget\" data-widget_type=\"image.default\">\n\t\t\t\t<div class=\"elementor-widget-container\">\n\t\t\t\t\t\t\t\t\t\t\t\t\t<img decoding=\"async\" width=\"824\" height=\"598\" src=\"https:\/\/pupr.edu\/wp-content\/uploads\/2023\/03\/20180612_161050-1.png\" class=\"attachment-full size-full wp-image-40585\" alt=\"\" srcset=\"https:\/\/pupr.edu\/wp-content\/uploads\/2023\/03\/20180612_161050-1.png 824w, https:\/\/pupr.edu\/wp-content\/uploads\/2023\/03\/20180612_161050-1-768x557.png 768w, https:\/\/pupr.edu\/wp-content\/uploads\/2023\/03\/20180612_161050-1-24x17.png 24w, https:\/\/pupr.edu\/wp-content\/uploads\/2023\/03\/20180612_161050-1-36x26.png 36w, https:\/\/pupr.edu\/wp-content\/uploads\/2023\/03\/20180612_161050-1-48x35.png 48w\" sizes=\"(max-width: 824px) 100vw, 824px\" \/>\t\t\t\t\t\t\t\t\t\t\t\t\t<\/div>\n\t\t\t\t<\/div>\n\t\t\t\t\t<\/div>\n\t\t<\/div>\n\t\t\t\t\t<\/div>\n\t\t<\/section>\n\t\t\t\t<section class=\"has_eae_slider elementor-section elementor-inner-section elementor-element elementor-element-4a1a5fb elementor-section-content-middle elementor-reverse-mobile elementor-section-boxed elementor-section-height-default elementor-section-height-default\" data-id=\"4a1a5fb\" data-element_type=\"section\">\n\t\t\t\t\t\t<div class=\"elementor-container elementor-column-gap-default\">\n\t\t\t\t\t<div class=\"has_eae_slider elementor-column elementor-col-33 elementor-inner-column elementor-element elementor-element-e6592d5\" data-id=\"e6592d5\" data-element_type=\"column\">\n\t\t\t<div class=\"elementor-widget-wrap elementor-element-populated\">\n\t\t\t\t\t\t<div class=\"elementor-element elementor-element-5404bfc elementor-widget elementor-widget-image\" data-id=\"5404bfc\" data-element_type=\"widget\" data-widget_type=\"image.default\">\n\t\t\t\t<div class=\"elementor-widget-container\">\n\t\t\t\t\t\t\t\t\t\t\t\t\t<img loading=\"lazy\" decoding=\"async\" width=\"876\" height=\"650\" src=\"https:\/\/pupr.edu\/wp-content\/uploads\/2023\/03\/Dos-Bocas-5.png\" class=\"attachment-full size-full wp-image-40587\" alt=\"\" srcset=\"https:\/\/pupr.edu\/wp-content\/uploads\/2023\/03\/Dos-Bocas-5.png 876w, https:\/\/pupr.edu\/wp-content\/uploads\/2023\/03\/Dos-Bocas-5-768x570.png 768w, https:\/\/pupr.edu\/wp-content\/uploads\/2023\/03\/Dos-Bocas-5-24x18.png 24w, https:\/\/pupr.edu\/wp-content\/uploads\/2023\/03\/Dos-Bocas-5-36x27.png 36w, https:\/\/pupr.edu\/wp-content\/uploads\/2023\/03\/Dos-Bocas-5-48x36.png 48w\" sizes=\"(max-width: 876px) 100vw, 876px\" \/>\t\t\t\t\t\t\t\t\t\t\t\t\t<\/div>\n\t\t\t\t<\/div>\n\t\t\t\t\t<\/div>\n\t\t<\/div>\n\t\t\t\t<div class=\"has_eae_slider elementor-column elementor-col-33 elementor-inner-column elementor-element elementor-element-530f90f\" data-id=\"530f90f\" data-element_type=\"column\">\n\t\t\t<div class=\"elementor-widget-wrap\">\n\t\t\t\t\t\t\t<\/div>\n\t\t<\/div>\n\t\t\t\t<div class=\"has_eae_slider elementor-column elementor-col-33 elementor-inner-column elementor-element elementor-element-7a5fa5b\" data-id=\"7a5fa5b\" data-element_type=\"column\" data-settings=\"{&quot;background_background&quot;:&quot;classic&quot;}\">\n\t\t\t<div class=\"elementor-widget-wrap elementor-element-populated\">\n\t\t\t\t\t\t<div class=\"elementor-element elementor-element-31b96e0 elementor-widget elementor-widget-heading\" data-id=\"31b96e0\" data-element_type=\"widget\" data-widget_type=\"heading.default\">\n\t\t\t\t<div class=\"elementor-widget-container\">\n\t\t\t<h2 class=\"elementor-heading-title elementor-size-default\">Giras a la Industria<\/h2>\t\t<\/div>\n\t\t\t\t<\/div>\n\t\t\t\t<div class=\"elementor-element elementor-element-1eb408a elementor-widget__width-initial elementor-widget elementor-widget-text-editor\" data-id=\"1eb408a\" data-element_type=\"widget\" data-widget_type=\"text-editor.default\">\n\t\t\t\t<div class=\"elementor-widget-container\">\n\t\t\t\t\t\t\t<div class='widget-content'>En las Giras a la Industria tienen contacto con los ambientes de trabajo y sus din\u00e1micas. Conocen de proyectos de envergadura para el desarrollo del pa\u00eds. \n<\/div>\t\t\t\t\t\t<\/div>\n\t\t\t\t<\/div>\n\t\t\t\t\t<\/div>\n\t\t<\/div>\n\t\t\t\t\t<\/div>\n\t\t<\/section>\n\t\t\t\t<section class=\"has_eae_slider elementor-section elementor-inner-section elementor-element elementor-element-6b21042 elementor-section-content-middle elementor-section-boxed elementor-section-height-default elementor-section-height-default\" data-id=\"6b21042\" data-element_type=\"section\">\n\t\t\t\t\t\t<div class=\"elementor-container elementor-column-gap-default\">\n\t\t\t\t\t<div class=\"has_eae_slider elementor-column elementor-col-33 elementor-inner-column elementor-element elementor-element-f8da6f7\" data-id=\"f8da6f7\" data-element_type=\"column\" data-settings=\"{&quot;background_background&quot;:&quot;classic&quot;}\">\n\t\t\t<div class=\"elementor-widget-wrap elementor-element-populated\">\n\t\t\t\t\t\t<div class=\"elementor-element elementor-element-412749a elementor-widget elementor-widget-heading\" data-id=\"412749a\" data-element_type=\"widget\" data-widget_type=\"heading.default\">\n\t\t\t\t<div class=\"elementor-widget-container\">\n\t\t\t<h2 class=\"elementor-heading-title elementor-size-default\">Charlas Especiales<\/h2>\t\t<\/div>\n\t\t\t\t<\/div>\n\t\t\t\t<div class=\"elementor-element elementor-element-91e4305 elementor-widget__width-initial elementor-widget elementor-widget-text-editor\" data-id=\"91e4305\" data-element_type=\"widget\" data-widget_type=\"text-editor.default\">\n\t\t\t\t<div class=\"elementor-widget-container\">\n\t\t\t\t\t\t\t<div class='widget-content'>Mediante las charlas especiales se exploran t\u00f3picos importantes para futuros profesionales de la ingenier\u00eda. Tambi\u00e9n desarrollan capacidades necesarias para enfrentar los programas acad\u00e9micos.  Tambi\u00e9n tienen contacto con Egresados\/Alumni &#038; l\u00edderes de la industria que les hablan de sus experiencias de \u00e9xito.      \n<\/div>\t\t\t\t\t\t<\/div>\n\t\t\t\t<\/div>\n\t\t\t\t\t<\/div>\n\t\t<\/div>\n\t\t\t\t<div class=\"has_eae_slider elementor-column elementor-col-33 elementor-inner-column elementor-element elementor-element-af315af\" data-id=\"af315af\" data-element_type=\"column\">\n\t\t\t<div class=\"elementor-widget-wrap\">\n\t\t\t\t\t\t\t<\/div>\n\t\t<\/div>\n\t\t\t\t<div class=\"has_eae_slider elementor-column elementor-col-33 elementor-inner-column elementor-element elementor-element-276c643\" data-id=\"276c643\" data-element_type=\"column\">\n\t\t\t<div class=\"elementor-widget-wrap elementor-element-populated\">\n\t\t\t\t\t\t<div class=\"elementor-element elementor-element-89afd60 elementor-widget elementor-widget-image\" data-id=\"89afd60\" data-element_type=\"widget\" data-widget_type=\"image.default\">\n\t\t\t\t<div class=\"elementor-widget-container\">\n\t\t\t\t\t\t\t\t\t\t\t\t\t<img loading=\"lazy\" decoding=\"async\" width=\"876\" height=\"650\" src=\"https:\/\/pupr.edu\/wp-content\/uploads\/2023\/03\/20220802_103926.png\" class=\"attachment-full size-full wp-image-40588\" alt=\"\" srcset=\"https:\/\/pupr.edu\/wp-content\/uploads\/2023\/03\/20220802_103926.png 876w, https:\/\/pupr.edu\/wp-content\/uploads\/2023\/03\/20220802_103926-768x570.png 768w, https:\/\/pupr.edu\/wp-content\/uploads\/2023\/03\/20220802_103926-24x18.png 24w, https:\/\/pupr.edu\/wp-content\/uploads\/2023\/03\/20220802_103926-36x27.png 36w, https:\/\/pupr.edu\/wp-content\/uploads\/2023\/03\/20220802_103926-48x36.png 48w\" sizes=\"(max-width: 876px) 100vw, 876px\" \/>\t\t\t\t\t\t\t\t\t\t\t\t\t<\/div>\n\t\t\t\t<\/div>\n\t\t\t\t\t<\/div>\n\t\t<\/div>\n\t\t\t\t\t<\/div>\n\t\t<\/section>\n\t\t\t\t\t<\/div>\n\t\t<\/div>\n\t\t\t\t\t<\/div>\n\t\t<\/section>\n\t\t\t\t<section class=\"has_eae_slider elementor-section elementor-top-section elementor-element elementor-element-7358442 pre_about_sec elementor-section-boxed elementor-section-height-default elementor-section-height-default\" data-id=\"7358442\" data-element_type=\"section\" data-settings=\"{&quot;background_background&quot;:&quot;classic&quot;}\">\n\t\t\t\t\t\t\t<div class=\"elementor-background-overlay\"><\/div>\n\t\t\t\t\t\t\t<div class=\"elementor-container elementor-column-gap-default\">\n\t\t\t\t\t<div class=\"has_eae_slider elementor-column elementor-col-100 elementor-top-column elementor-element elementor-element-084f7c9\" data-id=\"084f7c9\" data-element_type=\"column\">\n\t\t\t<div class=\"elementor-widget-wrap elementor-element-populated\">\n\t\t\t\t\t\t<section class=\"has_eae_slider elementor-section elementor-inner-section elementor-element elementor-element-071208f elementor-section-content-middle elementor-section-boxed elementor-section-height-default elementor-section-height-default\" data-id=\"071208f\" data-element_type=\"section\">\n\t\t\t\t\t\t<div class=\"elementor-container elementor-column-gap-default\">\n\t\t\t\t\t<div class=\"has_eae_slider elementor-column elementor-col-50 elementor-inner-column elementor-element elementor-element-ccaf0d8\" data-id=\"ccaf0d8\" data-element_type=\"column\">\n\t\t\t<div class=\"elementor-widget-wrap elementor-element-populated\">\n\t\t\t\t\t\t<div class=\"elementor-element elementor-element-d02e963 elementor-widget elementor-widget-heading\" data-id=\"d02e963\" data-element_type=\"widget\" data-widget_type=\"heading.default\">\n\t\t\t\t<div class=\"elementor-widget-container\">\n\t\t\t<h2 class=\"elementor-heading-title elementor-size-default\">SOBRE LA<\/h2>\t\t<\/div>\n\t\t\t\t<\/div>\n\t\t\t\t<div class=\"elementor-element elementor-element-6e8afee elementor-widget elementor-widget-heading\" data-id=\"6e8afee\" data-element_type=\"widget\" data-widget_type=\"heading.default\">\n\t\t\t\t<div class=\"elementor-widget-container\">\n\t\t\t<h2 class=\"elementor-heading-title elementor-size-default\">Universidad Polit\u00e9cnica \nde Puerto Rico<\/h2>\t\t<\/div>\n\t\t\t\t<\/div>\n\t\t\t\t<div class=\"elementor-element elementor-element-0e0b536 elementor-widget elementor-widget-text-editor\" data-id=\"0e0b536\" data-element_type=\"widget\" data-widget_type=\"text-editor.default\">\n\t\t\t\t<div class=\"elementor-widget-container\">\n\t\t\t\t\t\t\t<div class='widget-content'>\u00danete a #LaPoliPR y comienza a estudiar una carrera especializada en Ingenier\u00eda, Arquitectura o Administraci\u00f3n de Empresas. Potencia al m\u00e1ximo tus capacidades uni\u00e9ndote a #LaPoliPR, donde encontrar\u00e1s una facultad acad\u00e9mica altamente capacitada, excelentes programas acad\u00e9micos, herramientas y recursos que fortalecer\u00e1n tu formaci\u00f3n y modernas instalaciones tecnol\u00f3gicas. Ofrecemos clases presenciales, virtuales e h\u00edbridas que se ajustan a ti. \u00a1Eleva Tus Aspiraciones!<\/div>\t\t\t\t\t\t<\/div>\n\t\t\t\t<\/div>\n\t\t\t\t\t<\/div>\n\t\t<\/div>\n\t\t\t\t<div class=\"has_eae_slider elementor-column elementor-col-50 elementor-inner-column elementor-element elementor-element-98f249f\" data-id=\"98f249f\" data-element_type=\"column\">\n\t\t\t<div class=\"elementor-widget-wrap\">\n\t\t\t\t\t\t\t<\/div>\n\t\t<\/div>\n\t\t\t\t\t<\/div>\n\t\t<\/section>\n\t\t\t\t\t<\/div>\n\t\t<\/div>\n\t\t\t\t\t<\/div>\n\t\t<\/section>\n\t\t\t\t<\/div>","protected":false},"excerpt":{"rendered":"Grupo 1: 1 &#8211; 12 de junio de 2026 Grupo 2: 22 de junio &#8211; 3 de julio de 2026 Grupo 3: 13 &#8211; 24 de julio de 2026 El Taller de Ingenier\u00eda tiene el objetivo de familiarizar a los estudiantes con TODAS LAS \u00c1REAS de ESPECIALIDAD de ingenier\u00eda. De esta manera el estudiante podr\u00e1 [&hellip;]","protected":false},"author":14,"featured_media":0,"parent":0,"menu_order":204,"comment_status":"closed","ping_status":"closed","template":"template-preuniversitario.php","meta":{"_acf_changed":false,"inline_featured_image":false,"_monsterinsights_skip_tracking":false,"_monsterinsights_sitenote_active":false,"_monsterinsights_sitenote_note":"","_monsterinsights_sitenote_category":0,"ngg_post_thumbnail":0,"footnotes":""},"program-categories":[],"degree-categories":[],"class_list":["post-40574","page","type-page","status-publish","hentry"],"acf":[],"_links":{"self":[{"href":"https:\/\/pupr.edu\/es\/wp-json\/wp\/v2\/pages\/40574","targetHints":{"allow":["GET"]}}],"collection":[{"href":"https:\/\/pupr.edu\/es\/wp-json\/wp\/v2\/pages"}],"about":[{"href":"https:\/\/pupr.edu\/es\/wp-json\/wp\/v2\/types\/page"}],"author":[{"embeddable":true,"href":"https:\/\/pupr.edu\/es\/wp-json\/wp\/v2\/users\/14"}],"replies":[{"embeddable":true,"href":"https:\/\/pupr.edu\/es\/wp-json\/wp\/v2\/comments?post=40574"}],"version-history":[{"count":52,"href":"https:\/\/pupr.edu\/es\/wp-json\/wp\/v2\/pages\/40574\/revisions"}],"predecessor-version":[{"id":74720,"href":"https:\/\/pupr.edu\/es\/wp-json\/wp\/v2\/pages\/40574\/revisions\/74720"}],"wp:attachment":[{"href":"https:\/\/pupr.edu\/es\/wp-json\/wp\/v2\/media?parent=40574"}],"wp:term":[{"taxonomy":"program-categories","embeddable":true,"href":"https:\/\/pupr.edu\/es\/wp-json\/wp\/v2\/program-categories?post=40574"},{"taxonomy":"degree-categories","embeddable":true,"href":"https:\/\/pupr.edu\/es\/wp-json\/wp\/v2\/degree-categories?post=40574"}],"curies":[{"name":"wp","href":"https:\/\/api.w.org\/{rel}","templated":true}]}}