{"id":40664,"date":"2023-03-28T20:16:10","date_gmt":"2023-03-29T00:16:10","guid":{"rendered":"https:\/\/www.pupr.edu\/?page_id=40664"},"modified":"2024-04-19T01:56:09","modified_gmt":"2024-04-19T05:56:09","slug":"2022-certifications","status":"publish","type":"page","link":"https:\/\/pupr.edu\/es\/about\/council\/2022-certifications\/","title":{"rendered":"2022 Certifications"},"content":{"rendered":"<table class=\"tftable\" border=\"1\">\n<tbody>\n<tr>\n<td width=\"131\"><strong>Certificaci\u00f3n<\/strong><\/td>\n<td width=\"732\"><strong>Descripci\u00f3n<\/strong><\/td>\n<\/tr>\n<tr>\n<td width=\"131\">&nbsp;<a href=\"https:\/\/www.pupr.edu\/wp-content\/uploads\/2023\/03\/CA-01-22.pdf\" target=\"_blank\" rel=\"noopener noreferrer\">CA # 01-22<\/a><\/td>\n<td width=\"732\">Creaci\u00f3n de nuevos cursos electivos t\u00e9cnicos para los programas de BSEE, BSCpE, BSCS<\/td>\n<\/tr>\n<tr>\n<td width=\"131\">&nbsp;<a href=\"https:\/\/www.pupr.edu\/wp-content\/uploads\/2023\/03\/CA-02-22.pdf\" target=\"_blank\" rel=\"noopener noreferrer\">CA # 02-22<\/a><\/td>\n<td>Creaci\u00f3n de nuevo curso t\u00e9cnico EE-3614<\/td>\n<\/tr>\n<tr>\n<td width=\"131\">&nbsp;<a href=\"https:\/\/www.pupr.edu\/wp-content\/uploads\/2023\/03\/CA-03-22.pdf\" target=\"_blank\" rel=\"noopener noreferrer\">CA # 03-22<\/a><\/td>\n<td width=\"732\">Cambios en secuencia curricular de en el \u00c1rea de Recursos de Agua en los Programas de Bachillerato en Ciencias en Ingenier\u00eda Civil y Bachillerato en Ciencias en Ingenier\u00eda Ambiental<\/td>\n<\/tr>\n<tr>\n<td width=\"131\">&nbsp;<a href=\"https:\/\/www.pupr.edu\/wp-content\/uploads\/2023\/03\/CA-04-22.pdf\" target=\"_blank\" rel=\"noopener noreferrer\">CA # 04-22<\/a><\/td>\n<td width=\"732\">Aprobaci\u00f3n de programas por la Junta de Instituciones Postsecundarias: Bachillerato en Ciencias en Ingenier\u00eda Biom\u00e9dica, Bachillerato en Ciencias en Ingenier\u00eda Industrial y Bachillerato en Ciencias en Computadoras<\/td>\n<\/tr>\n<\/tbody>\n<\/table>","protected":false},"excerpt":{"rendered":"Certificaci\u00f3n Descripci\u00f3n &nbsp;CA # 01-22 Creaci\u00f3n de nuevos cursos electivos t\u00e9cnicos para los programas de BSEE, BSCpE, BSCS &nbsp;CA # 02-22 Creaci\u00f3n de nuevo curso t\u00e9cnico EE-3614 &nbsp;CA # 03-22 Cambios en secuencia curricular de en el \u00c1rea de Recursos de Agua en los Programas de Bachillerato en Ciencias en Ingenier\u00eda Civil y Bachillerato en [&hellip;]","protected":false},"author":14,"featured_media":0,"parent":43651,"menu_order":0,"comment_status":"closed","ping_status":"closed","template":"template-about-certification.php","meta":{"_acf_changed":false,"inline_featured_image":false,"_monsterinsights_skip_tracking":false,"_monsterinsights_sitenote_active":false,"_monsterinsights_sitenote_note":"","_monsterinsights_sitenote_category":0,"ngg_post_thumbnail":0,"footnotes":""},"program-categories":[],"degree-categories":[],"class_list":["post-40664","page","type-page","status-publish","hentry"],"acf":[],"_links":{"self":[{"href":"https:\/\/pupr.edu\/es\/wp-json\/wp\/v2\/pages\/40664","targetHints":{"allow":["GET"]}}],"collection":[{"href":"https:\/\/pupr.edu\/es\/wp-json\/wp\/v2\/pages"}],"about":[{"href":"https:\/\/pupr.edu\/es\/wp-json\/wp\/v2\/types\/page"}],"author":[{"embeddable":true,"href":"https:\/\/pupr.edu\/es\/wp-json\/wp\/v2\/users\/14"}],"replies":[{"embeddable":true,"href":"https:\/\/pupr.edu\/es\/wp-json\/wp\/v2\/comments?post=40664"}],"version-history":[{"count":2,"href":"https:\/\/pupr.edu\/es\/wp-json\/wp\/v2\/pages\/40664\/revisions"}],"predecessor-version":[{"id":40666,"href":"https:\/\/pupr.edu\/es\/wp-json\/wp\/v2\/pages\/40664\/revisions\/40666"}],"up":[{"embeddable":true,"href":"https:\/\/pupr.edu\/es\/wp-json\/wp\/v2\/pages\/43651"}],"wp:attachment":[{"href":"https:\/\/pupr.edu\/es\/wp-json\/wp\/v2\/media?parent=40664"}],"wp:term":[{"taxonomy":"program-categories","embeddable":true,"href":"https:\/\/pupr.edu\/es\/wp-json\/wp\/v2\/program-categories?post=40664"},{"taxonomy":"degree-categories","embeddable":true,"href":"https:\/\/pupr.edu\/es\/wp-json\/wp\/v2\/degree-categories?post=40664"}],"curies":[{"name":"wp","href":"https:\/\/api.w.org\/{rel}","templated":true}]}}