{"id":43446,"date":"2023-05-30T09:28:19","date_gmt":"2023-05-30T13:28:19","guid":{"rendered":"https:\/\/www.pupr.edu\/?page_id=43446"},"modified":"2025-12-16T20:23:31","modified_gmt":"2025-12-17T00:23:31","slug":"board-of-trustees","status":"publish","type":"page","link":"https:\/\/pupr.edu\/es\/about\/board-of-trustees\/","title":{"rendered":"Board of Trustees"},"content":{"rendered":"<div data-elementor-type=\"wp-page\" data-elementor-id=\"43446\" class=\"elementor elementor-43446\" data-elementor-post-type=\"page\">\n\t\t\t\t\t\t<section class=\"has_eae_slider elementor-section elementor-top-section elementor-element elementor-element-7473a8d elementor-section-height-min-height elementor-section-boxed elementor-section-height-default elementor-section-items-middle\" data-id=\"7473a8d\" data-element_type=\"section\" data-settings=\"{&quot;background_background&quot;:&quot;classic&quot;}\">\n\t\t\t\t\t\t\t<div class=\"elementor-background-overlay\"><\/div>\n\t\t\t\t\t\t\t<div class=\"elementor-container elementor-column-gap-default\">\n\t\t\t\t\t<div class=\"has_eae_slider elementor-column elementor-col-100 elementor-top-column elementor-element elementor-element-84fa7b7\" data-id=\"84fa7b7\" data-element_type=\"column\">\n\t\t\t<div class=\"elementor-widget-wrap elementor-element-populated\">\n\t\t\t\t\t\t<div class=\"elementor-element elementor-element-4a1fd77 elementor-widget elementor-widget-heading\" data-id=\"4a1fd77\" data-element_type=\"widget\" data-widget_type=\"heading.default\">\n\t\t\t\t<div class=\"elementor-widget-container\">\n\t\t\t<h2 class=\"elementor-heading-title elementor-size-default\">Board of Trustees\n<\/h2>\t\t<\/div>\n\t\t\t\t<\/div>\n\t\t\t\t\t<\/div>\n\t\t<\/div>\n\t\t\t\t\t<\/div>\n\t\t<\/section>\n\t\t\t\t<section class=\"has_eae_slider elementor-section elementor-top-section elementor-element elementor-element-31d0ad2 elementor-section-boxed elementor-section-height-default elementor-section-height-default\" data-id=\"31d0ad2\" data-element_type=\"section\">\n\t\t\t\t\t\t<div class=\"elementor-container elementor-column-gap-default\">\n\t\t\t\t\t<div class=\"has_eae_slider elementor-column elementor-col-33 elementor-top-column elementor-element elementor-element-b7a0c8b\" data-id=\"b7a0c8b\" data-element_type=\"column\">\n\t\t\t<div class=\"elementor-widget-wrap elementor-element-populated\">\n\t\t\t\t\t\t<div class=\"elementor-element elementor-element-96b342a trustee_boxs elementor-position-top elementor-widget elementor-widget-image-box\" data-id=\"96b342a\" data-element_type=\"widget\" data-widget_type=\"image-box.default\">\n\t\t\t\t<div class=\"elementor-widget-container\">\n\t\t\t<div class=\"elementor-image-box-wrapper\"><figure class=\"elementor-image-box-img\"><img decoding=\"async\" src=\"https:\/\/www.pupr.edu\/wp-content\/uploads\/2022\/03\/Poli-119.jpg\" title=\"\" alt=\"\" loading=\"lazy\" \/><\/figure><div class=\"elementor-image-box-content\"><h3 class=\"elementor-image-box-title\">Francisco J. Mart\u00ednez Ubarri, Eng.<\/h3><p class=\"elementor-image-box-description\">Chairman<\/p><\/div><\/div>\t\t<\/div>\n\t\t\t\t<\/div>\n\t\t\t\t\t<\/div>\n\t\t<\/div>\n\t\t\t\t<div class=\"has_eae_slider elementor-column elementor-col-33 elementor-top-column elementor-element elementor-element-29a0d3c\" data-id=\"29a0d3c\" data-element_type=\"column\">\n\t\t\t<div class=\"elementor-widget-wrap elementor-element-populated\">\n\t\t\t\t\t\t<div class=\"elementor-element elementor-element-5e3d978 trustee_boxs elementor-position-top elementor-widget elementor-widget-image-box\" data-id=\"5e3d978\" data-element_type=\"widget\" data-widget_type=\"image-box.default\">\n\t\t\t\t<div class=\"elementor-widget-container\">\n\t\t\t<div class=\"elementor-image-box-wrapper\"><figure class=\"elementor-image-box-img\"><img decoding=\"async\" src=\"https:\/\/www.pupr.edu\/wp-content\/uploads\/2022\/03\/Poli-089.jpg\" title=\"\" alt=\"\" loading=\"lazy\" \/><\/figure><div class=\"elementor-image-box-content\"><h3 class=\"elementor-image-box-title\">Ricardo Lefranc Morales, Arch.<\/h3><p class=\"elementor-image-box-description\">Vice Chairman<\/p><\/div><\/div>\t\t<\/div>\n\t\t\t\t<\/div>\n\t\t\t\t\t<\/div>\n\t\t<\/div>\n\t\t\t\t<div class=\"has_eae_slider elementor-column elementor-col-33 elementor-top-column elementor-element elementor-element-f590001\" data-id=\"f590001\" data-element_type=\"column\">\n\t\t\t<div class=\"elementor-widget-wrap elementor-element-populated\">\n\t\t\t\t\t\t<div class=\"elementor-element elementor-element-23fd46a trustee_boxs elementor-position-top elementor-widget elementor-widget-image-box\" data-id=\"23fd46a\" data-element_type=\"widget\" data-widget_type=\"image-box.default\">\n\t\t\t\t<div class=\"elementor-widget-container\">\n\t\t\t<div class=\"elementor-image-box-wrapper\"><figure class=\"elementor-image-box-img\"><img decoding=\"async\" src=\"https:\/\/www.pupr.edu\/wp-content\/uploads\/2022\/03\/Poli-138.jpg\" title=\"\" alt=\"\" loading=\"lazy\" \/><\/figure><div class=\"elementor-image-box-content\"><h3 class=\"elementor-image-box-title\">Vanessa M. Mullet S\u00e1nchez, Esq.<\/h3><p class=\"elementor-image-box-description\">Secretary<\/p><\/div><\/div>\t\t<\/div>\n\t\t\t\t<\/div>\n\t\t\t\t\t<\/div>\n\t\t<\/div>\n\t\t\t\t\t<\/div>\n\t\t<\/section>\n\t\t\t\t<section class=\"has_eae_slider elementor-section elementor-top-section elementor-element elementor-element-466e866 elementor-section-boxed elementor-section-height-default elementor-section-height-default\" data-id=\"466e866\" data-element_type=\"section\">\n\t\t\t\t\t\t<div class=\"elementor-container elementor-column-gap-default\">\n\t\t\t\t\t<div class=\"has_eae_slider elementor-column elementor-col-33 elementor-top-column elementor-element elementor-element-cc6c66c\" data-id=\"cc6c66c\" data-element_type=\"column\">\n\t\t\t<div class=\"elementor-widget-wrap elementor-element-populated\">\n\t\t\t\t\t\t<div class=\"elementor-element elementor-element-0fdde43 trustee_boxs elementor-position-top elementor-widget elementor-widget-image-box\" data-id=\"0fdde43\" data-element_type=\"widget\" data-widget_type=\"image-box.default\">\n\t\t\t\t<div class=\"elementor-widget-container\">\n\t\t\t<div class=\"elementor-image-box-wrapper\"><figure class=\"elementor-image-box-img\"><img decoding=\"async\" src=\"https:\/\/www.pupr.edu\/wp-content\/uploads\/2022\/03\/Poli-175.jpg\" title=\"\" alt=\"\" loading=\"lazy\" \/><\/figure><div class=\"elementor-image-box-content\"><h3 class=\"elementor-image-box-title\">Luis Fullana Morales, BS in Agronomy<\/h3><p class=\"elementor-image-box-description\">Trustee<\/p><\/div><\/div>\t\t<\/div>\n\t\t\t\t<\/div>\n\t\t\t\t\t<\/div>\n\t\t<\/div>\n\t\t\t\t<div class=\"has_eae_slider elementor-column elementor-col-33 elementor-top-column elementor-element elementor-element-ae68ff5\" data-id=\"ae68ff5\" data-element_type=\"column\">\n\t\t\t<div class=\"elementor-widget-wrap elementor-element-populated\">\n\t\t\t\t\t\t<div class=\"elementor-element elementor-element-596b66a trustee_boxs elementor-position-top elementor-widget elementor-widget-image-box\" data-id=\"596b66a\" data-element_type=\"widget\" data-widget_type=\"image-box.default\">\n\t\t\t\t<div class=\"elementor-widget-container\">\n\t\t\t<div class=\"elementor-image-box-wrapper\"><figure class=\"elementor-image-box-img\"><img fetchpriority=\"high\" decoding=\"async\" width=\"2000\" height=\"2560\" src=\"https:\/\/pupr.edu\/wp-content\/uploads\/2023\/06\/Poli-155-scaled.jpg\" class=\"attachment-full size-full wp-image-45292\" alt=\"\" srcset=\"https:\/\/pupr.edu\/wp-content\/uploads\/2023\/06\/Poli-155-scaled.jpg 2000w, https:\/\/pupr.edu\/wp-content\/uploads\/2023\/06\/Poli-155-768x983.jpg 768w, https:\/\/pupr.edu\/wp-content\/uploads\/2023\/06\/Poli-155-1200x1536.jpg 1200w, https:\/\/pupr.edu\/wp-content\/uploads\/2023\/06\/Poli-155-9x12.jpg 9w, https:\/\/pupr.edu\/wp-content\/uploads\/2023\/06\/Poli-155-19x24.jpg 19w, https:\/\/pupr.edu\/wp-content\/uploads\/2023\/06\/Poli-155-28x36.jpg 28w, https:\/\/pupr.edu\/wp-content\/uploads\/2023\/06\/Poli-155-38x48.jpg 38w\" sizes=\"(max-width: 2000px) 100vw, 2000px\" \/><\/figure><div class=\"elementor-image-box-content\"><h3 class=\"elementor-image-box-title\">Luis E. Gonz\u00e1lez Cognet, MD<\/h3><p class=\"elementor-image-box-description\">Trustee<\/p><\/div><\/div>\t\t<\/div>\n\t\t\t\t<\/div>\n\t\t\t\t\t<\/div>\n\t\t<\/div>\n\t\t\t\t<div class=\"has_eae_slider elementor-column elementor-col-33 elementor-top-column elementor-element elementor-element-42d1a8a\" data-id=\"42d1a8a\" data-element_type=\"column\">\n\t\t\t<div class=\"elementor-widget-wrap elementor-element-populated\">\n\t\t\t\t\t\t<div class=\"elementor-element elementor-element-8531a62 trustee_boxs elementor-position-top elementor-widget elementor-widget-image-box\" data-id=\"8531a62\" data-element_type=\"widget\" data-widget_type=\"image-box.default\">\n\t\t\t\t<div class=\"elementor-widget-container\">\n\t\t\t<div class=\"elementor-image-box-wrapper\"><figure class=\"elementor-image-box-img\"><img decoding=\"async\" width=\"1871\" height=\"2560\" src=\"https:\/\/pupr.edu\/wp-content\/uploads\/2025\/12\/Poli-182-scaled.jpg\" class=\"attachment-full size-full wp-image-74622\" alt=\"\" srcset=\"https:\/\/pupr.edu\/wp-content\/uploads\/2025\/12\/Poli-182-scaled.jpg 1871w, https:\/\/pupr.edu\/wp-content\/uploads\/2025\/12\/Poli-182-768x1051.jpg 768w, https:\/\/pupr.edu\/wp-content\/uploads\/2025\/12\/Poli-182-1123x1536.jpg 1123w, https:\/\/pupr.edu\/wp-content\/uploads\/2025\/12\/Poli-182-1497x2048.jpg 1497w, https:\/\/pupr.edu\/wp-content\/uploads\/2025\/12\/Poli-182-9x12.jpg 9w, https:\/\/pupr.edu\/wp-content\/uploads\/2025\/12\/Poli-182-18x24.jpg 18w, https:\/\/pupr.edu\/wp-content\/uploads\/2025\/12\/Poli-182-26x36.jpg 26w, https:\/\/pupr.edu\/wp-content\/uploads\/2025\/12\/Poli-182-35x48.jpg 35w\" sizes=\"(max-width: 1871px) 100vw, 1871px\" \/><\/figure><div class=\"elementor-image-box-content\"><h3 class=\"elementor-image-box-title\">Rafael E. Mullet S\u00e1nchez, Esq.<\/h3><p class=\"elementor-image-box-description\">Treasurer<\/p><\/div><\/div>\t\t<\/div>\n\t\t\t\t<\/div>\n\t\t\t\t\t<\/div>\n\t\t<\/div>\n\t\t\t\t\t<\/div>\n\t\t<\/section>\n\t\t\t\t<section class=\"has_eae_slider elementor-section elementor-top-section elementor-element elementor-element-faeee2b elementor-section-boxed elementor-section-height-default elementor-section-height-default\" data-id=\"faeee2b\" data-element_type=\"section\">\n\t\t\t\t\t\t<div class=\"elementor-container elementor-column-gap-default\">\n\t\t\t\t\t<div class=\"has_eae_slider elementor-column elementor-col-33 elementor-top-column elementor-element elementor-element-6167a4d\" data-id=\"6167a4d\" data-element_type=\"column\">\n\t\t\t<div class=\"elementor-widget-wrap elementor-element-populated\">\n\t\t\t\t\t\t<div class=\"elementor-element elementor-element-936d5c0 trustee_boxs elementor-position-top elementor-widget elementor-widget-image-box\" data-id=\"936d5c0\" data-element_type=\"widget\" data-widget_type=\"image-box.default\">\n\t\t\t\t<div class=\"elementor-widget-container\">\n\t\t\t<div class=\"elementor-image-box-wrapper\"><figure class=\"elementor-image-box-img\"><img decoding=\"async\" src=\"https:\/\/www.pupr.edu\/wp-content\/uploads\/2022\/03\/Poli-003.jpg\" title=\"\" alt=\"\" loading=\"lazy\" \/><\/figure><div class=\"elementor-image-box-content\"><h3 class=\"elementor-image-box-title\">Ernesto R. V\u00e1zquez Mart\u00ednez, BSIE, MBA<\/h3><p class=\"elementor-image-box-description\">Ex Officio\n<\/p><\/div><\/div>\t\t<\/div>\n\t\t\t\t<\/div>\n\t\t\t\t\t<\/div>\n\t\t<\/div>\n\t\t\t\t<div class=\"has_eae_slider elementor-column elementor-col-33 elementor-top-column elementor-element elementor-element-a2451ca\" data-id=\"a2451ca\" data-element_type=\"column\">\n\t\t\t<div class=\"elementor-widget-wrap elementor-element-populated\">\n\t\t\t\t\t\t<div class=\"elementor-element elementor-element-28a8f79 trustee_boxs elementor-position-top elementor-widget elementor-widget-image-box\" data-id=\"28a8f79\" data-element_type=\"widget\" data-widget_type=\"image-box.default\">\n\t\t\t\t<div class=\"elementor-widget-container\">\n\t\t\t<div class=\"elementor-image-box-wrapper\"><figure class=\"elementor-image-box-img\"><img decoding=\"async\" src=\"https:\/\/www.pupr.edu\/wp-content\/uploads\/2022\/03\/Poli-115.jpg\" title=\"\" alt=\"\" loading=\"lazy\" \/><\/figure><div class=\"elementor-image-box-content\"><h3 class=\"elementor-image-box-title\">Mar\u00eda M. Mel\u00e9ndez Ramos, PhD<\/h3><p class=\"elementor-image-box-description\">Trustee<\/p><\/div><\/div>\t\t<\/div>\n\t\t\t\t<\/div>\n\t\t\t\t\t<\/div>\n\t\t<\/div>\n\t\t\t\t<div class=\"has_eae_slider elementor-column elementor-col-33 elementor-top-column elementor-element elementor-element-a9a70b4\" data-id=\"a9a70b4\" data-element_type=\"column\">\n\t\t\t<div class=\"elementor-widget-wrap elementor-element-populated\">\n\t\t\t\t\t\t<div class=\"elementor-element elementor-element-e39b41a trustee_boxs elementor-position-top elementor-widget elementor-widget-image-box\" data-id=\"e39b41a\" data-element_type=\"widget\" data-widget_type=\"image-box.default\">\n\t\t\t\t<div class=\"elementor-widget-container\">\n\t\t\t<div class=\"elementor-image-box-wrapper\"><figure class=\"elementor-image-box-img\"><img decoding=\"async\" width=\"462\" height=\"911\" src=\"https:\/\/pupr.edu\/wp-content\/uploads\/2025\/12\/Ing-Angel-Gonzalez-Castro.jpg\" class=\"attachment-full size-full wp-image-74471\" alt=\"\" srcset=\"https:\/\/pupr.edu\/wp-content\/uploads\/2025\/12\/Ing-Angel-Gonzalez-Castro.jpg 462w, https:\/\/pupr.edu\/wp-content\/uploads\/2025\/12\/Ing-Angel-Gonzalez-Castro-6x12.jpg 6w, https:\/\/pupr.edu\/wp-content\/uploads\/2025\/12\/Ing-Angel-Gonzalez-Castro-12x24.jpg 12w, https:\/\/pupr.edu\/wp-content\/uploads\/2025\/12\/Ing-Angel-Gonzalez-Castro-18x36.jpg 18w, https:\/\/pupr.edu\/wp-content\/uploads\/2025\/12\/Ing-Angel-Gonzalez-Castro-24x48.jpg 24w\" sizes=\"(max-width: 462px) 100vw, 462px\" \/><\/figure><div class=\"elementor-image-box-content\"><h3 class=\"elementor-image-box-title\">\u00c1ngel R. Gonz\u00e1lez Castro, Eng.<\/h3><p class=\"elementor-image-box-description\">Trustee<\/p><\/div><\/div>\t\t<\/div>\n\t\t\t\t<\/div>\n\t\t\t\t\t<\/div>\n\t\t<\/div>\n\t\t\t\t\t<\/div>\n\t\t<\/section>\n\t\t\t\t<section class=\"has_eae_slider elementor-section elementor-top-section elementor-element elementor-element-eb710c3 elementor-section-boxed elementor-section-height-default elementor-section-height-default\" data-id=\"eb710c3\" data-element_type=\"section\">\n\t\t\t\t\t\t<div class=\"elementor-container elementor-column-gap-default\">\n\t\t\t\t\t<div class=\"has_eae_slider elementor-column elementor-col-33 elementor-top-column elementor-element elementor-element-33f5f03\" data-id=\"33f5f03\" data-element_type=\"column\">\n\t\t\t<div class=\"elementor-widget-wrap elementor-element-populated\">\n\t\t\t\t\t\t<div class=\"elementor-element elementor-element-64d3b5a trustee_boxs elementor-position-top elementor-widget elementor-widget-image-box\" data-id=\"64d3b5a\" data-element_type=\"widget\" data-widget_type=\"image-box.default\">\n\t\t\t\t<div class=\"elementor-widget-container\">\n\t\t\t<div class=\"elementor-image-box-wrapper\"><figure class=\"elementor-image-box-img\"><img loading=\"lazy\" decoding=\"async\" width=\"650\" height=\"828\" src=\"https:\/\/pupr.edu\/wp-content\/uploads\/2025\/12\/Foto-Sylvia-Ugarte.jpg\" class=\"attachment-full size-full wp-image-74468\" alt=\"\" srcset=\"https:\/\/pupr.edu\/wp-content\/uploads\/2025\/12\/Foto-Sylvia-Ugarte.jpg 650w, https:\/\/pupr.edu\/wp-content\/uploads\/2025\/12\/Foto-Sylvia-Ugarte-9x12.jpg 9w, https:\/\/pupr.edu\/wp-content\/uploads\/2025\/12\/Foto-Sylvia-Ugarte-19x24.jpg 19w, https:\/\/pupr.edu\/wp-content\/uploads\/2025\/12\/Foto-Sylvia-Ugarte-28x36.jpg 28w, https:\/\/pupr.edu\/wp-content\/uploads\/2025\/12\/Foto-Sylvia-Ugarte-38x48.jpg 38w\" sizes=\"(max-width: 650px) 100vw, 650px\" \/><\/figure><div class=\"elementor-image-box-content\"><h3 class=\"elementor-image-box-title\">Sylvia B. Ugarte Araujo, LL.M.<\/h3><p class=\"elementor-image-box-description\">Trustee<\/p><\/div><\/div>\t\t<\/div>\n\t\t\t\t<\/div>\n\t\t\t\t\t<\/div>\n\t\t<\/div>\n\t\t\t\t<div class=\"has_eae_slider elementor-column elementor-col-33 elementor-top-column elementor-element elementor-element-62893bd\" data-id=\"62893bd\" data-element_type=\"column\">\n\t\t\t<div class=\"elementor-widget-wrap\">\n\t\t\t\t\t\t\t<\/div>\n\t\t<\/div>\n\t\t\t\t<div class=\"has_eae_slider elementor-column elementor-col-33 elementor-top-column elementor-element elementor-element-a6f6f63\" data-id=\"a6f6f63\" data-element_type=\"column\">\n\t\t\t<div class=\"elementor-widget-wrap elementor-element-populated\">\n\t\t\t\t\t\t<div class=\"elementor-element elementor-element-814d547 trustee_boxs elementor-position-top elementor-widget elementor-widget-image-box\" data-id=\"814d547\" data-element_type=\"widget\" data-widget_type=\"image-box.default\">\n\t\t\t\t<div class=\"elementor-widget-container\">\n\t\t\t<div class=\"elementor-image-box-wrapper\"><figure class=\"elementor-image-box-img\"><img loading=\"lazy\" decoding=\"async\" width=\"146\" height=\"217\" src=\"https:\/\/pupr.edu\/wp-content\/uploads\/2025\/12\/Foto-Dr.-Jaen-Presno.png\" class=\"attachment-full size-full wp-image-74470\" alt=\"\" srcset=\"https:\/\/pupr.edu\/wp-content\/uploads\/2025\/12\/Foto-Dr.-Jaen-Presno.png 146w, https:\/\/pupr.edu\/wp-content\/uploads\/2025\/12\/Foto-Dr.-Jaen-Presno-8x12.png 8w, https:\/\/pupr.edu\/wp-content\/uploads\/2025\/12\/Foto-Dr.-Jaen-Presno-16x24.png 16w, https:\/\/pupr.edu\/wp-content\/uploads\/2025\/12\/Foto-Dr.-Jaen-Presno-24x36.png 24w, https:\/\/pupr.edu\/wp-content\/uploads\/2025\/12\/Foto-Dr.-Jaen-Presno-32x48.png 32w\" sizes=\"(max-width: 146px) 100vw, 146px\" \/><\/figure><div class=\"elementor-image-box-content\"><h3 class=\"elementor-image-box-title\">Ricardo Ja\u00e9n Presno, MD<\/h3><p class=\"elementor-image-box-description\">Trustee<\/p><\/div><\/div>\t\t<\/div>\n\t\t\t\t<\/div>\n\t\t\t\t\t<\/div>\n\t\t<\/div>\n\t\t\t\t\t<\/div>\n\t\t<\/section>\n\t\t\t\t<\/div>","protected":false},"excerpt":{"rendered":"Board of Trustees Francisco J. Mart\u00ednez Ubarri, Eng.Chairman Ricardo Lefranc Morales, Arch.Vice Chairman Vanessa M. Mullet S\u00e1nchez, Esq.Secretary Luis Fullana Morales, BS in AgronomyTrustee Luis E. Gonz\u00e1lez Cognet, MDTrustee Rafael E. Mullet S\u00e1nchez, Esq.Treasurer Ernesto R. V\u00e1zquez Mart\u00ednez, BSIE, MBAEx Officio Mar\u00eda M. Mel\u00e9ndez Ramos, PhDTrustee \u00c1ngel R. Gonz\u00e1lez Castro, Eng.Trustee Sylvia B. Ugarte Araujo, [&hellip;]","protected":false},"author":14,"featured_media":12359,"parent":42972,"menu_order":149,"comment_status":"closed","ping_status":"closed","template":"template-elementordefault.php","meta":{"_acf_changed":false,"inline_featured_image":false,"_monsterinsights_skip_tracking":false,"_monsterinsights_sitenote_active":false,"_monsterinsights_sitenote_note":"","_monsterinsights_sitenote_category":0,"ngg_post_thumbnail":0,"footnotes":""},"program-categories":[],"degree-categories":[],"class_list":["post-43446","page","type-page","status-publish","has-post-thumbnail","hentry"],"acf":[],"_links":{"self":[{"href":"https:\/\/pupr.edu\/es\/wp-json\/wp\/v2\/pages\/43446","targetHints":{"allow":["GET"]}}],"collection":[{"href":"https:\/\/pupr.edu\/es\/wp-json\/wp\/v2\/pages"}],"about":[{"href":"https:\/\/pupr.edu\/es\/wp-json\/wp\/v2\/types\/page"}],"author":[{"embeddable":true,"href":"https:\/\/pupr.edu\/es\/wp-json\/wp\/v2\/users\/14"}],"replies":[{"embeddable":true,"href":"https:\/\/pupr.edu\/es\/wp-json\/wp\/v2\/comments?post=43446"}],"version-history":[{"count":57,"href":"https:\/\/pupr.edu\/es\/wp-json\/wp\/v2\/pages\/43446\/revisions"}],"predecessor-version":[{"id":74926,"href":"https:\/\/pupr.edu\/es\/wp-json\/wp\/v2\/pages\/43446\/revisions\/74926"}],"up":[{"embeddable":true,"href":"https:\/\/pupr.edu\/es\/wp-json\/wp\/v2\/pages\/42972"}],"wp:featuredmedia":[{"embeddable":true,"href":"https:\/\/pupr.edu\/es\/wp-json\/wp\/v2\/media\/12359"}],"wp:attachment":[{"href":"https:\/\/pupr.edu\/es\/wp-json\/wp\/v2\/media?parent=43446"}],"wp:term":[{"taxonomy":"program-categories","embeddable":true,"href":"https:\/\/pupr.edu\/es\/wp-json\/wp\/v2\/program-categories?post=43446"},{"taxonomy":"degree-categories","embeddable":true,"href":"https:\/\/pupr.edu\/es\/wp-json\/wp\/v2\/degree-categories?post=43446"}],"curies":[{"name":"wp","href":"https:\/\/api.w.org\/{rel}","templated":true}]}}