{"id":43651,"date":"2023-06-02T02:44:10","date_gmt":"2023-06-02T06:44:10","guid":{"rendered":"https:\/\/www.pupr.edu\/?page_id=43651"},"modified":"2025-10-08T19:47:48","modified_gmt":"2025-10-08T23:47:48","slug":"council","status":"publish","type":"page","link":"https:\/\/pupr.edu\/es\/about\/council\/","title":{"rendered":"Council"},"content":{"rendered":"<div data-elementor-type=\"wp-page\" data-elementor-id=\"43651\" class=\"elementor elementor-43651\" data-elementor-post-type=\"page\">\n\t\t\t\t\t\t<section class=\"has_eae_slider elementor-section elementor-top-section elementor-element elementor-element-ce689c3 elementor-section-height-min-height elementor-section-boxed elementor-section-height-default elementor-section-items-middle\" data-id=\"ce689c3\" data-element_type=\"section\" data-settings=\"{&quot;background_background&quot;:&quot;classic&quot;}\">\n\t\t\t\t\t\t\t<div class=\"elementor-background-overlay\"><\/div>\n\t\t\t\t\t\t\t<div class=\"elementor-container elementor-column-gap-default\">\n\t\t\t\t\t<div class=\"has_eae_slider elementor-column elementor-col-100 elementor-top-column elementor-element elementor-element-74d16b7\" data-id=\"74d16b7\" data-element_type=\"column\">\n\t\t\t<div class=\"elementor-widget-wrap elementor-element-populated\">\n\t\t\t\t\t\t<div class=\"elementor-element elementor-element-af53842 elementor-widget elementor-widget-heading\" data-id=\"af53842\" data-element_type=\"widget\" data-widget_type=\"heading.default\">\n\t\t\t\t<div class=\"elementor-widget-container\">\n\t\t\t<h2 class=\"elementor-heading-title elementor-size-default\">Council\n<\/h2>\t\t<\/div>\n\t\t\t\t<\/div>\n\t\t\t\t\t<\/div>\n\t\t<\/div>\n\t\t\t\t\t<\/div>\n\t\t<\/section>\n\t\t\t\t<section class=\"has_eae_slider elementor-section elementor-top-section elementor-element elementor-element-3e17e94 elementor-section-boxed elementor-section-height-default elementor-section-height-default\" data-id=\"3e17e94\" data-element_type=\"section\" data-settings=\"{&quot;background_background&quot;:&quot;classic&quot;}\">\n\t\t\t\t\t\t<div class=\"elementor-container elementor-column-gap-default\">\n\t\t\t\t\t<div class=\"has_eae_slider elementor-column elementor-col-100 elementor-top-column elementor-element elementor-element-6384217\" data-id=\"6384217\" data-element_type=\"column\">\n\t\t\t<div class=\"elementor-widget-wrap elementor-element-populated\">\n\t\t\t\t\t\t<div class=\"elementor-element elementor-element-fe5c3c1 elementor-widget elementor-widget-heading\" data-id=\"fe5c3c1\" data-element_type=\"widget\" data-widget_type=\"heading.default\">\n\t\t\t\t<div class=\"elementor-widget-container\">\n\t\t\t<h2 class=\"elementor-heading-title elementor-size-default\">Academic &amp; Administrative Board\n<\/h2>\t\t<\/div>\n\t\t\t\t<\/div>\n\t\t\t\t<div class=\"elementor-element elementor-element-9115a4a elementor-widget elementor-widget-heading\" data-id=\"9115a4a\" data-element_type=\"widget\" data-widget_type=\"heading.default\">\n\t\t\t\t<div class=\"elementor-widget-container\">\n\t\t\t<h2 class=\"elementor-heading-title elementor-size-default\">PDF documents for download<\/h2>\t\t<\/div>\n\t\t\t\t<\/div>\n\t\t\t\t\t<\/div>\n\t\t<\/div>\n\t\t\t\t\t<\/div>\n\t\t<\/section>\n\t\t\t\t<section class=\"has_eae_slider elementor-section elementor-top-section elementor-element elementor-element-03de0ae elementor-section-boxed elementor-section-height-default elementor-section-height-default\" data-id=\"03de0ae\" data-element_type=\"section\">\n\t\t\t\t\t\t<div class=\"elementor-container elementor-column-gap-default\">\n\t\t\t\t\t<div class=\"has_eae_slider elementor-column elementor-col-100 elementor-top-column elementor-element elementor-element-8064cc1\" data-id=\"8064cc1\" data-element_type=\"column\">\n\t\t\t<div class=\"elementor-widget-wrap elementor-element-populated\">\n\t\t\t\t\t\t<div class=\"elementor-element elementor-element-b5f1304 elementor-tabs-view-vertical ver_tab_menu elementor-widget elementor-widget-tabs\" data-id=\"b5f1304\" data-element_type=\"widget\" data-widget_type=\"tabs.default\">\n\t\t\t\t<div class=\"elementor-widget-container\">\n\t\t\t\t\t<div class=\"elementor-tabs\">\n\t\t\t<div class=\"elementor-tabs-wrapper\" role=\"tablist\" >\n\t\t\t\t\t\t\t\t\t<div id=\"elementor-tab-title-1901\" class=\"elementor-tab-title elementor-tab-desktop-title\" aria-selected=\"true\" data-tab=\"1\" role=\"tab\" tabindex=\"0\" aria-controls=\"elementor-tab-content-1901\" aria-expanded=\"false\">Academic Council<\/div>\n\t\t\t\t\t\t\t\t\t<div id=\"elementor-tab-title-1902\" class=\"elementor-tab-title elementor-tab-desktop-title\" aria-selected=\"false\" data-tab=\"2\" role=\"tab\" tabindex=\"-1\" aria-controls=\"elementor-tab-content-1902\" aria-expanded=\"false\">Administrative Board<\/div>\n\t\t\t\t\t\t\t<\/div>\n\t\t\t<div class=\"elementor-tabs-content-wrapper\" role=\"tablist\" aria-orientation=\"vertical\">\n\t\t\t\t\t\t\t\t\t<div class=\"elementor-tab-title elementor-tab-mobile-title\" aria-selected=\"true\" data-tab=\"1\" role=\"tab\" tabindex=\"0\" aria-controls=\"elementor-tab-content-1901\" aria-expanded=\"false\">Academic Council<\/div>\n\t\t\t\t\t<div id=\"elementor-tab-content-1901\" class=\"elementor-tab-content elementor-clearfix\" data-tab=\"1\" role=\"tabpanel\" aria-labelledby=\"elementor-tab-title-1901\" tabindex=\"0\" hidden=\"false\"><div class='widget-content'><h4><strong> Certifications<\/strong><\/h4>\n<a class=\"square-blue-button\" href=\"https:\/\/pupr.edu\/es\/about\/council\/2025-certifications\/\" target=\"_blank\" rel=\"noopener\">\n2025 Certifications\n<\/a>\n<a class=\"square-blue-button\" href=\"https:\/\/pupr.edu\/es\/about\/council\/2024-certifications\/\" target=\"_blank\" rel=\"noopener\">\n2024 Certifications\n<\/a>\n<a class=\"square-blue-button\" href=\"https:\/\/pupr.edu\/es\/about\/council\/2023-certifications\/\" target=\"_blank\" rel=\"noopener\">\n2023 Certifications\n<\/a>\n<a class=\"square-blue-button\" href=\"https:\/\/pupr.edu\/es\/about\/council\/2022-certifications\/\" target=\"_blank\" rel=\"noopener\">\n2022 Certifications\n<\/a>\n\n<a class=\"square-blue-button\" href=\"https:\/\/pupr.edu\/es\/about\/council\/2021-certifications\/\" target=\"_blank\" rel=\"noopener\">\n2021 Certifications\n<\/a>\n\n<a class=\"square-blue-button\" href=\"https:\/\/pupr.edu\/es\/about\/council\/2020-certifications\/\" target=\"_blank\" rel=\"noopener\">\n2020 Certifications\n<\/a>\n\n<a class=\"square-blue-button\" href=\"https:\/\/pupr.edu\/es\/about\/council\/2019-certifications\/\" target=\"_blank\" rel=\"noopener\">\n2019 Certifications\n<\/a>\n\n<a class=\"square-blue-button\" href=\"https:\/\/pupr.edu\/es\/about\/council\/2018-certifications\/\" target=\"_blank\" rel=\"noopener\">\n2018 Certifications\n<\/a>\n\n<a class=\"square-blue-button\" href=\"https:\/\/pupr.edu\/es\/about\/council\/2017-certifications\/\" target=\"_blank\" rel=\"noopener\">\n2017 Certifications\n<\/a>\n\n<a class=\"square-blue-button\" href=\"https:\/\/pupr.edu\/es\/about\/council\/2016-certifications\/\" target=\"_blank\" rel=\"noopener\">\n2016 Certifications\n<\/a>\n\n<a class=\"square-blue-button\" href=\"https:\/\/pupr.edu\/es\/about\/council\/2015-certifications\/\" target=\"_blank\" rel=\"noopener\">\n2015\u00a0Certifications\n<\/a>\n\n<a class=\"square-blue-button\" href=\"https:\/\/pupr.edu\/es\/about\/council\/2014-certifications\/\" target=\"_blank\" rel=\"noopener\">\n2014 Certifications\n<\/a>\n\n<a class=\"square-blue-button\" href=\"https:\/\/pupr.edu\/es\/about\/council\/2013-certifications\/\" target=\"_blank\" rel=\"noopener\">\n2013 Certifications\n<\/a>\n\n<a class=\"square-blue-button\" href=\"https:\/\/pupr.edu\/es\/about\/council\/2012-certifications\/\" target=\"_blank\" rel=\"noopener\">\n2012 Certifications\n<\/a>\n\n<a class=\"square-blue-button\" href=\"https:\/\/pupr.edu\/es\/about\/council\/2011-certifications\/\" target=\"_blank\" rel=\"noopener\">\n2011 Certifications\n<\/a>\n\n<a class=\"square-blue-button\" href=\"https:\/\/pupr.edu\/es\/about\/council\/2010-certifications\/\" target=\"_blank\" rel=\"noopener\">\n2010 Certifications\n<\/a>\n\n<a class=\"square-blue-button\" href=\"https:\/\/pupr.edu\/es\/about\/council\/2009-certifications\/\" target=\"_blank\" rel=\"noopener\">\n2009 Certifications\n<\/a>\n\n<a class=\"square-blue-button\" href=\"https:\/\/pupr.edu\/es\/about\/council\/2008-certifications\/\" target=\"_blank\" rel=\"noopener\">\n2008 Certifications\n<\/a>\n\n<a class=\"square-blue-button\" href=\"https:\/\/pupr.edu\/es\/about\/council\/2007-certifications\/\" target=\"_blank\" rel=\"noopener\">\n2007 Certifications\n<\/a>\n\n<a class=\"square-blue-button\" href=\"https:\/\/pupr.edu\/es\/about\/council\/2006-certifications\/\" target=\"_blank\" rel=\"noopener\">\n2006 Certifications\n<\/a>\n\n<a class=\"square-blue-button\" href=\"https:\/\/pupr.edu\/es\/about\/council\/2005-certifications\/\" target=\"_blank\" rel=\"noopener\">\n2005 Certifications\n<\/a>\n\n<a class=\"square-blue-button\" href=\"https:\/\/pupr.edu\/es\/about\/council\/2004-certifications\/\" target=\"_blank\" rel=\"noopener\">\n2004 Certifications\n<\/a>\n\n<a class=\"square-blue-button\" href=\"https:\/\/pupr.edu\/es\/about\/council\/2003-certifications\/\" target=\"_blank\" rel=\"noopener\">\n2003 Certifications\n<\/a>\n\n<a class=\"square-blue-button\" href=\"https:\/\/pupr.edu\/es\/about\/council\/2002-certifications\/\" target=\"_blank\" rel=\"noopener\">\n2002 Certifications\n<\/a>\n\n<a class=\"square-blue-button\" href=\"https:\/\/pupr.edu\/es\/about\/council\/2001-certifications\/\" target=\"_blank\" rel=\"noopener\">\n2001 Certifications\n<\/a>\n\n<a class=\"square-blue-button\" href=\"https:\/\/pupr.edu\/es\/about\/council\/2000-certifications\/\" target=\"_blank\" rel=\"noopener\">\n2000 Certifications\n<\/a>\n\n<a class=\"square-blue-button\" href=\"https:\/\/pupr.edu\/es\/about\/council\/1997-certifications\/\" target=\"_blank\" rel=\"noopener\">\n1997 Certifications\n<\/a>\n\n<a class=\"square-blue-button\" href=\"https:\/\/pupr.edu\/es\/about\/council\/1996-certifications\/\" target=\"_blank\" rel=\"noopener\">\n1996 Certifications\n<\/a>\n\n<a class=\"square-blue-button\" href=\"https:\/\/pupr.edu\/es\/about\/council\/1995-certifications\/\" target=\"_blank\" rel=\"noopener\">\n1995 Certifications\n<\/a>\n\n<a class=\"square-blue-button\" href=\"https:\/\/pupr.edu\/es\/about\/council\/1994-certifications\/\" target=\"_blank\" rel=\"noopener\">\n1994 Certifications\n<\/a>\n\n<a class=\"square-blue-button\" href=\"https:\/\/pupr.edu\/es\/about\/council\/1993-certifications\/\" target=\"_blank\" rel=\"noopener\">\n1993 Certifications\n<\/a>\n\n<a class=\"square-blue-button\" href=\"https:\/\/pupr.edu\/es\/about\/council\/1992-certifications\/\" target=\"_blank\" rel=\"noopener\">\n1992 Certifications\n<\/a>\n\n<a class=\"square-blue-button\" href=\"https:\/\/pupr.edu\/es\/about\/council\/1991-certifications\/\" target=\"_blank\" rel=\"noopener\">\n1991 Certifications\n<\/a>\n\n<a class=\"square-blue-button\" href=\"https:\/\/pupr.edu\/es\/about\/council\/1990-certifications\/\" target=\"_blank\" rel=\"noopener\">\n1990 Certifications\n<\/a>\n\n<a class=\"square-blue-button\" href=\"https:\/\/pupr.edu\/es\/about\/council\/1989-certifications\/\" target=\"_blank\" rel=\"noopener\">\n1989 Certifications\n<\/a>\n\n<a class=\"square-blue-button\" href=\"https:\/\/pupr.edu\/es\/about\/council\/1988-certifications\/\" target=\"_blank\" rel=\"noopener\">\n1988 Certifications\n<\/a>\n\n<a class=\"square-blue-button\" href=\"https:\/\/pupr.edu\/es\/about\/council\/1987-certifications\/\" target=\"_blank\" rel=\"noopener\">\n1987 Certifications\n<\/a>\n\n<a class=\"square-blue-button\" href=\"https:\/\/pupr.edu\/es\/about\/council\/1986-certifications\/\" target=\"_blank\" rel=\"noopener\">\n1986 Certifications\n<\/a><\/div><\/div>\n\t\t\t\t\t\t\t\t\t<div class=\"elementor-tab-title elementor-tab-mobile-title\" aria-selected=\"false\" data-tab=\"2\" role=\"tab\" tabindex=\"-1\" aria-controls=\"elementor-tab-content-1902\" aria-expanded=\"false\">Administrative Board<\/div>\n\t\t\t\t\t<div id=\"elementor-tab-content-1902\" class=\"elementor-tab-content elementor-clearfix\" data-tab=\"2\" role=\"tabpanel\" aria-labelledby=\"elementor-tab-title-1902\" tabindex=\"0\" hidden=\"hidden\"><div class='widget-content'><h4><strong> Certifications<\/strong><\/h4><table class=\"tftable\" border=\"1\"><tbody><tr><td width=\"142\"><strong>Certificaci\u00f3n<\/strong><\/td><td width=\"851\"><strong>Descripci\u00f3n<\/strong><\/td><\/tr><tr><td width=\"142\"><a href=\"https:\/\/www.pupr.edu\/wp-content\/uploads\/2018\/12\/JA-01-2001.pdf\" target=\"_blank\" rel=\"noopener\">JA-01-2001<\/a><\/td><td width=\"851\">Programa de Educaci\u00f3n a Distancia<br \/>Maestr\u00eda y Recinto Virtual<\/td><\/tr><tr><td width=\"142\"><a href=\"https:\/\/www.pupr.edu\/wp-content\/uploads\/2018\/12\/JA-02-2001.pdf\" target=\"_blank\" rel=\"noopener\">JA-02-2001<\/a><\/td><td width=\"851\">Aprobaci\u00f3n de MATH 0104<\/td><\/tr><tr><td width=\"142\"><a href=\"https:\/\/www.pupr.edu\/wp-content\/uploads\/2018\/12\/JA-03-2001.pdf\" target=\"_blank\" rel=\"noopener\">JA-03-2001<\/a><\/td><td width=\"851\">Aprobaci\u00f3n de MATH 0104<\/td><\/tr><tr><td width=\"142\"><a href=\"https:\/\/www.pupr.edu\/wp-content\/uploads\/2018\/12\/JA-01-2004.pdf\" target=\"_blank\" rel=\"noopener\">JA-01-2004<\/a><\/td><td width=\"851\">Ascensos en Rango<\/td><\/tr><tr><td width=\"142\"><a href=\"https:\/\/www.pupr.edu\/wp-content\/uploads\/2018\/12\/JA-02-2004.pdf\" target=\"_blank\" rel=\"noopener\">JA-02-2004<\/a><\/td><td width=\"851\">Ascensos en Rango<\/td><\/tr><tr><td width=\"142\"><a href=\"https:\/\/www.pupr.edu\/wp-content\/uploads\/2018\/12\/JA-03-2004.pdf\" target=\"_blank\" rel=\"noopener\">JA-03-2004<\/a><\/td><td width=\"851\">Reglamento Comit\u00e9 Permanente de Aval\u00fao de Resultados Acad\u00e9mico a Nivel Institucional<\/td><\/tr><tr><td width=\"142\"><a href=\"https:\/\/www.pupr.edu\/wp-content\/uploads\/2018\/12\/JA-04-2004.pdf\" target=\"_blank\" rel=\"noopener\">JA-04-2004<\/a><\/td><td width=\"851\">Ascensos en Rango<\/td><\/tr><tr><td width=\"142\"><a href=\"https:\/\/www.pupr.edu\/wp-content\/uploads\/2018\/12\/JA-01-2006.pdf\" target=\"_blank\" rel=\"noopener\">JA-01-2006<\/a><\/td><td width=\"851\">Ascensos en Rango<\/td><\/tr><tr><td width=\"142\"><a href=\"https:\/\/www.pupr.edu\/wp-content\/uploads\/2018\/12\/JA-02-2006.pdf\" target=\"_blank\" rel=\"noopener\">JA-02-2006<\/a><\/td><td width=\"851\">Contrato Anual para Facultad con Doctorado<\/td><\/tr><tr><td width=\"142\"><a href=\"https:\/\/www.pupr.edu\/wp-content\/uploads\/2018\/12\/JA-03-2006.pdf\" target=\"_blank\" rel=\"noopener\">JA-03-2006<\/a><\/td><td width=\"851\">Ascensos en Rango<\/td><\/tr><tr><td width=\"142\"><a href=\"https:\/\/www.pupr.edu\/wp-content\/uploads\/2018\/12\/JA-01-2007.pdf\" target=\"_blank\" rel=\"noopener\">JA-01-2007<\/a><\/td><td width=\"851\">Ascensos en Rango<\/td><\/tr><tr><td width=\"142\"><a href=\"https:\/\/www.pupr.edu\/wp-content\/uploads\/2018\/12\/JA-01-2008.pdf\" target=\"_blank\" rel=\"noopener\">JA-01-2008<\/a><\/td><td width=\"851\">Ascensos en Rango<\/td><\/tr><tr><td width=\"142\"><a href=\"https:\/\/www.pupr.edu\/wp-content\/uploads\/2018\/12\/JA-01-2009.pdf\" target=\"_blank\" rel=\"noopener\">JA-01-2009<\/a><\/td><td width=\"851\">Ascensos en Rango<\/td><\/tr><tr><td width=\"142\"><a href=\"https:\/\/www.pupr.edu\/wp-content\/uploads\/2018\/12\/JA-01-2011.pdf\" target=\"_blank\" rel=\"noopener\">JA-01-2011<\/a><\/td><td width=\"851\">Ascensos en Rango<\/td><\/tr><\/tbody><\/table><\/div><\/div>\n\t\t\t\t\t\t\t<\/div>\n\t\t<\/div>\n\t\t\t\t<\/div>\n\t\t\t\t<\/div>\n\t\t\t\t\t<\/div>\n\t\t<\/div>\n\t\t\t\t\t<\/div>\n\t\t<\/section>\n\t\t\t\t<\/div>","protected":false},"excerpt":{"rendered":"Council Academic &amp; Administrative Board PDF documents for download Academic Council Administrative Board Academic Council Certifications 2025 Certifications 2024 Certifications 2023 Certifications 2022 Certifications 2021 Certifications 2020 Certifications 2019 Certifications 2018 Certifications 2017 Certifications 2016 Certifications 2015\u00a0Certifications 2014 Certifications 2013 Certifications 2012 Certifications 2011 Certifications 2010 Certifications 2009 Certifications 2008 Certifications 2007 Certifications 2006 Certifications [&hellip;]","protected":false},"author":14,"featured_media":12359,"parent":42972,"menu_order":0,"comment_status":"closed","ping_status":"closed","template":"template-elementordefault.php","meta":{"_acf_changed":false,"inline_featured_image":false,"_monsterinsights_skip_tracking":false,"_monsterinsights_sitenote_active":false,"_monsterinsights_sitenote_note":"","_monsterinsights_sitenote_category":0,"ngg_post_thumbnail":0,"footnotes":""},"program-categories":[],"degree-categories":[],"class_list":["post-43651","page","type-page","status-publish","has-post-thumbnail","hentry"],"acf":[],"_links":{"self":[{"href":"https:\/\/pupr.edu\/es\/wp-json\/wp\/v2\/pages\/43651","targetHints":{"allow":["GET"]}}],"collection":[{"href":"https:\/\/pupr.edu\/es\/wp-json\/wp\/v2\/pages"}],"about":[{"href":"https:\/\/pupr.edu\/es\/wp-json\/wp\/v2\/types\/page"}],"author":[{"embeddable":true,"href":"https:\/\/pupr.edu\/es\/wp-json\/wp\/v2\/users\/14"}],"replies":[{"embeddable":true,"href":"https:\/\/pupr.edu\/es\/wp-json\/wp\/v2\/comments?post=43651"}],"version-history":[{"count":70,"href":"https:\/\/pupr.edu\/es\/wp-json\/wp\/v2\/pages\/43651\/revisions"}],"predecessor-version":[{"id":73864,"href":"https:\/\/pupr.edu\/es\/wp-json\/wp\/v2\/pages\/43651\/revisions\/73864"}],"up":[{"embeddable":true,"href":"https:\/\/pupr.edu\/es\/wp-json\/wp\/v2\/pages\/42972"}],"wp:featuredmedia":[{"embeddable":true,"href":"https:\/\/pupr.edu\/es\/wp-json\/wp\/v2\/media\/12359"}],"wp:attachment":[{"href":"https:\/\/pupr.edu\/es\/wp-json\/wp\/v2\/media?parent=43651"}],"wp:term":[{"taxonomy":"program-categories","embeddable":true,"href":"https:\/\/pupr.edu\/es\/wp-json\/wp\/v2\/program-categories?post=43651"},{"taxonomy":"degree-categories","embeddable":true,"href":"https:\/\/pupr.edu\/es\/wp-json\/wp\/v2\/degree-categories?post=43651"}],"curies":[{"name":"wp","href":"https:\/\/api.w.org\/{rel}","templated":true}]}}