{"id":44234,"date":"2023-06-06T13:41:52","date_gmt":"2023-06-06T17:41:52","guid":{"rendered":"https:\/\/www.pupr.edu\/?page_id=44234"},"modified":"2026-03-27T18:59:01","modified_gmt":"2026-03-27T22:59:01","slug":"institutional-policies-and-procedures","status":"publish","type":"page","link":"https:\/\/pupr.edu\/es\/about\/institutional-policies-and-procedures\/","title":{"rendered":"Institutional Policies and Procedures"},"content":{"rendered":"<div data-elementor-type=\"wp-page\" data-elementor-id=\"44234\" class=\"elementor elementor-44234\" data-elementor-post-type=\"page\">\n\t\t\t\t\t\t<section class=\"has_eae_slider elementor-section elementor-top-section elementor-element elementor-element-9a048aa elementor-section-height-min-height elementor-section-boxed elementor-section-height-default elementor-section-items-middle\" data-id=\"9a048aa\" data-element_type=\"section\" data-settings=\"{&quot;background_background&quot;:&quot;classic&quot;}\">\n\t\t\t\t\t\t\t<div class=\"elementor-background-overlay\"><\/div>\n\t\t\t\t\t\t\t<div class=\"elementor-container elementor-column-gap-default\">\n\t\t\t\t\t<div class=\"has_eae_slider elementor-column elementor-col-100 elementor-top-column elementor-element elementor-element-b5db44e\" data-id=\"b5db44e\" data-element_type=\"column\">\n\t\t\t<div class=\"elementor-widget-wrap elementor-element-populated\">\n\t\t\t\t\t\t<div class=\"elementor-element elementor-element-d05da9f elementor-widget elementor-widget-heading\" data-id=\"d05da9f\" data-element_type=\"widget\" data-widget_type=\"heading.default\">\n\t\t\t\t<div class=\"elementor-widget-container\">\n\t\t\t<h2 class=\"elementor-heading-title elementor-size-default\">Institutional Policies and Procedures<\/h2>\t\t<\/div>\n\t\t\t\t<\/div>\n\t\t\t\t\t<\/div>\n\t\t<\/div>\n\t\t\t\t\t<\/div>\n\t\t<\/section>\n\t\t\t\t<section class=\"has_eae_slider elementor-section elementor-top-section elementor-element elementor-element-9df2423 elementor-section-boxed elementor-section-height-default elementor-section-height-default\" data-id=\"9df2423\" data-element_type=\"section\">\n\t\t\t\t\t\t<div class=\"elementor-container elementor-column-gap-default\">\n\t\t\t\t\t<div class=\"has_eae_slider elementor-column elementor-col-100 elementor-top-column elementor-element elementor-element-eb99fa0\" data-id=\"eb99fa0\" data-element_type=\"column\">\n\t\t\t<div class=\"elementor-widget-wrap elementor-element-populated\">\n\t\t\t\t\t\t<div class=\"elementor-element elementor-element-4779d2b elementor-tabs-view-vertical ver_tab_menu elementor-widget elementor-widget-tabs\" data-id=\"4779d2b\" data-element_type=\"widget\" data-widget_type=\"tabs.default\">\n\t\t\t\t<div class=\"elementor-widget-container\">\n\t\t\t\t\t<div class=\"elementor-tabs\">\n\t\t\t<div class=\"elementor-tabs-wrapper\" role=\"tablist\" >\n\t\t\t\t\t\t\t\t\t<div id=\"elementor-tab-title-7491\" class=\"elementor-tab-title elementor-tab-desktop-title\" aria-selected=\"true\" data-tab=\"1\" role=\"tab\" tabindex=\"0\" aria-controls=\"elementor-tab-content-7491\" aria-expanded=\"false\">English Documents<\/div>\n\t\t\t\t\t\t\t\t\t<div id=\"elementor-tab-title-7492\" class=\"elementor-tab-title elementor-tab-desktop-title\" aria-selected=\"false\" data-tab=\"2\" role=\"tab\" tabindex=\"-1\" aria-controls=\"elementor-tab-content-7492\" aria-expanded=\"false\">Spanish Documents<\/div>\n\t\t\t\t\t\t\t<\/div>\n\t\t\t<div class=\"elementor-tabs-content-wrapper\" role=\"tablist\" aria-orientation=\"vertical\">\n\t\t\t\t\t\t\t\t\t<div class=\"elementor-tab-title elementor-tab-mobile-title\" aria-selected=\"true\" data-tab=\"1\" role=\"tab\" tabindex=\"0\" aria-controls=\"elementor-tab-content-7491\" aria-expanded=\"false\">English Documents<\/div>\n\t\t\t\t\t<div id=\"elementor-tab-content-7491\" class=\"elementor-tab-content elementor-clearfix\" data-tab=\"1\" role=\"tabpanel\" aria-labelledby=\"elementor-tab-title-7491\" tabindex=\"0\" hidden=\"false\"><div class='widget-content'><ul><li><a href=\"https:\/\/www.pupr.edu\/wp-content\/uploads\/2018\/08\/ED-E-Moratorium-Definition-Final-Web.pdf\">Academic Program Moratorium Policy<\/a><\/li><li><a href=\"https:\/\/www.pupr.edu\/wp-content\/uploads\/2021\/05\/Academic-Program-Review-Policy.pdf\" target=\"_blank\" rel=\"noopener\">Academic Program Review Policy<\/a><\/li><li><a href=\"https:\/\/www.pupr.edu\/wp-content\/uploads\/2021\/03\/Blackboard-Storage-Consumption-Policy.pdf\">Blackboard Storage Consumption Policy<\/a><\/li><li><a href=\"https:\/\/pupr.edu\/wp-content\/uploads\/2025\/12\/Bullying-Policy-and-Procedure_dec-2025-Final.pdf\">Bullying Policy and Procedure<\/a><\/li><li><div role=\"presentation\"><a id=\"m_-3685721901353963514LPlnk846041\" title=\"https:\/\/compliance.pupr.edu\/download\/152\" href=\"https:\/\/pupr.edu\/wp-content\/uploads\/2025\/09\/Campus-and-Workplace-Violence-Prevention-Policy_rev.09181702048707.pdf\" target=\"_blank\" rel=\"noopener\" data-saferedirecturl=\"https:\/\/www.google.com\/url?q=https:\/\/compliance.pupr.edu\/download\/152&amp;source=gmail&amp;ust=1759267722847000&amp;usg=AOvVaw2A61F5DWCaNiw_NeVwag0S\">Campus and Workplace Violence Prevention Policy<\/a><\/div><\/li><li><a href=\"https:\/\/www.pupr.edu\/wp-content\/uploads\/2021\/02\/Class-Recording-Policy.pdf\">Class Recording Policy<\/a><\/li><li><a href=\"https:\/\/www.pupr.edu\/wp-content\/uploads\/2024\/02\/Policy-on-Conflict-of-Interest.pdf\" target=\"_blank\" rel=\"noopener\">Conflict of Interest Policy<\/a><\/li><li><div role=\"presentation\"><a id=\"m_-3685721901353963514LPlnk689988\" title=\"https:\/\/compliance.pupr.edu\/download\/153\" href=\"https:\/\/pupr.edu\/wp-content\/uploads\/2025\/09\/Crisis-Intervention-Protocol_rev.05181702048874.pdf\" target=\"_blank\" rel=\"noopener\" data-saferedirecturl=\"https:\/\/www.google.com\/url?q=https:\/\/compliance.pupr.edu\/download\/153&amp;source=gmail&amp;ust=1759267722847000&amp;usg=AOvVaw1nqtzkD-BmCnnA_VF0GubX\">Crisis Intervention Protocol<\/a><\/div><\/li><li><a href=\"https:\/\/www.pupr.edu\/wp-content\/uploads\/2019\/03\/Cyber-Bullying-Policy-and-Procedure.pdf\">Cyberbullying Policy<\/a><\/li><li><a href=\"https:\/\/www.pupr.edu\/wp-content\/uploads\/2024\/02\/Definicion-de-Modalidades-English.pdf\" target=\"_blank\" rel=\"noopener\">Definition of Modalities<\/a><\/li><li><div role=\"presentation\"><a id=\"m_-3685721901353963514LPlnk759730\" title=\"https:\/\/compliance.pupr.edu\/download\/154\" href=\"https:\/\/pupr.edu\/wp-content\/uploads\/2025\/09\/Drug-and-Alcohol-Policy1702048966.pdf\" target=\"_blank\" rel=\"noopener\" data-saferedirecturl=\"https:\/\/www.google.com\/url?q=https:\/\/compliance.pupr.edu\/download\/154&amp;source=gmail&amp;ust=1759267722847000&amp;usg=AOvVaw2YdVJNAp3ubCKIGU3G3464\">Drug and Alcohol Policy<\/a><\/div><\/li><li><a href=\"https:\/\/pupr.edu\/wp-content\/uploads\/2026\/03\/EEO-Policy-and-Availability-of-Affirmative-Action-Program.pdf\" target=\"_blank\" rel=\"noopener\">EEO Policy and Availability of Affirmative Action Program<\/a><\/li><li><a href=\"https:\/\/www.pupr.edu\/wp-content\/uploads\/2020\/10\/Faculty-Evaluation-by-Students-Policy-1.pdf\">Faculty Evaluation by Students Policy<\/a><\/li><li><a href=\"https:\/\/pupr.edu\/es\/academics\/general-policy\/\">General Policy<\/a><\/li><li><a href=\"https:\/\/www.pupr.edu\/wp-content\/uploads\/2019\/03\/TRANS-SP-TO-E-PROCEDURE-FOR-GRADE-REVIEW-POLICY-final-2018.pdf\">Grade Review Policy<\/a><\/li><li><a href=\"https:\/\/www.pupr.edu\/wp-content\/uploads\/2013\/07\/Harassment-Prevention-on-Online-Communication.pdf\">Harassment Prevention on Online Communication<\/a><\/li><li><a href=\"https:\/\/www.pupr.edu\/wp-content\/uploads\/2019\/02\/PUPR-Acceptable_Use_Policy.pdf\">Information Technology Acceptable Use Policy<\/a><\/li><li><a href=\"https:\/\/pupr.edu\/wp-content\/uploads\/2026\/01\/Institutional-Credit-Validation-and-Exemption-Policy_rev.1225.pdf\" target=\"_blank\" rel=\"noopener\">Institutional Credit Validation and Exemption Policy<\/a><\/li><li><a href=\"https:\/\/www.pupr.edu\/wp-content\/uploads\/2018\/08\/Normas-Institucionales-Facultad-ofrecen-cursos-en-li\u0301nea-English-Version-Final.pdf\" target=\"_blank\" rel=\"noopener\">Institutional Faculty Guidelines\u00a0for\u00a0Online\u00a0Teaching<\/a><\/li><li><div role=\"presentation\"><a id=\"m_-3685721901353963514LPlnk984173\" title=\"https:\/\/compliance.pupr.edu\/download\/236\" href=\"https:\/\/pupr.edu\/wp-content\/uploads\/2025\/09\/Institutional-Security-Policies1706896337.pdf\" target=\"_blank\" rel=\"noopener\" data-saferedirecturl=\"https:\/\/www.google.com\/url?q=https:\/\/compliance.pupr.edu\/download\/236&amp;source=gmail&amp;ust=1759267722847000&amp;usg=AOvVaw0GjsqsuZeVWLiIOv_xAoCe\">Institutional Security Policies<\/a><\/div><\/li><li><a href=\"https:\/\/www.pupr.edu\/wp-content\/uploads\/2013\/07\/INTELLECTUAL-PROPERTY-POLICY-2009.pdf\">Intellectual Property Policy<\/a><\/li><li><a href=\"https:\/\/www.pupr.edu\/wp-content\/uploads\/2018\/08\/netiquette-policy-Final.pdf\">Netiquette Policy<\/a><\/li><li><a href=\"https:\/\/www.pupr.edu\/wp-content\/uploads\/2013\/07\/Policy-and-Procedure-Academic-Integrity.pdf\">Policy and Procedure to Support Academic Integrity of Online Courses<\/a><\/li><li><a href=\"https:\/\/www.pupr.edu\/wp-content\/uploads\/2013\/07\/Policy-of-Class-Attendance1.pdf\" target=\"_blank\" rel=\"noopener\">Policy of Class Attendance<\/a><\/li><li><a href=\"https:\/\/pupr.edu\/wp-content\/uploads\/2026\/03\/Policy-on-Conflict-of-Interest.pdf\" target=\"_blank\" rel=\"noopener\">Policy on Conflict of Interest<\/a><\/li><li><a href=\"https:\/\/www.pupr.edu\/wp-content\/uploads\/2021\/05\/POLYTECHNIC-UNIVERSITY-OF-PUERTO-RICO-POLICIES.pdf\" target=\"_blank\" rel=\"noopener\">Polytechnic University of Puerto Rico \u2013 Policies<\/a><\/li><li><div role=\"presentation\"><a id=\"m_-3685721901353963514LPlnk227428\" title=\"https:\/\/compliance.pupr.edu\/download\/226\" href=\"https:\/\/pupr.edu\/wp-content\/uploads\/2025\/09\/Procedure-for-Filing-Complaints_rev.04191706719414.pdf\" target=\"_blank\" rel=\"noopener\" data-saferedirecturl=\"https:\/\/www.google.com\/url?q=https:\/\/compliance.pupr.edu\/download\/226&amp;source=gmail&amp;ust=1759267722848000&amp;usg=AOvVaw32TcRlO0kiUkL75l7YsS91\">Procedures for Filing Complaints<\/a><\/div><\/li><li><a href=\"https:\/\/www.pupr.edu\/wp-content\/uploads\/2013\/07\/Program-Sequential-Continuity-Policy.pdf\">Program Sequential Continuity Policy<\/a><\/li><li><div role=\"presentation\"><a id=\"m_-3685721901353963514LPlnk615095\" title=\"https:\/\/compliance.pupr.edu\/download\/158\" href=\"https:\/\/pupr.edu\/wp-content\/uploads\/2025\/09\/Protection-Policy-for-Students-Activated-for-Military-Service_rev.10131702053085.pdf\" target=\"_blank\" rel=\"noopener\" data-saferedirecturl=\"https:\/\/www.google.com\/url?q=https:\/\/compliance.pupr.edu\/download\/158&amp;source=gmail&amp;ust=1759267722848000&amp;usg=AOvVaw3-FQqGsI-T02ZZURgzJFk2\">Protection Policy for Students Activated for Military Service<\/a><\/div><\/li><li><a href=\"https:\/\/www.pupr.edu\/virtual\/wp-content\/uploads\/2019\/01\/Remote-Exam-Monitoring-of-Online-Modality-Courses.pdf\">Remote Exam Monitoring of Online Modality Courses<\/a><\/li><li><div role=\"presentation\"><a id=\"m_-3685721901353963514LPlnk665281\" title=\"https:\/\/compliance.pupr.edu\/download\/190\" href=\"https:\/\/pupr.edu\/wp-content\/uploads\/2025\/09\/Sexual-Assault-Policy_rev.05101706039826.pdf\" target=\"_blank\" rel=\"noopener\" data-saferedirecturl=\"https:\/\/www.google.com\/url?q=https:\/\/compliance.pupr.edu\/download\/190&amp;source=gmail&amp;ust=1759267722848000&amp;usg=AOvVaw0NljvWDSGt11CCzneYuV6b\">Sexual Assault Policy<\/a><\/div><\/li><li><div role=\"presentation\"><a id=\"m_-3685721901353963514LPlnk650408\" title=\"https:\/\/compliance.pupr.edu\/download\/160\" href=\"https:\/\/pupr.edu\/wp-content\/uploads\/2025\/09\/Sexual-Harassment-Policy_rev.04231702053287.pdf\" target=\"_blank\" rel=\"noopener\" data-saferedirecturl=\"https:\/\/www.google.com\/url?q=https:\/\/compliance.pupr.edu\/download\/160&amp;source=gmail&amp;ust=1759267722848000&amp;usg=AOvVaw3cO0OvxyNO2OnZg4TiUfyN\">Sexual Harassment Policy<\/a><\/div><\/li><li><a href=\"https:\/\/www.pupr.edu\/wp-content\/uploads\/2013\/07\/INSTRUCCIONES_MATRICULA_ONLINE-trans-SP-TO-E.pdf\" target=\"_blank\" rel=\"noopener\">Steps for Online Registration<\/a><\/li><li><div role=\"presentation\"><a id=\"m_-3685721901353963514LPlnk467178\" title=\"https:\/\/compliance.pupr.edu\/download\/212\" href=\"https:\/\/pupr.edu\/wp-content\/uploads\/2025\/09\/Student-Information-Handbook_rev.20231706275884.pdf\" target=\"_blank\" rel=\"noopener\" data-saferedirecturl=\"https:\/\/www.google.com\/url?q=https:\/\/compliance.pupr.edu\/download\/212&amp;source=gmail&amp;ust=1759267722848000&amp;usg=AOvVaw36F7qLkjXC27GfmiKwgyky\">Student Information Handbook<\/a><a id=\"m_-3685721901353963514LPlnk851689\" title=\"https:\/\/compliance.pupr.edu\/download\/192\" href=\"https:\/\/compliance.pupr.edu\/download\/192\" target=\"_blank\" rel=\"noopener\" data-saferedirecturl=\"https:\/\/www.google.com\/url?q=https:\/\/compliance.pupr.edu\/download\/192&amp;source=gmail&amp;ust=1759267722848000&amp;usg=AOvVaw2VbF_HPy0Azto72p2TJIk0\"><\/a><\/div><\/li><li><a href=\"https:\/\/www.pupr.edu\/wp-content\/uploads\/2020\/10\/Student-Location-Procedure-and-Policy-August-2020.pdf\">Student Location Procedure and Policy<\/a><\/li><li><div role=\"presentation\"><a id=\"m_-3685721901353963514LPlnk372222\" title=\"https:\/\/compliance.pupr.edu\/download\/213\" href=\"https:\/\/pupr.edu\/wp-content\/uploads\/2025\/09\/Student-Rules-and-Regulations_rev.20121706286868.pdf\" target=\"_blank\" rel=\"noopener\" data-saferedirecturl=\"https:\/\/www.google.com\/url?q=https:\/\/compliance.pupr.edu\/download\/213&amp;source=gmail&amp;ust=1759267722848000&amp;usg=AOvVaw2jfJs2y02c3YysKdmgQXDj\">Student Rules and Regulations<\/a><\/div><\/li><li><div role=\"presentation\"><a id=\"m_-3685721901353963514LPlnk851689\" title=\"https:\/\/compliance.pupr.edu\/download\/192\" href=\"https:\/\/pupr.edu\/wp-content\/uploads\/2025\/09\/Suicide-Prevention-Protocol_rev.2016_Translation1706197187.pdf\" target=\"_blank\" rel=\"noopener\" data-saferedirecturl=\"https:\/\/www.google.com\/url?q=https:\/\/compliance.pupr.edu\/download\/192&amp;source=gmail&amp;ust=1759267722848000&amp;usg=AOvVaw2VbF_HPy0Azto72p2TJIk0\">Suicide Prevention Protocol<\/a><\/div><\/li><li><a href=\"https:\/\/www.pupr.edu\/wp-content\/uploads\/2024\/02\/Gender-Discrimination-Policy-and-Procedure-Federal-Department-of-Education-Title-IX.pdf\" target=\"_blank\" rel=\"noopener\">US Department of Education Title IX \u2013 Sex Discrimination<\/a><\/li><\/ul><\/div><\/div>\n\t\t\t\t\t\t\t\t\t<div class=\"elementor-tab-title elementor-tab-mobile-title\" aria-selected=\"false\" data-tab=\"2\" role=\"tab\" tabindex=\"-1\" aria-controls=\"elementor-tab-content-7492\" aria-expanded=\"false\">Spanish Documents<\/div>\n\t\t\t\t\t<div id=\"elementor-tab-content-7492\" class=\"elementor-tab-content elementor-clearfix\" data-tab=\"2\" role=\"tabpanel\" aria-labelledby=\"elementor-tab-title-7492\" tabindex=\"0\" hidden=\"hidden\"><div class='widget-content'><ul><li><a href=\"https:\/\/www.pupr.edu\/wp-content\/uploads\/2022\/03\/Definici\u00f3n-Modalidad-Presencial-H\u00edbrido-y-En-L\u00ednea.pdf\" target=\"_blank\" rel=\"noopener\">Definici\u00f3n de Modalidad Presencial, H\u00edbrido y en L\u00ednea<\/a><\/li><li><a href=\"https:\/\/www.pupr.edu\/wp-content\/uploads\/2021\/03\/Memo-MR-Poli\u0301tica-Grabacio\u0301n-de-Clases.pdf\">Memo \u2013 Pol\u00edtica Grabaci\u00f3n de Clases<\/a><\/li><li><a href=\"https:\/\/www.pupr.edu\/virtual\/wp-content\/uploads\/2019\/01\/Monitoreo-de-exa%CC%81menes-remotos-de-cursos-en-linea.pdf\">Monitoreo de Ex\u00e1menes Remotos de Cursos en L\u00ednea<\/a><\/li><li><a href=\"https:\/\/www.pupr.edu\/wp-content\/uploads\/2018\/08\/Normas-Institucionales-Facultad-ofrecen-cursos-en-li\u0301nea-Final.pdf\" target=\"_blank\" rel=\"noopener\">Normas Institucionales\u00a0para la Facultad que Ofrece Cursos en Li\u0301nea<\/a><\/li><li><a href=\"https:\/\/mypoly.pupr.edu\/ICS\/icsfs\/INSTRUCCIONES_MATRICULA_ONLINE.pdf?target=47b20553-78fe-4d53-a31e-f72d22af6da1\">Pasos para Realizar Matr\u00edcula por Internet<\/a><\/li><li><a href=\"https:\/\/www.pupr.edu\/wp-content\/uploads\/2021\/03\/Politica-Evitar-consumo-excesivo-de-espacio-en-la-plataforma-de-Blackboard.pdf\">Pol\u00edtica \u2013 Evitar consumo excesivo de espacio en la plataforma de Blackboard<\/a><\/li><li><a href=\"https:\/\/www.pupr.edu\/wp-content\/uploads\/2019\/01\/Politica-Academica-Modalidad-de-Cursos.pdf\">Pol\u00edtica Acad\u00e9mica \u2013 Modalidad de Cursos<\/a><\/li><li><a href=\"https:\/\/www.pupr.edu\/wp-content\/uploads\/2020\/08\/Ed-SP-Politica-de-Ciberacoso.pdf\">Pol\u00edtica de Acoso Cibern\u00e9tico<\/a><\/li><li><a href=\"https:\/\/www.pupr.edu\/wp-content\/uploads\/2024\/04\/Pol\u00edtica-Ahorro-Energ\u00e9tico-UPPR-SF.pdf\" target=\"_blank\" rel=\"noopener\">Pol\u00edtica de Ahorro Energ\u00e9tico Institucional<\/a><\/li><li><a href=\"https:\/\/www.pupr.edu\/wp-content\/uploads\/2013\/07\/Poli\u0301tica-de-Asistencia-a-Clases.pdf\" target=\"_blank\" rel=\"noopener\">Pol\u00edtica de Asistencia a Clases<\/a><\/li><li><a href=\"http:\/\/pupr.luutaa.com\/wp-content\/uploads\/2020\/06\/Poli\u0301tica-de-Continuidad-de-la-Secuencia-Curricular-del-Programa.pdf\">Poli\u0301tica de Continuidad de la Secuencia Curricular del Programa<\/a><\/li><li><a href=\"https:\/\/pupr.edu\/wp-content\/uploads\/2026\/03\/Politica-de-Igualdad-de-Oportunidad-de-Empleo-y-Disponibilidad-del-Programa-de-Accion-Afirmativa.pdf\" target=\"_blank\" rel=\"noopener\">Pol\u00edtica de Igualdad de Oportunidad de Empleo y Disponibilidad del Programa de Acci\u00f3n Afirmativa<\/a><\/li><li><a href=\"https:\/\/www.pupr.edu\/wp-content\/uploads\/2018\/08\/Politica-de-Informes-Institucionales.pdf\">Pol\u00edtica de Informes Institucionales<\/a><\/li><li><a href=\"https:\/\/www.pupr.edu\/wp-content\/uploads\/2013\/07\/Politica-Integridad-Academica-2019.pdf\">Pol\u00edtica de Integridad Acad\u00e9mica<\/a><\/li><li><a href=\"https:\/\/pupr.edu\/wp-content\/uploads\/2026\/03\/Politica-de-Intervencion-en-Crisis.pdf\" target=\"_blank\" rel=\"noopener\">Pol\u00edtica de Intervenci\u00f3n en Crisis<\/a><\/li><li><a href=\"http:\/\/pupr.luutaa.com\/wp-content\/uploads\/2020\/06\/PROGRAMA-ACADE\u0301MICO-EN-MORATORIA.pdf\">Pol\u00edtica de Moratoria<\/a><\/li><li><a href=\"https:\/\/www.pupr.edu\/wp-content\/uploads\/2013\/07\/POLITICA-BAJAS-MILITARES-2013.pdf\">Pol\u00edtica de Protecci\u00f3n para Estudiantes Activados a Servicio Militar<\/a><\/li><li><a href=\"https:\/\/www.pupr.edu\/wp-content\/uploads\/2024\/04\/Pol\u00edtica-de-Recuperacion-de-Desperdicios-Solidos-y-Reduccion-de-Contaminantes-para-la-Sostenibillidad-revisada-2024-UPPR-SF.pdf\" target=\"_blank\" rel=\"noopener\">Pol\u00edtica de Recuperaci\u00f3n de Desperdicios S\u00f3lidos y Reducci\u00f3n de Contaminantes para la Sostenibilidad del Planeta<\/a><\/li><li><a href=\"https:\/\/pupr.edu\/wp-content\/uploads\/2026\/03\/Politica-de-Vestimenta-en-el-Trabajo.pdf\" target=\"_blank\" rel=\"noopener\">Pol\u00edtica de Vestimenta en el Trabajo<\/a><\/li><li><a href=\"https:\/\/pupr.edu\/wp-content\/uploads\/2026\/03\/Politica-en-Contra-del-Hostigamiento-Sexual-en-el-Empleo-Academia-y-Estudiantes-y-Protocolo-para-el-Manejo-de-Situaciones-que-puedan-Surgir.pdf\" target=\"_blank\" rel=\"noopener\">Pol\u00edtica en Contra del Hostigamiento Sexual en el Empleo, Academia y Estudiantes y Protocolo para el Manejo de Situaciones que puedan Surgir<\/a><\/li><li><a href=\"https:\/\/www.pupr.edu\/wp-content\/uploads\/2020\/10\/Politica-Evaluacio\u0301n-de-la-Facultad-Version-2-1.pdf\" target=\"_blank\" rel=\"noopener\">Pol\u00edtica Evaluaci\u00f3n de la Facultad por Estudiantes<\/a><\/li><li><a href=\"https:\/\/pupr.edu\/wp-content\/uploads\/2026\/03\/Politica-Institucional-de-Servicios-para-Personas-con-Impedimentos-Rev.-Abril-2023.pdf\" target=\"_blank\" rel=\"noopener\">Pol\u00edtica Institucional de Servicios para Personas con Impedimentos &#8211; Rev. Abril 2023<\/a><\/li><li><a href=\"https:\/\/www.pupr.edu\/wp-content\/uploads\/2021\/05\/POLITICA-PARA-LA-REVISIO\u0301N-DE-LOS-PROGRAMAS-ACADE\u0301MICOS.pdf\" target=\"_blank\" rel=\"noopener\">Pol\u00edtica para la Revisi\u00f3n de los Programas Acad\u00e9micos<\/a><\/li><li><a href=\"http:\/\/pupr.luutaa.com\/wp-content\/uploads\/2020\/06\/POLITICA_CONFERIR_GRADO.pdf\">Pol\u00edtica para Conferir Grados de Manera Expedita<\/a><\/li><li><a href=\"https:\/\/www.pupr.edu\/wp-content\/uploads\/2024\/04\/Pol\u00edtica-Uso-y-aprovechamiento-de-Aguas-Publicas-UPPR-SF.pdf\" target=\"_blank\" rel=\"noopener\">Pol\u00edtica para el Uso y Aprovechamiento de Aguas P\u00fablicas<\/a><\/li><li><a href=\"https:\/\/www.pupr.edu\/wp-content\/uploads\/2024\/04\/Pol\u00edtica-p\u00fablica-Ambiental-revisada-2024-UPPR-SF.pdf\" target=\"_blank\" rel=\"noopener\">Pol\u00edtica P\u00fablica Ambiental<\/a><\/li><li><a href=\"https:\/\/www.pupr.edu\/wp-content\/uploads\/2024\/04\/Pol\u00edtica-P\u00fablica-para-el-Manejo-de-Desperdicios-Solidos-revisada-2024-UPPR-SF.pdf\" target=\"_blank\" rel=\"noopener\">Pol\u00edtica P\u00fablica para el Manejo de Desperdicios S\u00f3lidos<\/a><\/li><li><a href=\"https:\/\/www.pupr.edu\/wp-content\/uploads\/2021\/07\/Memo-Copia-Curso-Base-Facultad.pdf\" target=\"_blank\" rel=\"noopener\">Pol\u00edtica sobre Copiar Versi\u00f3n Base en los Cursos en L\u00ednea<\/a><\/li><li><a href=\"https:\/\/www.pupr.edu\/wp-content\/uploads\/2013\/07\/Poli\u0301tica-Procedimiento-para-Revisio\u0301n-de-Calificaciones-ESPANOL-rev-registro-aprob-Dr-Riestra-20191.pdf\" target=\"_blank\" rel=\"noopener\">Pol\u00edtica sobre el Procedimiento para la Revisi\u00f3n de Calificaciones<\/a><\/li><li><a href=\"https:\/\/pupr.edu\/wp-content\/uploads\/2026\/03\/Politica-y-Procedimiento-a-Seguir-en-el-Manejo-de-Agresion-Sexual.pdf\" target=\"_blank\" rel=\"noopener\">Pol\u00edtica y Procedimiento a Seguir en el Manejo de Agresi\u00f3n Sexual<\/a><\/li><li><a href=\"https:\/\/pupr.edu\/wp-content\/uploads\/2026\/03\/Politica-y-Procedimiento-de-Reclutamiento-Seleccion-y-Nombramiento.pdf\" target=\"_blank\" rel=\"noopener\">Pol\u00edtica y Procedimiento de Reclutamiento, Selecci\u00f3n y Nombramiento<\/a><\/li><li><a href=\"https:\/\/pupr.edu\/wp-content\/uploads\/2026\/03\/Politicas-sobre-Uso-y-Abuso-de-Drogas-Alcohol-y-Tabaco.pdf\" target=\"_blank\" rel=\"noopener\">Pol\u00edticas sobre Uso y Abuso de Drogas, Alcohol y Tabaco<\/a><\/li><li><a href=\"https:\/\/www.pupr.edu\/wp-content\/uploads\/2013\/07\/PROCEDIMIENTO-PARA-LA-RADICACIO%CC%81N-DE-QUERELLAS-2019.pdf\" target=\"_blank\" rel=\"noopener\">Procedimiento para la Radicaci\u00f3n de Querellas<\/a><\/li><li><a href=\"https:\/\/www.pupr.edu\/wp-content\/uploads\/2018\/08\/Protocolo-Influenza-Micoplasma-y-COVID-19.pdf\">Protocolo \u2013 Influenza, Micoplasma y COVID-19<\/a><\/li><li><a href=\"https:\/\/pupr.edu\/wp-content\/uploads\/2026\/03\/PROTOC3.pdf\" target=\"_blank\" rel=\"noopener\">Protocolo de Educaci\u00f3n y Capacitaci\u00f3n sobre la Pol\u00edtica que Proh\u00edbe el Discrimen por Orientaci\u00f3n Sexual e Identidad de G\u00e9nero en el Empleo en la Universidad Polit\u00e9cnica de Puerto Rico<\/a><\/li><li><a href=\"https:\/\/pupr.edu\/wp-content\/uploads\/2026\/03\/Protocolo-Interno-para-Atender-Querellas-sobre-Acoso-Laboral.pdf\" target=\"_blank\" rel=\"noopener\">Protocolo Interno para Atender Querellas sobre Acoso Laboral<\/a><\/li><li><a href=\"https:\/\/pupr.edu\/wp-content\/uploads\/2026\/03\/Protocolo-para-el-Manejo-de-Situaciones-de-Violencia-Domestica-en-el-Empleo-de-la-Universidad-Politecnica-de-Puerto-Rico.pdf\" target=\"_blank\" rel=\"noopener\">Protocolo para el Manejo de Situaciones de Violencia Dom\u00e9stica en el Empleo de la Universidad Polit\u00e9cnica de Puerto Rico<\/a><\/li><li><a href=\"https:\/\/pupr.edu\/wp-content\/uploads\/2026\/03\/Protocolo-sobre-Manejo-de-Situaciones-Violentas-en-la-Comunidad-Universitaria.pdf\" target=\"_blank\" rel=\"noopener\">Protocolo sobre Manejo de Situaciones Violentas en la Comunidad Universitaria<\/a><\/li><li><a href=\"https:\/\/www.pupr.edu\/wp-content\/uploads\/2021\/05\/UNIVERSIDAD-POLITE\u0301CNICA-DE-PUERTO-RICO-POLITICAS.pdf\" target=\"_blank\" rel=\"noopener\">Universidad Polit\u00e9cnica de Puerto Rico \u2013 Pol\u00edticas<\/a><\/li><\/ul><\/div><\/div>\n\t\t\t\t\t\t\t<\/div>\n\t\t<\/div>\n\t\t\t\t<\/div>\n\t\t\t\t<\/div>\n\t\t\t\t\t<\/div>\n\t\t<\/div>\n\t\t\t\t\t<\/div>\n\t\t<\/section>\n\t\t\t\t<\/div>","protected":false},"excerpt":{"rendered":"Institutional Policies and Procedures English Documents Spanish Documents English Documents Academic Program Moratorium PolicyAcademic Program Review PolicyBlackboard Storage Consumption PolicyBullying Policy and ProcedureCampus and Workplace Violence Prevention PolicyClass Recording PolicyConflict of Interest PolicyCrisis Intervention ProtocolCyberbullying PolicyDefinition of ModalitiesDrug and Alcohol PolicyEEO Policy and Availability of Affirmative Action ProgramFaculty Evaluation by Students PolicyGeneral PolicyGrade Review PolicyHarassment [&hellip;]","protected":false},"author":14,"featured_media":27793,"parent":42972,"menu_order":0,"comment_status":"closed","ping_status":"closed","template":"template-elementordefault.php","meta":{"_acf_changed":false,"inline_featured_image":false,"_monsterinsights_skip_tracking":false,"_monsterinsights_sitenote_active":false,"_monsterinsights_sitenote_note":"","_monsterinsights_sitenote_category":0,"ngg_post_thumbnail":0,"footnotes":""},"program-categories":[],"degree-categories":[],"class_list":["post-44234","page","type-page","status-publish","has-post-thumbnail","hentry"],"acf":[],"_links":{"self":[{"href":"https:\/\/pupr.edu\/es\/wp-json\/wp\/v2\/pages\/44234","targetHints":{"allow":["GET"]}}],"collection":[{"href":"https:\/\/pupr.edu\/es\/wp-json\/wp\/v2\/pages"}],"about":[{"href":"https:\/\/pupr.edu\/es\/wp-json\/wp\/v2\/types\/page"}],"author":[{"embeddable":true,"href":"https:\/\/pupr.edu\/es\/wp-json\/wp\/v2\/users\/14"}],"replies":[{"embeddable":true,"href":"https:\/\/pupr.edu\/es\/wp-json\/wp\/v2\/comments?post=44234"}],"version-history":[{"count":90,"href":"https:\/\/pupr.edu\/es\/wp-json\/wp\/v2\/pages\/44234\/revisions"}],"predecessor-version":[{"id":75997,"href":"https:\/\/pupr.edu\/es\/wp-json\/wp\/v2\/pages\/44234\/revisions\/75997"}],"up":[{"embeddable":true,"href":"https:\/\/pupr.edu\/es\/wp-json\/wp\/v2\/pages\/42972"}],"wp:featuredmedia":[{"embeddable":true,"href":"https:\/\/pupr.edu\/es\/wp-json\/wp\/v2\/media\/27793"}],"wp:attachment":[{"href":"https:\/\/pupr.edu\/es\/wp-json\/wp\/v2\/media?parent=44234"}],"wp:term":[{"taxonomy":"program-categories","embeddable":true,"href":"https:\/\/pupr.edu\/es\/wp-json\/wp\/v2\/program-categories?post=44234"},{"taxonomy":"degree-categories","embeddable":true,"href":"https:\/\/pupr.edu\/es\/wp-json\/wp\/v2\/degree-categories?post=44234"}],"curies":[{"name":"wp","href":"https:\/\/api.w.org\/{rel}","templated":true}]}}