{"id":47836,"date":"2023-07-17T02:33:56","date_gmt":"2023-07-17T06:33:56","guid":{"rendered":"https:\/\/www.pupr.edu\/?page_id=47836"},"modified":"2025-05-27T04:22:50","modified_gmt":"2025-05-27T08:22:50","slug":"maestros","status":"publish","type":"page","link":"https:\/\/pupr.edu\/es\/maestros\/","title":{"rendered":"Maestros"},"content":{"rendered":"<div data-elementor-type=\"wp-page\" data-elementor-id=\"47836\" class=\"elementor elementor-47836\" data-elementor-post-type=\"page\">\n\t\t\t\t\t\t<section class=\"has_eae_slider elementor-section elementor-top-section elementor-element elementor-element-249550b elementor-section-height-min-height mastro_bg elementor-section-boxed elementor-section-height-default elementor-section-items-middle\" data-id=\"249550b\" data-element_type=\"section\" data-settings=\"{&quot;background_background&quot;:&quot;gradient&quot;}\">\n\t\t\t\t\t\t\t<div class=\"elementor-background-overlay\"><\/div>\n\t\t\t\t\t\t\t<div class=\"elementor-container elementor-column-gap-default\">\n\t\t\t\t\t<div class=\"has_eae_slider elementor-column elementor-col-100 elementor-top-column elementor-element elementor-element-d5ad8d0\" data-id=\"d5ad8d0\" data-element_type=\"column\">\n\t\t\t<div class=\"elementor-widget-wrap elementor-element-populated\">\n\t\t\t\t\t\t<section class=\"has_eae_slider elementor-section elementor-inner-section elementor-element elementor-element-bcc94d6 elementor-section-content-middle elementor-section-boxed elementor-section-height-default elementor-section-height-default\" data-id=\"bcc94d6\" data-element_type=\"section\">\n\t\t\t\t\t\t<div class=\"elementor-container elementor-column-gap-default\">\n\t\t\t\t\t<div class=\"has_eae_slider elementor-column elementor-col-50 elementor-inner-column elementor-element elementor-element-309e5fb\" data-id=\"309e5fb\" data-element_type=\"column\">\n\t\t\t<div class=\"elementor-widget-wrap elementor-element-populated\">\n\t\t\t\t\t\t<div class=\"elementor-element elementor-element-135c54f elementor-invisible elementor-widget elementor-widget-heading\" data-id=\"135c54f\" data-element_type=\"widget\" data-settings=\"{&quot;_animation&quot;:&quot;fadeInUp&quot;}\" data-widget_type=\"heading.default\">\n\t\t\t\t<div class=\"elementor-widget-container\">\n\t\t\t<h2 class=\"elementor-heading-title elementor-size-default\">\u00a1Oportunidad\npara recertificar\nmaestros!<\/h2>\t\t<\/div>\n\t\t\t\t<\/div>\n\t\t\t\t<div class=\"elementor-element elementor-element-10b2daa elementor-invisible elementor-widget elementor-widget-text-editor\" data-id=\"10b2daa\" data-element_type=\"widget\" id=\"whi\" data-settings=\"{&quot;_animation&quot;:&quot;fadeInUp&quot;}\" data-widget_type=\"text-editor.default\">\n\t\t\t\t<div class=\"elementor-widget-container\">\n\t\t\t\t\t\t\t<div class='widget-content'><style=color:white;\">En las categor\u00edas de: f\u00edsica, qu\u00edmica, biolog\u00eda, ciencias generales y matem\u00e1ticas.<\/style><\/div>\t\t\t\t\t\t<\/div>\n\t\t\t\t<\/div>\n\t\t\t\t<div class=\"elementor-element elementor-element-872d42b elementor-mobile-align-center elementor-invisible elementor-widget elementor-widget-button\" data-id=\"872d42b\" data-element_type=\"widget\" data-settings=\"{&quot;_animation&quot;:&quot;fadeInUp&quot;}\" data-widget_type=\"button.default\">\n\t\t\t\t<div class=\"elementor-widget-container\">\n\t\t\t\t\t\t\t<div class=\"elementor-button-wrapper\">\n\t\t\t\t\t<a class=\"elementor-button elementor-button-link elementor-size-sm\" href=\"#mastro_form\">\n\t\t\t\t\t\t<span class=\"elementor-button-content-wrapper\">\n\t\t\t\t\t\t\t\t\t<span class=\"elementor-button-text\">REG\u00cdSTRATE<\/span>\n\t\t\t\t\t<\/span>\n\t\t\t\t\t<\/a>\n\t\t\t\t<\/div>\n\t\t\t\t\t\t<\/div>\n\t\t\t\t<\/div>\n\t\t\t\t\t<\/div>\n\t\t<\/div>\n\t\t\t\t<div class=\"has_eae_slider elementor-column elementor-col-50 elementor-inner-column elementor-element elementor-element-62c1e1d elementor-hidden-mobile\" data-id=\"62c1e1d\" data-element_type=\"column\">\n\t\t\t<div class=\"elementor-widget-wrap elementor-element-populated\">\n\t\t\t\t\t\t<div class=\"elementor-element elementor-element-260a10e elementor-absolute elementor-invisible elementor-widget elementor-widget-image\" data-id=\"260a10e\" data-element_type=\"widget\" data-settings=\"{&quot;_position&quot;:&quot;absolute&quot;,&quot;_animation&quot;:&quot;zoomIn&quot;}\" data-widget_type=\"image.default\">\n\t\t\t\t<div class=\"elementor-widget-container\">\n\t\t\t\t\t\t\t\t\t\t\t\t\t<img decoding=\"async\" width=\"137\" height=\"154\" src=\"https:\/\/pupr.edu\/wp-content\/uploads\/2023\/07\/Group-6960.png\" class=\"attachment-large size-large wp-image-47943\" alt=\"\" srcset=\"https:\/\/pupr.edu\/wp-content\/uploads\/2023\/07\/Group-6960.png 137w, https:\/\/pupr.edu\/wp-content\/uploads\/2023\/07\/Group-6960-11x12.png 11w, https:\/\/pupr.edu\/wp-content\/uploads\/2023\/07\/Group-6960-21x24.png 21w, https:\/\/pupr.edu\/wp-content\/uploads\/2023\/07\/Group-6960-32x36.png 32w, https:\/\/pupr.edu\/wp-content\/uploads\/2023\/07\/Group-6960-43x48.png 43w\" sizes=\"(max-width: 137px) 100vw, 137px\" \/>\t\t\t\t\t\t\t\t\t\t\t\t\t<\/div>\n\t\t\t\t<\/div>\n\t\t\t\t<div class=\"elementor-element elementor-element-27db970 elementor-absolute elementor-invisible elementor-widget elementor-widget-image\" data-id=\"27db970\" data-element_type=\"widget\" data-settings=\"{&quot;_position&quot;:&quot;absolute&quot;,&quot;_animation&quot;:&quot;zoomIn&quot;}\" data-widget_type=\"image.default\">\n\t\t\t\t<div class=\"elementor-widget-container\">\n\t\t\t\t\t\t\t\t\t\t\t\t\t<img decoding=\"async\" width=\"144\" height=\"162\" src=\"https:\/\/pupr.edu\/wp-content\/uploads\/2023\/07\/Group-6954.png\" class=\"attachment-large size-large wp-image-47942\" alt=\"\" srcset=\"https:\/\/pupr.edu\/wp-content\/uploads\/2023\/07\/Group-6954.png 144w, https:\/\/pupr.edu\/wp-content\/uploads\/2023\/07\/Group-6954-11x12.png 11w, https:\/\/pupr.edu\/wp-content\/uploads\/2023\/07\/Group-6954-21x24.png 21w, https:\/\/pupr.edu\/wp-content\/uploads\/2023\/07\/Group-6954-32x36.png 32w, https:\/\/pupr.edu\/wp-content\/uploads\/2023\/07\/Group-6954-43x48.png 43w\" sizes=\"(max-width: 144px) 100vw, 144px\" \/>\t\t\t\t\t\t\t\t\t\t\t\t\t<\/div>\n\t\t\t\t<\/div>\n\t\t\t\t<div class=\"elementor-element elementor-element-d68fb07 elementor-absolute elementor-invisible elementor-widget elementor-widget-image\" data-id=\"d68fb07\" data-element_type=\"widget\" data-settings=\"{&quot;_position&quot;:&quot;absolute&quot;,&quot;_animation&quot;:&quot;zoomIn&quot;}\" data-widget_type=\"image.default\">\n\t\t\t\t<div class=\"elementor-widget-container\">\n\t\t\t\t\t\t\t\t\t\t\t\t\t<img decoding=\"async\" width=\"114\" height=\"128\" src=\"https:\/\/pupr.edu\/wp-content\/uploads\/2023\/07\/Group-6948.png\" class=\"attachment-full size-full wp-image-47923\" alt=\"\" srcset=\"https:\/\/pupr.edu\/wp-content\/uploads\/2023\/07\/Group-6948.png 114w, https:\/\/pupr.edu\/wp-content\/uploads\/2023\/07\/Group-6948-11x12.png 11w, https:\/\/pupr.edu\/wp-content\/uploads\/2023\/07\/Group-6948-21x24.png 21w, https:\/\/pupr.edu\/wp-content\/uploads\/2023\/07\/Group-6948-32x36.png 32w, https:\/\/pupr.edu\/wp-content\/uploads\/2023\/07\/Group-6948-43x48.png 43w\" sizes=\"(max-width: 114px) 100vw, 114px\" \/>\t\t\t\t\t\t\t\t\t\t\t\t\t<\/div>\n\t\t\t\t<\/div>\n\t\t\t\t<div class=\"elementor-element elementor-element-54871d9 elementor-widget elementor-widget-image\" data-id=\"54871d9\" data-element_type=\"widget\" data-widget_type=\"image.default\">\n\t\t\t\t<div class=\"elementor-widget-container\">\n\t\t\t\t\t\t\t\t\t\t\t\t\t<img loading=\"lazy\" decoding=\"async\" width=\"442\" height=\"675\" src=\"https:\/\/pupr.edu\/wp-content\/uploads\/2023\/07\/Mask-Group-2-1.png\" class=\"attachment-full size-full wp-image-47963\" alt=\"\" srcset=\"https:\/\/pupr.edu\/wp-content\/uploads\/2023\/07\/Mask-Group-2-1.png 442w, https:\/\/pupr.edu\/wp-content\/uploads\/2023\/07\/Mask-Group-2-1-8x12.png 8w, https:\/\/pupr.edu\/wp-content\/uploads\/2023\/07\/Mask-Group-2-1-16x24.png 16w, https:\/\/pupr.edu\/wp-content\/uploads\/2023\/07\/Mask-Group-2-1-24x36.png 24w, https:\/\/pupr.edu\/wp-content\/uploads\/2023\/07\/Mask-Group-2-1-31x48.png 31w\" sizes=\"(max-width: 442px) 100vw, 442px\" \/>\t\t\t\t\t\t\t\t\t\t\t\t\t<\/div>\n\t\t\t\t<\/div>\n\t\t\t\t\t<\/div>\n\t\t<\/div>\n\t\t\t\t\t<\/div>\n\t\t<\/section>\n\t\t\t\t\t<\/div>\n\t\t<\/div>\n\t\t\t\t\t<\/div>\n\t\t<\/section>\n\t\t\t\t<section class=\"has_eae_slider elementor-section elementor-top-section elementor-element elementor-element-32f25b1 elementor-section-boxed elementor-section-height-default elementor-section-height-default\" data-id=\"32f25b1\" data-element_type=\"section\">\n\t\t\t\t\t\t<div class=\"elementor-container elementor-column-gap-default\">\n\t\t\t\t\t<div class=\"has_eae_slider elementor-column elementor-col-50 elementor-top-column elementor-element elementor-element-e7af0d9\" data-id=\"e7af0d9\" data-element_type=\"column\">\n\t\t\t<div class=\"elementor-widget-wrap elementor-element-populated\">\n\t\t\t\t\t\t<div class=\"elementor-element elementor-element-da494c7 elementor-widget elementor-widget-menu-anchor\" data-id=\"da494c7\" data-element_type=\"widget\" data-widget_type=\"menu-anchor.default\">\n\t\t\t\t<div class=\"elementor-widget-container\">\n\t\t\t\t\t<div class=\"elementor-menu-anchor\" id=\"mastro_form\"><\/div>\n\t\t\t\t<\/div>\n\t\t\t\t<\/div>\n\t\t\t\t<div class=\"elementor-element elementor-element-924de66 elementor-widget elementor-widget-html\" data-id=\"924de66\" data-element_type=\"widget\" data-widget_type=\"html.default\">\n\t\t\t\t<div class=\"elementor-widget-container\">\n\t\t\t<iframe src=\"https:\/\/PUPR.elluciancrmrecruit.com\/Apply\/Account\/ProspectInquiryWidget?f=c4292e05-7736-4922-8049-6b27ddbe541a&o=17e7bc4c-b3e5-4d51-a797-d91ef85ced86&s=196982ef-022d-f011-8ae1-0e3a1f75cb4d\" width=\"500\" height=\"1000\"><\/iframe>\t\t<\/div>\n\t\t\t\t<\/div>\n\t\t\t\t<div class=\"elementor-element elementor-element-28ae0df elementor-hidden-desktop elementor-hidden-tablet elementor-hidden-mobile elementor-invisible elementor-widget elementor-widget-html\" data-id=\"28ae0df\" data-element_type=\"widget\" data-settings=\"{&quot;_animation&quot;:&quot;fadeInUp&quot;}\" data-widget_type=\"html.default\">\n\t\t\t\t<div class=\"elementor-widget-container\">\n\t\t\t<div class=\"mastro_form\">\r\n\t<div class=\"sucess_msg d-none\">\r\n\t\t<h3>\u00a1Gracias por registrarte!<\/h3>\r\n\t\t<p>\tNuestro equipo le contactar\u00e1 pronto. Lindo d\u00eda.<\/p>\r\n\t<\/div>\r\n\t<form id=\"maestros_lp\" method=\"post\" onsubmit=\"return maestrosSubmit(this);\">\r\n\t\t<div class=\"fr_heading\">\r\n\t\t\t<h2>REG\u00cdSTRATE AQU\u00cd<\/h2>\r\n\t\t\t<p>Complete el formulario y nuestro equipo se estar\u00e1 comunicando con usted pronto.<\/p>\r\n\t\t<\/div>\r\n\t\t<div class=\"row\">\r\n\t\t\t<div class=\"col-md-6\">\r\n\t\t\t\t<div class=\"form-group relPos upInputs\">\r\n\t\t\t\t\t<input type=\"text\" placeholder=\" \" name=\"fname\" id=\"fname\" class=\"form-control\" required=\"\">\r\n\t\t\t\t\t<label class=\"upLabel\">Nombre Completo<\/label>\r\n\t\t\t\t<\/div>\r\n\t\t\t<\/div>\r\n\t\t\t<div class=\"col-md-6\">\r\n\t\t\t\t<div class=\"form-group relPos upInputs\">\r\n\t\t\t\t\t<input type=\"text\" placeholder=\" \" name=\"schoolname\" id=\"schoolname\" class=\"form-control\" required=\"\">\r\n\t\t\t\t\t<label class=\"upLabel\">\u00bfEn qu\u00e9 escuela labora?<\/label>\r\n\t\t\t\t<\/div>\r\n\t\t\t<\/div>\r\n\t\t\t<div class=\"col-md-6\">\r\n\t\t\t\t<div class=\"form-group relPos upInputs\">\r\n\t\t\t\t\t<input type=\"text\" placeholder=\" \" name=\"phone\" id=\"phone\" class=\"form-control phone_us\" required=\"\">\r\n\t\t\t\t\t<label class=\"upLabel\">Tel\u00e9fono<\/label>\r\n\t\t\t\t<\/div>\r\n\t\t\t<\/div>\r\n\t\t\t<div class=\"col-md-6\">\r\n\t\t\t\t<div class=\"form-group relPos upInputs\">\r\n\t\t\t\t\t<input type=\"email\" placeholder=\" \" name=\"email\" id=\"email\" class=\"form-control\" required=\"\">\r\n\t\t\t\t\t<label class=\"upLabel\">Correo electr\u00f3nico<\/label>\r\n\t\t\t\t<\/div>\r\n\t\t\t<\/div>\r\n\t\t\t<div class=\"col-md-6\">\r\n\t\t\t\t<div class=\"form-group\">\r\n\t\t\t\t\t<select class=\"form-control\" name=\"level\" required>\r\n\t\t\t\t\t\t<option value=\"\">Nivel que representa su escuela<\/option>\r\n\t\t\t\t\t\t<option value=\"Escuela Superior\">Escuela Superior<\/option>\r\n\t\t\t\t\t\t<option value=\"Escuela Intermedia\">Escuela Intermedia<\/option>\r\n\t\t\t\t\t\t<option value=\"Escuela Elemental\">Escuela Elemental<\/option>\r\n\t\t\t\t\t<\/select>\r\n\t\t\t\t<\/div>\r\n\t\t\t<\/div>\r\n\t\t\t<div class=\"col-md-6\">\r\n\t\t\t\t<div class=\"form-group relPos upInputs\">\r\n\t\t\t\t\t<input type=\"text\" placeholder=\" \" name=\"drname\" id=\"drname\" class=\"form-control\" required=\"\">\r\n\t\t\t\t\t<label class=\"upLabel\">Nombre del director<\/label>\r\n\t\t\t\t<\/div>\r\n\t\t\t<\/div>\r\n\t\t\t<div class=\"col-md-6\">\r\n\t\t\t\t<div class=\"form-group fr_select\">\r\n\t           \t\t<select class=\"form-control\" name=\"find_pupr\" id=\"find_pupr\" required>\r\n\t           \t\t\t<option value=\"\">\u00bfC\u00f3mo escuchaste de nosotros?<\/option>\r\n\t\t\t\t\t\t<option value=\"Anuncios Digitales\">Anuncios Digitales<\/option>\r\n\t\t\t\t\t\t<option value=\"Orientaci\u00f3n\">Orientaci\u00f3n<\/option>\r\n\t\t\t\t\t\t<option value=\"TV\">TV<\/option>\r\n\t\t\t\t\t\t<option value=\"Radio\">Radio<\/option>\r\n\t\t\t\t\t\t<option value=\"Billboards\">Billboards<\/option>\r\n\t\t\t\t\t\t<option value=\"Social Media\">Redes Sociales<\/option>\r\n\t\t\t\t\t\t<option value=\"Newspaper\">Peri\u00f3dico<\/option>\r\n\t\t\t\t\t\t<option value=\"Family or Friend\">Familia o Amistades<\/option>\r\n\t\t\t\t\t\t<option value=\"Conventions or Activities\">Convenciones o Actividades<\/option>\r\n\t\t\t\t\t\t<option value=\"Other\">Otro<\/option>\r\n\t           \t\t<\/select>\r\n\t           <\/div>\r\n\t\t\t<\/div>\r\n\t\t\t<div class=\"col-md-6 d-none\" id=\"please_specify\">\r\n\t            <div class=\"form-group relPos upInputs\">\r\n\t                <input type=\"text\" placeholder=\" \" name=\"please_specify\" id=\"please_specify_input\" class=\"form-control\">\r\n\t                <label class=\"upLabel\">Please specify<\/label>\r\n\t            <\/div>\r\n\t        <\/div>\r\n\t\t\t<div class=\"col-md-12\">\r\n\t\t\t\t<div class=\"g-recaptcha\" data-sitekey=\"6LfpkqEUAAAAAODGo-kc-1xA3_GiYA-XesoROWFN\"><\/div>\r\n                <div class=\"error recap-error d-none\">Invalid Captcha<\/div>\r\n\t\t\t<\/div>\r\n\t\t\t<div class=\"col-md-12\">\r\n\t\t\t\t<p class=\"text_mastro_form\">Al enviar este formulario aceptas recibir informaci\u00f3n promocional por email y\/o tel\u00e9fono sobre la Universidad Polit\u00e9cnica de PR.<\/p>\r\n\t\t\t\t<input class=\"btn mastro_fr_btn\" id=\"submit-btn\" name=\"ENVIAR\" type=\"submit\" value=\"ENVIAR\">\r\n\t\t\t<\/div>\r\n\t\t<\/div>\r\n\t<input type=\"hidden\" name=\"trp-form-language\" value=\"es\"\/><\/form>\r\n<\/div>\t\t<\/div>\n\t\t\t\t<\/div>\n\t\t\t\t\t<\/div>\n\t\t<\/div>\n\t\t\t\t<div class=\"has_eae_slider elementor-column elementor-col-50 elementor-top-column elementor-element elementor-element-1308a18\" data-id=\"1308a18\" data-element_type=\"column\" data-settings=\"{&quot;background_background&quot;:&quot;classic&quot;}\">\n\t\t\t<div class=\"elementor-widget-wrap elementor-element-populated\">\n\t\t\t\t\t\t<section class=\"has_eae_slider elementor-section elementor-inner-section elementor-element elementor-element-0aa4eac masteros_list_section elementor-section-boxed elementor-section-height-default elementor-section-height-default\" data-id=\"0aa4eac\" data-element_type=\"section\">\n\t\t\t\t\t\t<div class=\"elementor-container elementor-column-gap-default\">\n\t\t\t\t\t<div class=\"has_eae_slider elementor-column elementor-col-100 elementor-inner-column elementor-element elementor-element-8dffb23\" data-id=\"8dffb23\" data-element_type=\"column\" data-settings=\"{&quot;background_background&quot;:&quot;classic&quot;}\">\n\t\t\t<div class=\"elementor-widget-wrap elementor-element-populated\">\n\t\t\t\t\t\t<div class=\"elementor-element elementor-element-478124f elementor-invisible elementor-widget elementor-widget-heading\" data-id=\"478124f\" data-element_type=\"widget\" data-settings=\"{&quot;_animation&quot;:&quot;fadeInUp&quot;}\" data-widget_type=\"heading.default\">\n\t\t\t\t<div class=\"elementor-widget-container\">\n\t\t\t<h2 class=\"elementor-heading-title elementor-size-default\">Contamos con los recursos \nque permitir\u00e1n a los maestros:<\/h2>\t\t<\/div>\n\t\t\t\t<\/div>\n\t\t\t\t<div class=\"elementor-element elementor-element-1c66263 elementor-widget elementor-widget-text-editor\" data-id=\"1c66263\" data-element_type=\"widget\" data-widget_type=\"text-editor.default\">\n\t\t\t\t<div class=\"elementor-widget-container\">\n\t\t\t\t\t\t\t<div class='widget-content'><ul><li>\u2022 Fortalecer sus conocimientos y destrezas con<br \/>el nuevo curso de STEM<\/li><li>\u2022 Recibir ayuda econ\u00f3mica institucional<\/li><\/ul><p>Estos cursos cuentan con la aprobaci\u00f3n de la Divisi\u00f3nde Certificaciones Docentes del Departamento de Educaci\u00f3n. El programa T\u00edtulo II-A Supporting Effective Instruction, autoriza fondos para proveer desarrollo profesional para maestros.<\/p><\/div>\t\t\t\t\t\t<\/div>\n\t\t\t\t<\/div>\n\t\t\t\t\t<\/div>\n\t\t<\/div>\n\t\t\t\t\t<\/div>\n\t\t<\/section>\n\t\t\t\t\t<\/div>\n\t\t<\/div>\n\t\t\t\t\t<\/div>\n\t\t<\/section>\n\t\t\t\t<\/div>","protected":false},"excerpt":{"rendered":"\u00a1Oportunidad para recertificar maestros! REG\u00cdSTRATE \u00a1Gracias por registrarte! Nuestro equipo le contactar\u00e1 pronto. Lindo d\u00eda. REG\u00cdSTRATE AQU\u00cd Complete el formulario y nuestro equipo se estar\u00e1 comunicando con usted pronto. Nombre Completo \u00bfEn qu\u00e9 escuela labora? Tel\u00e9fono Correo electr\u00f3nico Nivel que representa su escuela Escuela Superior Escuela Intermedia Escuela Elemental Nombre del director \u00bfC\u00f3mo escuchaste de [&hellip;]","protected":false},"author":14,"featured_media":0,"parent":0,"menu_order":0,"comment_status":"closed","ping_status":"closed","template":"template-maestros.php","meta":{"_acf_changed":false,"inline_featured_image":false,"_monsterinsights_skip_tracking":false,"_monsterinsights_sitenote_active":false,"_monsterinsights_sitenote_note":"","_monsterinsights_sitenote_category":0,"ngg_post_thumbnail":0,"footnotes":""},"program-categories":[],"degree-categories":[],"class_list":["post-47836","page","type-page","status-publish","hentry"],"acf":[],"_links":{"self":[{"href":"https:\/\/pupr.edu\/es\/wp-json\/wp\/v2\/pages\/47836","targetHints":{"allow":["GET"]}}],"collection":[{"href":"https:\/\/pupr.edu\/es\/wp-json\/wp\/v2\/pages"}],"about":[{"href":"https:\/\/pupr.edu\/es\/wp-json\/wp\/v2\/types\/page"}],"author":[{"embeddable":true,"href":"https:\/\/pupr.edu\/es\/wp-json\/wp\/v2\/users\/14"}],"replies":[{"embeddable":true,"href":"https:\/\/pupr.edu\/es\/wp-json\/wp\/v2\/comments?post=47836"}],"version-history":[{"count":146,"href":"https:\/\/pupr.edu\/es\/wp-json\/wp\/v2\/pages\/47836\/revisions"}],"predecessor-version":[{"id":72234,"href":"https:\/\/pupr.edu\/es\/wp-json\/wp\/v2\/pages\/47836\/revisions\/72234"}],"wp:attachment":[{"href":"https:\/\/pupr.edu\/es\/wp-json\/wp\/v2\/media?parent=47836"}],"wp:term":[{"taxonomy":"program-categories","embeddable":true,"href":"https:\/\/pupr.edu\/es\/wp-json\/wp\/v2\/program-categories?post=47836"},{"taxonomy":"degree-categories","embeddable":true,"href":"https:\/\/pupr.edu\/es\/wp-json\/wp\/v2\/degree-categories?post=47836"}],"curies":[{"name":"wp","href":"https:\/\/api.w.org\/{rel}","templated":true}]}}