{"id":49700,"date":"2023-08-26T08:12:31","date_gmt":"2023-08-26T12:12:31","guid":{"rendered":"https:\/\/www.pupr.edu\/?page_id=49700"},"modified":"2025-04-02T04:20:38","modified_gmt":"2025-04-02T08:20:38","slug":"acerca-de","status":"publish","type":"page","link":"https:\/\/pupr.edu\/es\/library\/acerca-de\/","title":{"rendered":"About Us"},"content":{"rendered":"<div data-elementor-type=\"wp-page\" data-elementor-id=\"49700\" class=\"elementor elementor-49700\" data-elementor-post-type=\"page\">\n\t\t\t\t\t\t<section class=\"has_eae_slider elementor-section elementor-top-section elementor-element elementor-element-109ceb4 elementor-section-height-min-height elementor-section-boxed elementor-section-height-default elementor-section-items-middle\" data-id=\"109ceb4\" data-element_type=\"section\" data-settings=\"{&quot;background_background&quot;:&quot;classic&quot;}\">\n\t\t\t\t\t\t\t<div class=\"elementor-background-overlay\"><\/div>\n\t\t\t\t\t\t\t<div class=\"elementor-container elementor-column-gap-default\">\n\t\t\t\t\t<div class=\"has_eae_slider elementor-column elementor-col-100 elementor-top-column elementor-element elementor-element-627a2eb\" data-id=\"627a2eb\" data-element_type=\"column\">\n\t\t\t<div class=\"elementor-widget-wrap\">\n\t\t\t\t\t\t\t<\/div>\n\t\t<\/div>\n\t\t\t\t\t<\/div>\n\t\t<\/section>\n\t\t\t\t<section class=\"has_eae_slider elementor-section elementor-top-section elementor-element elementor-element-14db9c8 elementor-section-boxed elementor-section-height-default elementor-section-height-default\" data-id=\"14db9c8\" data-element_type=\"section\" data-settings=\"{&quot;background_background&quot;:&quot;classic&quot;}\">\n\t\t\t\t\t\t<div class=\"elementor-container elementor-column-gap-default\">\n\t\t\t\t\t<div class=\"has_eae_slider elementor-column elementor-col-100 elementor-top-column elementor-element elementor-element-56eacde\" data-id=\"56eacde\" data-element_type=\"column\">\n\t\t\t<div class=\"elementor-widget-wrap elementor-element-populated\">\n\t\t\t\t\t\t<div class=\"elementor-element elementor-element-b04065e elementor-widget elementor-widget-heading\" data-id=\"b04065e\" data-element_type=\"widget\" data-widget_type=\"heading.default\">\n\t\t\t\t<div class=\"elementor-widget-container\">\n\t\t\t<h2 class=\"elementor-heading-title elementor-size-default\">About Us<\/h2>\t\t<\/div>\n\t\t\t\t<\/div>\n\t\t\t\t<div class=\"elementor-element elementor-element-d9afbe7 elementor-widget elementor-widget-text-editor\" data-id=\"d9afbe7\" data-element_type=\"widget\" data-widget_type=\"text-editor.default\">\n\t\t\t\t<div class=\"elementor-widget-container\">\n\t\t\t\t\t\t\t<div class='widget-content'><\/div>\t\t\t\t\t\t<\/div>\n\t\t\t\t<\/div>\n\t\t\t\t\t<\/div>\n\t\t<\/div>\n\t\t\t\t\t<\/div>\n\t\t<\/section>\n\t\t\t\t<section class=\"has_eae_slider elementor-section elementor-top-section elementor-element elementor-element-732f31a elementor-section-boxed elementor-section-height-default elementor-section-height-default\" data-id=\"732f31a\" data-element_type=\"section\">\n\t\t\t\t\t\t<div class=\"elementor-container elementor-column-gap-default\">\n\t\t\t\t\t<div class=\"has_eae_slider elementor-column elementor-col-100 elementor-top-column elementor-element elementor-element-f4dc0c7\" data-id=\"f4dc0c7\" data-element_type=\"column\">\n\t\t\t<div class=\"elementor-widget-wrap elementor-element-populated\">\n\t\t\t\t\t\t<div class=\"elementor-element elementor-element-c97f4e9 elementor-tabs-view-vertical ver_tab_menu elementor-widget elementor-widget-tabs\" data-id=\"c97f4e9\" data-element_type=\"widget\" data-widget_type=\"tabs.default\">\n\t\t\t\t<div class=\"elementor-widget-container\">\n\t\t\t\t\t<div class=\"elementor-tabs\">\n\t\t\t<div class=\"elementor-tabs-wrapper\" role=\"tablist\" >\n\t\t\t\t\t\t\t\t\t<div id=\"elementor-tab-title-2111\" class=\"elementor-tab-title elementor-tab-desktop-title\" aria-selected=\"true\" data-tab=\"1\" role=\"tab\" tabindex=\"0\" aria-controls=\"elementor-tab-content-2111\" aria-expanded=\"false\">Descripci\u00f3n<\/div>\n\t\t\t\t\t\t\t\t\t<div id=\"elementor-tab-title-2112\" class=\"elementor-tab-title elementor-tab-desktop-title\" aria-selected=\"false\" data-tab=\"2\" role=\"tab\" tabindex=\"-1\" aria-controls=\"elementor-tab-content-2112\" aria-expanded=\"false\">Misi\u00f3n<\/div>\n\t\t\t\t\t\t\t\t\t<div id=\"elementor-tab-title-2113\" class=\"elementor-tab-title elementor-tab-desktop-title\" aria-selected=\"false\" data-tab=\"3\" role=\"tab\" tabindex=\"-1\" aria-controls=\"elementor-tab-content-2113\" aria-expanded=\"false\">Membres\u00edas<\/div>\n\t\t\t\t\t\t\t\t\t<div id=\"elementor-tab-title-2114\" class=\"elementor-tab-title elementor-tab-desktop-title\" aria-selected=\"false\" data-tab=\"4\" role=\"tab\" tabindex=\"-1\" aria-controls=\"elementor-tab-content-2114\" aria-expanded=\"false\">Pol\u00edticas y Normas de Servicio<\/div>\n\t\t\t\t\t\t\t\t\t<div id=\"elementor-tab-title-2115\" class=\"elementor-tab-title elementor-tab-desktop-title\" aria-selected=\"false\" data-tab=\"5\" role=\"tab\" tabindex=\"-1\" aria-controls=\"elementor-tab-content-2115\" aria-expanded=\"false\">Horas y Direcci\u00f3n<\/div>\n\t\t\t\t\t\t\t<\/div>\n\t\t\t<div class=\"elementor-tabs-content-wrapper\" role=\"tablist\" aria-orientation=\"vertical\">\n\t\t\t\t\t\t\t\t\t<div class=\"elementor-tab-title elementor-tab-mobile-title\" aria-selected=\"true\" data-tab=\"1\" role=\"tab\" tabindex=\"0\" aria-controls=\"elementor-tab-content-2111\" aria-expanded=\"false\">Descripci\u00f3n<\/div>\n\t\t\t\t\t<div id=\"elementor-tab-content-2111\" class=\"elementor-tab-content elementor-clearfix\" data-tab=\"1\" role=\"tabpanel\" aria-labelledby=\"elementor-tab-title-2111\" tabindex=\"0\" hidden=\"false\"><div class='widget-content'><h1>Descripci\u00f3n<\/h1><p>La Biblioteca est\u00e1 localizada en un edificio de tres pisos en el campus de la Universidad Polit\u00e9cnica de Puerto Rico. Tiene un \u00e1rea aproximada de 40,000 pies cuadrados y capacidad para sentar 761 personas. La colecci\u00f3n de la Biblioteca consiste en m\u00e1s de 140,000 vol\u00famenes clasificados de acuerdo con el Sistema de Clasificaci\u00f3n de la Biblioteca del Congreso. Se especializa en agrimensura, ingenier\u00eda, arquitectura y administraci\u00f3n de empresas. Actualmente la Biblioteca est\u00e1 suscrita a m\u00e1s de 25,000 t\u00edtulos de revistas y publicaciones, tanto t\u00e9cnicas como generales. Sus servicios, al igual que los procedimientos administrativos, se hayan computadorizados. Ofrece acceso a Internet, bases de datos, servicios en l\u00ednea y pr\u00e9stamos interbibliotecarios como parte de sus servicios. El Programa de Destrezas de Informaci\u00f3n ayuda a los estudiantes a convertirse en usuarios independientes de recursos y en investigadores acad\u00e9micos. Cuenta con bibliotecarios, t\u00e9cnicos, asistentes de biblioteca, oficinistas y estudiantes que trabajan como ayudantes para satisfacer las necesidades de informaci\u00f3n de la comunidad acad\u00e9mica y el p\u00fablico en general.<\/p><p><strong>Direcci\u00f3n:<\/strong><\/p><p>377 Ponce de Le\u00f3n Ave. San Juan, Puerto Rico 00918<\/p><p>P.O. Box 192017 San Juan, Puerto Rico 00919-2017<\/p><\/div><\/div>\n\t\t\t\t\t\t\t\t\t<div class=\"elementor-tab-title elementor-tab-mobile-title\" aria-selected=\"false\" data-tab=\"2\" role=\"tab\" tabindex=\"-1\" aria-controls=\"elementor-tab-content-2112\" aria-expanded=\"false\">Misi\u00f3n<\/div>\n\t\t\t\t\t<div id=\"elementor-tab-content-2112\" class=\"elementor-tab-content elementor-clearfix\" data-tab=\"2\" role=\"tabpanel\" aria-labelledby=\"elementor-tab-title-2112\" tabindex=\"0\" hidden=\"hidden\"><div class='widget-content'><h1>Misi\u00f3n<\/h1><p>Ofrecer a la comunidad acad\u00e9mica un espacio, f\u00edsico y virtual en donde el acceso a recursos y servicios de informaci\u00f3n y la gu\u00eda de profesionales de la informaci\u00f3n posibiliten interacci\u00f3n, intercambio de ideas, desarrollo de destrezas, descubrimiento de nuevas fuentes y creaci\u00f3n de nuevo conocimiento resultando en una experiencia empoderadora de aprendizaje de por vida.<\/p><h1>Mission:<\/h1><p>To offer the academic community a physical and virtual space where the access to information resources and services and the guidance of information professionals makes possible interaction, ideas exchange, skills development, discovering new sources and creation of new knowledge, resulting in an empowering lifelong learning experience.<\/p><\/div><\/div>\n\t\t\t\t\t\t\t\t\t<div class=\"elementor-tab-title elementor-tab-mobile-title\" aria-selected=\"false\" data-tab=\"3\" role=\"tab\" tabindex=\"-1\" aria-controls=\"elementor-tab-content-2113\" aria-expanded=\"false\">Membres\u00edas<\/div>\n\t\t\t\t\t<div id=\"elementor-tab-content-2113\" class=\"elementor-tab-content elementor-clearfix\" data-tab=\"3\" role=\"tabpanel\" aria-labelledby=\"elementor-tab-title-2113\" tabindex=\"0\" hidden=\"hidden\"><div class='widget-content'><h1>Membres\u00edas<\/h1><p>ACI \u2013 American Concrete Institute <br \/>ACM \u2013 Association for Computing Machinery <br \/>ACSA \u2013 Association of Collegiate Schools of Architecture <br \/>ACSM \u2013 American Congress of Surveying and Mapping <br \/>ACURIL \u2013 Association of Caribbean University, Research and Institutional Libraries <br \/>ALA \u2013 American Library Association <br \/>Archived Puerto Rico \u2013 Red de Archivos Hist\u00f3ricos de Puerto Rico<br \/>ASEE \u2013 American Society for Engineering Education <br \/>ASEGRABCI \u2013 Asociaci\u00f3n de Egresados Escuela Graduada de Bibliotecolog\u00eda UPR <br \/>ASM International \u2013 Materials science and engineering society <br \/>ASME \u2013 American Society of Mechanical Engineering <br \/>ASTM \u2013 American Society of Testing Materials <br \/>AWRA \u2013 American Water Resources Association <br \/>CONUCO \u2013 Consorcio Universitario que publica \u00edndice de revistas y publicaciones electr\u00f3nicas creadas en Puerto Rico o por puertorrique\u00f1os. <br \/>OCLC \u2013 Online Computer Library Center <br \/>PCI \u2013 Precast\/Prestressed Concrete Institute <br \/>PCIP \u2013 Proyecto de Indizaci\u00f3n de peri\u00f3dicos de Puerto Rico <br \/>SAE International \u2013 Society of Automotive Engineers <br \/>SBPR \u2013 Sociedad de Bibliotecarios de Puerto Rico <br \/>SME \u2013 Society of Manufacturing Engineering <br \/>SPE \u2013 Society of Plastics Engineering <br \/>ULI \u2013 Urban Land Institute<\/p><\/div><\/div>\n\t\t\t\t\t\t\t\t\t<div class=\"elementor-tab-title elementor-tab-mobile-title\" aria-selected=\"false\" data-tab=\"4\" role=\"tab\" tabindex=\"-1\" aria-controls=\"elementor-tab-content-2114\" aria-expanded=\"false\">Pol\u00edticas y Normas de Servicio<\/div>\n\t\t\t\t\t<div id=\"elementor-tab-content-2114\" class=\"elementor-tab-content elementor-clearfix\" data-tab=\"4\" role=\"tabpanel\" aria-labelledby=\"elementor-tab-title-2114\" tabindex=\"0\" hidden=\"hidden\"><div class='widget-content'><h1>Pol\u00edticas y Normas de Servicio<\/h1><p><a class=\"gray-button\" href=\"https:\/\/pupr.edu\/wp-content\/uploads\/2025\/03\/Politica-de-servicio-a-usuarios-visitantes-rev2025_02.pdf\" target=\"_blank\" rel=\"noopener\">Pol\u00edtica de servicios a usuarios visitantes <i class=\"fa fa-download\"><\/i><br \/><\/a><\/p><p><a class=\"gray-button\" href=\"https:\/\/www.pupr.edu\/wp-content\/uploads\/2020\/07\/Normas-de-conducta-a-observarse-en-la-BIblioteca.pdf\" target=\"_blank\" rel=\"noopener\">Normas de conducta a observarse en la Biblioteca <i class=\"fa fa-download\"><\/i><br \/><\/a><\/p><p><a class=\"gray-button\" href=\"https:\/\/www.pupr.edu\/wp-content\/uploads\/2020\/07\/Plan-Desarrollo-de-Coleccio\u0301n-2020.pdf\" target=\"_blank\" rel=\"noopener\">Plan de Desarrollo de la Colecci\u00f3n <i class=\"fa fa-download\"><\/i><br \/><\/a><\/p><p><a class=\"gray-button\" href=\"https:\/\/www.pupr.edu\/wp-content\/uploads\/2020\/07\/Poli\u0301tica-de-Pre\u0301stamos-Interbibliotecarios.pdf\" target=\"_blank\" rel=\"noopener\">Pol\u00edtica de Pr\u00e9stamos Interbibliotecarios <i class=\"fa fa-download\"><\/i><br \/><\/a><\/p><p><a class=\"gray-button\" href=\"https:\/\/www.pupr.edu\/wp-content\/uploads\/2020\/07\/Politica-de-servicios-virtuales-y-accesos-remotos-2020.pdf\" target=\"_blank\" rel=\"noopener\">Pol\u00edtica de Servicios Virtuales y de Acceso Remoto <i class=\"fa fa-download\"><\/i><br \/><\/a><\/p><p><a class=\"gray-button\" href=\"https:\/\/www.pupr.edu\/wp-content\/uploads\/2020\/07\/Procedimiento-a-seguir-cuando-se-interrumpe-la-energi\u0301a-ele\u0301ctrica-en-la-Biblioteca.pdf\" target=\"_blank\" rel=\"noopener\">Procedimiento a seguir cuando se interrumpe la energi\u0301a ele\u0301ctrica en la Biblioteca <i class=\"fa fa-download\"><\/i><br \/><\/a><\/p><p><a class=\"gray-button\" href=\"https:\/\/www.pupr.edu\/wp-content\/uploads\/2020\/07\/Administracio\u0301n-de-multas-y-pre\u0301stamos-con-atraso.pdf\" target=\"_blank\" rel=\"noopener\">Administraci\u00f3n de multas y pr\u00e9stamos con atraso <i class=\"fa fa-download\"><\/i><br \/><\/a><\/p><p><a class=\"gray-button\" href=\"https:\/\/www.pupr.edu\/wp-content\/uploads\/2020\/07\/Poli\u0301tica-de-Acceso-a-la-Informacio\u0301n-2020.pdf\" target=\"_blank\" rel=\"noopener\">Pol\u00edtica de Acceso a la Informaci\u00f3n <i class=\"fa fa-download\"><\/i><br \/><\/a><\/p><p><a class=\"gray-button\" href=\"https:\/\/www.pupr.edu\/wp-content\/uploads\/2020\/07\/Manual-del-Programa-de-Desarrollo-de-Destrezas-de-Informacio\u0301n.pdf\" target=\"_blank\" rel=\"noopener\">Manual del Programa de Desarrollo de Destrezas de Informaci\u00f3n <i class=\"fa fa-download\"><\/i><br \/><\/a><\/p><p><a class=\"gray-button\" href=\"https:\/\/www.pupr.edu\/wp-content\/uploads\/2020\/07\/PUPR-Library-Work-Plan-2019-2020.pdf\" target=\"_blank\" rel=\"noopener\">PUPR Library Work Plan <i class=\"fa fa-download\"><\/i><br \/><\/a><\/p><\/div><\/div>\n\t\t\t\t\t\t\t\t\t<div class=\"elementor-tab-title elementor-tab-mobile-title\" aria-selected=\"false\" data-tab=\"5\" role=\"tab\" tabindex=\"-1\" aria-controls=\"elementor-tab-content-2115\" aria-expanded=\"false\">Horas y Direcci\u00f3n<\/div>\n\t\t\t\t\t<div id=\"elementor-tab-content-2115\" class=\"elementor-tab-content elementor-clearfix\" data-tab=\"5\" role=\"tabpanel\" aria-labelledby=\"elementor-tab-title-2115\" tabindex=\"0\" hidden=\"hidden\"><div class='widget-content'><p>\u00a0<\/p><h4><strong> Trimestres oto\u00f1o, invierno y primavera (Fall, Winter &amp; Spring):<\/strong><\/h4><p>Lunes a jueves: 7:30 am \u2013 10:30 pm<\/p><p>Viernes y S\u00e1bado: 7:30 am \u2013 4:00 pm<\/p><p>Domingo: Cerrada<\/p><p><strong><b>\u00c1reas de estudio del 1er piso se quedan abiertas 24 horas.<\/b><\/strong><\/p><hr \/><h4><b>Trimestre de verano (Summer):<\/b><\/h4><p>Lunes a jueves: 7:30 am \u2013 6:30 pm<\/p><p>Viernes: 7:30 am \u2013 3:00 pm<\/p><p>S\u00e1bado y domingo: Cerrada<\/p><div class=\"clear\"><strong><b>\u00c1reas de estudio del 1er piso se quedan abiertas 24 horas.<\/b><\/strong><\/div><div><hr \/><\/div><div><h4><b>Per\u00edodos\u00a0de receso y matr\u00edcula::<\/b><\/h4><p>Lunes a jueves: 7:30 am \u2013 5:00 pm<\/p><p>Viernes: 7:30 am \u2013 3:00 pm<\/p><p>S\u00e1bado y domingo: Cerrada<\/p><div class=\"clear\"><strong><b>\u00c1reas de estudio del 1er piso se quedan abiertas 24 horas.<\/b><\/strong><\/div><div>\u00a0<\/div><\/div><p><span style=\"font-size: small;\">NOTA: Los servicios ser\u00e1n suspendidos 15 minutos antes de la hora de cierre de cada d\u00eda.<\/span><\/p><h4><strong>Direcci\u00f3n<\/strong>:<\/h4><p>377 Ave. Ponce de Le\u00f3n<\/p><p>San Juan, Puerto Rico 00918<\/p><p>P.O. Box 192017<\/p><p>San Juan, Puerto Rico 00919-2017<\/p><\/div><\/div>\n\t\t\t\t\t\t\t<\/div>\n\t\t<\/div>\n\t\t\t\t<\/div>\n\t\t\t\t<\/div>\n\t\t\t\t\t<\/div>\n\t\t<\/div>\n\t\t\t\t\t<\/div>\n\t\t<\/section>\n\t\t\t\t<\/div>","protected":false},"excerpt":{"rendered":"About Us Descripci\u00f3n Misi\u00f3n Membres\u00edas Pol\u00edticas y Normas de Servicio Horas y Direcci\u00f3n Descripci\u00f3n Descripci\u00f3nLa Biblioteca est\u00e1 localizada en un edificio de tres pisos en el campus de la Universidad Polit\u00e9cnica de Puerto Rico. Tiene un \u00e1rea aproximada de 40,000 pies cuadrados y capacidad para sentar 761 personas. La colecci\u00f3n de la Biblioteca consiste en [&hellip;]","protected":false},"author":14,"featured_media":0,"parent":56768,"menu_order":0,"comment_status":"closed","ping_status":"closed","template":"template-elementordefault.php","meta":{"_acf_changed":false,"inline_featured_image":false,"_monsterinsights_skip_tracking":false,"_monsterinsights_sitenote_active":false,"_monsterinsights_sitenote_note":"","_monsterinsights_sitenote_category":0,"ngg_post_thumbnail":0,"footnotes":""},"program-categories":[],"degree-categories":[],"class_list":["post-49700","page","type-page","status-publish","hentry"],"acf":[],"_links":{"self":[{"href":"https:\/\/pupr.edu\/es\/wp-json\/wp\/v2\/pages\/49700","targetHints":{"allow":["GET"]}}],"collection":[{"href":"https:\/\/pupr.edu\/es\/wp-json\/wp\/v2\/pages"}],"about":[{"href":"https:\/\/pupr.edu\/es\/wp-json\/wp\/v2\/types\/page"}],"author":[{"embeddable":true,"href":"https:\/\/pupr.edu\/es\/wp-json\/wp\/v2\/users\/14"}],"replies":[{"embeddable":true,"href":"https:\/\/pupr.edu\/es\/wp-json\/wp\/v2\/comments?post=49700"}],"version-history":[{"count":32,"href":"https:\/\/pupr.edu\/es\/wp-json\/wp\/v2\/pages\/49700\/revisions"}],"predecessor-version":[{"id":70457,"href":"https:\/\/pupr.edu\/es\/wp-json\/wp\/v2\/pages\/49700\/revisions\/70457"}],"up":[{"embeddable":true,"href":"https:\/\/pupr.edu\/es\/wp-json\/wp\/v2\/pages\/56768"}],"wp:attachment":[{"href":"https:\/\/pupr.edu\/es\/wp-json\/wp\/v2\/media?parent=49700"}],"wp:term":[{"taxonomy":"program-categories","embeddable":true,"href":"https:\/\/pupr.edu\/es\/wp-json\/wp\/v2\/program-categories?post=49700"},{"taxonomy":"degree-categories","embeddable":true,"href":"https:\/\/pupr.edu\/es\/wp-json\/wp\/v2\/degree-categories?post=49700"}],"curies":[{"name":"wp","href":"https:\/\/api.w.org\/{rel}","templated":true}]}}