{"id":49712,"date":"2023-08-28T07:54:35","date_gmt":"2023-08-28T11:54:35","guid":{"rendered":"https:\/\/www.pupr.edu\/?page_id=49712"},"modified":"2024-04-19T03:22:59","modified_gmt":"2024-04-19T07:22:59","slug":"ask-the-librarian","status":"publish","type":"page","link":"https:\/\/pupr.edu\/es\/library\/ask-the-librarian\/","title":{"rendered":"Ask The Librarian"},"content":{"rendered":"<div data-elementor-type=\"wp-page\" data-elementor-id=\"49712\" class=\"elementor elementor-49712\" data-elementor-post-type=\"page\">\n\t\t\t\t\t\t<section class=\"has_eae_slider elementor-section elementor-top-section elementor-element elementor-element-101c673 elementor-section-height-min-height elementor-section-boxed elementor-section-height-default elementor-section-items-middle\" data-id=\"101c673\" data-element_type=\"section\" data-settings=\"{&quot;background_background&quot;:&quot;classic&quot;}\">\n\t\t\t\t\t\t\t<div class=\"elementor-background-overlay\"><\/div>\n\t\t\t\t\t\t\t<div class=\"elementor-container elementor-column-gap-default\">\n\t\t\t\t\t<div class=\"has_eae_slider elementor-column elementor-col-100 elementor-top-column elementor-element elementor-element-d7d8e66\" data-id=\"d7d8e66\" data-element_type=\"column\">\n\t\t\t<div class=\"elementor-widget-wrap\">\n\t\t\t\t\t\t\t<\/div>\n\t\t<\/div>\n\t\t\t\t\t<\/div>\n\t\t<\/section>\n\t\t\t\t<section class=\"has_eae_slider elementor-section elementor-top-section elementor-element elementor-element-e002f10 elementor-section-boxed elementor-section-height-default elementor-section-height-default\" data-id=\"e002f10\" data-element_type=\"section\" data-settings=\"{&quot;background_background&quot;:&quot;classic&quot;}\">\n\t\t\t\t\t\t<div class=\"elementor-container elementor-column-gap-default\">\n\t\t\t\t\t<div class=\"has_eae_slider elementor-column elementor-col-100 elementor-top-column elementor-element elementor-element-3b6b40d\" data-id=\"3b6b40d\" data-element_type=\"column\">\n\t\t\t<div class=\"elementor-widget-wrap elementor-element-populated\">\n\t\t\t\t\t\t<div class=\"elementor-element elementor-element-3892e7c elementor-widget elementor-widget-heading\" data-id=\"3892e7c\" data-element_type=\"widget\" data-widget_type=\"heading.default\">\n\t\t\t\t<div class=\"elementor-widget-container\">\n\t\t\t<h2 class=\"elementor-heading-title elementor-size-default\">Ask the Librarian\n<\/h2>\t\t<\/div>\n\t\t\t\t<\/div>\n\t\t\t\t<div class=\"elementor-element elementor-element-8fe2791 elementor-widget elementor-widget-text-editor\" data-id=\"8fe2791\" data-element_type=\"widget\" data-widget_type=\"text-editor.default\">\n\t\t\t\t<div class=\"elementor-widget-container\">\n\t\t\t\t\t\t\t<div class='widget-content'>Preg\u00fantale al bibliotecario<\/div>\t\t\t\t\t\t<\/div>\n\t\t\t\t<\/div>\n\t\t\t\t<div class=\"elementor-element elementor-element-a20749c elementor-widget elementor-widget-text-editor\" data-id=\"a20749c\" data-element_type=\"widget\" data-widget_type=\"text-editor.default\">\n\t\t\t\t<div class=\"elementor-widget-container\">\n\t\t\t\t\t\t\t<div class='widget-content'>Favor de llenar el Formulario de consulta y enviarlo a: referencistas@pupr.edu. Las preguntas ser\u00e1n contestadas en orden de llegada. Recibir\u00e1 su contestaci\u00f3n en 24 horas o menos.\n\n<\/div>\t\t\t\t\t\t<\/div>\n\t\t\t\t<\/div>\n\t\t\t\t<div class=\"elementor-element elementor-element-2f5a60e elementor-widget elementor-widget-text-editor\" data-id=\"2f5a60e\" data-element_type=\"widget\" data-widget_type=\"text-editor.default\">\n\t\t\t\t<div class=\"elementor-widget-container\">\n\t\t\t\t\t\t\t<div class='widget-content'>Please complete the form and send it to: <a href=\"mailto:referencistas@pupr.edu\">referencistas@pupr.edu<\/a>. Questions will be answered in the order received in 24 hours or less.\n\n<\/div>\t\t\t\t\t\t<\/div>\n\t\t\t\t<\/div>\n\t\t\t\t<div class=\"elementor-element elementor-element-c1fe1fb elementor-mobile-align-justify elementor-widget elementor-widget-button\" data-id=\"c1fe1fb\" data-element_type=\"widget\" data-widget_type=\"button.default\">\n\t\t\t\t<div class=\"elementor-widget-container\">\n\t\t\t\t\t\t\t<div class=\"elementor-button-wrapper\">\n\t\t\t\t\t<a class=\"elementor-button elementor-button-link elementor-size-sm\" href=\"http:\/\/bit.ly\/pupr-ask\" target=\"_blank\">\n\t\t\t\t\t\t<span class=\"elementor-button-content-wrapper\">\n\t\t\t\t\t\t<span class=\"elementor-button-icon\">\n\t\t\t\t<i aria-hidden=\"true\" class=\"fas fa-download\"><\/i>\t\t\t<\/span>\n\t\t\t\t\t\t\t\t\t<span class=\"elementor-button-text\">Formulario\/Form <\/span>\n\t\t\t\t\t<\/span>\n\t\t\t\t\t<\/a>\n\t\t\t\t<\/div>\n\t\t\t\t\t\t<\/div>\n\t\t\t\t<\/div>\n\t\t\t\t<div class=\"elementor-element elementor-element-45a2668 elementor-widget elementor-widget-text-editor\" data-id=\"45a2668\" data-element_type=\"widget\" data-widget_type=\"text-editor.default\">\n\t\t\t\t<div class=\"elementor-widget-container\">\n\t\t\t\t\t\t\t<div class='widget-content'>Para consultar con un bibliotecario tambi\u00e9n puede llamar al 787-622-8000 ext.444,233 o enviar un fax al: 787-759-7926.\n\n<\/div>\t\t\t\t\t\t<\/div>\n\t\t\t\t<\/div>\n\t\t\t\t<div class=\"elementor-element elementor-element-33b5eb8 elementor-widget elementor-widget-text-editor\" data-id=\"33b5eb8\" data-element_type=\"widget\" data-widget_type=\"text-editor.default\">\n\t\t\t\t<div class=\"elementor-widget-container\">\n\t\t\t\t\t\t\t<div class='widget-content'>You can also call 787-622-8000 ext. 444 or 233 or send a Fax to 787-759-7926.\n\n<\/div>\t\t\t\t\t\t<\/div>\n\t\t\t\t<\/div>\n\t\t\t\t\t<\/div>\n\t\t<\/div>\n\t\t\t\t\t<\/div>\n\t\t<\/section>\n\t\t\t\t<\/div>","protected":false},"excerpt":{"rendered":"Ask the Librarian Preg\u00fantale al bibliotecarioFavor de llenar el Formulario de consulta y enviarlo a: referencistas@pupr.edu. Las preguntas ser\u00e1n contestadas en orden de llegada. Recibir\u00e1 su contestaci\u00f3n en 24 horas o menos. Please complete the form and send it to: referencistas@pupr.edu. Questions will be answered in the order received in 24 hours or less. Formulario\/Form [&hellip;]","protected":false},"author":14,"featured_media":12356,"parent":56768,"menu_order":5,"comment_status":"closed","ping_status":"closed","template":"template-elementordefault.php","meta":{"_acf_changed":false,"inline_featured_image":false,"_monsterinsights_skip_tracking":false,"_monsterinsights_sitenote_active":false,"_monsterinsights_sitenote_note":"","_monsterinsights_sitenote_category":0,"ngg_post_thumbnail":0,"footnotes":""},"program-categories":[],"degree-categories":[],"class_list":["post-49712","page","type-page","status-publish","has-post-thumbnail","hentry"],"acf":[],"_links":{"self":[{"href":"https:\/\/pupr.edu\/es\/wp-json\/wp\/v2\/pages\/49712","targetHints":{"allow":["GET"]}}],"collection":[{"href":"https:\/\/pupr.edu\/es\/wp-json\/wp\/v2\/pages"}],"about":[{"href":"https:\/\/pupr.edu\/es\/wp-json\/wp\/v2\/types\/page"}],"author":[{"embeddable":true,"href":"https:\/\/pupr.edu\/es\/wp-json\/wp\/v2\/users\/14"}],"replies":[{"embeddable":true,"href":"https:\/\/pupr.edu\/es\/wp-json\/wp\/v2\/comments?post=49712"}],"version-history":[{"count":31,"href":"https:\/\/pupr.edu\/es\/wp-json\/wp\/v2\/pages\/49712\/revisions"}],"predecessor-version":[{"id":55853,"href":"https:\/\/pupr.edu\/es\/wp-json\/wp\/v2\/pages\/49712\/revisions\/55853"}],"up":[{"embeddable":true,"href":"https:\/\/pupr.edu\/es\/wp-json\/wp\/v2\/pages\/56768"}],"wp:featuredmedia":[{"embeddable":true,"href":"https:\/\/pupr.edu\/es\/wp-json\/wp\/v2\/media\/12356"}],"wp:attachment":[{"href":"https:\/\/pupr.edu\/es\/wp-json\/wp\/v2\/media?parent=49712"}],"wp:term":[{"taxonomy":"program-categories","embeddable":true,"href":"https:\/\/pupr.edu\/es\/wp-json\/wp\/v2\/program-categories?post=49712"},{"taxonomy":"degree-categories","embeddable":true,"href":"https:\/\/pupr.edu\/es\/wp-json\/wp\/v2\/degree-categories?post=49712"}],"curies":[{"name":"wp","href":"https:\/\/api.w.org\/{rel}","templated":true}]}}