{"id":49792,"date":"2023-08-28T12:44:46","date_gmt":"2023-08-28T16:44:46","guid":{"rendered":"https:\/\/www.pupr.edu\/?page_id=49792"},"modified":"2024-04-19T03:24:33","modified_gmt":"2024-04-19T07:24:33","slug":"library-meeting-rooms","status":"publish","type":"page","link":"https:\/\/pupr.edu\/es\/library\/library-meeting-rooms\/","title":{"rendered":"Library Meeting Rooms"},"content":{"rendered":"<div data-elementor-type=\"wp-page\" data-elementor-id=\"49792\" class=\"elementor elementor-49792\" data-elementor-post-type=\"page\">\n\t\t\t\t\t\t<section class=\"has_eae_slider elementor-section elementor-top-section elementor-element elementor-element-13151c5 elementor-section-height-min-height elementor-section-boxed elementor-section-height-default elementor-section-items-middle\" data-id=\"13151c5\" data-element_type=\"section\" data-settings=\"{&quot;background_background&quot;:&quot;classic&quot;}\">\n\t\t\t\t\t\t\t<div class=\"elementor-background-overlay\"><\/div>\n\t\t\t\t\t\t\t<div class=\"elementor-container elementor-column-gap-default\">\n\t\t\t\t\t<div class=\"has_eae_slider elementor-column elementor-col-100 elementor-top-column elementor-element elementor-element-7184b5f\" data-id=\"7184b5f\" data-element_type=\"column\">\n\t\t\t<div class=\"elementor-widget-wrap\">\n\t\t\t\t\t\t\t<\/div>\n\t\t<\/div>\n\t\t\t\t\t<\/div>\n\t\t<\/section>\n\t\t\t\t<section class=\"has_eae_slider elementor-section elementor-top-section elementor-element elementor-element-4cc0189 elementor-section-boxed elementor-section-height-default elementor-section-height-default\" data-id=\"4cc0189\" data-element_type=\"section\" data-settings=\"{&quot;background_background&quot;:&quot;classic&quot;}\">\n\t\t\t\t\t\t<div class=\"elementor-container elementor-column-gap-default\">\n\t\t\t\t\t<div class=\"has_eae_slider elementor-column elementor-col-33 elementor-top-column elementor-element elementor-element-d02f1d0\" data-id=\"d02f1d0\" data-element_type=\"column\">\n\t\t\t<div class=\"elementor-widget-wrap elementor-element-populated\">\n\t\t\t\t\t\t<div class=\"elementor-element elementor-element-831ad99 elementor-widget elementor-widget-text-editor\" data-id=\"831ad99\" data-element_type=\"widget\" data-widget_type=\"text-editor.default\">\n\t\t\t\t<div class=\"elementor-widget-container\">\n\t\t\t\t\t\t\t<div class='widget-content'><\/div>\t\t\t\t\t\t<\/div>\n\t\t\t\t<\/div>\n\t\t\t\t\t<\/div>\n\t\t<\/div>\n\t\t\t\t<div class=\"has_eae_slider elementor-column elementor-col-33 elementor-top-column elementor-element elementor-element-1ef28f8\" data-id=\"1ef28f8\" data-element_type=\"column\">\n\t\t\t<div class=\"elementor-widget-wrap elementor-element-populated\">\n\t\t\t\t\t\t<div class=\"elementor-element elementor-element-d29c070 elementor-widget elementor-widget-heading\" data-id=\"d29c070\" data-element_type=\"widget\" data-widget_type=\"heading.default\">\n\t\t\t\t<div class=\"elementor-widget-container\">\n\t\t\t<h2 class=\"elementor-heading-title elementor-size-default\">Library Meeting Rooms\n<\/h2>\t\t<\/div>\n\t\t\t\t<\/div>\n\t\t\t\t<div class=\"elementor-element elementor-element-42f6ca1 elementor-widget elementor-widget-heading\" data-id=\"42f6ca1\" data-element_type=\"widget\" data-widget_type=\"heading.default\">\n\t\t\t\t<div class=\"elementor-widget-container\">\n\t\t\t<h3 class=\"elementor-heading-title elementor-size-default\">Salones de la Biblioteca\n<\/h3>\t\t<\/div>\n\t\t\t\t<\/div>\n\t\t\t\t<div class=\"elementor-element elementor-element-37fd207 elementor-widget__width-initial elementor-widget elementor-widget-text-editor\" data-id=\"37fd207\" data-element_type=\"widget\" data-widget_type=\"text-editor.default\">\n\t\t\t\t<div class=\"elementor-widget-container\">\n\t\t\t\t\t\t\t<div class='widget-content'>La Biblioteca provee espacios para clases, talleres, presentaciones, estudio en grupo, reuniones y actividades. Las reservaciones y uso de los salones son para complementar las actividades acad\u00e9micas que realizan los estudiantes y la facultad. Todas las reservaciones deben hacerse con anticipaci\u00f3n y se atender\u00e1n las mismas en el orden en que se reciban y de acuerdo al espacio disponible. A continuaci\u00f3n encuentras enlaces e informaci\u00f3n para la reservaci\u00f3n y uso de los espacios de la Biblioteca:\n\n<\/div>\t\t\t\t\t\t<\/div>\n\t\t\t\t<\/div>\n\t\t\t\t<div class=\"elementor-element elementor-element-fba6e83 elementor-widget__width-initial elementor-widget elementor-widget-text-editor\" data-id=\"fba6e83\" data-element_type=\"widget\" data-widget_type=\"text-editor.default\">\n\t\t\t\t<div class=\"elementor-widget-container\">\n\t\t\t\t\t\t\t<div class='widget-content'><ul>\n \t<li> <a href=\"https:\/\/www.pupr.edu\/wp-content\/uploads\/2018\/09\/Espacio-fi\u0301sico-en-Edificio-Biblioteca.pdf\" target=\"_blank\" rel=\"noopener noreferrer\">Espacios y equipos disponibles<\/a><\/li>\n<\/ul><\/div>\t\t\t\t\t\t<\/div>\n\t\t\t\t<\/div>\n\t\t\t\t<div class=\"elementor-element elementor-element-20f1fc9 elementor-widget elementor-widget-heading\" data-id=\"20f1fc9\" data-element_type=\"widget\" data-widget_type=\"heading.default\">\n\t\t\t\t<div class=\"elementor-widget-container\">\n\t\t\t<h4 class=\"elementor-heading-title elementor-size-default\">Solicitudes de reservaci\u00f3n:\n<\/h4>\t\t<\/div>\n\t\t\t\t<\/div>\n\t\t\t\t<div class=\"elementor-element elementor-element-f36ec26 elementor-widget__width-initial elementor-widget elementor-widget-text-editor\" data-id=\"f36ec26\" data-element_type=\"widget\" data-widget_type=\"text-editor.default\">\n\t\t\t\t<div class=\"elementor-widget-container\">\n\t\t\t\t\t\t\t<div class='widget-content'><ul><li><a href=\"https:\/\/www.pupr.edu\/wp-content\/uploads\/2018\/09\/Solicitud-floral-park-y-milla-de-oro-rev-092018.doc\" target=\"_blank\" rel=\"noopener noreferrer\">Salones Milla de Oro y Floral Park<\/a><\/li><li><a href=\"https:\/\/www.pupr.edu\/wp-content\/uploads\/2018\/09\/Salon-Experimental-de-Ensen\u0303anza_Solicitud-y-Politica.docx\" target=\"_blank\" rel=\"noopener noreferrer\">Sal\u00f3n Experimental de Ense\u00f1anza<\/a><\/li><\/ul><\/div>\t\t\t\t\t\t<\/div>\n\t\t\t\t<\/div>\n\t\t\t\t<div class=\"elementor-element elementor-element-a4257a4 elementor-widget elementor-widget-heading\" data-id=\"a4257a4\" data-element_type=\"widget\" data-widget_type=\"heading.default\">\n\t\t\t\t<div class=\"elementor-widget-container\">\n\t\t\t<h4 class=\"elementor-heading-title elementor-size-default\">Para reservar los siguientes espacios:\n\n<\/h4>\t\t<\/div>\n\t\t\t\t<\/div>\n\t\t\t\t<div class=\"elementor-element elementor-element-ac40f8d elementor-widget__width-initial elementor-widget elementor-widget-text-editor\" data-id=\"ac40f8d\" data-element_type=\"widget\" data-widget_type=\"text-editor.default\">\n\t\t\t\t<div class=\"elementor-widget-container\">\n\t\t\t\t\t\t\t<div class='widget-content'><table class=\"table table-bordered\" style=\"background-color: #fff; padding: 10px;\">\n<tbody>\n<tr>\n<th><strong>\u00c1rea de Sal\u00f3n<\/strong><\/th>\n<th><strong>piso<\/strong><\/th>\n<\/tr>\n<tr valign=\"middle\">\n<td>\u00c1rea de Vestibulos<\/td>\n<td rowspan=\"2\">1ro y 3ro<\/td>\n<\/tr>\n<tr>\n<td>Cubiculos de estudio grupal<\/td>\n<\/tr>\n<tr valign=\"middle\">\n<td>Laboratorio Engineering &amp; Science Support Center<\/td>\n<td>1ro<\/td>\n<\/tr>\n<tr>\n<td>Sala A<\/td>\n<td>2do<\/td>\n<\/tr>\n<tr>\n<td>Laboratorio Destrezas<\/td>\n<td rowspan=\"5\">3ro<\/td>\n<\/tr>\n<tr>\n<td>Alhambra<\/td>\n<\/tr>\n<tr>\n<td>Juan Ponce de Le\u00f3n<\/td>\n<\/tr>\n<tr>\n<td>Mallorca<\/td>\n<\/tr>\n<tr>\n<td>Jose Marti<\/td>\n<\/tr>\n<\/tbody>\n<\/table><\/div>\t\t\t\t\t\t<\/div>\n\t\t\t\t<\/div>\n\t\t\t\t<div class=\"elementor-element elementor-element-cc68e60 elementor-widget elementor-widget-text-editor\" data-id=\"cc68e60\" data-element_type=\"widget\" data-widget_type=\"text-editor.default\">\n\t\t\t\t<div class=\"elementor-widget-container\">\n\t\t\t\t\t\t\t<div class='widget-content'><\/div>\t\t\t\t\t\t<\/div>\n\t\t\t\t<\/div>\n\t\t\t\t<div class=\"elementor-element elementor-element-ee376eb elementor-widget__width-initial elementor-widget elementor-widget-text-editor\" data-id=\"ee376eb\" data-element_type=\"widget\" data-widget_type=\"text-editor.default\">\n\t\t\t\t<div class=\"elementor-widget-container\">\n\t\t\t\t\t\t\t<div class='widget-content'>Escriba a reservaciones@pupr.edu. Incluya en su comunicaci\u00f3n el nombre de la actividad, fecha, hora, persona encargada, departamento u oficina y cantidad de participantes.<\/div>\t\t\t\t\t\t<\/div>\n\t\t\t\t<\/div>\n\t\t\t\t<div class=\"elementor-element elementor-element-c4698ca elementor-widget__width-initial elementor-widget elementor-widget-text-editor\" data-id=\"c4698ca\" data-element_type=\"widget\" data-widget_type=\"text-editor.default\">\n\t\t\t\t<div class=\"elementor-widget-container\">\n\t\t\t\t\t\t\t<div class='widget-content'>Tambi\u00e9n puede llamar a las extensiones: 254, 256, 233, 232, 609 o visitar la oficina del \u00c1rea de Circulaci\u00f3n y Reservaciones en el 1er piso de la Biblioteca.\n\n<\/div>\t\t\t\t\t\t<\/div>\n\t\t\t\t<\/div>\n\t\t\t\t\t<\/div>\n\t\t<\/div>\n\t\t\t\t<div class=\"has_eae_slider elementor-column elementor-col-33 elementor-top-column elementor-element elementor-element-b797ee2\" data-id=\"b797ee2\" data-element_type=\"column\">\n\t\t\t<div class=\"elementor-widget-wrap elementor-element-populated\">\n\t\t\t\t\t\t<div class=\"elementor-element elementor-element-4e7cdbb elementor-widget elementor-widget-text-editor\" data-id=\"4e7cdbb\" data-element_type=\"widget\" data-widget_type=\"text-editor.default\">\n\t\t\t\t<div class=\"elementor-widget-container\">\n\t\t\t\t\t\t\t<div class='widget-content'><\/div>\t\t\t\t\t\t<\/div>\n\t\t\t\t<\/div>\n\t\t\t\t\t<\/div>\n\t\t<\/div>\n\t\t\t\t\t<\/div>\n\t\t<\/section>\n\t\t\t\t<\/div>","protected":false},"excerpt":{"rendered":"Library Meeting Rooms Salones de la Biblioteca La Biblioteca provee espacios para clases, talleres, presentaciones, estudio en grupo, reuniones y actividades. Las reservaciones y uso de los salones son para complementar las actividades acad\u00e9micas que realizan los estudiantes y la facultad. Todas las reservaciones deben hacerse con anticipaci\u00f3n y se atender\u00e1n las mismas en el [&hellip;]","protected":false},"author":14,"featured_media":12356,"parent":56768,"menu_order":8,"comment_status":"closed","ping_status":"closed","template":"template-elementordefault.php","meta":{"_acf_changed":false,"inline_featured_image":false,"_monsterinsights_skip_tracking":false,"_monsterinsights_sitenote_active":false,"_monsterinsights_sitenote_note":"","_monsterinsights_sitenote_category":0,"ngg_post_thumbnail":0,"footnotes":""},"program-categories":[],"degree-categories":[],"class_list":["post-49792","page","type-page","status-publish","has-post-thumbnail","hentry"],"acf":[],"_links":{"self":[{"href":"https:\/\/pupr.edu\/es\/wp-json\/wp\/v2\/pages\/49792","targetHints":{"allow":["GET"]}}],"collection":[{"href":"https:\/\/pupr.edu\/es\/wp-json\/wp\/v2\/pages"}],"about":[{"href":"https:\/\/pupr.edu\/es\/wp-json\/wp\/v2\/types\/page"}],"author":[{"embeddable":true,"href":"https:\/\/pupr.edu\/es\/wp-json\/wp\/v2\/users\/14"}],"replies":[{"embeddable":true,"href":"https:\/\/pupr.edu\/es\/wp-json\/wp\/v2\/comments?post=49792"}],"version-history":[{"count":33,"href":"https:\/\/pupr.edu\/es\/wp-json\/wp\/v2\/pages\/49792\/revisions"}],"predecessor-version":[{"id":55856,"href":"https:\/\/pupr.edu\/es\/wp-json\/wp\/v2\/pages\/49792\/revisions\/55856"}],"up":[{"embeddable":true,"href":"https:\/\/pupr.edu\/es\/wp-json\/wp\/v2\/pages\/56768"}],"wp:featuredmedia":[{"embeddable":true,"href":"https:\/\/pupr.edu\/es\/wp-json\/wp\/v2\/media\/12356"}],"wp:attachment":[{"href":"https:\/\/pupr.edu\/es\/wp-json\/wp\/v2\/media?parent=49792"}],"wp:term":[{"taxonomy":"program-categories","embeddable":true,"href":"https:\/\/pupr.edu\/es\/wp-json\/wp\/v2\/program-categories?post=49792"},{"taxonomy":"degree-categories","embeddable":true,"href":"https:\/\/pupr.edu\/es\/wp-json\/wp\/v2\/degree-categories?post=49792"}],"curies":[{"name":"wp","href":"https:\/\/api.w.org\/{rel}","templated":true}]}}