{"id":49818,"date":"2023-08-28T13:05:58","date_gmt":"2023-08-28T17:05:58","guid":{"rendered":"https:\/\/www.pupr.edu\/?page_id=49818"},"modified":"2025-02-04T21:02:26","modified_gmt":"2025-02-05T01:02:26","slug":"contacts","status":"publish","type":"page","link":"https:\/\/pupr.edu\/es\/library\/contacts\/","title":{"rendered":"Contact"},"content":{"rendered":"<div data-elementor-type=\"wp-page\" data-elementor-id=\"49818\" class=\"elementor elementor-49818\" data-elementor-post-type=\"page\">\n\t\t\t\t\t\t<section class=\"has_eae_slider elementor-section elementor-top-section elementor-element elementor-element-5db40d3 elementor-section-height-min-height elementor-section-boxed elementor-section-height-default elementor-section-items-middle\" data-id=\"5db40d3\" data-element_type=\"section\" data-settings=\"{&quot;background_background&quot;:&quot;classic&quot;}\">\n\t\t\t\t\t\t\t<div class=\"elementor-background-overlay\"><\/div>\n\t\t\t\t\t\t\t<div class=\"elementor-container elementor-column-gap-default\">\n\t\t\t\t\t<div class=\"has_eae_slider elementor-column elementor-col-100 elementor-top-column elementor-element elementor-element-8268b1c\" data-id=\"8268b1c\" data-element_type=\"column\">\n\t\t\t<div class=\"elementor-widget-wrap\">\n\t\t\t\t\t\t\t<\/div>\n\t\t<\/div>\n\t\t\t\t\t<\/div>\n\t\t<\/section>\n\t\t\t\t<section class=\"has_eae_slider elementor-section elementor-top-section elementor-element elementor-element-d6af85d elementor-section-boxed elementor-section-height-default elementor-section-height-default\" data-id=\"d6af85d\" data-element_type=\"section\" data-settings=\"{&quot;background_background&quot;:&quot;classic&quot;}\">\n\t\t\t\t\t\t<div class=\"elementor-container elementor-column-gap-default\">\n\t\t\t\t\t<div class=\"has_eae_slider elementor-column elementor-col-100 elementor-top-column elementor-element elementor-element-65b5cdc\" data-id=\"65b5cdc\" data-element_type=\"column\">\n\t\t\t<div class=\"elementor-widget-wrap elementor-element-populated\">\n\t\t\t\t\t\t<div class=\"elementor-element elementor-element-278bf32 elementor-widget elementor-widget-heading\" data-id=\"278bf32\" data-element_type=\"widget\" data-widget_type=\"heading.default\">\n\t\t\t\t<div class=\"elementor-widget-container\">\n\t\t\t<h2 class=\"elementor-heading-title elementor-size-default\">Contact<\/h2>\t\t<\/div>\n\t\t\t\t<\/div>\n\t\t\t\t<div class=\"elementor-element elementor-element-d3e3f52 elementor-widget elementor-widget-text-editor\" data-id=\"d3e3f52\" data-element_type=\"widget\" data-widget_type=\"text-editor.default\">\n\t\t\t\t<div class=\"elementor-widget-container\">\n\t\t\t\t\t\t\t<div class='widget-content'>Registro de extensiones y correo electr\u00f3nico\n<\/div>\t\t\t\t\t\t<\/div>\n\t\t\t\t<\/div>\n\t\t\t\t<div class=\"elementor-element elementor-element-aa5cc42 elementor-widget elementor-widget-heading\" data-id=\"aa5cc42\" data-element_type=\"widget\" data-widget_type=\"heading.default\">\n\t\t\t\t<div class=\"elementor-widget-container\">\n\t\t\t<h4 class=\"elementor-heading-title elementor-size-default\">Oficina Administrativa\n<\/h4>\t\t<\/div>\n\t\t\t\t<\/div>\n\t\t\t\t<div class=\"elementor-element elementor-element-1089820 elementor-widget elementor-widget-text-editor\" data-id=\"1089820\" data-element_type=\"widget\" data-widget_type=\"text-editor.default\">\n\t\t\t\t<div class=\"elementor-widget-container\">\n\t\t\t\t\t\t\t<div class='widget-content'><table id=\"tfhover\" class=\"tftable\" border=\"1\">\n<tbody>\n<tr>\n<th>Nombre<\/th>\n<th>Posici\u00f3n<\/th>\n<th>Extensi\u00f3n<\/th>\n<th>Email<\/th>\n<\/tr>\n<tr>\n<td>Prof. Digna Delgado L\u00f3pez<\/td>\n<td>Directora<\/td>\n<td>386<\/td>\n<td><a href=\"mailto:dgdelgado@pupr.edu\">dgdelgado@pupr.edu<\/a><\/td>\n<\/tr>\n<tr>\n<td>Mar\u00eda Nieves Acevedo<\/td>\n<td>Secretaria<\/td>\n<td>255<\/td>\n<td><a href=\"mailto:minieves@pupr.edu\">minieves@pupr.edu<\/a><\/td>\n<\/tr>\n<\/tbody>\n<\/table><\/div>\t\t\t\t\t\t<\/div>\n\t\t\t\t<\/div>\n\t\t\t\t<div class=\"elementor-element elementor-element-33ecefe elementor-widget elementor-widget-heading\" data-id=\"33ecefe\" data-element_type=\"widget\" data-widget_type=\"heading.default\">\n\t\t\t\t<div class=\"elementor-widget-container\">\n\t\t\t<h4 class=\"elementor-heading-title elementor-size-default\">Departamento de Desarrollo de Colecci\u00f3n y Servicios T\u00e9cnicos\n<\/h4>\t\t<\/div>\n\t\t\t\t<\/div>\n\t\t\t\t<div class=\"elementor-element elementor-element-3ee3091 elementor-widget elementor-widget-text-editor\" data-id=\"3ee3091\" data-element_type=\"widget\" data-widget_type=\"text-editor.default\">\n\t\t\t\t<div class=\"elementor-widget-container\">\n\t\t\t\t\t\t\t<div class='widget-content'><table id=\"tfhover\" class=\"tftable\" border=\"1\">\n<tbody>\n<tr>\n<th>Nombre<\/th>\n<th>Posici\u00f3n<\/th>\n<th>Extensi\u00f3n<\/th>\n<th>Email<\/th>\n<\/tr>\n<tr>\n<td>Prof. Norma Abreu Arbelo<\/td>\n<td>Bibliotecaria de Desarrollo de Colecciones y Catalogaci\u00f3n<\/td>\n<td>257<\/td>\n<td><a href=\"mailto:nabreu@pupr.edu\">nabreu@pupr.edu<\/a><\/td>\n<\/tr>\n<tr>\n<td>Prof. Aurelis F\u00e9lix Ortiz<\/td>\n<td>Bibliotecaria de Adquisiciones y Seriados<\/td>\n<td>259<\/td>\n<td><a href=\"mailto:afelix@pupr.edu\" target=\"_blank\" rel=\"noopener noreferrer\">afelix@pupr.edu<\/a><\/td>\n<\/tr>\n<tr>\n<td>Gloria Pineda C\u00e1rdenas<\/td>\n<td>Bibliotecaria Auxiliar<\/td>\n<td>401<\/td>\n<td><a href=\"mailto:gpineda@pupr.edu\">gpineda@pupr.edu<\/a><\/td>\n<\/tr>\n<\/tbody>\n<\/table><\/div>\t\t\t\t\t\t<\/div>\n\t\t\t\t<\/div>\n\t\t\t\t<div class=\"elementor-element elementor-element-859a86c elementor-widget elementor-widget-heading\" data-id=\"859a86c\" data-element_type=\"widget\" data-widget_type=\"heading.default\">\n\t\t\t\t<div class=\"elementor-widget-container\">\n\t\t\t<h4 class=\"elementor-heading-title elementor-size-default\">Programa de Desarrollo de Destrezas de Informaci\u00f3n\n<\/h4>\t\t<\/div>\n\t\t\t\t<\/div>\n\t\t\t\t<div class=\"elementor-element elementor-element-0cc7771 elementor-widget elementor-widget-text-editor\" data-id=\"0cc7771\" data-element_type=\"widget\" data-widget_type=\"text-editor.default\">\n\t\t\t\t<div class=\"elementor-widget-container\">\n\t\t\t\t\t\t\t<div class='widget-content'><table id=\"tfhover\" class=\"tftable\" border=\"1\"><tbody><tr><th>Nombre<\/th><th>Posici\u00f3n<\/th><th>Extensi\u00f3n<\/th><th>Email<\/th><\/tr><tr><td>Prof. Iris Vera Collazo<\/td><td>Bibliotecaria Programa de Destrezas de Informaci\u00f3n<\/td><td>609<\/td><td><a href=\"mailto:ivera@pupr.edu\">ivera@pupr.edu<\/a><\/td><\/tr><\/tbody><\/table><\/div>\t\t\t\t\t\t<\/div>\n\t\t\t\t<\/div>\n\t\t\t\t<div class=\"elementor-element elementor-element-9a66240 elementor-widget elementor-widget-heading\" data-id=\"9a66240\" data-element_type=\"widget\" data-widget_type=\"heading.default\">\n\t\t\t\t<div class=\"elementor-widget-container\">\n\t\t\t<h4 class=\"elementor-heading-title elementor-size-default\">\u00c1rea de Circulaci\u00f3n\n<\/h4>\t\t<\/div>\n\t\t\t\t<\/div>\n\t\t\t\t<div class=\"elementor-element elementor-element-b20f0e7 elementor-widget elementor-widget-text-editor\" data-id=\"b20f0e7\" data-element_type=\"widget\" data-widget_type=\"text-editor.default\">\n\t\t\t\t<div class=\"elementor-widget-container\">\n\t\t\t\t\t\t\t<div class='widget-content'><table id=\"tfhover\" class=\"tftable\" border=\"1\"><tbody><tr><th>Nombre<\/th><th>Posici\u00f3n<\/th><th>Extensi\u00f3n<\/th><th>Email<\/th><\/tr><tr><td>Cynthia Torres Col\u00f3n<\/td><td>Coordinadora<\/td><td>256<\/td><td><a href=\"mailto:ctorres@pupr.edu\">ctorres@pupr.edu<\/a><\/td><\/tr><tr><td>Charisse M. Diaz Vega<\/td><td>Bibliotecaria Auxiliar<\/td><td>232 y 233<\/td><td><a href=\"mailto:chdiaz@pupr.edu\">chdiaz@pupr.edu <\/a><\/td><\/tr><tr><td>Jos\u00e9 Delgado Hern\u00e1ndez<\/td><td>Bibliotecario Asistente<\/td><td>233<\/td><td><a href=\"mailto:jdelgado@pupr.edu\" target=\"_blank\" rel=\"noopener noreferrer\">jdelgado@pupr.edu<\/a><\/td><\/tr><tr><td>Marco Ocasio P\u00e9rez<\/td><td>Bibliotecario Auxiliar<\/td><td>232 y 233<\/td><td><a href=\"mailto:maocasio@pupr.edu\">maocasio@pupr.edu<\/a><\/td><\/tr><tr><td>Sandra Col\u00f3n Cruz<\/td><td>Bibliotecaria Auxiliar<\/td><td>254<\/td><td><a href=\"mailto:scolon@pupr.edu\">scolon@pupr.edu<\/a><\/td><\/tr><\/tbody><\/table><\/div>\t\t\t\t\t\t<\/div>\n\t\t\t\t<\/div>\n\t\t\t\t<div class=\"elementor-element elementor-element-dce78ff elementor-widget elementor-widget-heading\" data-id=\"dce78ff\" data-element_type=\"widget\" data-widget_type=\"heading.default\">\n\t\t\t\t<div class=\"elementor-widget-container\">\n\t\t\t<h4 class=\"elementor-heading-title elementor-size-default\">Colecciones Especiales y Archivo Hist\u00f3rico\n<\/h4>\t\t<\/div>\n\t\t\t\t<\/div>\n\t\t\t\t<div class=\"elementor-element elementor-element-ce7ed48 elementor-widget elementor-widget-text-editor\" data-id=\"ce7ed48\" data-element_type=\"widget\" data-widget_type=\"text-editor.default\">\n\t\t\t\t<div class=\"elementor-widget-container\">\n\t\t\t\t\t\t\t<div class='widget-content'><table id=\"tfhover\" class=\"tftable\" border=\"1\">\n<tbody>\n<tr>\n<th>Nombre<\/th>\n<th>Posici\u00f3n<\/th>\n<th>Extensi\u00f3n<\/th>\n<th>Email<\/th>\n<\/tr>\n<tr>\n<td>Prof. Antonio Tard\u00ed Galarza<\/td>\n<td>Bibliotecario de Colecciones Especiales y Archivo Hist\u00f3rico<\/td>\n<td>627<\/td>\n<td><a href=\"mailto:atardis@pupr.edu\">atardis@pupr.edu<\/a><\/td>\n<\/tr>\n<tr>\n<td>Migdalia Camacho Font\u00e1n<\/td>\n<td>Bibliotecaria Auxiliar<\/td>\n<td>266<\/td>\n<td><a href=\"mailto:mcamacho@pupr.edu\">mcamacho@pupr.edu<\/a><\/td>\n<\/tr>\n<\/tbody>\n<\/table><\/div>\t\t\t\t\t\t<\/div>\n\t\t\t\t<\/div>\n\t\t\t\t<div class=\"elementor-element elementor-element-77f388b elementor-widget elementor-widget-heading\" data-id=\"77f388b\" data-element_type=\"widget\" data-widget_type=\"heading.default\">\n\t\t\t\t<div class=\"elementor-widget-container\">\n\t\t\t<h4 class=\"elementor-heading-title elementor-size-default\">Pr\u00e9stamos Interbibliotecarios\n<\/h4>\t\t<\/div>\n\t\t\t\t<\/div>\n\t\t\t\t<div class=\"elementor-element elementor-element-3c78458 elementor-widget elementor-widget-text-editor\" data-id=\"3c78458\" data-element_type=\"widget\" data-widget_type=\"text-editor.default\">\n\t\t\t\t<div class=\"elementor-widget-container\">\n\t\t\t\t\t\t\t<div class='widget-content'><table id=\"tfhover\" class=\"tftable\" border=\"1\">\n<tbody>\n<tr>\n<th>Nombre<\/th>\n<th>Posici\u00f3n<\/th>\n<th>Extensi\u00f3n<\/th>\n<th>Email<\/th>\n<\/tr>\n<tr>\n<td>Prof. Aurelis F\u00e9lix Ortiz<\/td>\n<td>Bibliotecaria<\/td>\n<td>259<\/td>\n<td><a href=\"mailto:afelix@pupr.edu\" target=\"_blank\" rel=\"noopener noreferrer\"><span lang=\"EN-US\">afelix@pupr.edu<\/span><\/a><\/td>\n<\/tr>\n<\/tbody>\n<\/table><\/div>\t\t\t\t\t\t<\/div>\n\t\t\t\t<\/div>\n\t\t\t\t<div class=\"elementor-element elementor-element-18a618b elementor-widget elementor-widget-heading\" data-id=\"18a618b\" data-element_type=\"widget\" data-widget_type=\"heading.default\">\n\t\t\t\t<div class=\"elementor-widget-container\">\n\t\t\t<h4 class=\"elementor-heading-title elementor-size-default\">Sala de Investigaciones\n<\/h4>\t\t<\/div>\n\t\t\t\t<\/div>\n\t\t\t\t<div class=\"elementor-element elementor-element-969b17a elementor-widget elementor-widget-text-editor\" data-id=\"969b17a\" data-element_type=\"widget\" data-widget_type=\"text-editor.default\">\n\t\t\t\t<div class=\"elementor-widget-container\">\n\t\t\t\t\t\t\t<div class='widget-content'><table id=\"tfhover\" class=\"tftable\" border=\"1\">\n<tbody>\n<tr>\n<th>Nombre<\/th>\n<th>Posici\u00f3n<\/th>\n<th>Extensi\u00f3n<\/th>\n<th>Email<\/th>\n<\/tr>\n<tr>\n<td>Dra. Giselle Garriga Vidal<\/td>\n<td>Bibliotecaria de Sala de Investigaciones<\/td>\n<td>387<\/td>\n<td><a href=\"mailto:ggarriga@pupr.edu\">ggarriga@pupr.edu<\/a><\/td>\n<\/tr>\n<tr>\n<td>Mario V\u00e1zquez Valiente<\/td>\n<td>Bibliotecario Auxiliar<\/td>\n<td>444<\/td>\n<td><a href=\"mailto:mvazquez@pupr.edu\">mvazquez@pupr.edu<\/a><\/td>\n<\/tr>\n<tr>\n<td>Gabriela Torres Del Valle<\/td>\n<td>Bibliotecaria Auxiliar<\/td>\n<td>444<\/td>\n<td><a href=\"mailto:gtorres@pupr.edu\" target=\"_blank\" rel=\"noopener noreferrer\">gtorres@pupr.edu<\/a><\/td>\n<\/tr>\n<\/tbody>\n<\/table><\/div>\t\t\t\t\t\t<\/div>\n\t\t\t\t<\/div>\n\t\t\t\t\t<\/div>\n\t\t<\/div>\n\t\t\t\t\t<\/div>\n\t\t<\/section>\n\t\t\t\t<\/div>","protected":false},"excerpt":{"rendered":"Contact Registro de extensiones y correo electr\u00f3nico Oficina Administrativa Nombre Posici\u00f3n Extensi\u00f3n Email Prof. Digna Delgado L\u00f3pez Directora 386 dgdelgado@pupr.edu Mar\u00eda Nieves Acevedo Secretaria 255 minieves@pupr.edu Departamento de Desarrollo de Colecci\u00f3n y Servicios T\u00e9cnicos Nombre Posici\u00f3n Extensi\u00f3n Email Prof. Norma Abreu Arbelo Bibliotecaria de Desarrollo de Colecciones y Catalogaci\u00f3n 257 nabreu@pupr.edu Prof. Aurelis F\u00e9lix Ortiz [&hellip;]","protected":false},"author":14,"featured_media":12356,"parent":56768,"menu_order":0,"comment_status":"closed","ping_status":"closed","template":"template-elementordefault.php","meta":{"_acf_changed":false,"inline_featured_image":false,"_monsterinsights_skip_tracking":false,"_monsterinsights_sitenote_active":false,"_monsterinsights_sitenote_note":"","_monsterinsights_sitenote_category":0,"ngg_post_thumbnail":0,"footnotes":""},"program-categories":[],"degree-categories":[],"class_list":["post-49818","page","type-page","status-publish","has-post-thumbnail","hentry"],"acf":[],"_links":{"self":[{"href":"https:\/\/pupr.edu\/es\/wp-json\/wp\/v2\/pages\/49818","targetHints":{"allow":["GET"]}}],"collection":[{"href":"https:\/\/pupr.edu\/es\/wp-json\/wp\/v2\/pages"}],"about":[{"href":"https:\/\/pupr.edu\/es\/wp-json\/wp\/v2\/types\/page"}],"author":[{"embeddable":true,"href":"https:\/\/pupr.edu\/es\/wp-json\/wp\/v2\/users\/14"}],"replies":[{"embeddable":true,"href":"https:\/\/pupr.edu\/es\/wp-json\/wp\/v2\/comments?post=49818"}],"version-history":[{"count":36,"href":"https:\/\/pupr.edu\/es\/wp-json\/wp\/v2\/pages\/49818\/revisions"}],"predecessor-version":[{"id":68801,"href":"https:\/\/pupr.edu\/es\/wp-json\/wp\/v2\/pages\/49818\/revisions\/68801"}],"up":[{"embeddable":true,"href":"https:\/\/pupr.edu\/es\/wp-json\/wp\/v2\/pages\/56768"}],"wp:featuredmedia":[{"embeddable":true,"href":"https:\/\/pupr.edu\/es\/wp-json\/wp\/v2\/media\/12356"}],"wp:attachment":[{"href":"https:\/\/pupr.edu\/es\/wp-json\/wp\/v2\/media?parent=49818"}],"wp:term":[{"taxonomy":"program-categories","embeddable":true,"href":"https:\/\/pupr.edu\/es\/wp-json\/wp\/v2\/program-categories?post=49818"},{"taxonomy":"degree-categories","embeddable":true,"href":"https:\/\/pupr.edu\/es\/wp-json\/wp\/v2\/degree-categories?post=49818"}],"curies":[{"name":"wp","href":"https:\/\/api.w.org\/{rel}","templated":true}]}}