{"id":55285,"date":"2024-02-21T23:51:52","date_gmt":"2024-02-22T03:51:52","guid":{"rendered":"https:\/\/www.pupr.edu\/?page_id=55285"},"modified":"2024-08-12T05:23:38","modified_gmt":"2024-08-12T09:23:38","slug":"msche","status":"publish","type":"page","link":"https:\/\/pupr.edu\/es\/msche\/","title":{"rendered":"Middle States"},"content":{"rendered":"<div data-elementor-type=\"wp-page\" data-elementor-id=\"55285\" class=\"elementor elementor-55285\" data-elementor-post-type=\"page\">\n\t\t\t\t\t\t<section class=\"has_eae_slider elementor-section elementor-top-section elementor-element elementor-element-4d57a528 elementor-section-height-min-height elementor-section-boxed elementor-section-height-default elementor-section-items-middle\" data-id=\"4d57a528\" data-element_type=\"section\" data-settings=\"{&quot;background_background&quot;:&quot;classic&quot;}\">\n\t\t\t\t\t\t<div class=\"elementor-container elementor-column-gap-default\">\n\t\t\t\t\t<div class=\"has_eae_slider elementor-column elementor-col-100 elementor-top-column elementor-element elementor-element-4f21304a\" data-id=\"4f21304a\" data-element_type=\"column\">\n\t\t\t<div class=\"elementor-widget-wrap elementor-element-populated\">\n\t\t\t\t\t\t<div class=\"elementor-element elementor-element-6b16f070 elementor-mobile-align-justify elementor-hidden-desktop elementor-hidden-tablet elementor-hidden-mobile elementor-widget elementor-widget-button\" data-id=\"6b16f070\" data-element_type=\"widget\" data-widget_type=\"button.default\">\n\t\t\t\t<div class=\"elementor-widget-container\">\n\t\t\t\t\t\t\t<div class=\"elementor-button-wrapper\">\n\t\t\t\t\t<a class=\"elementor-button elementor-button-link elementor-size-sm\" href=\"#\">\n\t\t\t\t\t\t<span class=\"elementor-button-content-wrapper\">\n\t\t\t\t\t\t\t\t\t<span class=\"elementor-button-text\">VERSI\u00d3N EN ESPA\u00d1ol: Acceso a informaci\u00f3n<\/span>\n\t\t\t\t\t<\/span>\n\t\t\t\t\t<\/a>\n\t\t\t\t<\/div>\n\t\t\t\t\t\t<\/div>\n\t\t\t\t<\/div>\n\t\t\t\t<div class=\"elementor-element elementor-element-737c11fb elementor-widget elementor-widget-heading\" data-id=\"737c11fb\" data-element_type=\"widget\" data-widget_type=\"heading.default\">\n\t\t\t\t<div class=\"elementor-widget-container\">\n\t\t\t<h2 class=\"elementor-heading-title elementor-size-default\">Know all the details about the upcoming visit of the Middle States Commission on Higher Education this March 2024.\n<\/h2>\t\t<\/div>\n\t\t\t\t<\/div>\n\t\t\t\t<div class=\"elementor-element elementor-element-61fc4922 elementor-widget__width-inherit elementor-widget elementor-widget-text-editor\" data-id=\"61fc4922\" data-element_type=\"widget\" data-widget_type=\"text-editor.default\">\n\t\t\t\t<div class=\"elementor-widget-container\">\n\t\t\t\t\t\t\t<div class='widget-content'>The visit aims to evaluate our programs, resources and services to ensure we meet rigorous academic standards needed to maintain our accreditation.<\/div>\t\t\t\t\t\t<\/div>\n\t\t\t\t<\/div>\n\t\t\t\t<div class=\"elementor-element elementor-element-4705183 elementor-align-center elementor-widget elementor-widget-button\" data-id=\"4705183\" data-element_type=\"widget\" data-widget_type=\"button.default\">\n\t\t\t\t<div class=\"elementor-widget-container\">\n\t\t\t\t\t\t\t<div class=\"elementor-button-wrapper\">\n\t\t\t\t\t<a class=\"elementor-button elementor-button-link elementor-size-lg\" href=\"https:\/\/pupr.edu\/es\/msche-2\/\">\n\t\t\t\t\t\t<span class=\"elementor-button-content-wrapper\">\n\t\t\t\t\t\t\t\t\t<span class=\"elementor-button-text\">Versi\u00f3n en Espa\u00f1ol<\/span>\n\t\t\t\t\t<\/span>\n\t\t\t\t\t<\/a>\n\t\t\t\t<\/div>\n\t\t\t\t\t\t<\/div>\n\t\t\t\t<\/div>\n\t\t\t\t\t<\/div>\n\t\t<\/div>\n\t\t\t\t\t<\/div>\n\t\t<\/section>\n\t\t\t\t<section class=\"has_eae_slider elementor-section elementor-top-section elementor-element elementor-element-04cd43d elementor-section-boxed elementor-section-height-default elementor-section-height-default\" data-id=\"04cd43d\" data-element_type=\"section\">\n\t\t\t\t\t\t<div class=\"elementor-container elementor-column-gap-default\">\n\t\t\t\t\t<div class=\"has_eae_slider elementor-column elementor-col-100 elementor-top-column elementor-element elementor-element-38f4afc\" data-id=\"38f4afc\" data-element_type=\"column\">\n\t\t\t<div class=\"elementor-widget-wrap elementor-element-populated\">\n\t\t\t\t\t\t<div class=\"elementor-element elementor-element-753c227 elementor-widget elementor-widget-toggle\" data-id=\"753c227\" data-element_type=\"widget\" data-widget_type=\"toggle.default\">\n\t\t\t\t<div class=\"elementor-widget-container\">\n\t\t\t\t\t<div class=\"elementor-toggle\">\n\t\t\t\t\t\t\t<div class=\"elementor-toggle-item\">\n\t\t\t\t\t<div id=\"elementor-tab-title-1221\" class=\"elementor-tab-title\" data-tab=\"1\" role=\"button\" aria-controls=\"elementor-tab-content-1221\" aria-expanded=\"false\">\n\t\t\t\t\t\t\t\t\t\t\t\t<span class=\"elementor-toggle-icon elementor-toggle-icon-left\" aria-hidden=\"true\">\n\t\t\t\t\t\t\t\t\t\t\t\t\t\t\t<span class=\"elementor-toggle-icon-closed\"><i class=\"fas fa-caret-right\"><\/i><\/span>\n\t\t\t\t\t\t\t\t<span class=\"elementor-toggle-icon-opened\"><i class=\"elementor-toggle-icon-opened fas fa-caret-up\"><\/i><\/span>\n\t\t\t\t\t\t\t\t\t\t\t\t\t<\/span>\n\t\t\t\t\t\t\t\t\t\t\t\t<a class=\"elementor-toggle-title\" tabindex=\"0\">President's Message<\/a>\n\t\t\t\t\t<\/div>\n\n\t\t\t\t\t<div id=\"elementor-tab-content-1221\" class=\"elementor-tab-content elementor-clearfix\" data-tab=\"1\" role=\"region\" aria-labelledby=\"elementor-tab-title-1221\"><div class='widget-content'><p><img fetchpriority=\"high\" decoding=\"async\" class=\"alignnone size-full wp-image-55297\" src=\"https:\/\/www.pupr.edu\/wp-content\/uploads\/2024\/02\/E-blast-presidente-ENG.jpg\" alt=\"\" width=\"1201\" height=\"2019\" srcset=\"https:\/\/pupr.edu\/wp-content\/uploads\/2024\/02\/E-blast-presidente-ENG.jpg 1201w, https:\/\/pupr.edu\/wp-content\/uploads\/2024\/02\/E-blast-presidente-ENG-768x1291.jpg 768w, https:\/\/pupr.edu\/wp-content\/uploads\/2024\/02\/E-blast-presidente-ENG-914x1536.jpg 914w, https:\/\/pupr.edu\/wp-content\/uploads\/2024\/02\/E-blast-presidente-ENG-7x12.jpg 7w, https:\/\/pupr.edu\/wp-content\/uploads\/2024\/02\/E-blast-presidente-ENG-14x24.jpg 14w, https:\/\/pupr.edu\/wp-content\/uploads\/2024\/02\/E-blast-presidente-ENG-21x36.jpg 21w, https:\/\/pupr.edu\/wp-content\/uploads\/2024\/02\/E-blast-presidente-ENG-29x48.jpg 29w\" sizes=\"(max-width: 1201px) 100vw, 1201px\" \/><\/p><\/div><\/div>\n\t\t\t\t<\/div>\n\t\t\t\t\t\t\t<div class=\"elementor-toggle-item\">\n\t\t\t\t\t<div id=\"elementor-tab-title-1222\" class=\"elementor-tab-title\" data-tab=\"2\" role=\"button\" aria-controls=\"elementor-tab-content-1222\" aria-expanded=\"false\">\n\t\t\t\t\t\t\t\t\t\t\t\t<span class=\"elementor-toggle-icon elementor-toggle-icon-left\" aria-hidden=\"true\">\n\t\t\t\t\t\t\t\t\t\t\t\t\t\t\t<span class=\"elementor-toggle-icon-closed\"><i class=\"fas fa-caret-right\"><\/i><\/span>\n\t\t\t\t\t\t\t\t<span class=\"elementor-toggle-icon-opened\"><i class=\"elementor-toggle-icon-opened fas fa-caret-up\"><\/i><\/span>\n\t\t\t\t\t\t\t\t\t\t\t\t\t<\/span>\n\t\t\t\t\t\t\t\t\t\t\t\t<a class=\"elementor-toggle-title\" tabindex=\"0\">Vision<\/a>\n\t\t\t\t\t<\/div>\n\n\t\t\t\t\t<div id=\"elementor-tab-content-1222\" class=\"elementor-tab-content elementor-clearfix\" data-tab=\"2\" role=\"region\" aria-labelledby=\"elementor-tab-title-1222\"><div class='widget-content'><p><img decoding=\"async\" class=\"alignnone size-full wp-image-55604\" src=\"https:\/\/www.pupr.edu\/wp-content\/uploads\/2024\/03\/Vision_PUPR-3_EN-1.jpg\" alt=\"\" width=\"1920\" height=\"1920\" srcset=\"https:\/\/pupr.edu\/wp-content\/uploads\/2024\/03\/Vision_PUPR-3_EN-1.jpg 1920w, https:\/\/pupr.edu\/wp-content\/uploads\/2024\/03\/Vision_PUPR-3_EN-1-768x768.jpg 768w, https:\/\/pupr.edu\/wp-content\/uploads\/2024\/03\/Vision_PUPR-3_EN-1-1536x1536.jpg 1536w, https:\/\/pupr.edu\/wp-content\/uploads\/2024\/03\/Vision_PUPR-3_EN-1-12x12.jpg 12w, https:\/\/pupr.edu\/wp-content\/uploads\/2024\/03\/Vision_PUPR-3_EN-1-24x24.jpg 24w, https:\/\/pupr.edu\/wp-content\/uploads\/2024\/03\/Vision_PUPR-3_EN-1-36x36.jpg 36w, https:\/\/pupr.edu\/wp-content\/uploads\/2024\/03\/Vision_PUPR-3_EN-1-48x48.jpg 48w\" sizes=\"(max-width: 1920px) 100vw, 1920px\" \/><\/p><\/div><\/div>\n\t\t\t\t<\/div>\n\t\t\t\t\t\t\t<div class=\"elementor-toggle-item\">\n\t\t\t\t\t<div id=\"elementor-tab-title-1223\" class=\"elementor-tab-title\" data-tab=\"3\" role=\"button\" aria-controls=\"elementor-tab-content-1223\" aria-expanded=\"false\">\n\t\t\t\t\t\t\t\t\t\t\t\t<span class=\"elementor-toggle-icon elementor-toggle-icon-left\" aria-hidden=\"true\">\n\t\t\t\t\t\t\t\t\t\t\t\t\t\t\t<span class=\"elementor-toggle-icon-closed\"><i class=\"fas fa-caret-right\"><\/i><\/span>\n\t\t\t\t\t\t\t\t<span class=\"elementor-toggle-icon-opened\"><i class=\"elementor-toggle-icon-opened fas fa-caret-up\"><\/i><\/span>\n\t\t\t\t\t\t\t\t\t\t\t\t\t<\/span>\n\t\t\t\t\t\t\t\t\t\t\t\t<a class=\"elementor-toggle-title\" tabindex=\"0\">Mission<\/a>\n\t\t\t\t\t<\/div>\n\n\t\t\t\t\t<div id=\"elementor-tab-content-1223\" class=\"elementor-tab-content elementor-clearfix\" data-tab=\"3\" role=\"region\" aria-labelledby=\"elementor-tab-title-1223\"><div class='widget-content'><p><img decoding=\"async\" class=\"alignnone size-full wp-image-55605\" src=\"https:\/\/www.pupr.edu\/wp-content\/uploads\/2024\/03\/Mission_PUPR-3_EN.jpg\" alt=\"\" width=\"1920\" height=\"1920\" srcset=\"https:\/\/pupr.edu\/wp-content\/uploads\/2024\/03\/Mission_PUPR-3_EN.jpg 1920w, https:\/\/pupr.edu\/wp-content\/uploads\/2024\/03\/Mission_PUPR-3_EN-768x768.jpg 768w, https:\/\/pupr.edu\/wp-content\/uploads\/2024\/03\/Mission_PUPR-3_EN-1536x1536.jpg 1536w, https:\/\/pupr.edu\/wp-content\/uploads\/2024\/03\/Mission_PUPR-3_EN-12x12.jpg 12w, https:\/\/pupr.edu\/wp-content\/uploads\/2024\/03\/Mission_PUPR-3_EN-24x24.jpg 24w, https:\/\/pupr.edu\/wp-content\/uploads\/2024\/03\/Mission_PUPR-3_EN-36x36.jpg 36w, https:\/\/pupr.edu\/wp-content\/uploads\/2024\/03\/Mission_PUPR-3_EN-48x48.jpg 48w\" sizes=\"(max-width: 1920px) 100vw, 1920px\" \/><\/p><\/div><\/div>\n\t\t\t\t<\/div>\n\t\t\t\t\t\t\t<div class=\"elementor-toggle-item\">\n\t\t\t\t\t<div id=\"elementor-tab-title-1224\" class=\"elementor-tab-title\" data-tab=\"4\" role=\"button\" aria-controls=\"elementor-tab-content-1224\" aria-expanded=\"false\">\n\t\t\t\t\t\t\t\t\t\t\t\t<span class=\"elementor-toggle-icon elementor-toggle-icon-left\" aria-hidden=\"true\">\n\t\t\t\t\t\t\t\t\t\t\t\t\t\t\t<span class=\"elementor-toggle-icon-closed\"><i class=\"fas fa-caret-right\"><\/i><\/span>\n\t\t\t\t\t\t\t\t<span class=\"elementor-toggle-icon-opened\"><i class=\"elementor-toggle-icon-opened fas fa-caret-up\"><\/i><\/span>\n\t\t\t\t\t\t\t\t\t\t\t\t\t<\/span>\n\t\t\t\t\t\t\t\t\t\t\t\t<a class=\"elementor-toggle-title\" tabindex=\"0\">Blackboard Promotion<\/a>\n\t\t\t\t\t<\/div>\n\n\t\t\t\t\t<div id=\"elementor-tab-content-1224\" class=\"elementor-tab-content elementor-clearfix\" data-tab=\"4\" role=\"region\" aria-labelledby=\"elementor-tab-title-1224\"><div class='widget-content'><p><img loading=\"lazy\" decoding=\"async\" class=\"alignnone size-full wp-image-55606\" src=\"https:\/\/www.pupr.edu\/wp-content\/uploads\/2024\/03\/Promocion-Blackboard_4-ENGL.jpg\" alt=\"\" width=\"1920\" height=\"2485\" srcset=\"https:\/\/pupr.edu\/wp-content\/uploads\/2024\/03\/Promocion-Blackboard_4-ENGL.jpg 1920w, https:\/\/pupr.edu\/wp-content\/uploads\/2024\/03\/Promocion-Blackboard_4-ENGL-768x994.jpg 768w, https:\/\/pupr.edu\/wp-content\/uploads\/2024\/03\/Promocion-Blackboard_4-ENGL-1187x1536.jpg 1187w, https:\/\/pupr.edu\/wp-content\/uploads\/2024\/03\/Promocion-Blackboard_4-ENGL-1582x2048.jpg 1582w, https:\/\/pupr.edu\/wp-content\/uploads\/2024\/03\/Promocion-Blackboard_4-ENGL-9x12.jpg 9w, https:\/\/pupr.edu\/wp-content\/uploads\/2024\/03\/Promocion-Blackboard_4-ENGL-19x24.jpg 19w, https:\/\/pupr.edu\/wp-content\/uploads\/2024\/03\/Promocion-Blackboard_4-ENGL-28x36.jpg 28w, https:\/\/pupr.edu\/wp-content\/uploads\/2024\/03\/Promocion-Blackboard_4-ENGL-37x48.jpg 37w\" sizes=\"(max-width: 1920px) 100vw, 1920px\" \/><\/p><\/div><\/div>\n\t\t\t\t<\/div>\n\t\t\t\t\t\t\t\t<\/div>\n\t\t\t\t<\/div>\n\t\t\t\t<\/div>\n\t\t\t\t\t<\/div>\n\t\t<\/div>\n\t\t\t\t\t<\/div>\n\t\t<\/section>\n\t\t\t\t<section class=\"has_eae_slider elementor-section elementor-top-section elementor-element elementor-element-53c7bc9 elementor-section-boxed elementor-section-height-default elementor-section-height-default\" data-id=\"53c7bc9\" data-element_type=\"section\">\n\t\t\t\t\t\t<div class=\"elementor-container elementor-column-gap-default\">\n\t\t\t\t\t<div class=\"has_eae_slider elementor-column elementor-col-100 elementor-top-column elementor-element elementor-element-0e6c4d3\" data-id=\"0e6c4d3\" data-element_type=\"column\">\n\t\t\t<div class=\"elementor-widget-wrap elementor-element-populated\">\n\t\t\t\t\t\t<div class=\"elementor-element elementor-element-cd0e4ff elementor-widget elementor-widget-heading\" data-id=\"cd0e4ff\" data-element_type=\"widget\" data-widget_type=\"heading.default\">\n\t\t\t\t<div class=\"elementor-widget-container\">\n\t\t\t<h2 class=\"elementor-heading-title elementor-size-default\">Videos<\/h2>\t\t<\/div>\n\t\t\t\t<\/div>\n\t\t\t\t<div class=\"elementor-element elementor-element-39cc572 elementor-widget-divider--view-line elementor-widget elementor-widget-divider\" data-id=\"39cc572\" data-element_type=\"widget\" data-widget_type=\"divider.default\">\n\t\t\t\t<div class=\"elementor-widget-container\">\n\t\t\t\t\t<div class=\"elementor-divider\">\n\t\t\t<span class=\"elementor-divider-separator\">\n\t\t\t\t\t\t<\/span>\n\t\t<\/div>\n\t\t\t\t<\/div>\n\t\t\t\t<\/div>\n\t\t\t\t\t<\/div>\n\t\t<\/div>\n\t\t\t\t\t<\/div>\n\t\t<\/section>\n\t\t\t\t<section class=\"has_eae_slider elementor-section elementor-top-section elementor-element elementor-element-583af8a elementor-section-boxed elementor-section-height-default elementor-section-height-default\" data-id=\"583af8a\" data-element_type=\"section\">\n\t\t\t\t\t\t<div class=\"elementor-container elementor-column-gap-default\">\n\t\t\t\t\t<div class=\"has_eae_slider elementor-column elementor-col-50 elementor-top-column elementor-element elementor-element-77a5d86\" data-id=\"77a5d86\" data-element_type=\"column\">\n\t\t\t<div class=\"elementor-widget-wrap elementor-element-populated\">\n\t\t\t\t\t\t<div class=\"elementor-element elementor-element-3bd778b elementor-widget elementor-widget-video\" data-id=\"3bd778b\" data-element_type=\"widget\" data-settings=\"{&quot;youtube_url&quot;:&quot;https:\\\/\\\/www.youtube.com\\\/watch?v=jlfbUImsPQg&quot;,&quot;video_type&quot;:&quot;youtube&quot;,&quot;controls&quot;:&quot;yes&quot;}\" data-widget_type=\"video.default\">\n\t\t\t\t<div class=\"elementor-widget-container\">\n\t\t\t\t\t<div class=\"elementor-wrapper elementor-open-inline\">\n\t\t\t<div class=\"elementor-video\"><\/div>\t\t<\/div>\n\t\t\t\t<\/div>\n\t\t\t\t<\/div>\n\t\t\t\t\t<\/div>\n\t\t<\/div>\n\t\t\t\t<div class=\"has_eae_slider elementor-column elementor-col-50 elementor-top-column elementor-element elementor-element-9bcbe3b\" data-id=\"9bcbe3b\" data-element_type=\"column\">\n\t\t\t<div class=\"elementor-widget-wrap elementor-element-populated\">\n\t\t\t\t\t\t<div class=\"elementor-element elementor-element-8bb29be elementor-widget elementor-widget-video\" data-id=\"8bb29be\" data-element_type=\"widget\" data-settings=\"{&quot;youtube_url&quot;:&quot;https:\\\/\\\/www.youtube.com\\\/watch?v=qRWe3tSj9zI&quot;,&quot;video_type&quot;:&quot;youtube&quot;,&quot;controls&quot;:&quot;yes&quot;}\" data-widget_type=\"video.default\">\n\t\t\t\t<div class=\"elementor-widget-container\">\n\t\t\t\t\t<div class=\"elementor-wrapper elementor-open-inline\">\n\t\t\t<div class=\"elementor-video\"><\/div>\t\t<\/div>\n\t\t\t\t<\/div>\n\t\t\t\t<\/div>\n\t\t\t\t\t<\/div>\n\t\t<\/div>\n\t\t\t\t\t<\/div>\n\t\t<\/section>\n\t\t\t\t<section class=\"has_eae_slider elementor-section elementor-top-section elementor-element elementor-element-c330657 elementor-section-boxed elementor-section-height-default elementor-section-height-default\" data-id=\"c330657\" data-element_type=\"section\">\n\t\t\t\t\t\t<div class=\"elementor-container elementor-column-gap-default\">\n\t\t\t\t\t<div class=\"has_eae_slider elementor-column elementor-col-50 elementor-top-column elementor-element elementor-element-238a738\" data-id=\"238a738\" data-element_type=\"column\">\n\t\t\t<div class=\"elementor-widget-wrap elementor-element-populated\">\n\t\t\t\t\t\t<div class=\"elementor-element elementor-element-dee41d9 elementor-widget elementor-widget-video\" data-id=\"dee41d9\" data-element_type=\"widget\" data-settings=\"{&quot;youtube_url&quot;:&quot;https:\\\/\\\/www.youtube.com\\\/watch?v=qp1CrPHMP-o&quot;,&quot;video_type&quot;:&quot;youtube&quot;,&quot;controls&quot;:&quot;yes&quot;}\" data-widget_type=\"video.default\">\n\t\t\t\t<div class=\"elementor-widget-container\">\n\t\t\t\t\t<div class=\"elementor-wrapper elementor-open-inline\">\n\t\t\t<div class=\"elementor-video\"><\/div>\t\t<\/div>\n\t\t\t\t<\/div>\n\t\t\t\t<\/div>\n\t\t\t\t\t<\/div>\n\t\t<\/div>\n\t\t\t\t<div class=\"has_eae_slider elementor-column elementor-col-50 elementor-top-column elementor-element elementor-element-ef368e2\" data-id=\"ef368e2\" data-element_type=\"column\">\n\t\t\t<div class=\"elementor-widget-wrap elementor-element-populated\">\n\t\t\t\t\t\t<div class=\"elementor-element elementor-element-671552e elementor-widget elementor-widget-video\" data-id=\"671552e\" data-element_type=\"widget\" data-settings=\"{&quot;youtube_url&quot;:&quot;https:\\\/\\\/www.youtube.com\\\/watch?v=YM7Y4wqD0gE&quot;,&quot;video_type&quot;:&quot;youtube&quot;,&quot;controls&quot;:&quot;yes&quot;}\" data-widget_type=\"video.default\">\n\t\t\t\t<div class=\"elementor-widget-container\">\n\t\t\t\t\t<div class=\"elementor-wrapper elementor-open-inline\">\n\t\t\t<div class=\"elementor-video\"><\/div>\t\t<\/div>\n\t\t\t\t<\/div>\n\t\t\t\t<\/div>\n\t\t\t\t\t<\/div>\n\t\t<\/div>\n\t\t\t\t\t<\/div>\n\t\t<\/section>\n\t\t\t\t<section class=\"has_eae_slider elementor-section elementor-top-section elementor-element elementor-element-7771e483 elementor-section-full_width elementor-section-height-default elementor-section-height-default\" data-id=\"7771e483\" data-element_type=\"section\">\n\t\t\t\t\t\t<div class=\"elementor-container elementor-column-gap-no\">\n\t\t\t\t\t<div class=\"has_eae_slider elementor-column elementor-col-100 elementor-top-column elementor-element elementor-element-525c4c2d\" data-id=\"525c4c2d\" data-element_type=\"column\">\n\t\t\t<div class=\"elementor-widget-wrap elementor-element-populated\">\n\t\t\t\t\t\t<div class=\"elementor-element elementor-element-3b299ce elementor-widget__width-initial elementor-absolute elementor-widget elementor-widget-image\" data-id=\"3b299ce\" data-element_type=\"widget\" data-settings=\"{&quot;_position&quot;:&quot;absolute&quot;}\" data-widget_type=\"image.default\">\n\t\t\t\t<div class=\"elementor-widget-container\">\n\t\t\t\t\t\t\t\t\t\t\t\t\t<img loading=\"lazy\" decoding=\"async\" width=\"692\" height=\"777\" src=\"https:\/\/pupr.edu\/wp-content\/uploads\/2024\/01\/Group-7908.png\" class=\"attachment-full size-full wp-image-52950\" alt=\"\" srcset=\"https:\/\/pupr.edu\/wp-content\/uploads\/2024\/01\/Group-7908.png 692w, https:\/\/pupr.edu\/wp-content\/uploads\/2024\/01\/Group-7908-11x12.png 11w, https:\/\/pupr.edu\/wp-content\/uploads\/2024\/01\/Group-7908-21x24.png 21w, https:\/\/pupr.edu\/wp-content\/uploads\/2024\/01\/Group-7908-32x36.png 32w, https:\/\/pupr.edu\/wp-content\/uploads\/2024\/01\/Group-7908-43x48.png 43w\" sizes=\"(max-width: 692px) 100vw, 692px\" \/>\t\t\t\t\t\t\t\t\t\t\t\t\t<\/div>\n\t\t\t\t<\/div>\n\t\t\t\t\t<\/div>\n\t\t<\/div>\n\t\t\t\t\t<\/div>\n\t\t<\/section>\n\t\t\t\t<\/div>","protected":false},"excerpt":{"rendered":"VERSI\u00d3N EN ESPA\u00d1ol: Acceso a informaci\u00f3n Know all the details about the upcoming visit of the Middle States Commission on Higher Education this March 2024. The visit aims to evaluate our programs, resources and services to ensure we meet rigorous academic standards needed to maintain our accreditation. Versi\u00f3n en Espa\u00f1ol President&#8217;s Message Vision Mission Blackboard [&hellip;]","protected":false},"author":14,"featured_media":0,"parent":0,"menu_order":0,"comment_status":"closed","ping_status":"closed","template":"template-titlenine.php","meta":{"_acf_changed":false,"inline_featured_image":false,"_monsterinsights_skip_tracking":false,"_monsterinsights_sitenote_active":false,"_monsterinsights_sitenote_note":"","_monsterinsights_sitenote_category":0,"ngg_post_thumbnail":0,"footnotes":""},"program-categories":[],"degree-categories":[],"class_list":["post-55285","page","type-page","status-publish","hentry"],"acf":[],"_links":{"self":[{"href":"https:\/\/pupr.edu\/es\/wp-json\/wp\/v2\/pages\/55285","targetHints":{"allow":["GET"]}}],"collection":[{"href":"https:\/\/pupr.edu\/es\/wp-json\/wp\/v2\/pages"}],"about":[{"href":"https:\/\/pupr.edu\/es\/wp-json\/wp\/v2\/types\/page"}],"author":[{"embeddable":true,"href":"https:\/\/pupr.edu\/es\/wp-json\/wp\/v2\/users\/14"}],"replies":[{"embeddable":true,"href":"https:\/\/pupr.edu\/es\/wp-json\/wp\/v2\/comments?post=55285"}],"version-history":[{"count":38,"href":"https:\/\/pupr.edu\/es\/wp-json\/wp\/v2\/pages\/55285\/revisions"}],"predecessor-version":[{"id":64989,"href":"https:\/\/pupr.edu\/es\/wp-json\/wp\/v2\/pages\/55285\/revisions\/64989"}],"wp:attachment":[{"href":"https:\/\/pupr.edu\/es\/wp-json\/wp\/v2\/media?parent=55285"}],"wp:term":[{"taxonomy":"program-categories","embeddable":true,"href":"https:\/\/pupr.edu\/es\/wp-json\/wp\/v2\/program-categories?post=55285"},{"taxonomy":"degree-categories","embeddable":true,"href":"https:\/\/pupr.edu\/es\/wp-json\/wp\/v2\/degree-categories?post=55285"}],"curies":[{"name":"wp","href":"https:\/\/api.w.org\/{rel}","templated":true}]}}