{"id":56768,"date":"2024-03-18T09:20:40","date_gmt":"2024-03-18T13:20:40","guid":{"rendered":"https:\/\/www.pupr.edu\/?page_id=56768"},"modified":"2025-03-24T15:56:57","modified_gmt":"2025-03-24T19:56:57","slug":"library","status":"publish","type":"page","link":"https:\/\/pupr.edu\/es\/library\/","title":{"rendered":"Library"},"content":{"rendered":"<div data-elementor-type=\"wp-page\" data-elementor-id=\"56768\" class=\"elementor elementor-56768\" data-elementor-post-type=\"page\">\n\t\t\t\t\t\t<section class=\"has_eae_slider elementor-section elementor-top-section elementor-element elementor-element-17297d7 elementor-section-height-min-height elementor-section-boxed elementor-section-height-default elementor-section-items-middle\" data-id=\"17297d7\" data-element_type=\"section\" data-settings=\"{&quot;background_background&quot;:&quot;classic&quot;}\">\n\t\t\t\t\t\t\t<div class=\"elementor-background-overlay\"><\/div>\n\t\t\t\t\t\t\t<div class=\"elementor-container elementor-column-gap-default\">\n\t\t\t\t\t<div class=\"has_eae_slider elementor-column elementor-col-100 elementor-top-column elementor-element elementor-element-033ba23\" data-id=\"033ba23\" data-element_type=\"column\">\n\t\t\t<div class=\"elementor-widget-wrap\">\n\t\t\t\t\t\t\t<\/div>\n\t\t<\/div>\n\t\t\t\t\t<\/div>\n\t\t<\/section>\n\t\t\t\t<section class=\"has_eae_slider elementor-section elementor-top-section elementor-element elementor-element-2bd0abb elementor-section-boxed elementor-section-height-default elementor-section-height-default\" data-id=\"2bd0abb\" data-element_type=\"section\" data-settings=\"{&quot;background_background&quot;:&quot;classic&quot;}\">\n\t\t\t\t\t\t<div class=\"elementor-container elementor-column-gap-default\">\n\t\t\t\t\t<div class=\"has_eae_slider elementor-column elementor-col-100 elementor-top-column elementor-element elementor-element-330ee0e\" data-id=\"330ee0e\" data-element_type=\"column\">\n\t\t\t<div class=\"elementor-widget-wrap elementor-element-populated\">\n\t\t\t\t\t\t<div class=\"elementor-element elementor-element-70dcc07 elementor-widget elementor-widget-html\" data-id=\"70dcc07\" data-element_type=\"widget\" data-widget_type=\"html.default\">\n\t\t\t\t<div class=\"elementor-widget-container\">\n\t\t\t<script src=\"https:\/\/pupr.libanswers.com\/load_chat.php?hash=13d61102e38351b0c61a878ba278638d8e46c460b802586d1e39f2d57d2ccab0\"><\/script>\t\t<\/div>\n\t\t\t\t<\/div>\n\t\t\t\t<div class=\"elementor-element elementor-element-74e244d elementor-widget elementor-widget-heading\" data-id=\"74e244d\" data-element_type=\"widget\" data-widget_type=\"heading.default\">\n\t\t\t\t<div class=\"elementor-widget-container\">\n\t\t\t<h2 class=\"elementor-heading-title elementor-size-default\">Library\n<\/h2>\t\t<\/div>\n\t\t\t\t<\/div>\n\t\t\t\t<div class=\"elementor-element elementor-element-bff547f elementor-widget elementor-widget-text-editor\" data-id=\"bff547f\" data-element_type=\"widget\" data-widget_type=\"text-editor.default\">\n\t\t\t\t<div class=\"elementor-widget-container\">\n\t\t\t\t\t\t\t<div class='widget-content'><\/div>\t\t\t\t\t\t<\/div>\n\t\t\t\t<\/div>\n\t\t\t\t\t<\/div>\n\t\t<\/div>\n\t\t\t\t\t<\/div>\n\t\t<\/section>\n\t\t\t\t<section class=\"has_eae_slider elementor-section elementor-top-section elementor-element elementor-element-cd2b89a elementor-section-boxed elementor-section-height-default elementor-section-height-default\" data-id=\"cd2b89a\" data-element_type=\"section\">\n\t\t\t\t\t\t<div class=\"elementor-container elementor-column-gap-default\">\n\t\t\t\t\t<div class=\"has_eae_slider elementor-column elementor-col-100 elementor-top-column elementor-element elementor-element-34a3d65\" data-id=\"34a3d65\" data-element_type=\"column\">\n\t\t\t<div class=\"elementor-widget-wrap elementor-element-populated\">\n\t\t\t\t\t\t<div class=\"elementor-element elementor-element-3e11d93 elementor-widget elementor-widget-html\" data-id=\"3e11d93\" data-element_type=\"widget\" data-widget_type=\"html.default\">\n\t\t\t\t<div class=\"elementor-widget-container\">\n\t\t\t\t<form action=\"https:\/\/searchbox.ebsco.com\/search\/\" target=\"_blank\" class=\"ebsco-single-search\">\r\n\t  <input name=\"schemaId\" value=\"search\" type=\"hidden\" \/>\r\n\t  <input name=\"custid\" value=\"s6380249\" type=\"hidden\" \/>\r\n\t  <input name=\"groupid\" value=\"main\" type=\"hidden\" \/>\r\n\t  <input name=\"profid\" value=\"eds\" type=\"hidden\" \/>\r\n\t  <input name=\"authtype\" value=\"ip,guest\" type=\"hidden\" \/>\r\n\t  <input name=\"scope\" value=\"site\" type=\"hidden\" \/>\r\n\t  <input name=\"site\" value=\"eds-live\" type=\"hidden\" \/>\r\n\t  <input name=\"direct\" value=\"true\" type=\"hidden\" \/>\r\n\r\n\t  <div class=\"eb-search-container\">\r\n\t    <h1 class=\"eb-search-container__title\">PUPR Library Search<\/h1>\r\n\t    <div class=\"eb-search\">\r\n\t      <div class=\"eb-search__box\">\r\n\t        <div class=\"eb-search__search-prefix\">\r\n\t          <select class=\"eb-search__select\" name=\"searchprefix\">\r\n\t            <option value=\"\" selected=\"selected\" >Keyword<\/option>\r\n\t            <option value=\"TI\"  >Title<\/option>\r\n\t            <option value=\"AU\"  >Author<\/option>\r\n\t          <\/select>\r\n\t        <\/div>\r\n\t        <label class=\"eb-sr-only\" for=\"eb-sbb-search-input\">Search<\/label>\r\n\t        <input class=\"eb-search__input-bquery\" id=\"eb-sbb-search-input\" name=\"bquery\" type=\"text\" placeholder=\"Search books, articles, media and more...\" \/>\r\n\t        <button class=\"eb-search__submit-button\" type=\"submit\">\r\n\t          <div class=\"eb-search__submit-text\">Search<\/div>\r\n\t        <\/button>\r\n\t      <\/div>\r\n\t    <\/div>\r\n\r\n\t    <div class=\"eb-filter-container\">\r\n\t      <label class=\"eb-search__label\" for=\"libraryCollection\">\r\n\t        <input class=\"eb-search__input\" id=\"libraryCollection\" name=\"limiter-ft1\" value=\"Y\" type=\"checkbox\" checked>\r\n\t        <span class=\"eb-search__span\">Available in Library Collections<\/span>\r\n\t      <\/label>\r\n\t      <label class=\"eb-search__label\" for=\"fullText\">\r\n\t        <input class=\"eb-search__input\" id=\"fullText\" name=\"limiter-ft\" value=\"Y\" type=\"checkbox\" \/>\r\n\t        <span class=\"eb-search__span\">Full Text Online<\/span>\r\n\t      <\/label>\r\n\t    <\/div>\r\n\t    <div class=\"eb-adv-search\">\r\n\t      <a class=\"eb-adv-search__link\" href=\"https:\/\/searchbox.ebsco.com\/search\/?authtype=ip,guest&schemaId=search&custid=s6380249&groupid=main&profid=eds&setup=1&scope=site&site=eds-live&direct=true\" target=\"_blank\">Advanced Search<\/a>\r\n\t    <\/div>\r\n\t  <\/div>\r\n\t<\/form>\r\n\t\t<\/div>\n\t\t\t\t<\/div>\n\t\t\t\t\t<\/div>\n\t\t<\/div>\n\t\t\t\t\t<\/div>\n\t\t<\/section>\n\t\t\t\t<section class=\"has_eae_slider elementor-section elementor-top-section elementor-element elementor-element-ff720bc elementor-section-boxed elementor-section-height-default elementor-section-height-default\" data-id=\"ff720bc\" data-element_type=\"section\">\n\t\t\t\t\t\t<div class=\"elementor-container elementor-column-gap-default\">\n\t\t\t\t\t<div class=\"has_eae_slider elementor-column elementor-col-100 elementor-top-column elementor-element elementor-element-309dea3\" data-id=\"309dea3\" data-element_type=\"column\">\n\t\t\t<div class=\"elementor-widget-wrap elementor-element-populated\">\n\t\t\t\t\t\t<div class=\"elementor-element elementor-element-d3f648f box-gray-libraray elementor-widget elementor-widget-html\" data-id=\"d3f648f\" data-element_type=\"widget\" data-widget_type=\"html.default\">\n\t\t\t\t<div class=\"elementor-widget-container\">\n\t\t\t\r\n\n\t\t<a target='_blank' class='square-gray-button' href='https:\/\/pupr.ent.sirsi.net\/'>\n\t\t\tLibrary <br>\r\n\r\nCatalog \n\t\t<\/a>\n\t\r\n\r\n\n\t\t<a target='_blank' class='square-gray-button' href='https:\/\/pupr.edu\/es\/library\/databases\/'>\n\t\t\tLibrary <br>\r\nDatabases \n\t\t<\/a>\n\t\r\n\r\n\n\t\t<a target='_blank' class='square-gray-button' href='http:\/\/bibliopoli.wordpress.com\/'>\n\t\t\tLibrary <br>\r\nBlog \n\t\t<\/a>\n\t\r\n\r\n\n\t\t<a target='_self' class='square-gray-button' href='https:\/\/pupr.libanswers.com\/'>\n\t\t\tAsk the <br>\r\nLibrarian \n\t\t<\/a>\n\t\r\n\r\n\n\t\t<a target='_self' class='square-gray-button' href='https:\/\/pupr.edu\/es\/library\/interlibrary-loans\/'>\n\t\t\tInterlibrary <br>\r\nLoans \n\t\t<\/a>\n\t\r\n\r\n\n\t\t<a target='_blank' class='square-gray-button' href='https:\/\/pupr.libguides.com\/?b=s'>\n\t\t\tLibrary <br>Guides \n\t\t<\/a>\n\t\r\n\r\n\n\t\t<a target='_blank' class='square-gray-button' href='https:\/\/prcr.cobimet.org\/communities\/0a97b3b2-7c01-43e0-955f-29ccd0bedaea'>\n\t\t\tPUPR Digital <br>Repository \n\t\t<\/a>\n\t\t\t<\/div>\n\t\t\t\t<\/div>\n\t\t\t\t\t<\/div>\n\t\t<\/div>\n\t\t\t\t\t<\/div>\n\t\t<\/section>\n\t\t\t\t<section class=\"has_eae_slider elementor-section elementor-top-section elementor-element elementor-element-8b758ef elementor-section-height-min-height elementor-section-boxed elementor-section-height-default elementor-section-items-middle\" data-id=\"8b758ef\" data-element_type=\"section\">\n\t\t\t\t\t\t<div class=\"elementor-container elementor-column-gap-default\">\n\t\t\t\t\t<div class=\"has_eae_slider elementor-column elementor-col-100 elementor-top-column elementor-element elementor-element-15a05be\" data-id=\"15a05be\" data-element_type=\"column\">\n\t\t\t<div class=\"elementor-widget-wrap elementor-element-populated\">\n\t\t\t\t\t\t<div class=\"elementor-element elementor-element-4524fd1 elementor-widget elementor-widget-shortcode\" data-id=\"4524fd1\" data-element_type=\"widget\" data-widget_type=\"shortcode.default\">\n\t\t\t\t<div class=\"elementor-widget-container\">\n\t\t\t\t\t<div class=\"elementor-shortcode\">\r\n    <script src=\"https:\/\/pupr.edu\/wp-content\/themes\/politecnica\/videojs\/tdvplayer.js?v=1721241659987\"><\/script>\r\n    <script src=\"https:\/\/pupr.edu\/wp-content\/themes\/politecnica\/videojs\/script.js?v=1721241659987\"><\/script>\r\n  \r\n    <style type=\"text\/css\">\r\n    \t.fill-viewport { position:absolute; top:0; left:0; right:0; bottom:0; padding:0; margin:0; overflow: hidden; width:100%; height:1020px }\r\n        .fill-viewport.landscape-left { left: env(safe-area-inset-left); }\r\n\t\t.fill-viewport.landscape-right { right: env(safe-area-inset-right); }\r\n        #viewer { z-index:1; }\r\n        #preloadContainer { z-index:2; opacity:0; background-color:rgba(255,255,255,1); transition: opacity 0.5s; -webkit-transition: opacity 0.5s; -moz-transition: opacity 0.5s; -o-transition: opacity 0.5s;}\r\n    <\/style>\r\n    \r\n    <div class=\"videotour360_div\">\r\n    <div id=\"preloadContainer\" class=\"fill-viewport\"><div style=\"z-index: 4; position: absolute; overflow: hidden; left: 0%; top: 50%; width: 100.00%; height: 10.00%\" ><div style=\"text-align:left; color:#000; \"><div style=\"text-align:center;font-size:1.6666666666666663vmin;\"><span style=\"display:inline-block; letter-spacing:0vmin; white-space:pre-wrap;color:#777777;font-size:1.67vmin;font-family:Arial, Helvetica, sans-serif;\">Loading virtual tour. Please wait...<\/span><\/div><\/div><\/div><\/div>\r\n    <div id=\"viewer\" class=\"fill-viewport\"><\/div>\r\n    <\/div>\r\n\r\n\r\n<\/div>\n\t\t\t\t<\/div>\n\t\t\t\t<\/div>\n\t\t\t\t\t<\/div>\n\t\t<\/div>\n\t\t\t\t\t<\/div>\n\t\t<\/section>\n\t\t\t\t<section class=\"has_eae_slider elementor-section elementor-top-section elementor-element elementor-element-a59cf6a elementor-section-boxed elementor-section-height-default elementor-section-height-default\" data-id=\"a59cf6a\" data-element_type=\"section\">\n\t\t\t\t\t\t<div class=\"elementor-container elementor-column-gap-default\">\n\t\t\t\t\t<div class=\"has_eae_slider elementor-column elementor-col-50 elementor-top-column elementor-element elementor-element-28df791\" data-id=\"28df791\" data-element_type=\"column\">\n\t\t\t<div class=\"elementor-widget-wrap elementor-element-populated\">\n\t\t\t\t\t\t<div class=\"elementor-element elementor-element-071eecd elementor-widget elementor-widget-heading\" data-id=\"071eecd\" data-element_type=\"widget\" data-widget_type=\"heading.default\">\n\t\t\t\t<div class=\"elementor-widget-container\">\n\t\t\t<h2 class=\"elementor-heading-title elementor-size-default\">\u00a1Bienvenido!\n<\/h2>\t\t<\/div>\n\t\t\t\t<\/div>\n\t\t\t\t<div class=\"elementor-element elementor-element-29e69fc elementor-widget elementor-widget-text-editor\" data-id=\"29e69fc\" data-element_type=\"widget\" data-widget_type=\"text-editor.default\">\n\t\t\t\t<div class=\"elementor-widget-container\">\n\t\t\t\t\t\t\t<div class='widget-content'>Le invitamos a explorar los recursos y servicios que ofrecemos en la Biblioteca. Aqu\u00ed encontrar\u00e1 valiosa informaci\u00f3n publicada en libros y revistas impresas y electr\u00f3nicas. Pagamos subscripciones a bases de datos para que tengas acceso a informaci\u00f3n relevante a tu programa de estudios. Encontrar\u00e1s libros y manuales en texto completo de prestigiosas casas editoras. Tambi\u00e9n, hay art\u00edculos de revistas y \u201cjournals\u201d acad\u00e9micos publicados por organizaciones profesionales, universidades, centros de investigaci\u00f3n y casas publicadoras de mucha trayectoria y reconocida reputaci\u00f3n. No pierdas tiempo buscando y descartando informaci\u00f3n en cientos de p\u00e1ginas de Internet. Usa las fuentes de informaci\u00f3n confiable que te provee tu Biblioteca.\n\n<\/div>\t\t\t\t\t\t<\/div>\n\t\t\t\t<\/div>\n\t\t\t\t<div class=\"elementor-element elementor-element-c2436cf elementor-widget elementor-widget-text-editor\" data-id=\"c2436cf\" data-element_type=\"widget\" data-widget_type=\"text-editor.default\">\n\t\t\t\t<div class=\"elementor-widget-container\">\n\t\t\t\t\t\t\t<div class='widget-content'>Al visitarnos presencialmente tendr\u00e1s a tu disposici\u00f3n salones de estudio equipados para trabajar junto a tus compa\u00f1eros, compartir ideas y crear nuevo conocimiento. Tambi\u00e9n puedes visitarnos virtualmente para acceder a todos los recursos y servicios electr\u00f3nicos que ofrece la Biblioteca.\n\n<\/div>\t\t\t\t\t\t<\/div>\n\t\t\t\t<\/div>\n\t\t\t\t\t<\/div>\n\t\t<\/div>\n\t\t\t\t<div class=\"has_eae_slider elementor-column elementor-col-50 elementor-top-column elementor-element elementor-element-e0e48c9\" data-id=\"e0e48c9\" data-element_type=\"column\">\n\t\t\t<div class=\"elementor-widget-wrap elementor-element-populated\">\n\t\t\t\t\t\t<div class=\"elementor-element elementor-element-79ddd28 elementor-widget elementor-widget-heading\" data-id=\"79ddd28\" data-element_type=\"widget\" data-widget_type=\"heading.default\">\n\t\t\t\t<div class=\"elementor-widget-container\">\n\t\t\t<h2 class=\"elementor-heading-title elementor-size-default\">Welcome!\n<\/h2>\t\t<\/div>\n\t\t\t\t<\/div>\n\t\t\t\t<div class=\"elementor-element elementor-element-5af90f1 elementor-widget elementor-widget-text-editor\" data-id=\"5af90f1\" data-element_type=\"widget\" data-widget_type=\"text-editor.default\">\n\t\t\t\t<div class=\"elementor-widget-container\">\n\t\t\t\t\t\t\t<div class='widget-content'>We invite you to explore the services and resources offered at the Library. Here you shall find useful information published in books and journals print and online. We are subscribed to databases so you have access to information that is relevant to your field of study. There are also articles from magazines and academic journals published by professional organizations, universities, research centers and publishing houses of well-known reputation. Don\u2019t waste your time searching and discarding information from hundreds of Internet websites. Use the trustworthy information sources provided here at your Library.\n\n<\/div>\t\t\t\t\t\t<\/div>\n\t\t\t\t<\/div>\n\t\t\t\t<div class=\"elementor-element elementor-element-04ec232 elementor-widget elementor-widget-text-editor\" data-id=\"04ec232\" data-element_type=\"widget\" data-widget_type=\"text-editor.default\">\n\t\t\t\t<div class=\"elementor-widget-container\">\n\t\t\t\t\t\t\t<div class='widget-content'>If you visit us in person you will have access to study rooms fully equipped so you can work with your classmates, exchange ideas and produce new knowledge. You can also visit us online to access all the resources and services provided by the Library.\n\n<\/div>\t\t\t\t\t\t<\/div>\n\t\t\t\t<\/div>\n\t\t\t\t\t<\/div>\n\t\t<\/div>\n\t\t\t\t\t<\/div>\n\t\t<\/section>\n\t\t\t\t<section class=\"has_eae_slider elementor-section elementor-top-section elementor-element elementor-element-f9367c0 elementor-section-boxed elementor-section-height-default elementor-section-height-default\" data-id=\"f9367c0\" data-element_type=\"section\">\n\t\t\t\t\t\t<div class=\"elementor-container elementor-column-gap-default\">\n\t\t\t\t\t<div class=\"has_eae_slider elementor-column elementor-col-100 elementor-top-column elementor-element elementor-element-c29a880\" data-id=\"c29a880\" data-element_type=\"column\">\n\t\t\t<div class=\"elementor-widget-wrap elementor-element-populated\">\n\t\t\t\t\t\t<div class=\"elementor-element elementor-element-0dafced elementor-widget elementor-widget-html\" data-id=\"0dafced\" data-element_type=\"widget\" data-widget_type=\"html.default\">\n\t\t\t\t<div class=\"elementor-widget-container\">\n\t\t\t<div id=\"libchat_13d61102e38351b0c61a878ba278638d8e46c460b802586d1e39f2d57d2ccab0\"><\/div>\t\t<\/div>\n\t\t\t\t<\/div>\n\t\t\t\t\t<\/div>\n\t\t<\/div>\n\t\t\t\t\t<\/div>\n\t\t<\/section>\n\t\t\t\t<\/div>","protected":false},"excerpt":{"rendered":"Library \u00a1Bienvenido! Le invitamos a explorar los recursos y servicios que ofrecemos en la Biblioteca. Aqu\u00ed encontrar\u00e1 valiosa informaci\u00f3n publicada en libros y revistas impresas y electr\u00f3nicas. Pagamos subscripciones a bases de datos para que tengas acceso a informaci\u00f3n relevante a tu programa de estudios. Encontrar\u00e1s libros y manuales en texto completo de prestigiosas casas [&hellip;]","protected":false},"author":14,"featured_media":0,"parent":0,"menu_order":0,"comment_status":"closed","ping_status":"closed","template":"template-newelementorpage.php","meta":{"_acf_changed":false,"inline_featured_image":false,"_monsterinsights_skip_tracking":false,"_monsterinsights_sitenote_active":false,"_monsterinsights_sitenote_note":"","_monsterinsights_sitenote_category":0,"ngg_post_thumbnail":0,"footnotes":""},"program-categories":[],"degree-categories":[],"class_list":["post-56768","page","type-page","status-publish","hentry"],"acf":[],"_links":{"self":[{"href":"https:\/\/pupr.edu\/es\/wp-json\/wp\/v2\/pages\/56768","targetHints":{"allow":["GET"]}}],"collection":[{"href":"https:\/\/pupr.edu\/es\/wp-json\/wp\/v2\/pages"}],"about":[{"href":"https:\/\/pupr.edu\/es\/wp-json\/wp\/v2\/types\/page"}],"author":[{"embeddable":true,"href":"https:\/\/pupr.edu\/es\/wp-json\/wp\/v2\/users\/14"}],"replies":[{"embeddable":true,"href":"https:\/\/pupr.edu\/es\/wp-json\/wp\/v2\/comments?post=56768"}],"version-history":[{"count":90,"href":"https:\/\/pupr.edu\/es\/wp-json\/wp\/v2\/pages\/56768\/revisions"}],"predecessor-version":[{"id":70085,"href":"https:\/\/pupr.edu\/es\/wp-json\/wp\/v2\/pages\/56768\/revisions\/70085"}],"wp:attachment":[{"href":"https:\/\/pupr.edu\/es\/wp-json\/wp\/v2\/media?parent=56768"}],"wp:term":[{"taxonomy":"program-categories","embeddable":true,"href":"https:\/\/pupr.edu\/es\/wp-json\/wp\/v2\/program-categories?post=56768"},{"taxonomy":"degree-categories","embeddable":true,"href":"https:\/\/pupr.edu\/es\/wp-json\/wp\/v2\/degree-categories?post=56768"}],"curies":[{"name":"wp","href":"https:\/\/api.w.org\/{rel}","templated":true}]}}