{"id":58856,"date":"2024-03-29T07:04:34","date_gmt":"2024-03-29T11:04:34","guid":{"rendered":"https:\/\/www.pupr.edu\/?page_id=58856"},"modified":"2024-12-12T20:31:05","modified_gmt":"2024-12-13T00:31:05","slug":"covid-19-cares-act","status":"publish","type":"page","link":"https:\/\/pupr.edu\/es\/covid-19-cares-act\/","title":{"rendered":"COVID-19 (CARES Act)"},"content":{"rendered":"<div data-elementor-type=\"wp-page\" data-elementor-id=\"58856\" class=\"elementor elementor-58856\" data-elementor-post-type=\"page\">\n\t\t\t\t\t\t<section class=\"has_eae_slider elementor-section elementor-top-section elementor-element elementor-element-2787878 elementor-section-height-min-height elementor-section-boxed elementor-section-height-default elementor-section-items-middle\" data-id=\"2787878\" data-element_type=\"section\" data-settings=\"{&quot;background_background&quot;:&quot;classic&quot;}\">\n\t\t\t\t\t\t\t<div class=\"elementor-background-overlay\"><\/div>\n\t\t\t\t\t\t\t<div class=\"elementor-container elementor-column-gap-default\">\n\t\t\t\t\t<div class=\"has_eae_slider elementor-column elementor-col-100 elementor-top-column elementor-element elementor-element-96de1aa\" data-id=\"96de1aa\" data-element_type=\"column\">\n\t\t\t<div class=\"elementor-widget-wrap\">\n\t\t\t\t\t\t\t<\/div>\n\t\t<\/div>\n\t\t\t\t\t<\/div>\n\t\t<\/section>\n\t\t\t\t<section class=\"has_eae_slider elementor-section elementor-top-section elementor-element elementor-element-2547f8b elementor-section-boxed elementor-section-height-default elementor-section-height-default\" data-id=\"2547f8b\" data-element_type=\"section\" data-settings=\"{&quot;background_background&quot;:&quot;classic&quot;}\">\n\t\t\t\t\t\t<div class=\"elementor-container elementor-column-gap-default\">\n\t\t\t\t\t<div class=\"has_eae_slider elementor-column elementor-col-100 elementor-top-column elementor-element elementor-element-7f7e960\" data-id=\"7f7e960\" data-element_type=\"column\">\n\t\t\t<div class=\"elementor-widget-wrap elementor-element-populated\">\n\t\t\t\t\t\t<div class=\"elementor-element elementor-element-967d899 elementor-widget elementor-widget-heading\" data-id=\"967d899\" data-element_type=\"widget\" data-widget_type=\"heading.default\">\n\t\t\t\t<div class=\"elementor-widget-container\">\n\t\t\t<h2 class=\"elementor-heading-title elementor-size-default\">COVID-19 (CARES Act)\n<\/h2>\t\t<\/div>\n\t\t\t\t<\/div>\n\t\t\t\t<div class=\"elementor-element elementor-element-bfaba0a elementor-widget elementor-widget-text-editor\" data-id=\"bfaba0a\" data-element_type=\"widget\" data-widget_type=\"text-editor.default\">\n\t\t\t\t<div class=\"elementor-widget-container\">\n\t\t\t\t\t\t\t<div class='widget-content'><\/div>\t\t\t\t\t\t<\/div>\n\t\t\t\t<\/div>\n\t\t\t\t\t<\/div>\n\t\t<\/div>\n\t\t\t\t\t<\/div>\n\t\t<\/section>\n\t\t\t\t<section class=\"has_eae_slider elementor-section elementor-top-section elementor-element elementor-element-8c9bd2c elementor-section-boxed elementor-section-height-default elementor-section-height-default\" data-id=\"8c9bd2c\" data-element_type=\"section\">\n\t\t\t\t\t\t<div class=\"elementor-container elementor-column-gap-default\">\n\t\t\t\t\t<div class=\"has_eae_slider elementor-column elementor-col-100 elementor-top-column elementor-element elementor-element-a5c1569\" data-id=\"a5c1569\" data-element_type=\"column\">\n\t\t\t<div class=\"elementor-widget-wrap elementor-element-populated\">\n\t\t\t\t\t\t<div class=\"elementor-element elementor-element-ba176d2 elementor-tabs-view-vertical ver_tab_menu elementor-widget elementor-widget-tabs\" data-id=\"ba176d2\" data-element_type=\"widget\" data-widget_type=\"tabs.default\">\n\t\t\t\t<div class=\"elementor-widget-container\">\n\t\t\t\t\t<div class=\"elementor-tabs\">\n\t\t\t<div class=\"elementor-tabs-wrapper\" role=\"tablist\" >\n\t\t\t\t\t\t\t\t\t<div id=\"elementor-tab-title-1951\" class=\"elementor-tab-title elementor-tab-desktop-title\" aria-selected=\"true\" data-tab=\"1\" role=\"tab\" tabindex=\"0\" aria-controls=\"elementor-tab-content-1951\" aria-expanded=\"false\">CARES Act<\/div>\n\t\t\t\t\t\t\t\t\t<div id=\"elementor-tab-title-1952\" class=\"elementor-tab-title elementor-tab-desktop-title\" aria-selected=\"false\" data-tab=\"2\" role=\"tab\" tabindex=\"-1\" aria-controls=\"elementor-tab-content-1952\" aria-expanded=\"false\">Requisitos<\/div>\n\t\t\t\t\t\t\t\t\t<div id=\"elementor-tab-title-1953\" class=\"elementor-tab-title elementor-tab-desktop-title\" aria-selected=\"false\" data-tab=\"3\" role=\"tab\" tabindex=\"-1\" aria-controls=\"elementor-tab-content-1953\" aria-expanded=\"false\">Proceso de Evaluaci\u00f3n<\/div>\n\t\t\t\t\t\t\t\t\t<div id=\"elementor-tab-title-1954\" class=\"elementor-tab-title elementor-tab-desktop-title\" aria-selected=\"false\" data-tab=\"4\" role=\"tab\" tabindex=\"-1\" aria-controls=\"elementor-tab-content-1954\" aria-expanded=\"false\">Desembolsos<\/div>\n\t\t\t\t\t\t\t\t\t<div id=\"elementor-tab-title-1955\" class=\"elementor-tab-title elementor-tab-desktop-title\" aria-selected=\"false\" data-tab=\"5\" role=\"tab\" tabindex=\"-1\" aria-controls=\"elementor-tab-content-1955\" aria-expanded=\"false\">Informes<\/div>\n\t\t\t\t\t\t\t<\/div>\n\t\t\t<div class=\"elementor-tabs-content-wrapper\" role=\"tablist\" aria-orientation=\"vertical\">\n\t\t\t\t\t\t\t\t\t<div class=\"elementor-tab-title elementor-tab-mobile-title\" aria-selected=\"true\" data-tab=\"1\" role=\"tab\" tabindex=\"0\" aria-controls=\"elementor-tab-content-1951\" aria-expanded=\"false\">CARES Act<\/div>\n\t\t\t\t\t<div id=\"elementor-tab-content-1951\" class=\"elementor-tab-content elementor-clearfix\" data-tab=\"1\" role=\"tabpanel\" aria-labelledby=\"elementor-tab-title-1951\" tabindex=\"0\" hidden=\"false\"><div class='widget-content'><h1>CARES Act<\/h1><p>El Congreso de los Estados Unidos est\u00e1 proveyendo ayuda a la educaci\u00f3n superior por el impacto del COVID-19, incluyendo $14 mil millones en el Fondo de Ayuda de Emergencia a la Educaci\u00f3n Superior, el cual fue dividido en gran parte a base de la matr\u00edcula de estudiantes que cualifican a la Beca Pell. El prop\u00f3sito de este programa federal es ayudar a cubrir gastos relacionados con el cierre del campus y la transici\u00f3n de estudiantes de la modalidad presencial a modalidad a distancia.<\/p><p>Cada instituci\u00f3n viene obligada a firmar un acuerdo con el Departamento de Educaci\u00f3n Federal (DEF) para poder recibir dichos fondos.\u00a0 En este acuerdo, ya firmado por nuestra instituci\u00f3n y enviado al DEF, estipula que la universidad utilizar\u00e1 no menos del 50% de los fondos para ayuda directa a los estudiantes.<\/p><p>La Universidad Polit\u00e9cnica de Puerto Rico fue elegible a $5,734,996, de los cuales el 50% ($2,867,498) estar\u00e1 destinado para ayudas directa a nuestros estudiantes.<\/p><\/div><\/div>\n\t\t\t\t\t\t\t\t\t<div class=\"elementor-tab-title elementor-tab-mobile-title\" aria-selected=\"false\" data-tab=\"2\" role=\"tab\" tabindex=\"-1\" aria-controls=\"elementor-tab-content-1952\" aria-expanded=\"false\">Requisitos<\/div>\n\t\t\t\t\t<div id=\"elementor-tab-content-1952\" class=\"elementor-tab-content elementor-clearfix\" data-tab=\"2\" role=\"tabpanel\" aria-labelledby=\"elementor-tab-title-1952\" tabindex=\"0\" hidden=\"hidden\"><div class='widget-content'><h1>Requisitos<\/h1>\n<p>De acuerdo con el CARES Act, todo estudiante que vaya a recibir fondos tiene que cumplir con los requisitos bajo la Secci\u00f3n 484 de T\u00edtulo IV.&nbsp; Estos son:<\/p>\n<ul>\n<li>Estar admitido como estudiante regular en la Universidad Polit\u00e9cnica de Puerto Rico en cualquiera de sus programas de Bachillerato, Maestr\u00eda o Doctoral (no incluye aquellos programas totalmente en l\u00ednea)<\/li>\n<li>Estar cumpliendo con la Norma de Progreso Acad\u00e9mico Satisfactorio de la Oficina de Asistencia Econ\u00f3mica.<\/li>\n<li>Estar matriculado actualmente en el t\u00e9rmino de Spring 2020 (no se puede haber dado de baja total en dicho t\u00e9rmino).<\/li>\n<li>Ser ciudadano americano o no-ciudadano elegible (se excluye estudiantes extranjeros con visa de estudios).<\/li>\n<li>Para determinar su elegibilidad, debe haber completado la FAFSA 2019-2020.<\/li>\n<li>De haber salido en verificaci\u00f3n o tener un comentario, debe haber sido resuelto<\/li>\n<li>No estar en incumplimiento de pago de pr\u00e9stamos estudiantiles.<\/li>\n<li>No tener sobrepago de ayudas de T\u00edtulo IV o haber pagado el exceso al gobierno federal.<\/li>\n<li>Tener un seguro social v\u00e1lido.<\/li>\n<li>Si es var\u00f3n, haberse inscrito en el servicio selectivo.<\/li>\n<li>No tener una condena federal o estatal por posesi\u00f3n o venta de drogas.<\/li>\n<\/ul><\/div><\/div>\n\t\t\t\t\t\t\t\t\t<div class=\"elementor-tab-title elementor-tab-mobile-title\" aria-selected=\"false\" data-tab=\"3\" role=\"tab\" tabindex=\"-1\" aria-controls=\"elementor-tab-content-1953\" aria-expanded=\"false\">Proceso de Evaluaci\u00f3n<\/div>\n\t\t\t\t\t<div id=\"elementor-tab-content-1953\" class=\"elementor-tab-content elementor-clearfix\" data-tab=\"3\" role=\"tabpanel\" aria-labelledby=\"elementor-tab-title-1953\" tabindex=\"0\" hidden=\"hidden\"><div class='widget-content'><h1>Proceso de Evaluaci\u00f3n<\/h1><h3>Estudiantes con FAFSA 2019-2020<\/h3><p>A todos los estudiantes elegibles, se le enviar\u00e1 unas instrucciones a su correo electr\u00f3nico institucional (PUPR), para que llenen un formulario y nos brinden informaci\u00f3n acerca de sus gastos a causa de la pandemia.<\/p><p>Una vez recibamos dicho formulario, pasar\u00eda a ser evaluado y se emitir\u00e1 el cheque de la ayuda.\u00a0 Este cheque se enviar\u00e1 a la direcci\u00f3n postal que aparezca en el expediente del estudiante. (para actualizar su direcci\u00f3n postal, visite el \u00e1rea de \u201cstudent\u201d\u201d en\u00a0<a href=\"https:\/\/mypoly.pupr.edu\/ICS\/\">https:\/\/mypoly.pupr.edu\/ICS\/<\/a>.<\/p><h3>Estudiantes sin FAFSA 2019-2020<\/h3><p>Aquellos\/as estudiantes regulares de bachillerato, maestr\u00eda o doctorado que no llenaron FAFSA para este a\u00f1o acad\u00e9mico 2019-2020 pueden completar la FAFSA en\u00a0<a href=\"https:\/\/studentaid.gov\/\">https:\/\/studentaid.gov\/<\/a>\u00a0para ver si puede ser elegible a recibir estos fondos. La fecha l\u00edmite para completar dicha FAFSA es el 13 de mayo de 2020. De tener dudas o preguntas sobre el proceso, pueden comunicarse con la oficina de Asistencia Econ\u00f3mica a trav\u00e9s del correo electr\u00f3nico\u00a0<a href=\"mailto:asistenciaeconomica@pupr.edu\">asistenciaeconomica@pupr.edu<\/a>\u00a0o si necesita ayuda para completar su FAFSA 2019-2020, puede comunicarse con\u00a0<a href=\"mailto:CESI@pupr.edu\">CESI@pupr.edu<\/a>.<\/p><p>Luego de completar el proceso, verificamos si es elegible.\u00a0 De ser as\u00ed, recibir\u00e1 un correo electr\u00f3nico con las instrucciones para acceder al formulario digital a completar.<\/p><p>Una vez recibamos dicho formulario, pasar\u00eda a ser evaluado y se emitir\u00e1 el cheque de la ayuda.\u00a0 Este cheque se enviar\u00e1 a la direcci\u00f3n postal que aparezca en el expediente del estudiante. (para actualizar su direcci\u00f3n postal, visite el \u00e1rea de \u201cstudent\u201d\u201d en\u00a0<a href=\"https:\/\/mypoly.pupr.edu\/ICS\/\">https:\/\/mypoly.pupr.edu\/ICS\/<\/a>.<\/p><\/div><\/div>\n\t\t\t\t\t\t\t\t\t<div class=\"elementor-tab-title elementor-tab-mobile-title\" aria-selected=\"false\" data-tab=\"4\" role=\"tab\" tabindex=\"-1\" aria-controls=\"elementor-tab-content-1954\" aria-expanded=\"false\">Desembolsos<\/div>\n\t\t\t\t\t<div id=\"elementor-tab-content-1954\" class=\"elementor-tab-content elementor-clearfix\" data-tab=\"4\" role=\"tabpanel\" aria-labelledby=\"elementor-tab-title-1954\" tabindex=\"0\" hidden=\"hidden\"><div class='widget-content'><h1>Desembolsos<\/h1><p>De los estudiantes matriculados para el t\u00e9rmino de SPRING 2020, se estima que 4070 sean elegibles a estos fondos de ayuda.<\/p><p>Al 30 de abril de 2020, un total de $2,866,500 se han asignado y desembolsado a 4095 estudiantes ($700 a cada uno).<\/p><\/div><\/div>\n\t\t\t\t\t\t\t\t\t<div class=\"elementor-tab-title elementor-tab-mobile-title\" aria-selected=\"false\" data-tab=\"5\" role=\"tab\" tabindex=\"-1\" aria-controls=\"elementor-tab-content-1955\" aria-expanded=\"false\">Informes<\/div>\n\t\t\t\t\t<div id=\"elementor-tab-content-1955\" class=\"elementor-tab-content elementor-clearfix\" data-tab=\"5\" role=\"tabpanel\" aria-labelledby=\"elementor-tab-title-1955\" tabindex=\"0\" hidden=\"hidden\"><div class='widget-content'><h1>Informe Trimestral Cares Act<\/h1><ul><li><a href=\"https:\/\/pupr.edu\/wp-content\/uploads\/2024\/12\/02100000_HEERF_Q32024_09012024.pdf\" target=\"_blank\" rel=\"noopener\">CARES-HEERF Quarterly Report (quarter ending on 9\/30\/2024)<\/a><\/li><li><a href=\"https:\/\/www.pupr.edu\/wp-content\/uploads\/2024\/06\/02100000_HEERF_Q22024_07012024.pdf\" target=\"_blank\" rel=\"noopener\">CARES-HEERF Quarterly Report (quarter ending on 6\/30\/2024)<\/a><\/li><li><a href=\"https:\/\/www.pupr.edu\/wp-content\/uploads\/2024\/06\/02100000_HEERF_Q12024_04082024.pdf\" target=\"_blank\" rel=\"noopener\">CARES-HEERF Quarterly Report (quarter ending on 3\/31\/2024)<\/a><\/li><li><a href=\"https:\/\/www.pupr.edu\/wp-content\/uploads\/2024\/01\/02100000_HEERF_Q42023_01082024.pdf\" target=\"_blank\" rel=\"noopener\">CARES-HEERF Quarterly Report (quarter ending on 12\/31\/2023)<\/a><\/li><li><a href=\"https:\/\/www.pupr.edu\/wp-content\/uploads\/2023\/10\/02100000_HEERF_Q32023_10012023.pdf\" target=\"_blank\" rel=\"noopener\">CARES-HEERF Quarterly Report (quarter ending on 09\/30\/2023)<\/a><\/li><li><a href=\"https:\/\/www.pupr.edu\/wp-content\/uploads\/2023\/07\/Cares.pdf\" target=\"_blank\" rel=\"noopener\">CARES-HEERF Quarterly Report (quarter ending on 06\/30\/2023)<\/a><\/li><li><a href=\"https:\/\/www.pupr.edu\/wp-content\/uploads\/2023\/05\/02100000_HEERF_Q12023_04102023.pdf\" target=\"_blank\" rel=\"noopener\">CARES-HEERF Quarterly Report (quarter ending on 3\/31\/2023)<\/a><\/li><li><a href=\"https:\/\/www.pupr.edu\/wp-content\/uploads\/2023\/01\/02100000_HEERF_Q42022_11022.pdf\" target=\"_blank\" rel=\"noopener\">CARES-HEERF Quarterly Report (quarter ending on 12\/31\/2022)<\/a><\/li><li><a href=\"https:\/\/www.pupr.edu\/wp-content\/uploads\/2022\/10\/02100000_HEERF_Q32022_100722.pdf\" target=\"_blank\" rel=\"noopener\">CARES-HEERF Quarterly Report (quarter ending on 09\/30\/2022)<\/a><\/li><li><a href=\"https:\/\/www.pupr.edu\/wp-content\/uploads\/2022\/07\/CARES-HEERF-Quarterly-Report-quarter-ending-on-06302022.pdf\" target=\"_blank\" rel=\"noopener\">CARES-HEERF Quarterly Report (quarter ending on 06\/30\/2022)<\/a><\/li><li><a href=\"https:\/\/www.pupr.edu\/wp-content\/uploads\/2022\/04\/Universidad-Politecnica-de-P.R.-3-31-2-22-HEERF-Quarterly-Report.pdf\" target=\"_blank\" rel=\"noopener\">CARES-HEERF Quarterly Report (quarter ending on 03\/31\/2022)<\/a><\/li><li><a href=\"https:\/\/www.pupr.edu\/wp-content\/uploads\/2021\/10\/Universidad-Politecnica-de-P.R.-10-30-2021-HEERF-Quarterly-Report.pdf\" target=\"_blank\" rel=\"noopener\">CARES-HEERF Quarterly Report (quarter ending on 09\/30\/2021)<\/a><\/li><li><a href=\"https:\/\/www.pupr.edu\/wp-content\/uploads\/2021\/07\/Universidad-Politecnica-de-P.R.-6-30-2021-CARES-HEERF-Quarterly-Report.pdf\" target=\"_blank\" rel=\"noopener\">CARES-HEERF Quarterly Report (quarter ending on 06\/30\/2021)<\/a><\/li><li><a href=\"https:\/\/www.pupr.edu\/wp-content\/uploads\/2021\/04\/Universidad-Politecnica-de-P.R.-3-31-2021-CARES-HEERF-Quarterly-Report.pdf\" target=\"_blank\" rel=\"noopener\">CARES-HEERF Quarterly Report (quarter ending on 03\/31\/2021)\u00a0<\/a><\/li><li><a href=\"https:\/\/www.pupr.edu\/wp-content\/uploads\/2021\/01\/Universidad-Politecnica-de-P.R.-12-31-2020-CARES-HEERF-Quarterly-Report.pdf\" target=\"_blank\" rel=\"noopener\">CARES-HEERF Quarterly Report (quarter ending on 12\/31\/2020)<\/a><\/li><li><a href=\"https:\/\/www.pupr.edu\/wp-content\/uploads\/2020\/10\/Universidad-Politecnica-de-P.R.-10-30-2020-CARES-HEERF-Quarterly-Report.pdf\" target=\"_blank\" rel=\"noopener\">CARES-HEERF Quarterly Report (quarter ending on 09\/30\/2020)<\/a><\/li><li><a href=\"https:\/\/www.pupr.edu\/wp-content\/uploads\/2021\/10\/Informe-Trimestral-CARES-20200630.pdf\" target=\"_blank\" rel=\"noopener\">Informe Trimestral CARES Junio 2020<\/a><\/li><li><a href=\"https:\/\/www.pupr.edu\/wp-content\/uploads\/2021\/10\/Informe-Trimestral-CARES-20200930.pdf\" target=\"_blank\" rel=\"noopener\">Informe Trimestral CARES Septiembre 2020<\/a><\/li><li><a href=\"https:\/\/www.pupr.edu\/wp-content\/uploads\/2021\/10\/Informe-Trimestral-CARES-20201231.pdf\" target=\"_blank\" rel=\"noopener\">Informe Trimestral CARES Diciembre 2020<\/a><\/li><li><a href=\"https:\/\/www.pupr.edu\/wp-content\/uploads\/2021\/10\/Informe-Trimestral-CARES-20210331.pdf\" target=\"_blank\" rel=\"noopener\">Informe Trimestral CARES Marzo 2021<\/a><\/li><li><a href=\"https:\/\/www.pupr.edu\/wp-content\/uploads\/2021\/10\/Informe-Trimestral-CARES-20210630.pdf\">Informe Trimestral CARES Junio 2021<\/a><\/li><\/ul><\/div><\/div>\n\t\t\t\t\t\t\t<\/div>\n\t\t<\/div>\n\t\t\t\t<\/div>\n\t\t\t\t<\/div>\n\t\t\t\t\t<\/div>\n\t\t<\/div>\n\t\t\t\t\t<\/div>\n\t\t<\/section>\n\t\t\t\t<\/div>","protected":false},"excerpt":{"rendered":"COVID-19 (CARES Act) CARES Act Requisitos Proceso de Evaluaci\u00f3n Desembolsos Informes CARES Act CARES ActEl Congreso de los Estados Unidos est\u00e1 proveyendo ayuda a la educaci\u00f3n superior por el impacto del COVID-19, incluyendo $14 mil millones en el Fondo de Ayuda de Emergencia a la Educaci\u00f3n Superior, el cual fue dividido en gran parte a [&hellip;]","protected":false},"author":11,"featured_media":27419,"parent":0,"menu_order":69,"comment_status":"closed","ping_status":"closed","template":"template-newelementorpage.php","meta":{"_acf_changed":false,"inline_featured_image":false,"_monsterinsights_skip_tracking":false,"_monsterinsights_sitenote_active":false,"_monsterinsights_sitenote_note":"","_monsterinsights_sitenote_category":0,"ngg_post_thumbnail":0,"footnotes":""},"program-categories":[],"degree-categories":[],"class_list":["post-58856","page","type-page","status-publish","has-post-thumbnail","hentry"],"acf":[],"_links":{"self":[{"href":"https:\/\/pupr.edu\/es\/wp-json\/wp\/v2\/pages\/58856","targetHints":{"allow":["GET"]}}],"collection":[{"href":"https:\/\/pupr.edu\/es\/wp-json\/wp\/v2\/pages"}],"about":[{"href":"https:\/\/pupr.edu\/es\/wp-json\/wp\/v2\/types\/page"}],"author":[{"embeddable":true,"href":"https:\/\/pupr.edu\/es\/wp-json\/wp\/v2\/users\/11"}],"replies":[{"embeddable":true,"href":"https:\/\/pupr.edu\/es\/wp-json\/wp\/v2\/comments?post=58856"}],"version-history":[{"count":29,"href":"https:\/\/pupr.edu\/es\/wp-json\/wp\/v2\/pages\/58856\/revisions"}],"predecessor-version":[{"id":68035,"href":"https:\/\/pupr.edu\/es\/wp-json\/wp\/v2\/pages\/58856\/revisions\/68035"}],"wp:featuredmedia":[{"embeddable":true,"href":"https:\/\/pupr.edu\/es\/wp-json\/wp\/v2\/media\/27419"}],"wp:attachment":[{"href":"https:\/\/pupr.edu\/es\/wp-json\/wp\/v2\/media?parent=58856"}],"wp:term":[{"taxonomy":"program-categories","embeddable":true,"href":"https:\/\/pupr.edu\/es\/wp-json\/wp\/v2\/program-categories?post=58856"},{"taxonomy":"degree-categories","embeddable":true,"href":"https:\/\/pupr.edu\/es\/wp-json\/wp\/v2\/degree-categories?post=58856"}],"curies":[{"name":"wp","href":"https:\/\/api.w.org\/{rel}","templated":true}]}}