{"id":59393,"date":"2024-04-05T03:14:07","date_gmt":"2024-04-05T07:14:07","guid":{"rendered":"https:\/\/www.pupr.edu\/?page_id=59393"},"modified":"2024-04-19T07:26:19","modified_gmt":"2024-04-19T11:26:19","slug":"politicas-y-protocolos-institucionales","status":"publish","type":"page","link":"https:\/\/pupr.edu\/es\/politicas-y-protocolos-institucionales\/","title":{"rendered":"New Pol\u00edticas y Protocolos Institucionales"},"content":{"rendered":"<div data-elementor-type=\"wp-page\" data-elementor-id=\"59393\" class=\"elementor elementor-59393\" data-elementor-post-type=\"page\">\n\t\t\t\t\t\t<section class=\"has_eae_slider elementor-section elementor-top-section elementor-element elementor-element-2a19f79 elementor-section-boxed elementor-section-height-default elementor-section-height-default\" data-id=\"2a19f79\" data-element_type=\"section\" data-settings=\"{&quot;background_background&quot;:&quot;classic&quot;}\">\n\t\t\t\t\t\t<div class=\"elementor-container elementor-column-gap-default\">\n\t\t\t\t\t<div class=\"has_eae_slider elementor-column elementor-col-100 elementor-top-column elementor-element elementor-element-3fa75c7\" data-id=\"3fa75c7\" data-element_type=\"column\">\n\t\t\t<div class=\"elementor-widget-wrap elementor-element-populated\">\n\t\t\t\t\t\t<div class=\"elementor-element elementor-element-0eb6c83 elementor-widget elementor-widget-heading\" data-id=\"0eb6c83\" data-element_type=\"widget\" data-widget_type=\"heading.default\">\n\t\t\t\t<div class=\"elementor-widget-container\">\n\t\t\t<h2 class=\"elementor-heading-title elementor-size-default\">Pol\u00edticas y Protocolos Institucionales\n<\/h2>\t\t<\/div>\n\t\t\t\t<\/div>\n\t\t\t\t<div class=\"elementor-element elementor-element-128a9c4 elementor-widget elementor-widget-text-editor\" data-id=\"128a9c4\" data-element_type=\"widget\" data-widget_type=\"text-editor.default\">\n\t\t\t\t<div class=\"elementor-widget-container\">\n\t\t\t\t\t\t\t<div class='widget-content'><\/div>\t\t\t\t\t\t<\/div>\n\t\t\t\t<\/div>\n\t\t\t\t\t<\/div>\n\t\t<\/div>\n\t\t\t\t\t<\/div>\n\t\t<\/section>\n\t\t\t\t<section class=\"has_eae_slider elementor-section elementor-top-section elementor-element elementor-element-02951eb elementor-section-boxed elementor-section-height-default elementor-section-height-default\" data-id=\"02951eb\" data-element_type=\"section\">\n\t\t\t\t\t\t<div class=\"elementor-container elementor-column-gap-default\">\n\t\t\t\t\t<div class=\"has_eae_slider elementor-column elementor-col-100 elementor-top-column elementor-element elementor-element-7c1ce91\" data-id=\"7c1ce91\" data-element_type=\"column\">\n\t\t\t<div class=\"elementor-widget-wrap elementor-element-populated\">\n\t\t\t\t\t\t<div class=\"elementor-element elementor-element-3fc44e8 elementor-tabs-view-vertical ver_tab_menu elementor-widget elementor-widget-tabs\" data-id=\"3fc44e8\" data-element_type=\"widget\" data-widget_type=\"tabs.default\">\n\t\t\t\t<div class=\"elementor-widget-container\">\n\t\t\t\t\t<div class=\"elementor-tabs\">\n\t\t\t<div class=\"elementor-tabs-wrapper\" role=\"tablist\" >\n\t\t\t\t\t\t\t\t\t<div id=\"elementor-tab-title-6681\" class=\"elementor-tab-title elementor-tab-desktop-title\" aria-selected=\"true\" data-tab=\"1\" role=\"tab\" tabindex=\"0\" aria-controls=\"elementor-tab-content-6681\" aria-expanded=\"false\">Introducci\u00f3n<\/div>\n\t\t\t\t\t\t\t\t\t<div id=\"elementor-tab-title-6682\" class=\"elementor-tab-title elementor-tab-desktop-title\" aria-selected=\"false\" data-tab=\"2\" role=\"tab\" tabindex=\"-1\" aria-controls=\"elementor-tab-content-6682\" aria-expanded=\"false\">Pol\u00edticas Acad\u00e9micas<\/div>\n\t\t\t\t\t\t\t\t\t<div id=\"elementor-tab-title-6683\" class=\"elementor-tab-title elementor-tab-desktop-title\" aria-selected=\"false\" data-tab=\"3\" role=\"tab\" tabindex=\"-1\" aria-controls=\"elementor-tab-content-6683\" aria-expanded=\"false\">Otra Pol\u00edticas y Protocolos<\/div>\n\t\t\t\t\t\t\t<\/div>\n\t\t\t<div class=\"elementor-tabs-content-wrapper\" role=\"tablist\" aria-orientation=\"vertical\">\n\t\t\t\t\t\t\t\t\t<div class=\"elementor-tab-title elementor-tab-mobile-title\" aria-selected=\"true\" data-tab=\"1\" role=\"tab\" tabindex=\"0\" aria-controls=\"elementor-tab-content-6681\" aria-expanded=\"false\">Introducci\u00f3n<\/div>\n\t\t\t\t\t<div id=\"elementor-tab-content-6681\" class=\"elementor-tab-content elementor-clearfix\" data-tab=\"1\" role=\"tabpanel\" aria-labelledby=\"elementor-tab-title-6681\" tabindex=\"0\" hidden=\"false\"><div class='widget-content'><p>Polytechnic University of Puerto Rico, committed to Academic Excellence, establishes institutional policies that serve as guides for the well-being of the academic community. To promote these policies, several procedures have been established to allow students to know where to file a claim through the appropriate institutional constituencies.&nbsp; Promotion of these policies is done through the following media: brochures, catalog, and PUPR web page <a href=\"https:\/\/pupr.edu\/es\/\">www.pupr.edu<\/a>. &nbsp;Among the policies are:<\/p>\n\n\t\t<div class=\"border\"><\/div>\n\t\n<p>La Universidad Polit\u00e9cnica de Puerto Rico, comprometida con la excelencia acad\u00e9mica, establece pol\u00edticas institucionales que sirven como gu\u00edas para el bienestar de la comunidad acad\u00e9mica. Para promover estas pol\u00edticas, se han establecido varios procedimientos para permitir que los estudiantes sepan d\u00f3nde presentar una reclamaci\u00f3n a trav\u00e9s de los grupos institucionales apropiados.&nbsp; La promoci\u00f3n de estas pol\u00edticas se realiza a trav\u00e9s de los siguientes medios: folletos, cat\u00e1logos y p\u00e1gina web <a href=\"https:\/\/pupr.edu\/es\/services\/\">www.pupr.edu\/services<\/a>. Entre las pol\u00edticas est\u00e1n:<\/p><\/div><\/div>\n\t\t\t\t\t\t\t\t\t<div class=\"elementor-tab-title elementor-tab-mobile-title\" aria-selected=\"false\" data-tab=\"2\" role=\"tab\" tabindex=\"-1\" aria-controls=\"elementor-tab-content-6682\" aria-expanded=\"false\">Pol\u00edticas Acad\u00e9micas<\/div>\n\t\t\t\t\t<div id=\"elementor-tab-content-6682\" class=\"elementor-tab-content elementor-clearfix\" data-tab=\"2\" role=\"tabpanel\" aria-labelledby=\"elementor-tab-title-6682\" tabindex=\"0\" hidden=\"hidden\"><div class='widget-content'>\t<p>1. <a href=\"https:\/\/www.pupr.edu\/wp-content\/uploads\/2013\/07\/Cambio-de-Facultad.pdf\" target=\"_blank\" rel=\"noopener\">Cambio de Concentraci\u00f3n<\/a><\/p>\n<p>2. <a href=\"https:\/\/www.pupr.edu\/wp-content\/uploads\/2013\/07\/Poli%CC%81tica-de-Asistencia-a-Clases.pdf\" target=\"_blank\" rel=\"noopener\">Pol\u00edtica de Asistencia a Clases<\/a><\/p>\n<p>3. <a href=\"https:\/\/www.pupr.edu\/wp-content\/uploads\/2013\/07\/Politica-Integridad-Academica-2019.pdf\" target=\"_blank\" rel=\"noopener\">Pol\u00edtica de Integridad Acad\u00e9mica<\/a><\/p>\n<p>4. <a href=\"https:\/\/www.pupr.edu\/wp-content\/uploads\/2013\/07\/Poli%CC%81tica-Procedimiento-para-Revisio%CC%81n-de-Calificaciones-ESPANOL-rev-registro-aprob-Dr-Riestra-20191.pdf\" target=\"_blank\" rel=\"noopener\">Pol\u00edtica de Revisi\u00f3n de Calificaciones<\/a><\/p>\n<p>5. <a href=\"https:\/\/www.pupr.edu\/wp-content\/uploads\/2019\/02\/PUPR-Acceptable_Use_Policy.pdf\" target=\"_blank\" rel=\"noopener\">Pol\u00edtica de Uso Aceptable de la Tecnolog\u00eda de la Informaci\u00f3n<\/a> (ENG)<\/p>\n<p>6. <a href=\"https:\/\/www.pupr.edu\/wp-content\/uploads\/2013\/07\/Institutional-Policy-of-Credit-Validation-and-Transfer-Credit-Policy-Military-Education.2014.pdf\" target=\"_blank\" rel=\"noopener\">Pol\u00edtica Institucional de Validaci\u00f3n de Cr\u00e9dito<\/a> (ENG)<\/p>\n<p>7. <a href=\"https:\/\/www.pupr.edu\/wp-content\/uploads\/2013\/07\/Politica-Integridad-Academica-2019.pdf\" target=\"_blank\" rel=\"noopener\">Pol\u00edtica y Procedimiento para Apoyar la Integridad Acad\u00e9mica de los Cursos en L\u00ednea<\/a><\/p>\n<p>8. <a href=\"https:\/\/www.pupr.edu\/wp-content\/uploads\/2013\/07\/Blackboard-System-Policy-and-Procedures.pdf\" target=\"_blank\" rel=\"noopener\">Pol\u00edtica y Procedimientos del Sistema <em>Blackboard<\/em><\/a> (ENG)<\/p>\n<p>9. <a href=\"https:\/\/www.pupr.edu\/wp-content\/uploads\/2020\/06\/Poli%CC%81tica-de-Continuidad-de-la-Secuencia-Curricular-del-Programa.pdf\" target=\"_blank\" rel=\"noopener\">Programa de Continuidad Presencial<\/a><\/p><\/div><\/div>\n\t\t\t\t\t\t\t\t\t<div class=\"elementor-tab-title elementor-tab-mobile-title\" aria-selected=\"false\" data-tab=\"3\" role=\"tab\" tabindex=\"-1\" aria-controls=\"elementor-tab-content-6683\" aria-expanded=\"false\">Otra Pol\u00edticas y Protocolos<\/div>\n\t\t\t\t\t<div id=\"elementor-tab-content-6683\" class=\"elementor-tab-content elementor-clearfix\" data-tab=\"3\" role=\"tabpanel\" aria-labelledby=\"elementor-tab-title-6683\" tabindex=\"0\" hidden=\"hidden\"><div class='widget-content'><p>1. <a href=\"https:\/\/www.pupr.edu\/wp-content\/uploads\/2013\/07\/manual-informativo-del-estudiante1.pdf\" target=\"_blank\" rel=\"noopener\">Manual Informativo del Estudiante<\/a><\/p>\n<p>2. Pasos para Realizar Matr\u00edcula por Internet<\/p>\n<p>3. <a href=\"https:\/\/www.pupr.edu\/wp-content\/uploads\/2014\/05\/Pol%C3%ADtica-de-Hostigamiento-Sexual-Revisada-Octubre-20151.pdf\" target=\"_blank\" rel=\"noopener\">Pol\u00edtica de Acoso Sexual<\/a><\/p>\n<p>4. <a href=\"https:\/\/www.pupr.edu\/wp-content\/uploads\/2013\/07\/Manejo_Agresion_Sexual.pdf\" target=\"_blank\" rel=\"noopener\">Pol\u00edtica de Agresi\u00f3n Sexual<\/a><\/p>\n<p>5. <a href=\"https:\/\/www.pupr.edu\/wp-content\/uploads\/2020\/08\/Ed-SP-Politica-de-Ciberacoso.pdf\" target=\"_blank\" rel=\"noopener\">Pol\u00edtica de Ciberacoso<\/a><\/p>\n<p>6. <a href=\"https:\/\/www.pupr.edu\/wp-content\/uploads\/2013\/07\/politicas-de-droga-y-alcohol.pdf\" target=\"_blank\" rel=\"noopener\">Pol\u00edtica de Drogas y Alcohol<\/a><\/p>\n<p>7. <a href=\"https:\/\/www.pupr.edu\/wp-content\/uploads\/2018\/08\/netiquette-policy-Final.pdf\" target=\"_blank\" rel=\"noopener\">Pol\u00edtica de Netiquetas<\/a> (ENG)<\/p>\n<p>8. <a href=\"https:\/\/www.pupr.edu\/wp-content\/uploads\/2013\/07\/PROTOCOLO-MANEJO-DE-SITUACIONES-VIOLENTAS-EN-LA-COMUNIDAD-UNIVERSITARIA-004.pdf\" target=\"_blank\" rel=\"noopener\">Pol\u00edtica de Prevenci\u00f3n de Violencia en el Campus y el Lugar de Trabajo<\/a><\/p>\n<p>9. <a href=\"https:\/\/www.pupr.edu\/wp-content\/uploads\/2013\/07\/POLITICA-BAJAS-MILITARES-2013.pdf\" target=\"_blank\" rel=\"noopener\">Pol\u00edtica de Protecci\u00f3n para Estudiantes Activados a Servicio Militar<\/a><\/p>\n<p>10. <a href=\"https:\/\/www.pupr.edu\/wp-content\/uploads\/2013\/07\/institutional_security_policy.pdf\" target=\"_blank\" rel=\"noopener\">Pol\u00edtica de Seguridad Institucional<\/a><\/p>\n<p>11. <a href=\"https:\/\/www.pupr.edu\/wp-content\/uploads\/2013\/07\/Harassment-Prevention-on-Online-Communication.pdf\" target=\"_blank\" rel=\"noopener\">Prevenci\u00f3n del Acoso en la Comunicaci\u00f3n en L\u00ednea<\/a> (ENG)<\/p>\n<p>12. <a href=\"https:\/\/www.pupr.edu\/wp-content\/uploads\/2013\/07\/PROCEDIMIENTO-PARA-LA-RADICACIO%CC%81N-DE-QUERELLAS-2019.pdf\" target=\"_blank\" rel=\"noopener\">Procedimientos de Radicaci\u00f3n de Querellas<\/a><\/p>\n<p>13. <a href=\"https:\/\/www.pupr.edu\/wp-content\/uploads\/2013\/07\/COMITE-DE-RECLAMACIONES-ESTUDIANTILES-CRE.pdf\" target=\"_blank\" rel=\"noopener\">Procedimiento de Reclamaciones Estudiantiles<\/a><\/p>\n<p>14. <a href=\"https:\/\/www.pupr.edu\/wp-content\/uploads\/2013\/07\/PROTOCOLO-INTERVENCION-EN-CRISIS-005.pdf\" target=\"_blank\" rel=\"noopener\">Protocolo de Intervenci\u00f3n en Crisis<\/a><\/p>\n<p>15. <a href=\"https:\/\/www.pupr.edu\/wp-content\/uploads\/2013\/07\/Protocolo-para-la-prevencio%CC%81n-del-suicidio.pdf\" target=\"_blank\" rel=\"noopener\">Protocolo de Prevenci\u00f3n del Suicidio<\/a><\/p>\n<p>16. <a href=\"https:\/\/www.pupr.edu\/wp-content\/uploads\/2013\/07\/reglamento-de-estudiantes1.pdf\" target=\"_blank\" rel=\"noopener\">Reglamento de Estudiantes<\/a><\/p><\/div><\/div>\n\t\t\t\t\t\t\t<\/div>\n\t\t<\/div>\n\t\t\t\t<\/div>\n\t\t\t\t<\/div>\n\t\t\t\t\t<\/div>\n\t\t<\/div>\n\t\t\t\t\t<\/div>\n\t\t<\/section>\n\t\t\t\t<\/div>","protected":false},"excerpt":{"rendered":"Pol\u00edticas y Protocolos Institucionales Introducci\u00f3n Pol\u00edticas Acad\u00e9micas Otra Pol\u00edticas y Protocolos Introducci\u00f3n Polytechnic University of Puerto Rico, committed to Academic Excellence, establishes institutional policies that serve as guides for the well-being of the academic community. To promote these policies, several procedures have been established to allow students to know where to file a claim through [&hellip;]","protected":false},"author":11,"featured_media":0,"parent":0,"menu_order":0,"comment_status":"closed","ping_status":"closed","template":"template-newelementorpage.php","meta":{"_acf_changed":false,"inline_featured_image":false,"_monsterinsights_skip_tracking":false,"_monsterinsights_sitenote_active":false,"_monsterinsights_sitenote_note":"","_monsterinsights_sitenote_category":0,"ngg_post_thumbnail":0,"footnotes":""},"program-categories":[],"degree-categories":[],"class_list":["post-59393","page","type-page","status-publish","hentry"],"acf":[],"_links":{"self":[{"href":"https:\/\/pupr.edu\/es\/wp-json\/wp\/v2\/pages\/59393","targetHints":{"allow":["GET"]}}],"collection":[{"href":"https:\/\/pupr.edu\/es\/wp-json\/wp\/v2\/pages"}],"about":[{"href":"https:\/\/pupr.edu\/es\/wp-json\/wp\/v2\/types\/page"}],"author":[{"embeddable":true,"href":"https:\/\/pupr.edu\/es\/wp-json\/wp\/v2\/users\/11"}],"replies":[{"embeddable":true,"href":"https:\/\/pupr.edu\/es\/wp-json\/wp\/v2\/comments?post=59393"}],"version-history":[{"count":6,"href":"https:\/\/pupr.edu\/es\/wp-json\/wp\/v2\/pages\/59393\/revisions"}],"predecessor-version":[{"id":60916,"href":"https:\/\/pupr.edu\/es\/wp-json\/wp\/v2\/pages\/59393\/revisions\/60916"}],"wp:attachment":[{"href":"https:\/\/pupr.edu\/es\/wp-json\/wp\/v2\/media?parent=59393"}],"wp:term":[{"taxonomy":"program-categories","embeddable":true,"href":"https:\/\/pupr.edu\/es\/wp-json\/wp\/v2\/program-categories?post=59393"},{"taxonomy":"degree-categories","embeddable":true,"href":"https:\/\/pupr.edu\/es\/wp-json\/wp\/v2\/degree-categories?post=59393"}],"curies":[{"name":"wp","href":"https:\/\/api.w.org\/{rel}","templated":true}]}}