{"id":59479,"date":"2024-04-05T06:18:55","date_gmt":"2024-04-05T10:18:55","guid":{"rendered":"https:\/\/www.pupr.edu\/?page_id=59479"},"modified":"2024-05-01T19:37:21","modified_gmt":"2024-05-01T23:37:21","slug":"laboratorio-de-idiomas","status":"publish","type":"page","link":"https:\/\/pupr.edu\/es\/laboratorio-de-idiomas\/","title":{"rendered":"Laboratorio de Idiomas"},"content":{"rendered":"<div data-elementor-type=\"wp-page\" data-elementor-id=\"59479\" class=\"elementor elementor-59479\" data-elementor-post-type=\"page\">\n\t\t\t\t\t\t<section class=\"has_eae_slider elementor-section elementor-top-section elementor-element elementor-element-fd4ecb6 elementor-section-height-min-height elementor-section-boxed elementor-section-height-default elementor-section-items-middle\" data-id=\"fd4ecb6\" data-element_type=\"section\" data-settings=\"{&quot;background_background&quot;:&quot;classic&quot;}\">\n\t\t\t\t\t\t\t<div class=\"elementor-background-overlay\"><\/div>\n\t\t\t\t\t\t\t<div class=\"elementor-container elementor-column-gap-default\">\n\t\t\t\t\t<div class=\"has_eae_slider elementor-column elementor-col-100 elementor-top-column elementor-element elementor-element-20695da\" data-id=\"20695da\" data-element_type=\"column\">\n\t\t\t<div class=\"elementor-widget-wrap\">\n\t\t\t\t\t\t\t<\/div>\n\t\t<\/div>\n\t\t\t\t\t<\/div>\n\t\t<\/section>\n\t\t\t\t<section class=\"has_eae_slider elementor-section elementor-top-section elementor-element elementor-element-45d5ef8 elementor-section-boxed elementor-section-height-default elementor-section-height-default\" data-id=\"45d5ef8\" data-element_type=\"section\" data-settings=\"{&quot;background_background&quot;:&quot;classic&quot;}\">\n\t\t\t\t\t\t<div class=\"elementor-container elementor-column-gap-default\">\n\t\t\t\t\t<div class=\"has_eae_slider elementor-column elementor-col-100 elementor-top-column elementor-element elementor-element-1fd4bd9\" data-id=\"1fd4bd9\" data-element_type=\"column\">\n\t\t\t<div class=\"elementor-widget-wrap elementor-element-populated\">\n\t\t\t\t\t\t<div class=\"elementor-element elementor-element-36615ad elementor-widget elementor-widget-heading\" data-id=\"36615ad\" data-element_type=\"widget\" data-widget_type=\"heading.default\">\n\t\t\t\t<div class=\"elementor-widget-container\">\n\t\t\t<h2 class=\"elementor-heading-title elementor-size-default\">Laboratorio de Idiomas\n<\/h2>\t\t<\/div>\n\t\t\t\t<\/div>\n\t\t\t\t<div class=\"elementor-element elementor-element-b9ca9d2 elementor-widget elementor-widget-text-editor\" data-id=\"b9ca9d2\" data-element_type=\"widget\" data-widget_type=\"text-editor.default\">\n\t\t\t\t<div class=\"elementor-widget-container\">\n\t\t\t\t\t\t\t<div class='widget-content'><\/div>\t\t\t\t\t\t<\/div>\n\t\t\t\t<\/div>\n\t\t\t\t\t<\/div>\n\t\t<\/div>\n\t\t\t\t\t<\/div>\n\t\t<\/section>\n\t\t\t\t<section class=\"has_eae_slider elementor-section elementor-top-section elementor-element elementor-element-d6e851a elementor-section-boxed elementor-section-height-default elementor-section-height-default\" data-id=\"d6e851a\" data-element_type=\"section\">\n\t\t\t\t\t\t<div class=\"elementor-container elementor-column-gap-default\">\n\t\t\t\t\t<div class=\"has_eae_slider elementor-column elementor-col-100 elementor-top-column elementor-element elementor-element-463c2db\" data-id=\"463c2db\" data-element_type=\"column\">\n\t\t\t<div class=\"elementor-widget-wrap elementor-element-populated\">\n\t\t\t\t\t\t<div class=\"elementor-element elementor-element-90bff80 elementor-tabs-view-vertical ver_tab_menu elementor-widget elementor-widget-tabs\" data-id=\"90bff80\" data-element_type=\"widget\" data-widget_type=\"tabs.default\">\n\t\t\t\t<div class=\"elementor-widget-container\">\n\t\t\t\t\t<div class=\"elementor-tabs\">\n\t\t\t<div class=\"elementor-tabs-wrapper\" role=\"tablist\" >\n\t\t\t\t\t\t\t\t\t<div id=\"elementor-tab-title-1511\" class=\"elementor-tab-title elementor-tab-desktop-title\" aria-selected=\"true\" data-tab=\"1\" role=\"tab\" tabindex=\"0\" aria-controls=\"elementor-tab-content-1511\" aria-expanded=\"false\">Caracter\u00edsticas <\/div>\n\t\t\t\t\t\t\t\t\t<div id=\"elementor-tab-title-1512\" class=\"elementor-tab-title elementor-tab-desktop-title\" aria-selected=\"false\" data-tab=\"2\" role=\"tab\" tabindex=\"-1\" aria-controls=\"elementor-tab-content-1512\" aria-expanded=\"false\"> Misi\u00f3n \/ Objetivo <\/div>\n\t\t\t\t\t\t\t\t\t<div id=\"elementor-tab-title-1513\" class=\"elementor-tab-title elementor-tab-desktop-title\" aria-selected=\"false\" data-tab=\"3\" role=\"tab\" tabindex=\"-1\" aria-controls=\"elementor-tab-content-1513\" aria-expanded=\"false\">Metodolog\u00eda<\/div>\n\t\t\t\t\t\t\t\t\t<div id=\"elementor-tab-title-1514\" class=\"elementor-tab-title elementor-tab-desktop-title\" aria-selected=\"false\" data-tab=\"4\" role=\"tab\" tabindex=\"-1\" aria-controls=\"elementor-tab-content-1514\" aria-expanded=\"false\">Horarios<\/div>\n\t\t\t\t\t\t\t\t\t<div id=\"elementor-tab-title-1515\" class=\"elementor-tab-title elementor-tab-desktop-title\" aria-selected=\"false\" data-tab=\"5\" role=\"tab\" tabindex=\"-1\" aria-controls=\"elementor-tab-content-1515\" aria-expanded=\"false\">Localizaci\u00f3n<\/div>\n\t\t\t\t\t\t\t\t\t<div id=\"elementor-tab-title-1516\" class=\"elementor-tab-title elementor-tab-desktop-title\" aria-selected=\"false\" data-tab=\"6\" role=\"tab\" tabindex=\"-1\" aria-controls=\"elementor-tab-content-1516\" aria-expanded=\"false\"> Contactar<\/div>\n\t\t\t\t\t\t\t\t\t<div id=\"elementor-tab-title-1517\" class=\"elementor-tab-title elementor-tab-desktop-title\" aria-selected=\"false\" data-tab=\"7\" role=\"tab\" tabindex=\"-1\" aria-controls=\"elementor-tab-content-1517\" aria-expanded=\"false\"> Normas de Uso <\/div>\n\t\t\t\t\t\t\t<\/div>\n\t\t\t<div class=\"elementor-tabs-content-wrapper\" role=\"tablist\" aria-orientation=\"vertical\">\n\t\t\t\t\t\t\t\t\t<div class=\"elementor-tab-title elementor-tab-mobile-title\" aria-selected=\"true\" data-tab=\"1\" role=\"tab\" tabindex=\"0\" aria-controls=\"elementor-tab-content-1511\" aria-expanded=\"false\">Caracter\u00edsticas <\/div>\n\t\t\t\t\t<div id=\"elementor-tab-content-1511\" class=\"elementor-tab-content elementor-clearfix\" data-tab=\"1\" role=\"tabpanel\" aria-labelledby=\"elementor-tab-title-1511\" tabindex=\"0\" hidden=\"false\"><div class='widget-content'><h1>Caracter\u00edsticas<\/h1><p>El Laboratorio de Idiomas est\u00e1 dise\u00f1ado de manera que los estudiantes practiquen las destrezas trasmitidas en clase y a la vez se mantengan en contacto con las tecnolog\u00edas del siglo XXI. Cuenta con varios programas educativos enfocados en desarrollar las cuatro artes del idioma ingl\u00e9s (escribir, leer, escuchar y hablar) adem\u00e1s de que se integran distintas plataformas tanto del Internet como de la Instituci\u00f3n (Blackboard Learn Ultra). La mayor\u00eda de estos recursos se pueden trabajar de manera remota, supervisados siempre por un tutor, para mayor beneficio del estudiante.<\/p><p>El laboratorio tiene una capacidad f\u00edsica de treinta (30) estudiantes. Cada computadora cuenta con un sistema de audio independiente, acceso a internet y capacidad para grabar los trabajos a trav\u00e9s de un micr\u00f3fono. Se trabaja con la plataforma educativa Blackboard Learn Ultra y se accede a contenido educativo en internet a trav\u00e9s plataformas como YouTube, entre otras. Adem\u00e1s de los recursos en la red, contamos con facilidades audiovisuales (proyector, Smartboard) y los m\u00e9todos tradicionales de ense\u00f1anza.<\/p><p>En calidad remota, el Laboratorio puede hasta duplicar su capacidad a trav\u00e9s de tutor\u00edas en l\u00ednea y m\u00f3dulos de ense\u00f1anza.<\/p><\/div><\/div>\n\t\t\t\t\t\t\t\t\t<div class=\"elementor-tab-title elementor-tab-mobile-title\" aria-selected=\"false\" data-tab=\"2\" role=\"tab\" tabindex=\"-1\" aria-controls=\"elementor-tab-content-1512\" aria-expanded=\"false\"> Misi\u00f3n \/ Objetivo <\/div>\n\t\t\t\t\t<div id=\"elementor-tab-content-1512\" class=\"elementor-tab-content elementor-clearfix\" data-tab=\"2\" role=\"tabpanel\" aria-labelledby=\"elementor-tab-title-1512\" tabindex=\"0\" hidden=\"hidden\"><div class='widget-content'><h1>Misi\u00f3n<\/h1><p>La UNIVERSIDAD POLIT\u00c9CNICA de Puerto Rico, basada en su misi\u00f3n y visi\u00f3n educativa, formativa y de desarrollo de nuestro estudiantado, requiere de espacios pedag\u00f3gicos tecnol\u00f3gicos con sistemas interactivos en donde converjan recursos de avanzada tecnolog\u00eda que faciliten la ense\u00f1anza y el aprendizaje en un marco eficaz, confiable y competente. El Laboratorio de Idiomas tiene como objetivo facilitar la ense\u00f1anza del ingl\u00e9s mediante el uso de tecnolog\u00eda efectiva y moderna que cubra todas las artes del idioma. Adem\u00e1s, pretende ayudar a la formaci\u00f3n tecnol\u00f3gica y profesional del estudiante mediante la aplicaci\u00f3n de las destrezas aprendidas en clase y el uso de las tecnolog\u00edas disponibles, enfocado siempre en las teor\u00edas m\u00e1s actuales de la educaci\u00f3n.<\/p><hr \/><h1>Objetivos<\/h1><ul><li>Disponer de sistemas, programados y equipos tecnol\u00f3gicos que faciliten el aprendizaje del ingl\u00e9s.<\/li><li>Familiarizar al estudiante con contenidos de distintas fuentes y medios como: virtuales, multimedia, texto, im\u00e1genes, audio y v\u00eddeo.<\/li><li>Contextualizar el aprendizaje de forma que este no se convierta en algo abstracto o ajeno a la realidad cotidiana.<\/li><li>Utilizar la tecnolog\u00eda como un instrumento de apoyo para lograr los objetivos curriculares, para facilitar y enriquecer los procesos de ense\u00f1anza-aprendizaje entre estudiantes y profesores.<\/li><li>Ofrecer al estudiante una manera alternativa de ense\u00f1anza con el fin de promover la pr\u00e1ctica de las destrezas ense\u00f1adas en clase.<\/li><li>Facilitar la ense\u00f1anza remota para mayor accesibilidad del estudiante.<\/li><\/ul><\/div><\/div>\n\t\t\t\t\t\t\t\t\t<div class=\"elementor-tab-title elementor-tab-mobile-title\" aria-selected=\"false\" data-tab=\"3\" role=\"tab\" tabindex=\"-1\" aria-controls=\"elementor-tab-content-1513\" aria-expanded=\"false\">Metodolog\u00eda<\/div>\n\t\t\t\t\t<div id=\"elementor-tab-content-1513\" class=\"elementor-tab-content elementor-clearfix\" data-tab=\"3\" role=\"tabpanel\" aria-labelledby=\"elementor-tab-title-1513\" tabindex=\"0\" hidden=\"hidden\"><div class='widget-content'><h1>Metodolog\u00eda<\/h1><p>Los servicios ofrecidos por el Laboratorio de Idiomas hacen uso de una metodolog\u00eda interactiva con un enfoque comunicativo que se ajusta a las particularidades del idioma ingl\u00e9s.<\/p><p>Esta metodolog\u00eda se fortalece con la incorporaci\u00f3n del componente tecnol\u00f3gico (sistema de computadora, videos, audio, etc.). Le ofrecemos la combinaci\u00f3n perfecta entre la ense\u00f1anza presencial y el apoyo de medios virtuales (Blackboard Learn Ultra, recursos en internet) de tal manera que su interacci\u00f3n con el ingl\u00e9s sea una constante. <\/p><p>En nuestra metodolog\u00eda encontrar\u00e1s:<\/p><ul><li>Variedad de metodolog\u00edas educativas,<\/li><li>Pr\u00e1ctica de frases lexicales,<\/li><li>Pr\u00e1ctica de los fundamentos gramaticales,<\/li><li><em>Task-based activities<\/em> (actividades basadas en tareas),<\/li><li>Pr\u00e1ctica de vocabulario y expresiones de la actualidad.<\/li><\/ul><\/div><\/div>\n\t\t\t\t\t\t\t\t\t<div class=\"elementor-tab-title elementor-tab-mobile-title\" aria-selected=\"false\" data-tab=\"4\" role=\"tab\" tabindex=\"-1\" aria-controls=\"elementor-tab-content-1514\" aria-expanded=\"false\">Horarios<\/div>\n\t\t\t\t\t<div id=\"elementor-tab-content-1514\" class=\"elementor-tab-content elementor-clearfix\" data-tab=\"4\" role=\"tabpanel\" aria-labelledby=\"elementor-tab-title-1514\" tabindex=\"0\" hidden=\"hidden\"><div class='widget-content'><h1>Horarios<\/h1><p>Los horarios de servicio son de 8:00 a.m. a 5:00 p.m. de lunes a jueves y de 8:00 a.m. a 3:00 p.m. los viernes, por acuerdo o cita previa.<\/p><\/div><\/div>\n\t\t\t\t\t\t\t\t\t<div class=\"elementor-tab-title elementor-tab-mobile-title\" aria-selected=\"false\" data-tab=\"5\" role=\"tab\" tabindex=\"-1\" aria-controls=\"elementor-tab-content-1515\" aria-expanded=\"false\">Localizaci\u00f3n<\/div>\n\t\t\t\t\t<div id=\"elementor-tab-content-1515\" class=\"elementor-tab-content elementor-clearfix\" data-tab=\"5\" role=\"tabpanel\" aria-labelledby=\"elementor-tab-title-1515\" tabindex=\"0\" hidden=\"hidden\"><div class='widget-content'><h2>Localizaci\u00f3n<\/h2><p>El Laboratorio de Idiomas se encuentra en el sal\u00f3n P -305 del Edificio Pabellones.<\/p><\/div><\/div>\n\t\t\t\t\t\t\t\t\t<div class=\"elementor-tab-title elementor-tab-mobile-title\" aria-selected=\"false\" data-tab=\"6\" role=\"tab\" tabindex=\"-1\" aria-controls=\"elementor-tab-content-1516\" aria-expanded=\"false\"> Contactar<\/div>\n\t\t\t\t\t<div id=\"elementor-tab-content-1516\" class=\"elementor-tab-content elementor-clearfix\" data-tab=\"6\" role=\"tabpanel\" aria-labelledby=\"elementor-tab-title-1516\" tabindex=\"0\" hidden=\"hidden\"><div class='widget-content'><h1>Personas Contacto<\/h1><p>Lorna M. Pag\u00e1n Mattos <br \/><a href=\"mailto:lpagan@pupr.edu\">lpagan@pupr.edu<\/a> <br \/>Tutora de ingl\u00e9s<\/p><p>Mar\u00eda R. Iglesias Carrillo <br \/><a href=\"mailto:miglesias@pupr.edu\">miglesias@pupr.edu<\/a> <br \/>Tutora de ingl\u00e9s<\/p><\/div><\/div>\n\t\t\t\t\t\t\t\t\t<div class=\"elementor-tab-title elementor-tab-mobile-title\" aria-selected=\"false\" data-tab=\"7\" role=\"tab\" tabindex=\"-1\" aria-controls=\"elementor-tab-content-1517\" aria-expanded=\"false\"> Normas de Uso <\/div>\n\t\t\t\t\t<div id=\"elementor-tab-content-1517\" class=\"elementor-tab-content elementor-clearfix\" data-tab=\"7\" role=\"tabpanel\" aria-labelledby=\"elementor-tab-title-1517\" tabindex=\"0\" hidden=\"hidden\"><div class='widget-content'><h1>Normas de Uso<\/h1><p>A los Alumnos y Usuarios del Laboratorio:<\/p><ul><li>El acceso al Laboratorio de idiomas ser\u00e1 exclusivamente para los alumnos y el personal de la Universidad que est\u00e9n debidamente autorizados.<\/li><li>El acceso estar\u00e1 sujeto al horario de uso asignado. Fuera de la hora asignada solo se atender\u00e1n estudiantes o grupos de estudiantes con cita previa y sujeto a disponibilidad.<\/li><li>Los(as) tutores(as) de ingl\u00e9s del CPU ser\u00e1n los encargados de manejar y velar por el buen uso del Laboratorio de Idiomas, los equipos y \u201csoftwares\u201d.<\/li><li>Las personas responsables del Laboratorio de Idiomas (tutores(as) y profesores(as) en turno) ser\u00e1n los encargados de vigilar que se respete lo establecido en este reglamento.<\/li><li>El uso de Internet en las computadoras estar\u00e1 restringido a aquellos materiales autorizados por los profesores o personal encargado del laboratorio.<\/li><li>No se permitir\u00e1 consumir alimentos, bebidas ni usar gomas de mascar en el laboratorio.<\/li><li>Mantener la higiene y la limpieza del \u00e1rea de trabajo.<\/li><li>Usar el equipo de forma adecuada.<\/li><li>Respetar al personal del Laboratorio de Idiomas.<\/li><li>Firmar los registros de asistencia.<\/li><li>No conectar a las computadoras dispositivos de almacenamiento susceptibles a virus inform\u00e1ticos (Memorias USB, CD y DVD no originales).<\/li><li>No traer ni utilizar objetos que pudieran da\u00f1ar el mobiliario (plumas, navajas, llaves, etc.).<\/li><li>No da\u00f1ar el equipo y dispositivos de audio y v\u00eddeo (pantalla, CPU, teclado, aud\u00edfono, etc.)<\/li><li>Mantener una buena conducta individual y colectiva.<\/li><li>Revisar el estado general del equipo a utilizar en cuanto ingrese al Laboratorio, y reportar inmediatamente cualquier anomal\u00eda al personal a cargo.<\/li><li>Usar, durante todo el curso, la misma computadora que le fue asignada el primer d\u00eda por el encargado.<\/li><li>No mover de lugar ni sacar el mobiliario y los equipos del sal\u00f3n.<\/li><li>Evitar realizar actividades distintas a las autorizadas, as\u00ed como aquellas que da\u00f1en el equipo del Laboratorio de Idiomas.<\/li><li>Los alumnos que utilicen el equipo y material del laboratorio para fines distintos a los previstos, sin autorizaci\u00f3n de los responsables de los laboratorios, ser\u00e1n inicialmente amonestados. En caso de reincidencia, ser\u00e1n suspendidos del laboratorio por el resto del curso; lo cual conllevar\u00eda la p\u00e9rdida de la nota correspondiente al Laboratorio.<\/li><li>Da\u00f1ar el equipo y\/o el mobiliario o utilizarlo para fines distintos a los previstos podr\u00e1 ser motivo de sanci\u00f3n de acuerdo con lo establecido en el Reglamento de Estudiantes.<\/li><li>El\/La profesor(a) que desee utilizar los servicios del Laboratorio de Idiomas deber\u00e1 coordinar con los(as) tutores(as) encargados(as) para separar la fecha, con un m\u00ednimo de una semana de anticipaci\u00f3n, y proveer todo el material did\u00e1ctico necesario.<\/li><\/ul><\/div><\/div>\n\t\t\t\t\t\t\t<\/div>\n\t\t<\/div>\n\t\t\t\t<\/div>\n\t\t\t\t<\/div>\n\t\t\t\t\t<\/div>\n\t\t<\/div>\n\t\t\t\t\t<\/div>\n\t\t<\/section>\n\t\t\t\t<\/div>","protected":false},"excerpt":{"rendered":"Laboratorio de Idiomas Caracter\u00edsticas Misi\u00f3n \/ Objetivo Metodolog\u00eda Horarios Localizaci\u00f3n Contactar Normas de Uso Caracter\u00edsticas Caracter\u00edsticasEl Laboratorio de Idiomas est\u00e1 dise\u00f1ado de manera que los estudiantes practiquen las destrezas trasmitidas en clase y a la vez se mantengan en contacto con las tecnolog\u00edas del siglo XXI. Cuenta con varios programas educativos enfocados en desarrollar las [&hellip;]","protected":false},"author":11,"featured_media":0,"parent":0,"menu_order":0,"comment_status":"closed","ping_status":"closed","template":"template-newelementorpage.php","meta":{"_acf_changed":false,"inline_featured_image":false,"_monsterinsights_skip_tracking":false,"_monsterinsights_sitenote_active":false,"_monsterinsights_sitenote_note":"","_monsterinsights_sitenote_category":0,"ngg_post_thumbnail":0,"footnotes":""},"program-categories":[],"degree-categories":[],"class_list":["post-59479","page","type-page","status-publish","hentry"],"acf":[],"_links":{"self":[{"href":"https:\/\/pupr.edu\/es\/wp-json\/wp\/v2\/pages\/59479","targetHints":{"allow":["GET"]}}],"collection":[{"href":"https:\/\/pupr.edu\/es\/wp-json\/wp\/v2\/pages"}],"about":[{"href":"https:\/\/pupr.edu\/es\/wp-json\/wp\/v2\/types\/page"}],"author":[{"embeddable":true,"href":"https:\/\/pupr.edu\/es\/wp-json\/wp\/v2\/users\/11"}],"replies":[{"embeddable":true,"href":"https:\/\/pupr.edu\/es\/wp-json\/wp\/v2\/comments?post=59479"}],"version-history":[{"count":26,"href":"https:\/\/pupr.edu\/es\/wp-json\/wp\/v2\/pages\/59479\/revisions"}],"predecessor-version":[{"id":61424,"href":"https:\/\/pupr.edu\/es\/wp-json\/wp\/v2\/pages\/59479\/revisions\/61424"}],"wp:attachment":[{"href":"https:\/\/pupr.edu\/es\/wp-json\/wp\/v2\/media?parent=59479"}],"wp:term":[{"taxonomy":"program-categories","embeddable":true,"href":"https:\/\/pupr.edu\/es\/wp-json\/wp\/v2\/program-categories?post=59479"},{"taxonomy":"degree-categories","embeddable":true,"href":"https:\/\/pupr.edu\/es\/wp-json\/wp\/v2\/degree-categories?post=59479"}],"curies":[{"name":"wp","href":"https:\/\/api.w.org\/{rel}","templated":true}]}}