{"id":62771,"date":"2024-06-04T20:37:04","date_gmt":"2024-06-05T00:37:04","guid":{"rendered":"https:\/\/www.pupr.edu\/?page_id=62771"},"modified":"2024-06-04T20:42:37","modified_gmt":"2024-06-05T00:42:37","slug":"2023-certifications","status":"publish","type":"page","link":"https:\/\/pupr.edu\/es\/about\/council\/2023-certifications\/","title":{"rendered":"2023 Certifications"},"content":{"rendered":"<div data-elementor-type=\"wp-page\" data-elementor-id=\"62771\" class=\"elementor elementor-62771\" data-elementor-post-type=\"page\">\n\t\t\t\t\t\t<section class=\"has_eae_slider elementor-section elementor-top-section elementor-element elementor-element-745db725 elementor-section-boxed elementor-section-height-default elementor-section-height-default\" data-id=\"745db725\" data-element_type=\"section\">\n\t\t\t\t\t\t<div class=\"elementor-container elementor-column-gap-default\">\n\t\t\t\t\t<div class=\"has_eae_slider elementor-column elementor-col-100 elementor-top-column elementor-element elementor-element-40f69149\" data-id=\"40f69149\" data-element_type=\"column\">\n\t\t\t<div class=\"elementor-widget-wrap elementor-element-populated\">\n\t\t\t\t\t\t<div class=\"elementor-element elementor-element-3e9a911d elementor-widget elementor-widget-text-editor\" data-id=\"3e9a911d\" data-element_type=\"widget\" data-widget_type=\"text-editor.default\">\n\t\t\t\t<div class=\"elementor-widget-container\">\n\t\t\t\t\t\t\t<div class='widget-content'><table class=\"tftable\" border=\"1\"><tbody><tr><td width=\"131\"><strong>Certificaci\u00f3n<\/strong><\/td><td width=\"732\"><strong>Descripci\u00f3n<\/strong><\/td><\/tr><tr><td width=\"131\"><a href=\"https:\/\/www.pupr.edu\/wp-content\/uploads\/2024\/06\/CA-01-23.pdf\" target=\"_blank\" rel=\"noopener noreferrer\">CA # 01-23<\/a><\/td><td width=\"732\">Aprobaci\u00f3n de la Pol\u00edtica Institucional de Convalidaci\u00f3n y Exenci\u00f3n de Cr\u00e9ditos (24 de febrero de 2023). La vigencia de esta Pol\u00edtica es a partir de FA-2023.<\/td><\/tr><tr><td width=\"131\"><a href=\"https:\/\/www.pupr.edu\/wp-content\/uploads\/2024\/06\/CA-02-23.pdf\" target=\"_blank\" rel=\"noopener noreferrer\">CA # 02-23<\/a><\/td><td width=\"732\">Aprobaci\u00f3n de Ia Pol\u00edtica Ruta de Recertificaci\u00f3n de Maestros (14 de abril de 2023). Estos cambios aplican a todos los recintos y ser\u00e1n efectivos en SU-2023.<\/td><\/tr><tr><td width=\"131\"><a href=\"https:\/\/www.pupr.edu\/wp-content\/uploads\/2024\/06\/CA-03-23.pdf\" target=\"_blank\" rel=\"noopener noreferrer\">CA # 03-23<\/a><\/td><td width=\"732\">Aprobaci\u00f3n de cambios en Ia Norma de Progreso Acad\u00e9mico a Nivel Graduado (9 de junio de 2023). Estos cambios aplican a todos los recintos y ser\u00e1n efectivos en SU-2023.<\/td><\/tr><tr><td width=\"131\"><a href=\"https:\/\/www.pupr.edu\/wp-content\/uploads\/2024\/06\/CA-04-23.pdf\" target=\"_blank\" rel=\"noopener noreferrer\">CA # 04-23<\/a><\/td><td width=\"732\">Aprobaci\u00f3n de dos microcredenciales de Seguridad Cibern\u00e9tica y Data Science del Departamento de Ingenier\u00eda El\u00e9ctrica y Computadoras y Ciencias de Computadoras (23 de junio de 2023): 1. Cybersecurity Fundamentals in Network Security, Forensics, Reverse Engineering &amp; Ethical Hacking (Fundamentos de Seguridad Cibern\u00e9tica en Seguridad de las Redes, Forense, Ingenier\u00eda Inversa y Hackeo \u00c9tico) 2. Data Science Fundamentals in Machine Learning, Data Engineering &amp; Deep Learning (Fundamentos de Ciencias de los Datos en Aprendizaje de M\u00e1quinas, Ingenier\u00eda de los Datos y Aprendizaje Profundo)<\/td><\/tr><tr><td width=\"131\"><a href=\"https:\/\/www.pupr.edu\/wp-content\/uploads\/2024\/06\/CA-05-23.pdf\" target=\"_blank\" rel=\"noopener noreferrer\">CA # 05-23<\/a><\/td><td width=\"732\">Aprobaci\u00f3n de Ia revisi\u00f3n de Procedimiento para Cambio de Programa (23 de junio de 2023). Asunto: Cantidad m\u00ednima de cr\u00e9ditos.<\/td><\/tr><tr><td width=\"131\"><a href=\"https:\/\/www.pupr.edu\/wp-content\/uploads\/2024\/06\/CA-06-23.pdf\" target=\"_blank\" rel=\"noopener noreferrer\">CA # 06-23<\/a><\/td><td width=\"732\">Aprobaci\u00f3n de documento de Buenas Pr\u00e1cticas al Dise\u00f1ar un Programa de Microcredenciales (9 de junio de 2023). Es una gu\u00eda para los departamentos que interesen crear una micro-credencial.<\/td><\/tr><tr><td width=\"131\"><a href=\"https:\/\/www.pupr.edu\/wp-content\/uploads\/2024\/06\/CA-07-23.pdf\" target=\"_blank\" rel=\"noopener noreferrer\">CA # 07-23<\/a><\/td><td width=\"732\">Aprobaci\u00f3n de Bachillerato en Ciencias en Gerencia de Construcci\u00f3n (Bachelor of Science in Construction Management) de Ia Escuela de Administraci\u00f3n de Empresas (14 de julio de 2023).<\/td><\/tr><tr><td width=\"131\"><a href=\"https:\/\/www.pupr.edu\/wp-content\/uploads\/2024\/06\/CA-08-23.pdf\" target=\"_blank\" rel=\"noopener noreferrer\">CA # 08-23<\/a><\/td><td width=\"732\">Aprobaci\u00f3n de Ia actualizaci\u00f3n y sincronizaci\u00f3n del Bachillerato de Administraci\u00f3n de Empresas (Bachelor in Business Administration) de Ia Escuela de Administraci\u00f3n de Empresas (14 de julio de 2023). Aplica a San Juan y los recintos de Orlando y Miami.<\/td><\/tr><tr><td width=\"131\"><a href=\"https:\/\/www.pupr.edu\/wp-content\/uploads\/2024\/06\/CA-09-23.pdf\" target=\"_blank\" rel=\"noopener noreferrer\">CA # 09-23<\/a><\/td><td width=\"732\">Aprobaci\u00f3n de la Maestr\u00eda en Ingenier\u00eda Biom\u00e9dica (Master of Science in Biomedical-MSBE), 36 cr\u00e9ditos (17 de noviembre de 2023).<\/td><\/tr><tr><td width=\"131\"><a href=\"https:\/\/www.pupr.edu\/wp-content\/uploads\/2024\/06\/CA-10-23.pdf\" target=\"_blank\" rel=\"noopener noreferrer\">CA # 10-23<\/a><\/td><td width=\"732\">Aprobaci\u00f3n de los Certificados Subgraduados de Ingenier\u00eda El\u00e9ctrica: Certificado en Cybersecurity (UCECySec) y Certificado Web Development Design (UCWDD) (17 de noviembre de 2023).<\/td><\/tr><tr><td width=\"131\"><a href=\"https:\/\/www.pupr.edu\/wp-content\/uploads\/2024\/06\/CA-11-23.pdf\" target=\"_blank\" rel=\"noopener noreferrer\">CA # 11-23<\/a><\/td><td width=\"732\">Aprobaci\u00f3n de estandarizaci\u00f3n de 2.75 como el promedio GPA de admisi\u00f3n a las maestr\u00edas (17 de noviembre de 2023). Este cambio es efectivo en el trimestre de SP-24.<\/td><\/tr><\/tbody><\/table><p><!-- \/wp:html --><\/p><\/div>\t\t\t\t\t\t<\/div>\n\t\t\t\t<\/div>\n\t\t\t\t\t<\/div>\n\t\t<\/div>\n\t\t\t\t\t<\/div>\n\t\t<\/section>\n\t\t\t\t<\/div>","protected":false},"excerpt":{"rendered":"Certificaci\u00f3nDescripci\u00f3nCA # 01-23Aprobaci\u00f3n de la Pol\u00edtica Institucional de Convalidaci\u00f3n y Exenci\u00f3n de Cr\u00e9ditos (24 de febrero de 2023). La vigencia de esta Pol\u00edtica es a partir de FA-2023.CA # 02-23Aprobaci\u00f3n de Ia Pol\u00edtica Ruta de Recertificaci\u00f3n de Maestros (14 de abril de 2023). Estos cambios aplican a todos los recintos y ser\u00e1n efectivos en SU-2023.CA [&hellip;]","protected":false},"author":14,"featured_media":0,"parent":43651,"menu_order":0,"comment_status":"closed","ping_status":"closed","template":"template-about-certification.php","meta":{"_acf_changed":false,"inline_featured_image":false,"_monsterinsights_skip_tracking":false,"_monsterinsights_sitenote_active":false,"_monsterinsights_sitenote_note":"","_monsterinsights_sitenote_category":0,"ngg_post_thumbnail":0,"footnotes":""},"program-categories":[],"degree-categories":[],"class_list":["post-62771","page","type-page","status-publish","hentry"],"acf":[],"_links":{"self":[{"href":"https:\/\/pupr.edu\/es\/wp-json\/wp\/v2\/pages\/62771","targetHints":{"allow":["GET"]}}],"collection":[{"href":"https:\/\/pupr.edu\/es\/wp-json\/wp\/v2\/pages"}],"about":[{"href":"https:\/\/pupr.edu\/es\/wp-json\/wp\/v2\/types\/page"}],"author":[{"embeddable":true,"href":"https:\/\/pupr.edu\/es\/wp-json\/wp\/v2\/users\/14"}],"replies":[{"embeddable":true,"href":"https:\/\/pupr.edu\/es\/wp-json\/wp\/v2\/comments?post=62771"}],"version-history":[{"count":8,"href":"https:\/\/pupr.edu\/es\/wp-json\/wp\/v2\/pages\/62771\/revisions"}],"predecessor-version":[{"id":73397,"href":"https:\/\/pupr.edu\/es\/wp-json\/wp\/v2\/pages\/62771\/revisions\/73397"}],"up":[{"embeddable":true,"href":"https:\/\/pupr.edu\/es\/wp-json\/wp\/v2\/pages\/43651"}],"wp:attachment":[{"href":"https:\/\/pupr.edu\/es\/wp-json\/wp\/v2\/media?parent=62771"}],"wp:term":[{"taxonomy":"program-categories","embeddable":true,"href":"https:\/\/pupr.edu\/es\/wp-json\/wp\/v2\/program-categories?post=62771"},{"taxonomy":"degree-categories","embeddable":true,"href":"https:\/\/pupr.edu\/es\/wp-json\/wp\/v2\/degree-categories?post=62771"}],"curies":[{"name":"wp","href":"https:\/\/api.w.org\/{rel}","templated":true}]}}