{"id":64372,"date":"2024-07-29T13:33:54","date_gmt":"2024-07-29T17:33:54","guid":{"rendered":"https:\/\/www.pupr.edu\/?page_id=64372"},"modified":"2024-07-29T13:47:21","modified_gmt":"2024-07-29T17:47:21","slug":"estudiantes-nuevos","status":"publish","type":"page","link":"https:\/\/pupr.edu\/es\/estudiantes-nuevos\/","title":{"rendered":"Estudiantes Nuevos"},"content":{"rendered":"<div data-elementor-type=\"wp-page\" data-elementor-id=\"64372\" class=\"elementor elementor-64372\" data-elementor-post-type=\"page\">\n\t\t\t\t\t\t<section class=\"has_eae_slider elementor-section elementor-top-section elementor-element elementor-element-3c43209a elementor-section-height-min-height elementor-section-boxed elementor-section-height-default elementor-section-items-middle\" data-id=\"3c43209a\" data-element_type=\"section\" data-settings=\"{&quot;background_background&quot;:&quot;classic&quot;}\">\n\t\t\t\t\t\t\t<div class=\"elementor-background-overlay\"><\/div>\n\t\t\t\t\t\t\t<div class=\"elementor-container elementor-column-gap-default\">\n\t\t\t\t\t<div class=\"has_eae_slider elementor-column elementor-col-100 elementor-top-column elementor-element elementor-element-6ce7e49a\" data-id=\"6ce7e49a\" data-element_type=\"column\">\n\t\t\t<div class=\"elementor-widget-wrap elementor-element-populated\">\n\t\t\t\t\t\t<div class=\"elementor-element elementor-element-68c3661 elementor-mobile-align-justify elementor-hidden-desktop elementor-hidden-tablet elementor-hidden-mobile elementor-widget elementor-widget-button\" data-id=\"68c3661\" data-element_type=\"widget\" data-widget_type=\"button.default\">\n\t\t\t\t<div class=\"elementor-widget-container\">\n\t\t\t\t\t\t\t<div class=\"elementor-button-wrapper\">\n\t\t\t\t\t<a class=\"elementor-button elementor-button-link elementor-size-sm\" href=\"#\">\n\t\t\t\t\t\t<span class=\"elementor-button-content-wrapper\">\n\t\t\t\t\t\t\t\t\t<span class=\"elementor-button-text\">VERSI\u00d3N EN ESPA\u00d1ol: Acceso a informaci\u00f3n<\/span>\n\t\t\t\t\t<\/span>\n\t\t\t\t\t<\/a>\n\t\t\t\t<\/div>\n\t\t\t\t\t\t<\/div>\n\t\t\t\t<\/div>\n\t\t\t\t<div class=\"elementor-element elementor-element-49c69e5f elementor-widget elementor-widget-heading\" data-id=\"49c69e5f\" data-element_type=\"widget\" data-widget_type=\"heading.default\">\n\t\t\t\t<div class=\"elementor-widget-container\">\n\t\t\t<h2 class=\"elementor-heading-title elementor-size-default\">MATRICULA FALL 2024<\/h2>\t\t<\/div>\n\t\t\t\t<\/div>\n\t\t\t\t<div class=\"elementor-element elementor-element-b248345 elementor-widget elementor-widget-heading\" data-id=\"b248345\" data-element_type=\"widget\" data-widget_type=\"heading.default\">\n\t\t\t\t<div class=\"elementor-widget-container\">\n\t\t\t<h2 class=\"elementor-heading-title elementor-size-default\">\nESTUDIANTE DE NUEVO INGRESO<\/h2>\t\t<\/div>\n\t\t\t\t<\/div>\n\t\t\t\t\t<\/div>\n\t\t<\/div>\n\t\t\t\t\t<\/div>\n\t\t<\/section>\n\t\t\t\t<section class=\"has_eae_slider elementor-section elementor-top-section elementor-element elementor-element-19933ab5 elementor-section-boxed elementor-section-height-default elementor-section-height-default\" data-id=\"19933ab5\" data-element_type=\"section\">\n\t\t\t\t\t\t<div class=\"elementor-container elementor-column-gap-default\">\n\t\t\t\t\t<div class=\"has_eae_slider elementor-column elementor-col-16 elementor-top-column elementor-element elementor-element-1862aa91\" data-id=\"1862aa91\" data-element_type=\"column\">\n\t\t\t<div class=\"elementor-widget-wrap\">\n\t\t\t\t\t\t\t<\/div>\n\t\t<\/div>\n\t\t\t\t<div class=\"has_eae_slider elementor-column elementor-col-66 elementor-top-column elementor-element elementor-element-46534d1c\" data-id=\"46534d1c\" data-element_type=\"column\">\n\t\t\t<div class=\"elementor-widget-wrap elementor-element-populated\">\n\t\t\t\t\t\t<div class=\"elementor-element elementor-element-f7d4474 elementor-widget elementor-widget-text-editor\" data-id=\"f7d4474\" data-element_type=\"widget\" data-widget_type=\"text-editor.default\">\n\t\t\t\t<div class=\"elementor-widget-container\">\n\t\t\t\t\t\t\t<div class='widget-content'><p class=\"p1\">Si a\u00fan no has seleccionado tus cursos y pagado tu matr\u00edcula para el Trimestre de Fall 2024 recuerda que puedes realizarla en l\u00ednea a trav\u00e9s del nuevo portal de Ellucian Banner accediendo a nuestra p\u00e1gina web <a href=\"https:\/\/pupr.edu\/es\/\"><span class=\"s1\">pupr.edu <\/span><\/a>o al portal <a href=\"https:\/\/mypoly.pupr.edu\"><span class=\"s1\">https:\/\/mypoly.pupr.edu <\/span><\/a>con tu nombre de usuario y contrase\u00f1a.<\/p><p class=\"p1\"><strong><span class=\"s2\">Sigue las instrucciones del video tutorial compartido con los pasos a seguir.<\/span><\/strong><\/p><\/div>\t\t\t\t\t\t<\/div>\n\t\t\t\t<\/div>\n\t\t\t\t<div class=\"elementor-element elementor-element-7e5d47c4 elementor-widget elementor-widget-video\" data-id=\"7e5d47c4\" data-element_type=\"widget\" data-settings=\"{&quot;youtube_url&quot;:&quot;https:\\\/\\\/www.youtube.com\\\/watch?v=0ooZWb-Utd8&quot;,&quot;modestbranding&quot;:&quot;yes&quot;,&quot;video_type&quot;:&quot;youtube&quot;,&quot;controls&quot;:&quot;yes&quot;}\" data-widget_type=\"video.default\">\n\t\t\t\t<div class=\"elementor-widget-container\">\n\t\t\t\t\t<div class=\"elementor-wrapper elementor-open-inline\">\n\t\t\t<div class=\"elementor-video\"><\/div>\t\t<\/div>\n\t\t\t\t<\/div>\n\t\t\t\t<\/div>\n\t\t\t\t<div class=\"elementor-element elementor-element-f3f1c45 elementor-widget elementor-widget-text-editor\" data-id=\"f3f1c45\" data-element_type=\"widget\" data-widget_type=\"text-editor.default\">\n\t\t\t\t<div class=\"elementor-widget-container\">\n\t\t\t\t\t\t\t<div class='widget-content'><p class=\"p1\">Es importante que verifiques que tus ayudas econ\u00f3micas (FAFSA) aparezcan reflejadas en el sistema. De no ser as\u00ed, te exhortamos a que nos visites en horario presencial durante el periodo de Matr\u00edcula Regular.<\/p><p class=\"p2\"><strong><span class=\"s3\">Periodo de Matr\u00edcula: <\/span><span style=\"color: blue;\">jueves, 25 de julio al domingo, 4 de agosto<\/span><\/strong><\/p><p class=\"p2\"><strong><span class=\"s4\">D\u00edas y Horarios:<\/span><\/strong><\/p><p class=\"p2\"><span class=\"s4\"><strong>Lunes a jueves:<\/strong> <\/span><span class=\"s2\"><span style=\"color: blue;\">8:00 a.m. a 6:00 p.m. <\/span><\/span><\/p><p class=\"p2\"><span class=\"s2\"><strong><span class=\"s4\">Viernes: <\/span><\/strong><span class=\"s2\"><span style=\"color: blue;\">8:00 a.m. a 4:00 p.m.<\/span><\/span><\/span><\/p><p class=\"p2\"><strong><span class=\"s3\">S\u00e1bado: <\/span><\/strong><span style=\"color: blue;\">8:00 a.m. a 3:00 p.m<\/span><span class=\"s3\">.<\/span><\/p><p class=\"p1\">Si tienes alg\u00fan inconveniente utilizando el portal, puedes abrir un ticket de servicio en: <a href=\"https:\/\/studentservice.pupr.edu\"><span class=\"s1\">https:\/\/studentservice.pupr.edu <\/span><\/a>o venir de manera presencial.<\/p><p class=\"p2\"><strong><span class=\"s2\">Las clases comienzan el lunes, 5 de agosto de 2024. <\/span><\/strong><\/p><p class=\"p2\">Recuerda que a\u00fan est\u00e1s a tiempo para solicitar admisi\u00f3n.<\/p><p class=\"p1\">Para m\u00e1s informaci\u00f3n favor de comunicarse al 787-622-8000 ext. 309 o v\u00eda correo: <a href=\"mailto:admisiones@pupr.edu\">admisiones@pupr.edu<\/a><\/p><\/div>\t\t\t\t\t\t<\/div>\n\t\t\t\t<\/div>\n\t\t\t\t\t<\/div>\n\t\t<\/div>\n\t\t\t\t<div class=\"has_eae_slider elementor-column elementor-col-16 elementor-top-column elementor-element elementor-element-6b86e855\" data-id=\"6b86e855\" data-element_type=\"column\">\n\t\t\t<div class=\"elementor-widget-wrap\">\n\t\t\t\t\t\t\t<\/div>\n\t\t<\/div>\n\t\t\t\t\t<\/div>\n\t\t<\/section>\n\t\t\t\t<section class=\"has_eae_slider elementor-section elementor-top-section elementor-element elementor-element-796d260a elementor-section-full_width elementor-section-height-default elementor-section-height-default\" data-id=\"796d260a\" data-element_type=\"section\">\n\t\t\t\t\t\t<div class=\"elementor-container elementor-column-gap-no\">\n\t\t\t\t\t<div class=\"has_eae_slider elementor-column elementor-col-100 elementor-top-column elementor-element elementor-element-3476bb0e\" data-id=\"3476bb0e\" data-element_type=\"column\">\n\t\t\t<div class=\"elementor-widget-wrap elementor-element-populated\">\n\t\t\t\t\t\t<div class=\"elementor-element elementor-element-6ec2dfc5 elementor-widget__width-initial elementor-absolute elementor-widget elementor-widget-image\" data-id=\"6ec2dfc5\" data-element_type=\"widget\" data-settings=\"{&quot;_position&quot;:&quot;absolute&quot;}\" data-widget_type=\"image.default\">\n\t\t\t\t<div class=\"elementor-widget-container\">\n\t\t\t\t\t\t\t\t\t\t\t\t\t<img fetchpriority=\"high\" decoding=\"async\" width=\"692\" height=\"777\" src=\"https:\/\/pupr.edu\/wp-content\/uploads\/2024\/01\/Group-7908.png\" class=\"attachment-full size-full wp-image-52950\" alt=\"\" srcset=\"https:\/\/pupr.edu\/wp-content\/uploads\/2024\/01\/Group-7908.png 692w, https:\/\/pupr.edu\/wp-content\/uploads\/2024\/01\/Group-7908-11x12.png 11w, https:\/\/pupr.edu\/wp-content\/uploads\/2024\/01\/Group-7908-21x24.png 21w, https:\/\/pupr.edu\/wp-content\/uploads\/2024\/01\/Group-7908-32x36.png 32w, https:\/\/pupr.edu\/wp-content\/uploads\/2024\/01\/Group-7908-43x48.png 43w\" sizes=\"(max-width: 692px) 100vw, 692px\" \/>\t\t\t\t\t\t\t\t\t\t\t\t\t<\/div>\n\t\t\t\t<\/div>\n\t\t\t\t\t<\/div>\n\t\t<\/div>\n\t\t\t\t\t<\/div>\n\t\t<\/section>\n\t\t\t\t<\/div>","protected":false},"excerpt":{"rendered":"VERSI\u00d3N EN ESPA\u00d1ol: Acceso a informaci\u00f3n MATRICULA FALL 2024 ESTUDIANTE DE NUEVO INGRESO Si a\u00fan no has seleccionado tus cursos y pagado tu matr\u00edcula para el Trimestre de Fall 2024 recuerda que puedes realizarla en l\u00ednea a trav\u00e9s del nuevo portal de Ellucian Banner accediendo a nuestra p\u00e1gina web pupr.edu o al portal https:\/\/mypoly.pupr.edu con [&hellip;]","protected":false},"author":11,"featured_media":0,"parent":0,"menu_order":0,"comment_status":"closed","ping_status":"closed","template":"template-titlenine.php","meta":{"_acf_changed":false,"inline_featured_image":false,"_monsterinsights_skip_tracking":false,"_monsterinsights_sitenote_active":false,"_monsterinsights_sitenote_note":"","_monsterinsights_sitenote_category":0,"ngg_post_thumbnail":0,"footnotes":""},"program-categories":[],"degree-categories":[],"class_list":["post-64372","page","type-page","status-publish","hentry"],"acf":[],"_links":{"self":[{"href":"https:\/\/pupr.edu\/es\/wp-json\/wp\/v2\/pages\/64372","targetHints":{"allow":["GET"]}}],"collection":[{"href":"https:\/\/pupr.edu\/es\/wp-json\/wp\/v2\/pages"}],"about":[{"href":"https:\/\/pupr.edu\/es\/wp-json\/wp\/v2\/types\/page"}],"author":[{"embeddable":true,"href":"https:\/\/pupr.edu\/es\/wp-json\/wp\/v2\/users\/11"}],"replies":[{"embeddable":true,"href":"https:\/\/pupr.edu\/es\/wp-json\/wp\/v2\/comments?post=64372"}],"version-history":[{"count":7,"href":"https:\/\/pupr.edu\/es\/wp-json\/wp\/v2\/pages\/64372\/revisions"}],"predecessor-version":[{"id":64380,"href":"https:\/\/pupr.edu\/es\/wp-json\/wp\/v2\/pages\/64372\/revisions\/64380"}],"wp:attachment":[{"href":"https:\/\/pupr.edu\/es\/wp-json\/wp\/v2\/media?parent=64372"}],"wp:term":[{"taxonomy":"program-categories","embeddable":true,"href":"https:\/\/pupr.edu\/es\/wp-json\/wp\/v2\/program-categories?post=64372"},{"taxonomy":"degree-categories","embeddable":true,"href":"https:\/\/pupr.edu\/es\/wp-json\/wp\/v2\/degree-categories?post=64372"}],"curies":[{"name":"wp","href":"https:\/\/api.w.org\/{rel}","templated":true}]}}