{"id":64750,"date":"2024-08-08T08:13:26","date_gmt":"2024-08-08T12:13:26","guid":{"rendered":"https:\/\/www.pupr.edu\/?page_id=64750"},"modified":"2024-08-08T08:27:30","modified_gmt":"2024-08-08T12:27:30","slug":"fondos-de-capacitacion-y-desarrollo","status":"publish","type":"page","link":"https:\/\/pupr.edu\/es\/fondos-de-capacitacion-y-desarrollo\/","title":{"rendered":"Fondos de capacitaci\u00f3n y desarrollo"},"content":{"rendered":"<div data-elementor-type=\"wp-page\" data-elementor-id=\"64750\" class=\"elementor elementor-64750\" data-elementor-post-type=\"page\">\n\t\t\t\t\t\t<section class=\"has_eae_slider elementor-section elementor-top-section elementor-element elementor-element-40df207 elementor-section-height-min-height elementor-section-boxed elementor-section-height-default elementor-section-items-middle\" data-id=\"40df207\" data-element_type=\"section\" data-settings=\"{&quot;background_background&quot;:&quot;classic&quot;}\">\n\t\t\t\t\t\t\t<div class=\"elementor-background-overlay\"><\/div>\n\t\t\t\t\t\t\t<div class=\"elementor-container elementor-column-gap-default\">\n\t\t\t\t\t<div class=\"has_eae_slider elementor-column elementor-col-100 elementor-top-column elementor-element elementor-element-58c95cf\" data-id=\"58c95cf\" data-element_type=\"column\">\n\t\t\t<div class=\"elementor-widget-wrap\">\n\t\t\t\t\t\t\t<\/div>\n\t\t<\/div>\n\t\t\t\t\t<\/div>\n\t\t<\/section>\n\t\t\t\t<section class=\"has_eae_slider elementor-section elementor-top-section elementor-element elementor-element-d3bb3be elementor-section-boxed elementor-section-height-default elementor-section-height-default\" data-id=\"d3bb3be\" data-element_type=\"section\">\n\t\t\t\t\t\t<div class=\"elementor-container elementor-column-gap-default\">\n\t\t\t\t\t<div class=\"has_eae_slider elementor-column elementor-col-50 elementor-top-column elementor-element elementor-element-2289ac8\" data-id=\"2289ac8\" data-element_type=\"column\">\n\t\t\t<div class=\"elementor-widget-wrap elementor-element-populated\">\n\t\t\t\t\t\t<div class=\"elementor-element elementor-element-f9a16e1 elementor-widget elementor-widget-heading\" data-id=\"f9a16e1\" data-element_type=\"widget\" data-widget_type=\"heading.default\">\n\t\t\t\t<div class=\"elementor-widget-container\">\n\t\t\t<h2 class=\"elementor-heading-title elementor-size-default\">Fondos de capacitaci\u00f3n y desarrollo\n<\/h2>\t\t<\/div>\n\t\t\t\t<\/div>\n\t\t\t\t<div class=\"elementor-element elementor-element-d694ca1 elementor-widget elementor-widget-text-editor\" data-id=\"d694ca1\" data-element_type=\"widget\" data-widget_type=\"text-editor.default\">\n\t\t\t\t<div class=\"elementor-widget-container\">\n\t\t\t\t\t\t\t<div class='widget-content'>Existen m\u00faltiples programas gubernamentales que pueden ayudarlo a identificar fondos para actividades de capacitaci\u00f3n y desarrollo.  Ya seas un patrono o un profesional particular, podemos ayudar a identificar los programas que financien las actividades de capacitaci\u00f3n y desarrollo.  Dentro de todas las alternativas disponibles en Puerto Rico, nos especializamos en identificar fondos dentro de los siguientes programas:\n\n<\/div>\t\t\t\t\t\t<\/div>\n\t\t\t\t<\/div>\n\t\t\t\t<div class=\"elementor-element elementor-element-99a4676 elementor-widget elementor-widget-text-editor\" data-id=\"99a4676\" data-element_type=\"widget\" data-widget_type=\"text-editor.default\">\n\t\t\t\t<div class=\"elementor-widget-container\">\n\t\t\t\t\t\t\t<div class='widget-content'><ol><li>Apprenticeship Program<\/li><li>Ready To Work (RTW\u00ae)<\/li><li>Community Development Block Grant \u2013 Disaster Recovery (CDBG-DR<\/li><\/ol><\/div>\t\t\t\t\t\t<\/div>\n\t\t\t\t<\/div>\n\t\t\t\t<div class=\"elementor-element elementor-element-ed2f37d elementor-widget elementor-widget-text-editor\" data-id=\"ed2f37d\" data-element_type=\"widget\" data-widget_type=\"text-editor.default\">\n\t\t\t\t<div class=\"elementor-widget-container\">\n\t\t\t\t\t\t\t<div class='widget-content'>Cada uno de estos programas tiene sus especificaciones y caracter\u00edsticas de la poblaci\u00f3n de beneficiados.&nbsp; Por eso es importante que contacte a nuestros Coordinadores de Educaci\u00f3n Profesional para una orientaci\u00f3n gratuita, en donde podamos identificar sus necesidades.\n\n\n(787)622-8000 Ext. 470, 429 &amp; 219\n\n<a href=\"mailto:CEPA@pupr.edu\">CEPA@pupr.edu<\/a><\/div>\t\t\t\t\t\t<\/div>\n\t\t\t\t<\/div>\n\t\t\t\t<div class=\"elementor-element elementor-element-01be057 elementor-widget__width-initial elementor-widget elementor-widget-button\" data-id=\"01be057\" data-element_type=\"widget\" data-widget_type=\"button.default\">\n\t\t\t\t<div class=\"elementor-widget-container\">\n\t\t\t\t\t\t\t<div class=\"elementor-button-wrapper\">\n\t\t\t\t\t<a class=\"elementor-button elementor-button-link elementor-size-sm\" href=\"https:\/\/www.pupr.edu\/wp-content\/uploads\/2018\/12\/Para-Profesionales-Particulares.pdf\" target=\"_blank\">\n\t\t\t\t\t\t<span class=\"elementor-button-content-wrapper\">\n\t\t\t\t\t\t<span class=\"elementor-button-icon\">\n\t\t\t\t<i aria-hidden=\"true\" class=\"far fa-file\"><\/i>\t\t\t<\/span>\n\t\t\t\t\t\t\t\t\t<span class=\"elementor-button-text\">Para Profesionales Particulares<\/span>\n\t\t\t\t\t<\/span>\n\t\t\t\t\t<\/a>\n\t\t\t\t<\/div>\n\t\t\t\t\t\t<\/div>\n\t\t\t\t<\/div>\n\t\t\t\t<div class=\"elementor-element elementor-element-a24903b elementor-widget__width-initial elementor-widget elementor-widget-button\" data-id=\"a24903b\" data-element_type=\"widget\" data-widget_type=\"button.default\">\n\t\t\t\t<div class=\"elementor-widget-container\">\n\t\t\t\t\t\t\t<div class=\"elementor-button-wrapper\">\n\t\t\t\t\t<a class=\"elementor-button elementor-button-link elementor-size-sm\" href=\"https:\/\/www.pupr.edu\/wp-content\/uploads\/2018\/12\/Para-Empleadores.pdf\" target=\"_blank\">\n\t\t\t\t\t\t<span class=\"elementor-button-content-wrapper\">\n\t\t\t\t\t\t<span class=\"elementor-button-icon\">\n\t\t\t\t<i aria-hidden=\"true\" class=\"far fa-file\"><\/i>\t\t\t<\/span>\n\t\t\t\t\t\t\t\t\t<span class=\"elementor-button-text\">Para Empleadores<\/span>\n\t\t\t\t\t<\/span>\n\t\t\t\t\t<\/a>\n\t\t\t\t<\/div>\n\t\t\t\t\t\t<\/div>\n\t\t\t\t<\/div>\n\t\t\t\t\t<\/div>\n\t\t<\/div>\n\t\t\t\t<div class=\"has_eae_slider elementor-column elementor-col-50 elementor-top-column elementor-element elementor-element-a65745d\" data-id=\"a65745d\" data-element_type=\"column\">\n\t\t\t<div class=\"elementor-widget-wrap elementor-element-populated\">\n\t\t\t\t\t\t<div class=\"elementor-element elementor-element-c09a55f elementor-widget elementor-widget-heading\" data-id=\"c09a55f\" data-element_type=\"widget\" data-widget_type=\"heading.default\">\n\t\t\t\t<div class=\"elementor-widget-container\">\n\t\t\t<h2 class=\"elementor-heading-title elementor-size-default\">Contact<\/h2>\t\t<\/div>\n\t\t\t\t<\/div>\n\t\t\t\t<div class=\"elementor-element elementor-element-14ff50e elementor-widget elementor-widget-text-editor\" data-id=\"14ff50e\" data-element_type=\"widget\" data-widget_type=\"text-editor.default\">\n\t\t\t\t<div class=\"elementor-widget-container\">\n\t\t\t\t\t\t\t<div class='widget-content'>Joaqu\u00edn Serrano<br>\nCEPA Coordinator <br>\n787-622-8000 Ext. 470<br>\n<a href=\"mailto:jserrano@pupr.edu\">jserrano@pupr.edu<\/a><\/div>\t\t\t\t\t\t<\/div>\n\t\t\t\t<\/div>\n\t\t\t\t<div class=\"elementor-element elementor-element-6c8f157 elementor-widget elementor-widget-text-editor\" data-id=\"6c8f157\" data-element_type=\"widget\" data-widget_type=\"text-editor.default\">\n\t\t\t\t<div class=\"elementor-widget-container\">\n\t\t\t\t\t\t\t<div class='widget-content'>Carla Ortiz Su\u00e1rez <br>\nCEPA Coordinator <br>\n787-622-8000 Ext. 429<br>\n<a href=\"mailto:csuarez@pupr.edu\"> csuarez@pupr.edu<\/a><\/div>\t\t\t\t\t\t<\/div>\n\t\t\t\t<\/div>\n\t\t\t\t\t<\/div>\n\t\t<\/div>\n\t\t\t\t\t<\/div>\n\t\t<\/section>\n\t\t\t\t<section class=\"has_eae_slider elementor-section elementor-top-section elementor-element elementor-element-5e1760a elementor-section-boxed elementor-section-height-default elementor-section-height-default\" data-id=\"5e1760a\" data-element_type=\"section\" data-settings=\"{&quot;background_background&quot;:&quot;classic&quot;}\">\n\t\t\t\t\t\t<div class=\"elementor-container elementor-column-gap-default\">\n\t\t\t\t\t<div class=\"has_eae_slider elementor-column elementor-col-100 elementor-top-column elementor-element elementor-element-8ab47fb\" data-id=\"8ab47fb\" data-element_type=\"column\">\n\t\t\t<div class=\"elementor-widget-wrap elementor-element-populated\">\n\t\t\t\t\t\t<div class=\"elementor-element elementor-element-ac350cf footer-signup-form elementor-widget elementor-widget-html\" data-id=\"ac350cf\" data-element_type=\"widget\" data-widget_type=\"html.default\">\n\t\t\t\t<div class=\"elementor-widget-container\">\n\t\t\t\t<div class=\"program-register ph\">\r\n\t\t<div class=\"container\">\r\n\t\t\t<div class=\"cepa-notify\">\r\n\t\t\t\t<div class=\"alert alert-success\">\r\n\t\t\t\t\tThank you for registration.\r\n\t\t\t\t<\/div>\t\r\n\t\t\t<\/div>\r\n\t\t\t<form method=\"post\" action=\"\/wp-content\/themes\/politecnica\/cepa-register.php\" class='ceFooterForm' data-trp-original-action=\"https:\/\/pupr.edu\/wp-content\/themes\/politecnica\/cepa-register.php\">\r\n\t\t\t\t<div class=\"r-title\">\r\n\t\t\t\t\tRegister for more info\r\n\t\t\t\t<\/div>\r\n\t\t\t\t<div class=\"r-input\">\r\n\r\n\t\t\t\t\t<div class=\"r-container\">\r\n\t\t\t\t\t\t<input type='text' class='required bs' name='registerNameFoot' id='registerNameFoot' value='' placeholder='Please enter your name'>\r\n\t\t\t\t\t<\/div>\r\n\r\n\t\t\t\t\t<div class=\"r-container\">\r\n\t\t\t\t\t<input type='text' class='required email bs' name='registerEmailFoot' id='registerEmailFoot' value='' placeholder='Please enter your email'>\r\n\t\t\t\t\t<\/div>\r\n\r\n\t\t\t\t<\/div>\r\n\t\t\t\t<div class=\"r-button\">\r\n\t\t\t\t\t<!-- <input class=\"btn-d_blue btn-block\" type=\"submit\" name=\"rFootSubmit\" id=\"rFootSubmit\" value=\"Sign up!\"> -->\r\n\t\t\t\t\t\t<button class=\"btn-d_blue btn-block\" type=\"submit\" name=\"rFootSubmit\" id=\"rFootSubmit\">Sign up!<\/button>\r\n\t\t\t\t<\/div>\t\r\n\t\t\t<input type=\"hidden\" name=\"trp-form-language\" value=\"es\"\/><\/form>\r\n\t\t<\/div>\r\n\t<\/div>\r\n\r\n\r\n\r\n\r\n\r\n\r\n\r\n\t\t<\/div>\n\t\t\t\t<\/div>\n\t\t\t\t\t<\/div>\n\t\t<\/div>\n\t\t\t\t\t<\/div>\n\t\t<\/section>\n\t\t\t\t<\/div>","protected":false},"excerpt":{"rendered":"Fondos de capacitaci\u00f3n y desarrollo Existen m\u00faltiples programas gubernamentales que pueden ayudarlo a identificar fondos para actividades de capacitaci\u00f3n y desarrollo. Ya seas un patrono o un profesional particular, podemos ayudar a identificar los programas que financien las actividades de capacitaci\u00f3n y desarrollo. Dentro de todas las alternativas disponibles en Puerto Rico, nos especializamos en [&hellip;]","protected":false},"author":11,"featured_media":0,"parent":0,"menu_order":0,"comment_status":"closed","ping_status":"closed","template":"template-newelementorpage.php","meta":{"_acf_changed":false,"inline_featured_image":false,"_monsterinsights_skip_tracking":false,"_monsterinsights_sitenote_active":false,"_monsterinsights_sitenote_note":"","_monsterinsights_sitenote_category":0,"ngg_post_thumbnail":0,"footnotes":""},"program-categories":[],"degree-categories":[],"class_list":["post-64750","page","type-page","status-publish","hentry"],"acf":[],"_links":{"self":[{"href":"https:\/\/pupr.edu\/es\/wp-json\/wp\/v2\/pages\/64750","targetHints":{"allow":["GET"]}}],"collection":[{"href":"https:\/\/pupr.edu\/es\/wp-json\/wp\/v2\/pages"}],"about":[{"href":"https:\/\/pupr.edu\/es\/wp-json\/wp\/v2\/types\/page"}],"author":[{"embeddable":true,"href":"https:\/\/pupr.edu\/es\/wp-json\/wp\/v2\/users\/11"}],"replies":[{"embeddable":true,"href":"https:\/\/pupr.edu\/es\/wp-json\/wp\/v2\/comments?post=64750"}],"version-history":[{"count":21,"href":"https:\/\/pupr.edu\/es\/wp-json\/wp\/v2\/pages\/64750\/revisions"}],"predecessor-version":[{"id":66021,"href":"https:\/\/pupr.edu\/es\/wp-json\/wp\/v2\/pages\/64750\/revisions\/66021"}],"wp:attachment":[{"href":"https:\/\/pupr.edu\/es\/wp-json\/wp\/v2\/media?parent=64750"}],"wp:term":[{"taxonomy":"program-categories","embeddable":true,"href":"https:\/\/pupr.edu\/es\/wp-json\/wp\/v2\/program-categories?post=64750"},{"taxonomy":"degree-categories","embeddable":true,"href":"https:\/\/pupr.edu\/es\/wp-json\/wp\/v2\/degree-categories?post=64750"}],"curies":[{"name":"wp","href":"https:\/\/api.w.org\/{rel}","templated":true}]}}