{"id":64804,"date":"2024-08-09T07:31:07","date_gmt":"2024-08-09T11:31:07","guid":{"rendered":"https:\/\/www.pupr.edu\/?page_id=64804"},"modified":"2024-08-09T07:41:00","modified_gmt":"2024-08-09T11:41:00","slug":"becas","status":"publish","type":"page","link":"https:\/\/pupr.edu\/es\/becas\/","title":{"rendered":"Becas"},"content":{"rendered":"<div data-elementor-type=\"wp-page\" data-elementor-id=\"64804\" class=\"elementor elementor-64804\" data-elementor-post-type=\"page\">\n\t\t\t\t\t\t<section class=\"has_eae_slider elementor-section elementor-top-section elementor-element elementor-element-6634f95 elementor-section-height-min-height elementor-section-boxed elementor-section-height-default elementor-section-items-middle\" data-id=\"6634f95\" data-element_type=\"section\" data-settings=\"{&quot;background_background&quot;:&quot;classic&quot;}\">\n\t\t\t\t\t\t\t<div class=\"elementor-background-overlay\"><\/div>\n\t\t\t\t\t\t\t<div class=\"elementor-container elementor-column-gap-default\">\n\t\t\t\t\t<div class=\"has_eae_slider elementor-column elementor-col-100 elementor-top-column elementor-element elementor-element-108b242\" data-id=\"108b242\" data-element_type=\"column\">\n\t\t\t<div class=\"elementor-widget-wrap elementor-element-populated\">\n\t\t\t\t\t\t<div class=\"elementor-element elementor-element-1c157a5 elementor-widget elementor-widget-heading\" data-id=\"1c157a5\" data-element_type=\"widget\" data-widget_type=\"heading.default\">\n\t\t\t\t<div class=\"elementor-widget-container\">\n\t\t\t<h2 class=\"elementor-heading-title elementor-size-default\">Becas<\/h2>\t\t<\/div>\n\t\t\t\t<\/div>\n\t\t\t\t\t<\/div>\n\t\t<\/div>\n\t\t\t\t\t<\/div>\n\t\t<\/section>\n\t\t\t\t<section class=\"has_eae_slider elementor-section elementor-top-section elementor-element elementor-element-392e88b elementor-section-boxed elementor-section-height-default elementor-section-height-default\" data-id=\"392e88b\" data-element_type=\"section\" data-settings=\"{&quot;background_background&quot;:&quot;classic&quot;}\">\n\t\t\t\t\t\t<div class=\"elementor-container elementor-column-gap-default\">\n\t\t\t\t\t<div class=\"has_eae_slider elementor-column elementor-col-100 elementor-top-column elementor-element elementor-element-0a47bc6\" data-id=\"0a47bc6\" data-element_type=\"column\">\n\t\t\t<div class=\"elementor-widget-wrap elementor-element-populated\">\n\t\t\t\t\t\t<div class=\"elementor-element elementor-element-5ff02a9 elementor-widget elementor-widget-text-editor\" data-id=\"5ff02a9\" data-element_type=\"widget\" data-widget_type=\"text-editor.default\">\n\t\t\t\t<div class=\"elementor-widget-container\">\n\t\t\t\t\t\t\t<div class='widget-content'>BECAS disponibles y dirigidas a estudiantes y egresados de bachillerato hasta nivel doctoral.\n\n<\/div>\t\t\t\t\t\t<\/div>\n\t\t\t\t<\/div>\n\t\t\t\t\t<\/div>\n\t\t<\/div>\n\t\t\t\t\t<\/div>\n\t\t<\/section>\n\t\t\t\t<section class=\"has_eae_slider elementor-section elementor-top-section elementor-element elementor-element-2f0ca87 elementor-section-boxed elementor-section-height-default elementor-section-height-default\" data-id=\"2f0ca87\" data-element_type=\"section\">\n\t\t\t\t\t\t<div class=\"elementor-container elementor-column-gap-default\">\n\t\t\t\t\t<div class=\"has_eae_slider elementor-column elementor-col-100 elementor-top-column elementor-element elementor-element-965bbf0\" data-id=\"965bbf0\" data-element_type=\"column\">\n\t\t\t<div class=\"elementor-widget-wrap elementor-element-populated\">\n\t\t\t\t\t\t<div class=\"elementor-element elementor-element-efe38aa elementor-tabs-view-vertical ver_tab_menu elementor-widget elementor-widget-tabs\" data-id=\"efe38aa\" data-element_type=\"widget\" data-widget_type=\"tabs.default\">\n\t\t\t\t<div class=\"elementor-widget-container\">\n\t\t\t\t\t<div class=\"elementor-tabs\">\n\t\t\t<div class=\"elementor-tabs-wrapper\" role=\"tablist\" >\n\t\t\t\t\t\t\t\t\t<div id=\"elementor-tab-title-2511\" class=\"elementor-tab-title elementor-tab-desktop-title\" aria-selected=\"true\" data-tab=\"1\" role=\"tab\" tabindex=\"0\" aria-controls=\"elementor-tab-content-2511\" aria-expanded=\"false\">SIPR Becas y Pr\u00e9stamos Educacionales<\/div>\n\t\t\t\t\t\t\t\t\t<div id=\"elementor-tab-title-2512\" class=\"elementor-tab-title elementor-tab-desktop-title\" aria-selected=\"false\" data-tab=\"2\" role=\"tab\" tabindex=\"-1\" aria-controls=\"elementor-tab-content-2512\" aria-expanded=\"false\">Asociaci\u00f3n de Contratistas Asistencia Econ\u00f3mica<\/div>\n\t\t\t\t\t\t\t<\/div>\n\t\t\t<div class=\"elementor-tabs-content-wrapper\" role=\"tablist\" aria-orientation=\"vertical\">\n\t\t\t\t\t\t\t\t\t<div class=\"elementor-tab-title elementor-tab-mobile-title\" aria-selected=\"true\" data-tab=\"1\" role=\"tab\" tabindex=\"0\" aria-controls=\"elementor-tab-content-2511\" aria-expanded=\"false\">SIPR Becas y Pr\u00e9stamos Educacionales<\/div>\n\t\t\t\t\t<div id=\"elementor-tab-content-2511\" class=\"elementor-tab-content elementor-clearfix\" data-tab=\"1\" role=\"tabpanel\" aria-labelledby=\"elementor-tab-title-2511\" tabindex=\"0\" hidden=\"false\"><div class='widget-content'><img fetchpriority=\"high\" decoding=\"async\" class=\"alignnone size-full wp-image-45849\" src=\"https:\/\/www.pupr.edu\/wp-content\/uploads\/2023\/06\/SIPR.jpg\" alt=\"\" width=\"1280\" height=\"2133\" srcset=\"https:\/\/www.pupr.edu\/wp-content\/uploads\/2023\/06\/SIPR.jpg 1280w, https:\/\/www.pupr.edu\/wp-content\/uploads\/2023\/06\/SIPR-768x1280.jpg 768w, https:\/\/www.pupr.edu\/wp-content\/uploads\/2023\/06\/SIPR-922x1536.jpg 922w, https:\/\/www.pupr.edu\/wp-content\/uploads\/2023\/06\/SIPR-1229x2048.jpg 1229w, https:\/\/www.pupr.edu\/wp-content\/uploads\/2023\/06\/SIPR-7x12.jpg 7w, https:\/\/www.pupr.edu\/wp-content\/uploads\/2023\/06\/SIPR-14x24.jpg 14w, https:\/\/www.pupr.edu\/wp-content\/uploads\/2023\/06\/SIPR-22x36.jpg 22w, https:\/\/www.pupr.edu\/wp-content\/uploads\/2023\/06\/SIPR-29x48.jpg 29w\" sizes=\"(max-width: 1280px) 100vw, 1280px\"> <img decoding=\"async\" class=\"alignnone size-medium wp-image-45850\" src=\"https:\/\/www.pupr.edu\/wp-content\/uploads\/2023\/06\/SIPR-Nuestros-Servicios.png\" alt=\"\" width=\"778\" height=\"769\" srcset=\"https:\/\/www.pupr.edu\/wp-content\/uploads\/2023\/06\/SIPR-Nuestros-Servicios.png 778w, https:\/\/www.pupr.edu\/wp-content\/uploads\/2023\/06\/SIPR-Nuestros-Servicios-768x759.png 768w, https:\/\/www.pupr.edu\/wp-content\/uploads\/2023\/06\/SIPR-Nuestros-Servicios-12x12.png 12w, https:\/\/www.pupr.edu\/wp-content\/uploads\/2023\/06\/SIPR-Nuestros-Servicios-24x24.png 24w, https:\/\/www.pupr.edu\/wp-content\/uploads\/2023\/06\/SIPR-Nuestros-Servicios-36x36.png 36w, https:\/\/www.pupr.edu\/wp-content\/uploads\/2023\/06\/SIPR-Nuestros-Servicios-48x48.png 48w\" sizes=\"(max-width: 778px) 100vw, 778px\"> <img decoding=\"async\" class=\"alignnone size-medium wp-image-45851\" src=\"https:\/\/www.pupr.edu\/wp-content\/uploads\/2023\/06\/SIPR-Pre\u0301stamo-Educacional.png\" alt=\"\" width=\"1500\" height=\"801\" srcset=\"https:\/\/www.pupr.edu\/wp-content\/uploads\/2023\/06\/SIPR-Pre\u0301stamo-Educacional.png 1500w, https:\/\/www.pupr.edu\/wp-content\/uploads\/2023\/06\/SIPR-Pre\u0301stamo-Educacional-768x410.png 768w, https:\/\/www.pupr.edu\/wp-content\/uploads\/2023\/06\/SIPR-Pre\u0301stamo-Educacional-18x10.png 18w, https:\/\/www.pupr.edu\/wp-content\/uploads\/2023\/06\/SIPR-Pre\u0301stamo-Educacional-24x13.png 24w, https:\/\/www.pupr.edu\/wp-content\/uploads\/2023\/06\/SIPR-Pre\u0301stamo-Educacional-36x19.png 36w, https:\/\/www.pupr.edu\/wp-content\/uploads\/2023\/06\/SIPR-Pre\u0301stamo-Educacional-48x26.png 48w\" sizes=\"(max-width: 1500px) 100vw, 1500px\"> <a href=\"https:\/\/www.pupr.edu\/wp-content\/uploads\/2023\/06\/SIPR_CIAPR_Pre\u0301stamo-Educacional.pdf\">SIPR_CIAPR_Pre\u0301stamo Educacional<\/a><\/div><\/div>\n\t\t\t\t\t\t\t\t\t<div class=\"elementor-tab-title elementor-tab-mobile-title\" aria-selected=\"false\" data-tab=\"2\" role=\"tab\" tabindex=\"-1\" aria-controls=\"elementor-tab-content-2512\" aria-expanded=\"false\">Asociaci\u00f3n de Contratistas Asistencia Econ\u00f3mica<\/div>\n\t\t\t\t\t<div id=\"elementor-tab-content-2512\" class=\"elementor-tab-content elementor-clearfix\" data-tab=\"2\" role=\"tabpanel\" aria-labelledby=\"elementor-tab-title-2512\" tabindex=\"0\" hidden=\"hidden\"><div class='widget-content'><strong> <p><a href=\"https:\/\/www.pupr.edu\/wp-content\/uploads\/2023\/06\/REGLAMENTO-2021.pdf\">REGLAMENTO<\/a><\/p>\n<p><a href=\"https:\/\/www.pupr.edu\/wp-content\/uploads\/2023\/06\/SOLICITUD-ASISTENCIA-ECONOMICA.pdf\">SOLICITUD-ASISTENCIA-ECONOMICA<\/a><\/p><\/strong><\/div><\/div>\n\t\t\t\t\t\t\t<\/div>\n\t\t<\/div>\n\t\t\t\t<\/div>\n\t\t\t\t<\/div>\n\t\t\t\t\t<\/div>\n\t\t<\/div>\n\t\t\t\t\t<\/div>\n\t\t<\/section>\n\t\t\t\t<\/div>","protected":false},"excerpt":{"rendered":"Becas BECAS disponibles y dirigidas a estudiantes y egresados de bachillerato hasta nivel doctoral. SIPR Becas y Pr\u00e9stamos Educacionales Asociaci\u00f3n de Contratistas Asistencia Econ\u00f3mica SIPR Becas y Pr\u00e9stamos Educacionales SIPR_CIAPR_Pre\u0301stamo Educacional Asociaci\u00f3n de Contratistas Asistencia Econ\u00f3mica REGLAMENTO SOLICITUD-ASISTENCIA-ECONOMICA","protected":false},"author":11,"featured_media":0,"parent":0,"menu_order":0,"comment_status":"closed","ping_status":"closed","template":"template-newelementorpage.php","meta":{"_acf_changed":false,"inline_featured_image":false,"_monsterinsights_skip_tracking":false,"_monsterinsights_sitenote_active":false,"_monsterinsights_sitenote_note":"","_monsterinsights_sitenote_category":0,"ngg_post_thumbnail":0,"footnotes":""},"program-categories":[],"degree-categories":[],"class_list":["post-64804","page","type-page","status-publish","hentry"],"acf":[],"_links":{"self":[{"href":"https:\/\/pupr.edu\/es\/wp-json\/wp\/v2\/pages\/64804","targetHints":{"allow":["GET"]}}],"collection":[{"href":"https:\/\/pupr.edu\/es\/wp-json\/wp\/v2\/pages"}],"about":[{"href":"https:\/\/pupr.edu\/es\/wp-json\/wp\/v2\/types\/page"}],"author":[{"embeddable":true,"href":"https:\/\/pupr.edu\/es\/wp-json\/wp\/v2\/users\/11"}],"replies":[{"embeddable":true,"href":"https:\/\/pupr.edu\/es\/wp-json\/wp\/v2\/comments?post=64804"}],"version-history":[{"count":13,"href":"https:\/\/pupr.edu\/es\/wp-json\/wp\/v2\/pages\/64804\/revisions"}],"predecessor-version":[{"id":64818,"href":"https:\/\/pupr.edu\/es\/wp-json\/wp\/v2\/pages\/64804\/revisions\/64818"}],"wp:attachment":[{"href":"https:\/\/pupr.edu\/es\/wp-json\/wp\/v2\/media?parent=64804"}],"wp:term":[{"taxonomy":"program-categories","embeddable":true,"href":"https:\/\/pupr.edu\/es\/wp-json\/wp\/v2\/program-categories?post=64804"},{"taxonomy":"degree-categories","embeddable":true,"href":"https:\/\/pupr.edu\/es\/wp-json\/wp\/v2\/degree-categories?post=64804"}],"curies":[{"name":"wp","href":"https:\/\/api.w.org\/{rel}","templated":true}]}}