{"id":65099,"date":"2024-08-13T05:34:50","date_gmt":"2024-08-13T09:34:50","guid":{"rendered":"https:\/\/www.pupr.edu\/?page_id=65099"},"modified":"2024-08-16T03:38:57","modified_gmt":"2024-08-16T07:38:57","slug":"arp","status":"publish","type":"page","link":"https:\/\/pupr.edu\/es\/arp\/","title":{"rendered":"ARP"},"content":{"rendered":"<div data-elementor-type=\"wp-page\" data-elementor-id=\"65099\" class=\"elementor elementor-65099\" data-elementor-post-type=\"page\">\n\t\t\t\t\t\t<section class=\"has_eae_slider elementor-section elementor-top-section elementor-element elementor-element-38448ea elementor-section-height-min-height elementor-section-boxed elementor-section-height-default elementor-section-items-middle\" data-id=\"38448ea\" data-element_type=\"section\" data-settings=\"{&quot;background_background&quot;:&quot;classic&quot;}\">\n\t\t\t\t\t\t\t<div class=\"elementor-background-overlay\"><\/div>\n\t\t\t\t\t\t\t<div class=\"elementor-container elementor-column-gap-default\">\n\t\t\t\t\t<div class=\"has_eae_slider elementor-column elementor-col-100 elementor-top-column elementor-element elementor-element-126641a\" data-id=\"126641a\" data-element_type=\"column\">\n\t\t\t<div class=\"elementor-widget-wrap elementor-element-populated\">\n\t\t\t\t\t\t<div class=\"elementor-element elementor-element-3671443 elementor-widget elementor-widget-heading\" data-id=\"3671443\" data-element_type=\"widget\" data-widget_type=\"heading.default\">\n\t\t\t\t<div class=\"elementor-widget-container\">\n\t\t\t<h2 class=\"elementor-heading-title elementor-size-default\">ARP<\/h2>\t\t<\/div>\n\t\t\t\t<\/div>\n\t\t\t\t\t<\/div>\n\t\t<\/div>\n\t\t\t\t\t<\/div>\n\t\t<\/section>\n\t\t\t\t<section class=\"has_eae_slider elementor-section elementor-top-section elementor-element elementor-element-ebb2631 elementor-section-boxed elementor-section-height-default elementor-section-height-default\" data-id=\"ebb2631\" data-element_type=\"section\">\n\t\t\t\t\t\t<div class=\"elementor-container elementor-column-gap-default\">\n\t\t\t\t\t<div class=\"has_eae_slider elementor-column elementor-col-100 elementor-top-column elementor-element elementor-element-8f7816f\" data-id=\"8f7816f\" data-element_type=\"column\">\n\t\t\t<div class=\"elementor-widget-wrap elementor-element-populated\">\n\t\t\t\t\t\t<div class=\"elementor-element elementor-element-3bf530b elementor-tabs-view-vertical ver_tab_menu elementor-widget elementor-widget-tabs\" data-id=\"3bf530b\" data-element_type=\"widget\" data-widget_type=\"tabs.default\">\n\t\t\t\t<div class=\"elementor-widget-container\">\n\t\t\t\t\t<div class=\"elementor-tabs\">\n\t\t\t<div class=\"elementor-tabs-wrapper\" role=\"tablist\" >\n\t\t\t\t\t\t\t\t\t<div id=\"elementor-tab-title-6281\" class=\"elementor-tab-title elementor-tab-desktop-title\" aria-selected=\"true\" data-tab=\"1\" role=\"tab\" tabindex=\"0\" aria-controls=\"elementor-tab-content-6281\" aria-expanded=\"false\">ARP Act<\/div>\n\t\t\t\t\t\t\t\t\t<div id=\"elementor-tab-title-6282\" class=\"elementor-tab-title elementor-tab-desktop-title\" aria-selected=\"false\" data-tab=\"2\" role=\"tab\" tabindex=\"-1\" aria-controls=\"elementor-tab-content-6282\" aria-expanded=\"false\">Requisitos<\/div>\n\t\t\t\t\t\t\t\t\t<div id=\"elementor-tab-title-6283\" class=\"elementor-tab-title elementor-tab-desktop-title\" aria-selected=\"false\" data-tab=\"3\" role=\"tab\" tabindex=\"-1\" aria-controls=\"elementor-tab-content-6283\" aria-expanded=\"false\">Proceso de Evaluaci\u00f3n<\/div>\n\t\t\t\t\t\t\t\t\t<div id=\"elementor-tab-title-6284\" class=\"elementor-tab-title elementor-tab-desktop-title\" aria-selected=\"false\" data-tab=\"4\" role=\"tab\" tabindex=\"-1\" aria-controls=\"elementor-tab-content-6284\" aria-expanded=\"false\">Desembolsos<\/div>\n\t\t\t\t\t\t\t\t\t<div id=\"elementor-tab-title-6285\" class=\"elementor-tab-title elementor-tab-desktop-title\" aria-selected=\"false\" data-tab=\"5\" role=\"tab\" tabindex=\"-1\" aria-controls=\"elementor-tab-content-6285\" aria-expanded=\"false\">Informes<\/div>\n\t\t\t\t\t\t\t<\/div>\n\t\t\t<div class=\"elementor-tabs-content-wrapper\" role=\"tablist\" aria-orientation=\"vertical\">\n\t\t\t\t\t\t\t\t\t<div class=\"elementor-tab-title elementor-tab-mobile-title\" aria-selected=\"true\" data-tab=\"1\" role=\"tab\" tabindex=\"0\" aria-controls=\"elementor-tab-content-6281\" aria-expanded=\"false\">ARP Act<\/div>\n\t\t\t\t\t<div id=\"elementor-tab-content-6281\" class=\"elementor-tab-content elementor-clearfix\" data-tab=\"1\" role=\"tabpanel\" aria-labelledby=\"elementor-tab-title-6281\" tabindex=\"0\" hidden=\"false\"><div class='widget-content'><h1>ARP Act<\/h1>\n<p>El 11 de marzo de 2021, el Congreso de los EE. UU. aprob\u00f3 la ARP. Esta acta incluye ayudas a diversos sectores de la econom\u00eda que han sido impactados por el COVID-19. Como la educaci\u00f3n superior fue uno de estos sectores impactados, el acta le provee ayuda econ\u00f3mica. A la Universidad Polit\u00e9cnica le asignaron $8,522,664 para ser distribuidos a los estudiantes.<\/p><\/div><\/div>\n\t\t\t\t\t\t\t\t\t<div class=\"elementor-tab-title elementor-tab-mobile-title\" aria-selected=\"false\" data-tab=\"2\" role=\"tab\" tabindex=\"-1\" aria-controls=\"elementor-tab-content-6282\" aria-expanded=\"false\">Requisitos<\/div>\n\t\t\t\t\t<div id=\"elementor-tab-content-6282\" class=\"elementor-tab-content elementor-clearfix\" data-tab=\"2\" role=\"tabpanel\" aria-labelledby=\"elementor-tab-title-6282\" tabindex=\"0\" hidden=\"hidden\"><div class='widget-content'><h1>Requisitos<\/h1>\n<p>Para poder recibir fondos del ARP, todo estudiante debe cumplir con los siguientes requisitos:<\/p>\n<p>\u2022 Estar matriculado en el t\u00e9rmino en que se repartan los fondos (Se estar\u00e1n distribuyendo fondos en los t\u00e9rminos de SUMMER 2021, FALL 2021, WINTER 2021, y SPRING 2022, hasta que se distribuyan en su totalidad).<\/p>\n\t\t\t\t\t\t\t\t\t\t\t\t\t\t<\/div><\/div>\n\t\t\t\t\t\t\t\t\t<div class=\"elementor-tab-title elementor-tab-mobile-title\" aria-selected=\"false\" data-tab=\"3\" role=\"tab\" tabindex=\"-1\" aria-controls=\"elementor-tab-content-6283\" aria-expanded=\"false\">Proceso de Evaluaci\u00f3n<\/div>\n\t\t\t\t\t<div id=\"elementor-tab-content-6283\" class=\"elementor-tab-content elementor-clearfix\" data-tab=\"3\" role=\"tabpanel\" aria-labelledby=\"elementor-tab-title-6283\" tabindex=\"0\" hidden=\"hidden\"><div class='widget-content'><h1>Proceso de Evaluaci\u00f3n<\/h1><p>Todos los estudiantes que cumplan con los requisitos de elegibilidad recibir\u00e1n fondos del ARP.\u00a0 La cantidad para distribuirse fluctuar\u00e1 de $100 a $1000 en cada t\u00e9rmino y una vez determinada, se les asignar\u00e1 la misma cantidad a todos los estudiantes de ese mismo t\u00e9rmino.\u00a0 Los fondos ser\u00e1n asignados a la cuenta del estudiante y se le reembolsar\u00e1 la cantidad total de la ayuda.\u00a0 Se remitir\u00e1 un cheque y se le enviar\u00e1 a la direcci\u00f3n del estudiante que aparece en nuestro sistema.<\/p><h3>Proceso de emisi\u00f3n de cheques<\/h3><p>Durante los t\u00e9rminos de SUMMER 2021, FALL 2021, WINTER 2021 y SPRING 2022, la Oficina de Contabilidad estar\u00e1 remitiendo los cheques a los estudiantes elegibles.<\/p><p><strong>Estos se har\u00e1n de la siguiente manera:<\/strong><\/p><ul><li>Se imprimir\u00e1n aproximadamente de 400 a 500 cheques semanales.<\/li><li>Primero se repartir\u00e1n a los estudiantes de grados asociados y bachilleratos, de mayor necesidad (aquellos que hayan completado la FAFSA). Se har\u00e1n en orden de EFC (comenzando con los EFC = 0).<\/li><li>Luego se repartir\u00e1n a los estudiantes de maestr\u00edas y doctorados comenzando con los de mayor necesidad (aquellos que hayan completado la FAFSA). Se har\u00e1n en orden de EFC (comenzando con los EFC = 0).<\/li><li>Por \u00faltimo, se repartir\u00e1n a aquellos estudiantes que no hayan completado la FAFSA perteneciente al t\u00e9rmino en que estudia. Comenzando con los grados asociados, bachilleratos, maestr\u00edas y por \u00faltimo los doctorados.<\/li><\/ul><\/div><\/div>\n\t\t\t\t\t\t\t\t\t<div class=\"elementor-tab-title elementor-tab-mobile-title\" aria-selected=\"false\" data-tab=\"4\" role=\"tab\" tabindex=\"-1\" aria-controls=\"elementor-tab-content-6284\" aria-expanded=\"false\">Desembolsos<\/div>\n\t\t\t\t\t<div id=\"elementor-tab-content-6284\" class=\"elementor-tab-content elementor-clearfix\" data-tab=\"4\" role=\"tabpanel\" aria-labelledby=\"elementor-tab-title-6284\" tabindex=\"0\" hidden=\"hidden\"><div class='widget-content'>\t<h1>Desembolsos<\/h1>\n<p>Al 31 de marzo de 2022:<\/p>\n<ul>\n<li>944 estudiantes matriculados en Verano 2021 recibieron $500 cada uno, para un total de $472,000.<\/li>\n<li>4521 estudiantes matriculados en FALL 2021 recibieron $625 cada uno, para un total de $2,825,625.<\/li>\n<li>4268 estudiantes matriculados en WINTER 2021 recibieron $620 cada uno, para un total de $2,646,160.<\/li>\n<li>Hasta el momento, 700 estudiantes matriculados en SPRING 2022 recibieron $625 cada uno, para un total de $437,500.<\/li>\n<li>Desembolsado de ARP hasta la fecha es $6,381,285.<\/li>\n<\/ul><\/div><\/div>\n\t\t\t\t\t\t\t\t\t<div class=\"elementor-tab-title elementor-tab-mobile-title\" aria-selected=\"false\" data-tab=\"5\" role=\"tab\" tabindex=\"-1\" aria-controls=\"elementor-tab-content-6285\" aria-expanded=\"false\">Informes<\/div>\n\t\t\t\t\t<div id=\"elementor-tab-content-6285\" class=\"elementor-tab-content elementor-clearfix\" data-tab=\"5\" role=\"tabpanel\" aria-labelledby=\"elementor-tab-title-6285\" tabindex=\"0\" hidden=\"hidden\"><div class='widget-content'>\t\n\t\t\t\t\t\t\t\t\t\t\t\t\t\t\t    \t<h1>Informes<\/h1>\n<p><a href=\"https:\/\/www.pupr.edu\/wp-content\/uploads\/2022\/07\/Informe-Trimestral-ARP-Junio-2022.pdf\">Informe Trimestral ARP Junio 2022<\/a><\/p>\n<p><a href=\"https:\/\/www.pupr.edu\/wp-content\/uploads\/2022\/04\/Informe-Trimestral-ARP-Marzo-2022.pdf\" target=\"_blank\" rel=\"noopener\">Informe Trimestral ARP Marzo 2022<\/a><\/p>\n<p><a href=\"https:\/\/www.pupr.edu\/wp-content\/uploads\/2021\/12\/Informe-Trimestral-ARP-20211231.pdf\" target=\"_blank\" rel=\"noopener\">Informe Trimestral ARP Diciembre 2021<\/a><\/p>\n<p><a href=\"https:\/\/www.pupr.edu\/wp-content\/uploads\/2021\/10\/Informe-Trimestral-ARP-20210930.pdf\">Informe Trimestral ARP Septiembre 2021<\/a><\/p>\n<p><a href=\"https:\/\/www.pupr.edu\/wp-content\/uploads\/2021\/10\/Informe-Trimestral-ARP-20210630.pdf\">Informe Trimestral ARP Junio 2021<\/a><\/p><\/div><\/div>\n\t\t\t\t\t\t\t<\/div>\n\t\t<\/div>\n\t\t\t\t<\/div>\n\t\t\t\t<\/div>\n\t\t\t\t\t<\/div>\n\t\t<\/div>\n\t\t\t\t\t<\/div>\n\t\t<\/section>\n\t\t\t\t<\/div>","protected":false},"excerpt":{"rendered":"ARP ARP Act Requisitos Proceso de Evaluaci\u00f3n Desembolsos Informes ARP Act ARP Act El 11 de marzo de 2021, el Congreso de los EE. UU. aprob\u00f3 la ARP. Esta acta incluye ayudas a diversos sectores de la econom\u00eda que han sido impactados por el COVID-19. Como la educaci\u00f3n superior fue uno de estos sectores impactados, [&hellip;]","protected":false},"author":11,"featured_media":0,"parent":0,"menu_order":0,"comment_status":"closed","ping_status":"closed","template":"template-newelementorpage.php","meta":{"_acf_changed":false,"inline_featured_image":false,"_monsterinsights_skip_tracking":false,"_monsterinsights_sitenote_active":false,"_monsterinsights_sitenote_note":"","_monsterinsights_sitenote_category":0,"ngg_post_thumbnail":0,"footnotes":""},"program-categories":[],"degree-categories":[],"class_list":["post-65099","page","type-page","status-publish","hentry"],"acf":[],"_links":{"self":[{"href":"https:\/\/pupr.edu\/es\/wp-json\/wp\/v2\/pages\/65099","targetHints":{"allow":["GET"]}}],"collection":[{"href":"https:\/\/pupr.edu\/es\/wp-json\/wp\/v2\/pages"}],"about":[{"href":"https:\/\/pupr.edu\/es\/wp-json\/wp\/v2\/types\/page"}],"author":[{"embeddable":true,"href":"https:\/\/pupr.edu\/es\/wp-json\/wp\/v2\/users\/11"}],"replies":[{"embeddable":true,"href":"https:\/\/pupr.edu\/es\/wp-json\/wp\/v2\/comments?post=65099"}],"version-history":[{"count":7,"href":"https:\/\/pupr.edu\/es\/wp-json\/wp\/v2\/pages\/65099\/revisions"}],"predecessor-version":[{"id":65208,"href":"https:\/\/pupr.edu\/es\/wp-json\/wp\/v2\/pages\/65099\/revisions\/65208"}],"wp:attachment":[{"href":"https:\/\/pupr.edu\/es\/wp-json\/wp\/v2\/media?parent=65099"}],"wp:term":[{"taxonomy":"program-categories","embeddable":true,"href":"https:\/\/pupr.edu\/es\/wp-json\/wp\/v2\/program-categories?post=65099"},{"taxonomy":"degree-categories","embeddable":true,"href":"https:\/\/pupr.edu\/es\/wp-json\/wp\/v2\/degree-categories?post=65099"}],"curies":[{"name":"wp","href":"https:\/\/api.w.org\/{rel}","templated":true}]}}