{"id":65119,"date":"2024-08-13T06:43:02","date_gmt":"2024-08-13T10:43:02","guid":{"rendered":"https:\/\/www.pupr.edu\/?page_id=65119"},"modified":"2024-08-13T06:49:04","modified_gmt":"2024-08-13T10:49:04","slug":"asociado-en-ingenieria-en-desarrollo-de-aplicaciones-computadorizadas","status":"publish","type":"page","link":"https:\/\/pupr.edu\/es\/asociado-en-ingenieria-en-desarrollo-de-aplicaciones-computadorizadas\/","title":{"rendered":"Asociado en Ingenier\u00eda en Desarrollo de Aplicaciones Computadorizadas"},"content":{"rendered":"<div data-elementor-type=\"wp-page\" data-elementor-id=\"65119\" class=\"elementor elementor-65119\" data-elementor-post-type=\"page\">\n\t\t\t\t\t\t<section class=\"has_eae_slider elementor-section elementor-top-section elementor-element elementor-element-5765d78 elementor-section-height-min-height elementor-section-boxed elementor-section-height-default elementor-section-items-middle\" data-id=\"5765d78\" data-element_type=\"section\" data-settings=\"{&quot;background_background&quot;:&quot;classic&quot;}\">\n\t\t\t\t\t\t\t<div class=\"elementor-background-overlay\"><\/div>\n\t\t\t\t\t\t\t<div class=\"elementor-container elementor-column-gap-default\">\n\t\t\t\t\t<div class=\"has_eae_slider elementor-column elementor-col-100 elementor-top-column elementor-element elementor-element-2685105\" data-id=\"2685105\" data-element_type=\"column\">\n\t\t\t<div class=\"elementor-widget-wrap elementor-element-populated\">\n\t\t\t\t\t\t<div class=\"elementor-element elementor-element-420d240 elementor-widget elementor-widget-heading\" data-id=\"420d240\" data-element_type=\"widget\" data-widget_type=\"heading.default\">\n\t\t\t\t<div class=\"elementor-widget-container\">\n\t\t\t<h2 class=\"elementor-heading-title elementor-size-default\">Asociado en Ingenier\u00eda en Desarrollo de Aplicaciones Computadorizadas\n<\/h2>\t\t<\/div>\n\t\t\t\t<\/div>\n\t\t\t\t\t<\/div>\n\t\t<\/div>\n\t\t\t\t\t<\/div>\n\t\t<\/section>\n\t\t\t\t<section class=\"has_eae_slider elementor-section elementor-top-section elementor-element elementor-element-a5b8153 elementor-section-boxed elementor-section-height-default elementor-section-height-default\" data-id=\"a5b8153\" data-element_type=\"section\" data-settings=\"{&quot;background_background&quot;:&quot;classic&quot;}\">\n\t\t\t\t\t\t<div class=\"elementor-container elementor-column-gap-default\">\n\t\t\t\t\t<div class=\"has_eae_slider elementor-column elementor-col-100 elementor-top-column elementor-element elementor-element-68676e6\" data-id=\"68676e6\" data-element_type=\"column\">\n\t\t\t<div class=\"elementor-widget-wrap elementor-element-populated\">\n\t\t\t\t\t\t<div class=\"elementor-element elementor-element-6ab7f94 elementor-widget elementor-widget-heading\" data-id=\"6ab7f94\" data-element_type=\"widget\" data-widget_type=\"heading.default\">\n\t\t\t\t<div class=\"elementor-widget-container\">\n\t\t\t<h2 class=\"elementor-heading-title elementor-size-default\">Ingenier\u00eda en Desarrollo de Aplicaciones Computadorizadas\n<\/h2>\t\t<\/div>\n\t\t\t\t<\/div>\n\t\t\t\t<div class=\"elementor-element elementor-element-3faf027 elementor-widget elementor-widget-text-editor\" data-id=\"3faf027\" data-element_type=\"widget\" data-widget_type=\"text-editor.default\">\n\t\t\t\t<div class=\"elementor-widget-container\">\n\t\t\t\t\t\t\t<div class='widget-content'>Este programa de estudios prepara al estudiante con conocimientos, destrezas y habilidades en el desarrollo de aplicaciones en software que son de alta demanda en nuestra sociedad. Luego de completar el Grado Asociado, el estudiante est\u00e1 preparado para trabajar como desarrollador de aplicaciones y\/o continuar hacia el grado de Bachillerato en Ingenier\u00eda de Computadoras o en Ciencias de Computadoras. El desarrollo de software, es un campo que se expande muy r\u00e1pidamente a nivel mundial y provee los fundamentos para que el graduado se desarrolle profesionalmente en \u00e1reas tales como la programaci\u00f3n de Juegos de Video, Computaci\u00f3n en la Nube, Aplicaciones M\u00f3viles, Cyber Forensics y Seguridad en Redes.\n\n<\/div>\t\t\t\t\t\t<\/div>\n\t\t\t\t<\/div>\n\t\t\t\t<div class=\"elementor-element elementor-element-f2b1653 elementor-widget elementor-widget-text-editor\" data-id=\"f2b1653\" data-element_type=\"widget\" data-widget_type=\"text-editor.default\">\n\t\t\t\t<div class=\"elementor-widget-container\">\n\t\t\t\t\t\t\t<div class='widget-content'>Las aplicaciones en estas \u00e1reas sirven como herramientas que incrementan la productividad de los seres humanos en la sociedad y son clave para el desarrollo de una econom\u00eda sostenible. Este Grado Asociado provee un amplio componente de ciencias b\u00e1sicas, matem\u00e1ticas, ingenier\u00eda y temas t\u00e9cnicos, as\u00ed como tambi\u00e9n fundamentos de ciencias de computadoras.\n\n<\/div>\t\t\t\t\t\t<\/div>\n\t\t\t\t<\/div>\n\t\t\t\t<div class=\"elementor-element elementor-element-39fe2cd elementor-widget elementor-widget-button\" data-id=\"39fe2cd\" data-element_type=\"widget\" data-widget_type=\"button.default\">\n\t\t\t\t<div class=\"elementor-widget-container\">\n\t\t\t\t\t\t\t<div class=\"elementor-button-wrapper\">\n\t\t\t\t\t<a class=\"elementor-button elementor-button-link elementor-size-sm\" href=\"https:\/\/www.pupr.edu\/\/wp-content\/uploads\/2014\/05\/UPPR-Folleto-Ing-Aplica.pdf\" target=\"_blank\">\n\t\t\t\t\t\t<span class=\"elementor-button-content-wrapper\">\n\t\t\t\t\t\t<span class=\"elementor-button-icon\">\n\t\t\t\t<i aria-hidden=\"true\" class=\"fas fa-file-alt\"><\/i>\t\t\t<\/span>\n\t\t\t\t\t\t\t\t\t<span class=\"elementor-button-text\">Descargar Folleto de Ingenier\u00eda en Desarrollo de Aplicaciones Computadorizadas <\/span>\n\t\t\t\t\t<\/span>\n\t\t\t\t\t<\/a>\n\t\t\t\t<\/div>\n\t\t\t\t\t\t<\/div>\n\t\t\t\t<\/div>\n\t\t\t\t\t<\/div>\n\t\t<\/div>\n\t\t\t\t\t<\/div>\n\t\t<\/section>\n\t\t\t\t<\/div>","protected":false},"excerpt":{"rendered":"Asociado en Ingenier\u00eda en Desarrollo de Aplicaciones Computadorizadas Ingenier\u00eda en Desarrollo de Aplicaciones Computadorizadas Este programa de estudios prepara al estudiante con conocimientos, destrezas y habilidades en el desarrollo de aplicaciones en software que son de alta demanda en nuestra sociedad. Luego de completar el Grado Asociado, el estudiante est\u00e1 preparado para trabajar como desarrollador [&hellip;]","protected":false},"author":11,"featured_media":0,"parent":0,"menu_order":0,"comment_status":"closed","ping_status":"closed","template":"template-elementordefault.php","meta":{"_acf_changed":false,"inline_featured_image":false,"_monsterinsights_skip_tracking":false,"_monsterinsights_sitenote_active":false,"_monsterinsights_sitenote_note":"","_monsterinsights_sitenote_category":0,"ngg_post_thumbnail":0,"footnotes":""},"program-categories":[],"degree-categories":[],"class_list":["post-65119","page","type-page","status-publish","hentry"],"acf":[],"_links":{"self":[{"href":"https:\/\/pupr.edu\/es\/wp-json\/wp\/v2\/pages\/65119","targetHints":{"allow":["GET"]}}],"collection":[{"href":"https:\/\/pupr.edu\/es\/wp-json\/wp\/v2\/pages"}],"about":[{"href":"https:\/\/pupr.edu\/es\/wp-json\/wp\/v2\/types\/page"}],"author":[{"embeddable":true,"href":"https:\/\/pupr.edu\/es\/wp-json\/wp\/v2\/users\/11"}],"replies":[{"embeddable":true,"href":"https:\/\/pupr.edu\/es\/wp-json\/wp\/v2\/comments?post=65119"}],"version-history":[{"count":7,"href":"https:\/\/pupr.edu\/es\/wp-json\/wp\/v2\/pages\/65119\/revisions"}],"predecessor-version":[{"id":65130,"href":"https:\/\/pupr.edu\/es\/wp-json\/wp\/v2\/pages\/65119\/revisions\/65130"}],"wp:attachment":[{"href":"https:\/\/pupr.edu\/es\/wp-json\/wp\/v2\/media?parent=65119"}],"wp:term":[{"taxonomy":"program-categories","embeddable":true,"href":"https:\/\/pupr.edu\/es\/wp-json\/wp\/v2\/program-categories?post=65119"},{"taxonomy":"degree-categories","embeddable":true,"href":"https:\/\/pupr.edu\/es\/wp-json\/wp\/v2\/degree-categories?post=65119"}],"curies":[{"name":"wp","href":"https:\/\/api.w.org\/{rel}","templated":true}]}}