{"id":65300,"date":"2024-08-16T09:31:56","date_gmt":"2024-08-16T13:31:56","guid":{"rendered":"https:\/\/www.pupr.edu\/?page_id=65300"},"modified":"2024-08-16T09:44:14","modified_gmt":"2024-08-16T13:44:14","slug":"politechne","status":"publish","type":"page","link":"https:\/\/pupr.edu\/es\/politechne\/","title":{"rendered":"POLITECHN\u00ca"},"content":{"rendered":"<div data-elementor-type=\"wp-page\" data-elementor-id=\"65300\" class=\"elementor elementor-65300\" data-elementor-post-type=\"page\">\n\t\t\t\t\t\t<section class=\"has_eae_slider elementor-section elementor-top-section elementor-element elementor-element-34fb464 elementor-section-height-min-height elementor-section-boxed elementor-section-height-default elementor-section-items-middle\" data-id=\"34fb464\" data-element_type=\"section\" data-settings=\"{&quot;background_background&quot;:&quot;classic&quot;}\">\n\t\t\t\t\t\t\t<div class=\"elementor-background-overlay\"><\/div>\n\t\t\t\t\t\t\t<div class=\"elementor-container elementor-column-gap-default\">\n\t\t\t\t\t<div class=\"has_eae_slider elementor-column elementor-col-100 elementor-top-column elementor-element elementor-element-4e185c8\" data-id=\"4e185c8\" data-element_type=\"column\">\n\t\t\t<div class=\"elementor-widget-wrap elementor-element-populated\">\n\t\t\t\t\t\t<div class=\"elementor-element elementor-element-12eda8d elementor-widget elementor-widget-heading\" data-id=\"12eda8d\" data-element_type=\"widget\" data-widget_type=\"heading.default\">\n\t\t\t\t<div class=\"elementor-widget-container\">\n\t\t\t<h2 class=\"elementor-heading-title elementor-size-default\">Politechne\n<\/h2>\t\t<\/div>\n\t\t\t\t<\/div>\n\t\t\t\t\t<\/div>\n\t\t<\/div>\n\t\t\t\t\t<\/div>\n\t\t<\/section>\n\t\t\t\t<section class=\"has_eae_slider elementor-section elementor-top-section elementor-element elementor-element-a86f335 elementor-section-boxed elementor-section-height-default elementor-section-height-default\" data-id=\"a86f335\" data-element_type=\"section\">\n\t\t\t\t\t\t<div class=\"elementor-container elementor-column-gap-default\">\n\t\t\t\t\t<div class=\"has_eae_slider elementor-column elementor-col-100 elementor-top-column elementor-element elementor-element-6e7aee1\" data-id=\"6e7aee1\" data-element_type=\"column\">\n\t\t\t<div class=\"elementor-widget-wrap elementor-element-populated\">\n\t\t\t\t\t\t<div class=\"elementor-element elementor-element-7ecbd2c elementor-widget-divider--view-line_text elementor-widget-divider--element-align-left elementor-widget elementor-widget-divider\" data-id=\"7ecbd2c\" data-element_type=\"widget\" data-widget_type=\"divider.default\">\n\t\t\t\t<div class=\"elementor-widget-container\">\n\t\t\t\t\t<div class=\"elementor-divider\">\n\t\t\t<span class=\"elementor-divider-separator\">\n\t\t\t\t\t\t\t<h2 class=\"elementor-divider__text elementor-divider__element\">\n\t\t\t\tEdiciones\t\t\t\t<\/h2>\n\t\t\t\t\t\t<\/span>\n\t\t<\/div>\n\t\t\t\t<\/div>\n\t\t\t\t<\/div>\n\t\t\t\t<section class=\"has_eae_slider elementor-section elementor-inner-section elementor-element elementor-element-55f6bd4 elementor-section-boxed elementor-section-height-default elementor-section-height-default\" data-id=\"55f6bd4\" data-element_type=\"section\">\n\t\t\t\t\t\t<div class=\"elementor-container elementor-column-gap-default\">\n\t\t\t\t\t<div class=\"has_eae_slider elementor-column elementor-col-33 elementor-inner-column elementor-element elementor-element-04e0ab9\" data-id=\"04e0ab9\" data-element_type=\"column\">\n\t\t\t<div class=\"elementor-widget-wrap elementor-element-populated\">\n\t\t\t\t\t\t<div class=\"elementor-element elementor-element-df769b1 elementor-widget elementor-widget-image\" data-id=\"df769b1\" data-element_type=\"widget\" data-widget_type=\"image.default\">\n\t\t\t\t<div class=\"elementor-widget-container\">\n\t\t\t\t\t\t\t\t\t\t\t\t\t<img fetchpriority=\"high\" decoding=\"async\" width=\"400\" height=\"518\" src=\"https:\/\/pupr.edu\/wp-content\/uploads\/2024\/08\/Revista-Politechne-2018c-1.jpg\" class=\"attachment-large size-large wp-image-65308\" alt=\"\" srcset=\"https:\/\/pupr.edu\/wp-content\/uploads\/2024\/08\/Revista-Politechne-2018c-1.jpg 400w, https:\/\/pupr.edu\/wp-content\/uploads\/2024\/08\/Revista-Politechne-2018c-1-9x12.jpg 9w, https:\/\/pupr.edu\/wp-content\/uploads\/2024\/08\/Revista-Politechne-2018c-1-19x24.jpg 19w, https:\/\/pupr.edu\/wp-content\/uploads\/2024\/08\/Revista-Politechne-2018c-1-28x36.jpg 28w, https:\/\/pupr.edu\/wp-content\/uploads\/2024\/08\/Revista-Politechne-2018c-1-37x48.jpg 37w\" sizes=\"(max-width: 400px) 100vw, 400px\" \/>\t\t\t\t\t\t\t\t\t\t\t\t\t<\/div>\n\t\t\t\t<\/div>\n\t\t\t\t<div class=\"elementor-element elementor-element-509a531 elementor-widget__width-initial elementor-widget elementor-widget-heading\" data-id=\"509a531\" data-element_type=\"widget\" data-widget_type=\"heading.default\">\n\t\t\t\t<div class=\"elementor-widget-container\">\n\t\t\t<h2 class=\"elementor-heading-title elementor-size-default\">Vol. 19 | Enero 2018\n<\/h2>\t\t<\/div>\n\t\t\t\t<\/div>\n\t\t\t\t<div class=\"elementor-element elementor-element-cf12548 elementor-widget__width-auto elementor-widget elementor-widget-text-editor\" data-id=\"cf12548\" data-element_type=\"widget\" data-widget_type=\"text-editor.default\">\n\t\t\t\t<div class=\"elementor-widget-container\">\n\t\t\t\t\t\t\t<div class='widget-content'><a href=\"https:\/\/www.pupr.edu\/Revista-Politechne-2018c.pdf\">Ver M\u00e1s<\/a><\/div>\t\t\t\t\t\t<\/div>\n\t\t\t\t<\/div>\n\t\t\t\t\t<\/div>\n\t\t<\/div>\n\t\t\t\t<div class=\"has_eae_slider elementor-column elementor-col-33 elementor-inner-column elementor-element elementor-element-6401cff\" data-id=\"6401cff\" data-element_type=\"column\">\n\t\t\t<div class=\"elementor-widget-wrap elementor-element-populated\">\n\t\t\t\t\t\t<div class=\"elementor-element elementor-element-9978d26 elementor-widget elementor-widget-image\" data-id=\"9978d26\" data-element_type=\"widget\" data-widget_type=\"image.default\">\n\t\t\t\t<div class=\"elementor-widget-container\">\n\t\t\t\t\t\t\t\t\t\t\t\t\t<img decoding=\"async\" width=\"400\" height=\"518\" src=\"https:\/\/pupr.edu\/wp-content\/uploads\/2024\/08\/Revista-Politechne-2016.jpg\" class=\"attachment-large size-large wp-image-65307\" alt=\"\" srcset=\"https:\/\/pupr.edu\/wp-content\/uploads\/2024\/08\/Revista-Politechne-2016.jpg 400w, https:\/\/pupr.edu\/wp-content\/uploads\/2024\/08\/Revista-Politechne-2016-9x12.jpg 9w, https:\/\/pupr.edu\/wp-content\/uploads\/2024\/08\/Revista-Politechne-2016-19x24.jpg 19w, https:\/\/pupr.edu\/wp-content\/uploads\/2024\/08\/Revista-Politechne-2016-28x36.jpg 28w, https:\/\/pupr.edu\/wp-content\/uploads\/2024\/08\/Revista-Politechne-2016-37x48.jpg 37w\" sizes=\"(max-width: 400px) 100vw, 400px\" \/>\t\t\t\t\t\t\t\t\t\t\t\t\t<\/div>\n\t\t\t\t<\/div>\n\t\t\t\t<div class=\"elementor-element elementor-element-f015601 elementor-widget__width-initial elementor-widget elementor-widget-heading\" data-id=\"f015601\" data-element_type=\"widget\" data-widget_type=\"heading.default\">\n\t\t\t\t<div class=\"elementor-widget-container\">\n\t\t\t<h2 class=\"elementor-heading-title elementor-size-default\">Vol. 18 | Enero 2016<\/h2>\t\t<\/div>\n\t\t\t\t<\/div>\n\t\t\t\t<div class=\"elementor-element elementor-element-4331085 elementor-widget__width-auto elementor-widget elementor-widget-text-editor\" data-id=\"4331085\" data-element_type=\"widget\" data-widget_type=\"text-editor.default\">\n\t\t\t\t<div class=\"elementor-widget-container\">\n\t\t\t\t\t\t\t<div class='widget-content'><a href=\"https:\/\/www.pupr.edu\/wp-content\/uploads\/2018\/12\/Revista-Politechne-2016.pdf\">Ver M\u00e1s<\/a><\/div>\t\t\t\t\t\t<\/div>\n\t\t\t\t<\/div>\n\t\t\t\t\t<\/div>\n\t\t<\/div>\n\t\t\t\t<div class=\"has_eae_slider elementor-column elementor-col-33 elementor-inner-column elementor-element elementor-element-5011c32\" data-id=\"5011c32\" data-element_type=\"column\">\n\t\t\t<div class=\"elementor-widget-wrap elementor-element-populated\">\n\t\t\t\t\t\t<div class=\"elementor-element elementor-element-04db8f5 elementor-widget elementor-widget-image\" data-id=\"04db8f5\" data-element_type=\"widget\" data-widget_type=\"image.default\">\n\t\t\t\t<div class=\"elementor-widget-container\">\n\t\t\t\t\t\t\t\t\t\t\t\t\t<img decoding=\"async\" width=\"400\" height=\"518\" src=\"https:\/\/pupr.edu\/wp-content\/uploads\/2024\/08\/Revista-Politechne-2015.jpg\" class=\"attachment-large size-large wp-image-65306\" alt=\"\" srcset=\"https:\/\/pupr.edu\/wp-content\/uploads\/2024\/08\/Revista-Politechne-2015.jpg 400w, https:\/\/pupr.edu\/wp-content\/uploads\/2024\/08\/Revista-Politechne-2015-9x12.jpg 9w, https:\/\/pupr.edu\/wp-content\/uploads\/2024\/08\/Revista-Politechne-2015-19x24.jpg 19w, https:\/\/pupr.edu\/wp-content\/uploads\/2024\/08\/Revista-Politechne-2015-28x36.jpg 28w, https:\/\/pupr.edu\/wp-content\/uploads\/2024\/08\/Revista-Politechne-2015-37x48.jpg 37w\" sizes=\"(max-width: 400px) 100vw, 400px\" \/>\t\t\t\t\t\t\t\t\t\t\t\t\t<\/div>\n\t\t\t\t<\/div>\n\t\t\t\t<div class=\"elementor-element elementor-element-336922c elementor-widget__width-initial elementor-widget elementor-widget-heading\" data-id=\"336922c\" data-element_type=\"widget\" data-widget_type=\"heading.default\">\n\t\t\t\t<div class=\"elementor-widget-container\">\n\t\t\t<h2 class=\"elementor-heading-title elementor-size-default\">Vol. 17 | Enero 2015\n<\/h2>\t\t<\/div>\n\t\t\t\t<\/div>\n\t\t\t\t<div class=\"elementor-element elementor-element-2bd6a63 elementor-widget__width-auto elementor-widget elementor-widget-text-editor\" data-id=\"2bd6a63\" data-element_type=\"widget\" data-widget_type=\"text-editor.default\">\n\t\t\t\t<div class=\"elementor-widget-container\">\n\t\t\t\t\t\t\t<div class='widget-content'><a href=\"https:\/\/www.pupr.edu\/wp-content\/uploads\/2018\/12\/Revista-Politechne-2015.pdf\">Ver M\u00e1s<\/a><\/div>\t\t\t\t\t\t<\/div>\n\t\t\t\t<\/div>\n\t\t\t\t\t<\/div>\n\t\t<\/div>\n\t\t\t\t\t<\/div>\n\t\t<\/section>\n\t\t\t\t\t<\/div>\n\t\t<\/div>\n\t\t\t\t\t<\/div>\n\t\t<\/section>\n\t\t\t\t<\/div>","protected":false},"excerpt":{"rendered":"Politechne Ediciones Vol. 19 | Enero 2018 Ver M\u00e1s Vol. 18 | Enero 2016 Ver M\u00e1s Vol. 17 | Enero 2015 Ver M\u00e1s","protected":false},"author":11,"featured_media":0,"parent":0,"menu_order":0,"comment_status":"closed","ping_status":"closed","template":"template-newelementorpage.php","meta":{"_acf_changed":false,"inline_featured_image":false,"_monsterinsights_skip_tracking":false,"_monsterinsights_sitenote_active":false,"_monsterinsights_sitenote_note":"","_monsterinsights_sitenote_category":0,"ngg_post_thumbnail":0,"footnotes":""},"program-categories":[],"degree-categories":[],"class_list":["post-65300","page","type-page","status-publish","hentry"],"acf":[],"_links":{"self":[{"href":"https:\/\/pupr.edu\/es\/wp-json\/wp\/v2\/pages\/65300","targetHints":{"allow":["GET"]}}],"collection":[{"href":"https:\/\/pupr.edu\/es\/wp-json\/wp\/v2\/pages"}],"about":[{"href":"https:\/\/pupr.edu\/es\/wp-json\/wp\/v2\/types\/page"}],"author":[{"embeddable":true,"href":"https:\/\/pupr.edu\/es\/wp-json\/wp\/v2\/users\/11"}],"replies":[{"embeddable":true,"href":"https:\/\/pupr.edu\/es\/wp-json\/wp\/v2\/comments?post=65300"}],"version-history":[{"count":16,"href":"https:\/\/pupr.edu\/es\/wp-json\/wp\/v2\/pages\/65300\/revisions"}],"predecessor-version":[{"id":65320,"href":"https:\/\/pupr.edu\/es\/wp-json\/wp\/v2\/pages\/65300\/revisions\/65320"}],"wp:attachment":[{"href":"https:\/\/pupr.edu\/es\/wp-json\/wp\/v2\/media?parent=65300"}],"wp:term":[{"taxonomy":"program-categories","embeddable":true,"href":"https:\/\/pupr.edu\/es\/wp-json\/wp\/v2\/program-categories?post=65300"},{"taxonomy":"degree-categories","embeddable":true,"href":"https:\/\/pupr.edu\/es\/wp-json\/wp\/v2\/degree-categories?post=65300"}],"curies":[{"name":"wp","href":"https:\/\/api.w.org\/{rel}","templated":true}]}}