{"id":65904,"date":"2024-08-29T03:54:23","date_gmt":"2024-08-29T07:54:23","guid":{"rendered":"https:\/\/www.pupr.edu\/?page_id=65904"},"modified":"2024-08-29T04:02:42","modified_gmt":"2024-08-29T08:02:42","slug":"el-politecnico","status":"publish","type":"page","link":"https:\/\/pupr.edu\/es\/el-politecnico\/","title":{"rendered":"El Polit\u00e9cnico"},"content":{"rendered":"<div data-elementor-type=\"wp-page\" data-elementor-id=\"65904\" class=\"elementor elementor-65904\" data-elementor-post-type=\"page\">\n\t\t\t\t\t\t<section class=\"has_eae_slider elementor-section elementor-top-section elementor-element elementor-element-356c7d8 elementor-section-height-min-height elementor-section-boxed elementor-section-height-default elementor-section-items-middle\" data-id=\"356c7d8\" data-element_type=\"section\" data-settings=\"{&quot;background_background&quot;:&quot;classic&quot;}\">\n\t\t\t\t\t\t\t<div class=\"elementor-background-overlay\"><\/div>\n\t\t\t\t\t\t\t<div class=\"elementor-container elementor-column-gap-default\">\n\t\t\t\t\t<div class=\"has_eae_slider elementor-column elementor-col-100 elementor-top-column elementor-element elementor-element-a265500\" data-id=\"a265500\" data-element_type=\"column\">\n\t\t\t<div class=\"elementor-widget-wrap elementor-element-populated\">\n\t\t\t\t\t\t<div class=\"elementor-element elementor-element-7e53fa1 elementor-widget elementor-widget-heading\" data-id=\"7e53fa1\" data-element_type=\"widget\" data-widget_type=\"heading.default\">\n\t\t\t\t<div class=\"elementor-widget-container\">\n\t\t\t<h2 class=\"elementor-heading-title elementor-size-default\">El Polit\u00e9cnico\n<\/h2>\t\t<\/div>\n\t\t\t\t<\/div>\n\t\t\t\t\t<\/div>\n\t\t<\/div>\n\t\t\t\t\t<\/div>\n\t\t<\/section>\n\t\t\t\t<section class=\"has_eae_slider elementor-section elementor-top-section elementor-element elementor-element-01c16a7 elementor-section-boxed elementor-section-height-default elementor-section-height-default\" data-id=\"01c16a7\" data-element_type=\"section\" data-settings=\"{&quot;background_background&quot;:&quot;classic&quot;}\">\n\t\t\t\t\t\t<div class=\"elementor-container elementor-column-gap-default\">\n\t\t\t\t\t<div class=\"has_eae_slider elementor-column elementor-col-100 elementor-top-column elementor-element elementor-element-03386d0\" data-id=\"03386d0\" data-element_type=\"column\">\n\t\t\t<div class=\"elementor-widget-wrap elementor-element-populated\">\n\t\t\t\t\t\t<div class=\"elementor-element elementor-element-c7f1571 elementor-widget elementor-widget-text-editor\" data-id=\"c7f1571\" data-element_type=\"widget\" data-widget_type=\"text-editor.default\">\n\t\t\t\t<div class=\"elementor-widget-container\">\n\t\t\t\t\t\t\t<div class='widget-content'><div class=\"toggle\"><div class=\"toggleTitle acco_plus\">El Polit\u00e9cnico<\/div><div class=\"hide_accordian\"><p><a class=\"gray-button\" href=\"http:\/\/static.pupr.edu\/elPolitecnico\/politecnico\/El Politecnico Edicion Especial Tommy Ramos.pdf\" target=\"\">El Polit\u00e9cnico Edici\u00f3n Especial : Tommy Ramos<br \/><\/a><\/p><p><a class=\"gray-button\" href=\"http:\/\/static.pupr.edu\/elPolitecnico\/politecnico\/El Politecnico Vol.3.pdf\" target=\"\">El Polit\u00e9cnico FA-12<br \/><\/a><\/p><p><a class=\"gray-button\" href=\"http:\/\/static.pupr.edu\/elPolitecnico\/politecnico\/El Politecnico Vol.2.pdf\" target=\"\">El Polit\u00e9cnico SP-12<br \/><\/a><\/p><p><a class=\"gray-button\" href=\"http:\/\/static.pupr.edu\/elPolitecnico\/politecnico\/El Politecnico Vol.1.pdf\" target=\"\">El Polit\u00e9cnico WI-11<br \/><\/a><\/p><\/div><div class=\"toggleTitle acco_plus\">El Juglar<\/div><div class=\"hide_accordian\"><p><a class=\"gray-button\" href=\"http:\/\/static.pupr.edu\/elPolitecnico\/publicaciones\/El_Juglar_10 oficial SP-2011.pdf\" target=\"\">El Juglar \u2013 Oficial SP 2011<br \/><\/a><\/p><p><a class=\"gray-button\" href=\"http:\/\/static.pupr.edu\/elPolitecnico\/publicaciones\/El_Juglar_9 oficial WI-2010-2011.pdf\" target=\"\">El Juglar \u2013 Oficial WI 2010-2011<br \/><\/a><\/p><p><a class=\"gray-button\" href=\"http:\/\/static.pupr.edu\/elPolitecnico\/publicaciones\/El_Juglar_8 oficial FA-2010.pdf\" target=\"\">El Juglar \u2013 Oficial FA 2010<br \/><\/a><\/p><p><a class=\"gray-button\" href=\"http:\/\/static.pupr.edu\/elPolitecnico\/publicaciones\/El_Juglar_7 oficial SP-2010.pdf\" target=\"\">El Juglar \u2013 Oficial SP 2010<br \/><\/a><\/p><p><a class=\"gray-button\" href=\"http:\/\/static.pupr.edu\/elPolitecnico\/publicaciones\/El-Juglar-6-Edicion-Especial WI-2009-2010.pdf\" target=\"\">El Juglar \u2013 Edici\u00f3n Especial WI 2009-2010<br \/><\/a><\/p><p><a class=\"gray-button\" href=\"http:\/\/static.pupr.edu\/elPolitecnico\/publicaciones\/El_Juglar_5 FA-2009.pdf\" target=\"\">El Juglar \u2013 FA 2009<br \/><\/a><\/p><p><a class=\"gray-button\" href=\"http:\/\/static.pupr.edu\/elPolitecnico\/publicaciones\/El_Juglar_4 SP-2009.pdf\" target=\"\">El Juglar \u2013 SP 2009<br \/><\/a><\/p><p><a class=\"gray-button\" href=\"http:\/\/static.pupr.edu\/elPolitecnico\/publicaciones\/El Juglar 3 WI-2008-2009.pdf\" target=\"\">El Juglar \u2013 WI 2008-2009<br \/><\/a><\/p><p><a class=\"gray-button\" href=\"http:\/\/static.pupr.edu\/elPolitecnico\/publicaciones\/El Juglar 2 FA-2008.pdf\" target=\"\">El Juglar \u2013 FA 2008<br \/><\/a><\/p><p><a class=\"gray-button\" href=\"http:\/\/static.pupr.edu\/elPolitecnico\/publicaciones\/El Juglar 1 SP-2008.pdf\" target=\"\">El Juglar \u2013 SP 2008<br \/><\/a><\/p><\/div><\/div><\/div>\t\t\t\t\t\t<\/div>\n\t\t\t\t<\/div>\n\t\t\t\t\t<\/div>\n\t\t<\/div>\n\t\t\t\t\t<\/div>\n\t\t<\/section>\n\t\t\t\t<\/div>","protected":false},"excerpt":{"rendered":"El Polit\u00e9cnico El Polit\u00e9cnicoEl Polit\u00e9cnico Edici\u00f3n Especial : Tommy RamosEl Polit\u00e9cnico FA-12El Polit\u00e9cnico SP-12El Polit\u00e9cnico WI-11El JuglarEl Juglar \u2013 Oficial SP 2011El Juglar \u2013 Oficial WI 2010-2011El Juglar \u2013 Oficial FA 2010El Juglar \u2013 Oficial SP 2010El Juglar \u2013 Edici\u00f3n Especial WI 2009-2010El Juglar \u2013 FA 2009El Juglar \u2013 SP 2009El Juglar \u2013 WI 2008-2009El [&hellip;]","protected":false},"author":11,"featured_media":0,"parent":0,"menu_order":0,"comment_status":"closed","ping_status":"closed","template":"template-elementordefault.php","meta":{"_acf_changed":false,"inline_featured_image":false,"_monsterinsights_skip_tracking":false,"_monsterinsights_sitenote_active":false,"_monsterinsights_sitenote_note":"","_monsterinsights_sitenote_category":0,"ngg_post_thumbnail":0,"footnotes":""},"program-categories":[],"degree-categories":[],"class_list":["post-65904","page","type-page","status-publish","hentry"],"acf":[],"_links":{"self":[{"href":"https:\/\/pupr.edu\/es\/wp-json\/wp\/v2\/pages\/65904","targetHints":{"allow":["GET"]}}],"collection":[{"href":"https:\/\/pupr.edu\/es\/wp-json\/wp\/v2\/pages"}],"about":[{"href":"https:\/\/pupr.edu\/es\/wp-json\/wp\/v2\/types\/page"}],"author":[{"embeddable":true,"href":"https:\/\/pupr.edu\/es\/wp-json\/wp\/v2\/users\/11"}],"replies":[{"embeddable":true,"href":"https:\/\/pupr.edu\/es\/wp-json\/wp\/v2\/comments?post=65904"}],"version-history":[{"count":19,"href":"https:\/\/pupr.edu\/es\/wp-json\/wp\/v2\/pages\/65904\/revisions"}],"predecessor-version":[{"id":65923,"href":"https:\/\/pupr.edu\/es\/wp-json\/wp\/v2\/pages\/65904\/revisions\/65923"}],"wp:attachment":[{"href":"https:\/\/pupr.edu\/es\/wp-json\/wp\/v2\/media?parent=65904"}],"wp:term":[{"taxonomy":"program-categories","embeddable":true,"href":"https:\/\/pupr.edu\/es\/wp-json\/wp\/v2\/program-categories?post=65904"},{"taxonomy":"degree-categories","embeddable":true,"href":"https:\/\/pupr.edu\/es\/wp-json\/wp\/v2\/degree-categories?post=65904"}],"curies":[{"name":"wp","href":"https:\/\/api.w.org\/{rel}","templated":true}]}}